{"id":16733,"date":"2022-11-03T11:31:57","date_gmt":"2022-11-03T11:31:57","guid":{"rendered":"https:\/\/bestinvest.com.tr\/?page_id=16733"},"modified":"2026-02-05T11:17:02","modified_gmt":"2026-02-05T11:17:02","slug":"turkish-ikamet-blocks","status":"publish","type":"page","link":"https:\/\/bestinvest.com.tr\/de\/turkish-ikamet-blocks\/","title":{"rendered":"(Polski) Wohnblocks (S\u0130LMEY\u0130N)"},"content":{"rendered":"<p>[vc_row css=&#8220;.vc_custom_1667551928056{background-color: #ffffff !important;}&#8220;][vc_column width=&#8220;1\/2&#8243;][vc_column_text] <\/p>\n<h2>Aufenthaltsgenehmigung in der T\u00fcrkei<\/h2>\n<p> [\/vc_column_text][vc_column_text]In der T\u00fcrkei leben zahlreiche ausl\u00e4ndische Staatsb\u00fcrger, darunter sowohl Einwohner aus dem Nahen Osten als auch Ausl\u00e4nder aus Ost- und Westeuropa und den GUS-Staaten. Russen, Ukrainer, Wei\u00dfrussen, Kasachen und andere Nationalit\u00e4ten bevorzugen die T\u00fcrkei nicht nur f\u00fcr ihren Urlaub, sondern auch f\u00fcr einen dauerhaften Aufenthalt.[\/vc_column_text][vc_btn title=&#8220;Weitere Informationen&#8220; style=&#8220;3d&#8220; color=&#8220;danger&#8220; align=&#8220;center&#8220; i_icon_fontawesome=&#8220;fas fa-angle-right&#8220; button_block=&#8220;true&#8220; add_icon=&#8220;true&#8220; link=&#8220;url:https%3A%2F%2Fbestinvest.com.tr%2F%25d0%25be%25d1%2584%25d0%25be%25d1%2580%25d0%25bc%25d0%25bb%25d0%25b5%25d0%25bd%25d0%25b8%25d0%25b5-%25d0%25b2%25d0%25b8%25d0%25b4%25d0%25b0-%25d0%25bd%25d0%25b0-%25d0%25b6%25d0%25b8%25d1%2582%25d0%25b5%25d0%25bb%25d1%258c%25d1%2581%25d1%2582%25d0%25b2%25d0%25be%2F|title:Oturma%20%C4%B0zni%20Kayd%C4%B1&#8243;][\/vc_column][vc_column width=&#8220;1\/2&#8243;][vc_single_image image=&#8220;16795&#8243; img_size=&#8220;full&#8220; onclick=&#8220;custom_link&#8220; link=&#8220;\/\u043e\u0444\u043e\u0440\u043c\u043b\u0435\u043d\u0438\u0435-\u0432\u0438\u0434\u0430-\u043d\u0430-\u0436\u0438\u0442\u0435\u043b\u044c\u0441\u0442\u0432\u043e\/&#8220;][\/vc_column][\/vc_row]<\/p>\n","protected":false},"excerpt":{"rendered":"<p>[vc_row css=&#8220;.vc_custom_1667551928056{background-color: #ffffff !important;}&#8220;][vc_column width=&#8220;1\/2&#8243;][vc_column_text] Aufenthaltsgenehmigung in der T\u00fcrkei [\/vc_column_text][vc_column_text]In der T\u00fcrkei leben zahlreiche ausl\u00e4ndische Staatsb\u00fcrger, darunter sowohl Einwohner aus dem Nahen Osten als auch Ausl\u00e4nder aus Ost- und Westeuropa und den GUS-Staaten. Russen, Ukrainer, Wei\u00dfrussen, Kasachen und andere Nationalit\u00e4ten bevorzugen die T\u00fcrkei nicht nur f\u00fcr ihren Urlaub, sondern auch f\u00fcr einen dauerhaften Aufenthalt.[\/vc_column_text][vc_btn title=&#8220;Weitere [&hellip;]<\/p>\n","protected":false},"author":5,"featured_media":0,"parent":0,"menu_order":0,"comment_status":"closed","ping_status":"closed","template":"","meta":{"inline_featured_image":false,"footnotes":""},"class_list":["post-16733","page","type-page","status-publish","hentry"],"_links":{"self":[{"href":"https:\/\/bestinvest.com.tr\/de\/wp-json\/wp\/v2\/pages\/16733","targetHints":{"allow":["GET"]}}],"collection":[{"href":"https:\/\/bestinvest.com.tr\/de\/wp-json\/wp\/v2\/pages"}],"about":[{"href":"https:\/\/bestinvest.com.tr\/de\/wp-json\/wp\/v2\/types\/page"}],"author":[{"embeddable":true,"href":"https:\/\/bestinvest.com.tr\/de\/wp-json\/wp\/v2\/users\/5"}],"replies":[{"embeddable":true,"href":"https:\/\/bestinvest.com.tr\/de\/wp-json\/wp\/v2\/comments?post=16733"}],"version-history":[{"count":0,"href":"https:\/\/bestinvest.com.tr\/de\/wp-json\/wp\/v2\/pages\/16733\/revisions"}],"wp:attachment":[{"href":"https:\/\/bestinvest.com.tr\/de\/wp-json\/wp\/v2\/media?parent=16733"}],"curies":[{"name":"wp","href":"https:\/\/api.w.org\/{rel}","templated":true}]}}