{"id":17277,"date":"2022-11-15T10:54:35","date_gmt":"2022-11-15T10:54:35","guid":{"rendered":"https:\/\/bestinvest.com.tr\/?page_id=17277"},"modified":"2026-02-05T11:21:07","modified_gmt":"2026-02-05T11:21:07","slug":"your-investments-resales","status":"publish","type":"page","link":"https:\/\/bestinvest.com.tr\/de\/your-investments-resales\/","title":{"rendered":"Ihre Investitionen und Wiederverk\u00e4ufe"},"content":{"rendered":"<p>[vc_row][vc_column][vc_empty_space height=&#8220;60px&#8220;][\/vc_column][\/vc_row][vc_row][vc_column width=&#8220;2\/5&#8243;][vc_custom_heading text=&#8220;Ihre Wiederverk\u00e4ufe&#8220; font_container=&#8220;tag:h3|font_size:35px|text_align:left&#8220; google_fonts=&#8220;font_family:Open%20Sans%20Condensed%3A300%2C300italic%2C700|font_style:700%20bold%20regular%3A700%3Anormal&#8220;][vc_separator color=&#8220;green&#8220;][vc_column_text] <\/p>\n<div> Wiederverk\u00e4ufe machen einen Gro\u00dfteil unseres lokalen und internationalen Immobiliengesch\u00e4fts aus.<\/p>\n<p>In den letzten 20 Jahren haben wir viele bestehende und neue Kunden w\u00e4hrend des gesamten Prozesses unterst\u00fctzt. Unsere Wiederverkaufspolitik ist kundenorientiert und richtet sich nach den Bed\u00fcrfnissen und Erwartungen unserer Kunden. Daher setzen wir uns zun\u00e4chst direkt mit dem Kunden in Verbindung, um seine Anforderungen, Zeitpl\u00e4ne sowie seine aktuelle und zuk\u00fcnftige Situation zu ermitteln. Nach Abschluss dieses Beratungsprozesses schlie\u00dft Best Invest einen Vertrag mit unserem Kunden ab, der alle besprochenen Punkte, erforderlichen Prozesse, Zeitpl\u00e4ne und Zahlungsmodalit\u00e4ten enth\u00e4lt. Wir vermarkten die Immobilie unseres Kunden erst, wenn dieser Prozess abgeschlossen ist und unser Kunde mit dem weiteren Vorgehen einverstanden ist, es sei denn, unser Kunde hat uns ausdr\u00fccklich andere Anweisungen gegeben. <\/p><\/div>\n<div>\n<p lang=\"EN-US\">\n<\/p><\/div>\n<div>\n<p lang=\"EN-US\"><span lang=\"EN-US\">Unser Vermarktungsprozess umfasst alle Fotos\/Anzeigen\/<wbr \/>Medien-Uploads usw.<\/span><\/p>\n<p lang=\"EN-US\">\n<\/p><\/div>\n<div>\n<p lang=\"EN-US\"><span lang=\"EN-US\">Wir freuen uns immer, neue Leute kennenzulernen, und wenn wir ihnen in irgendeiner Weise helfen k\u00f6nnen, tun wir das gerne. Es besteht keine Verpflichtung, sich zu verpflichten, die T\u00fcr steht immer offen und eine Tasse \u00c7ay steht immer bereit!<\/span><\/p>\n<p lang=\"EN-US\">\n<\/p><\/div>\n<div>\n<p lang=\"EN-US\"><span lang=\"EN-US\">F\u00fcr weitere Informationen kontaktieren Sie uns bitte \u00fcber diese Website oder wenden Sie sich direkt an Mehmet Gokkaya, Gesch\u00e4ftsf\u00fchrer von Best Invest. Wir freuen uns darauf, Sie kennenzulernen!<\/span><\/p>\n<\/p><\/div>\n<p> [\/vc_column_text][\/vc_column][vc_column width=&#8220;3\/5&#8243;][vc_empty_space height=&#8220;60px&#8220;][vc_single_image image=&#8220;17408&#8243; img_size=&#8220;full&#8220; alignment=&#8220;center&#8220; style=&#8220;vc_box_outline&#8220; border_color=&#8220;green&#8220; css_animation=&#8220;fadeInDown&#8220;][\/vc_column][\/vc_row][vc_row][vc_column][vc_empty_space height=&#8220;60px&#8220;][vc_separator color=&#8220;green&#8220; border_width=&#8220;2&#8243;][vc_empty_space height=&#8220;60px&#8220;][\/vc_column][\/vc_row][vc_row][vc_column width=&#8220;2\/5&#8243;][vc_custom_heading text=&#8220;Ihre Investitionen&#8220;][vc_separator color=&#8220;green&#8220;][vc_column_text] <\/p>\n<div> Best Invest ber\u00e4t, vermittelt und beteiligt sich an vielen kurz- und langfristigen ma\u00dfgeschneiderten Investitionen f\u00fcr unsere Kunden sowohl auf unseren regionalen als auch auf internationalen M\u00e4rkten. Alle Aspekte sind so strukturiert, dass sie die Anforderungen, Visionen und Erwartungen der Kunden\/Organisationen ber\u00fccksichtigen und einzigartige Chancen maximieren, die gesichert und rechtlich bindend sind. <\/div>\n<div>\n<p lang=\"EN-US\">\n<\/p><\/div>\n<div>\n<p lang=\"EN-US\"><span lang=\"EN-US\">Ma\u00dfgeschneiderte Strategien, Leistungsindikatoren, Finanzkontrolle, Vertrauen, Vertraulichkeit und Sicherheit sind der Schl\u00fcssel zu unserem anhaltenden Erfolg in diesem Sektor. <\/span><\/p>\n<p lang=\"EN-US\">\n<\/p><\/div>\n<div>\n<p lang=\"EN-US\"><span lang=\"EN-US\">F\u00fcr ein vertrauliches Gespr\u00e4ch \u00fcber potenzielle Chancen oder um Rat\/Anleitung auf dem Markt zu erhalten, wenden Sie sich bitte an Mehmet Gokkaya, Gesch\u00e4ftsf\u00fchrer von Best Invest. <\/span><\/p>\n<p lang=\"EN-US\"><span lang=\"EN-US\">Alternativ k\u00f6nnen Sie uns \u00fcber diese Website kontaktieren. Mehmet wird Ihnen pers\u00f6nlich antworten. <\/span><\/p>\n<\/p><\/div>\n<p> [\/vc_column_text][\/vc_column][vc_column width=&#8220;3\/5&#8243;][vc_empty_space][vc_single_image image=&#8220;17320&#8243; img_size=&#8220;full&#8220; style=&#8220;vc_box_outline&#8220; border_color=&#8220;green&#8220; css_animation=&#8220;fadeInDown&#8220; css=&#8220;.vc_custom_1668517861407{border-bottom-width: 10px !important;}&#8220;][\/vc_column][\/vc_row][vc_row][vc_column width=&#8220;1\/4&#8243; css=&#8220;.vc_custom_1668509957325{background-color: #ffffff !important;}&#8220;][vc_single_image image=&#8220;17282&#8243; img_size=&#8220;medium&#8220; alignment=&#8220;center&#8220;][vc_custom_heading text=&#8220;MEHMET GOKKAYA Makler \/ Eigent\u00fcmer&#8220; font_container=&#8220;tag:h1|font_size:20px|text_align:left&#8220; google_fonts=&#8220;font_family:Open%20Sans%3A300%2C300italic%2Cregular%2Citalic%2C600%2C600italic%2C700%2C700italic%2C800%2C800italic|font_style:600%20bold%20regular%3A600%3Anormal&#8220;][vc_separator color=&#8220;green&#8220; border_width=&#8220;2&#8243;][vc_row_inner][vc_column_inner width=&#8220;1\/4&#8243;][vc_icon icon_fontawesome=&#8220;fab fa-whatsapp&#8220; color=&#8220;white&#8220; background_style=&#8220;rounded&#8220; background_color=&#8220;green&#8220; size=&#8220;xs&#8220; css=&#8220;.vc_custom_1668511638890{margin-top: -10px !important;}&#8220; link=&#8220;url:https%3A%2F%2Fapi.whatsapp.com%2Fsend%2F%3Fphone%3D%252B905326949549%26text%26type%3Dphone_number%26app_absent%3D0|target:_blank&#8220;][\/vc_column_inner][vc_column_inner width=&#8220;3\/4&#8243;][vc_custom_heading text=&#8220;+90 532 694 95 49&#8243; font_container=&#8220;tag:h5|font_size:25px|text_align:left&#8220; google_fonts=&#8220;font_family:Open%20Sans%20Condensed%3A300%2C300italic%2C700|font_style:700%20bold%20regular%3A700%3Anormal&#8220; link=&#8220;url:https%3A%2F%2Fapi.whatsapp.com%2Fsend%2F%3Fphone%3D%252B905326949549%26text%26type%3Dphone_number%26app_absent%3D0|target:_blank&#8220;][\/vc_column_inner][\/vc_row_inner][\/vc_column][vc_column width=&#8220;3\/4&#8243;]\n<div class=\"wpcf7 no-js\" id=\"wpcf7-f1299-o1\" lang=\"en-US\" dir=\"ltr\" data-wpcf7-id=\"1299\">\n<div class=\"screen-reader-response\"><p role=\"status\" aria-live=\"polite\" aria-atomic=\"true\"><\/p> <ul><\/ul><\/div>\n<form action=\"\/de\/wp-json\/wp\/v2\/pages\/17277#wpcf7-f1299-o1\" method=\"post\" class=\"wpcf7-form init\" aria-label=\"Contact form\" novalidate=\"novalidate\" data-status=\"init\">\n<fieldset class=\"hidden-fields-container\"><input type=\"hidden\" name=\"_wpcf7\" value=\"1299\" \/><input type=\"hidden\" name=\"_wpcf7_version\" value=\"6.1.5\" \/><input type=\"hidden\" name=\"_wpcf7_locale\" value=\"en_US\" \/><input type=\"hidden\" name=\"_wpcf7_unit_tag\" value=\"wpcf7-f1299-o1\" \/><input type=\"hidden\" name=\"_wpcf7_container_post\" value=\"0\" \/><input type=\"hidden\" name=\"_wpcf7_posted_data_hash\" value=\"\" \/><input type=\"hidden\" name=\"_wpcf7_locale_orj\" value=\"de_DE\" \/><input type=\"hidden\" name=\"_wpcf7_recaptcha_response\" value=\"\" \/>\n<\/fieldset>\n<div class=\"nth-cf7\">\n<span class=\"wpcf7-form-control-wrap\" data-name=\"your-name\"><input size=\"40\" maxlength=\"400\" class=\"wpcf7-form-control wpcf7-text wpcf7-validates-as-required name\" aria-required=\"true\" aria-invalid=\"false\" placeholder=\"Name*\" value=\"\" type=\"text\" name=\"your-name\" \/><\/span>\n<span class=\"wpcf7-form-control-wrap\" data-name=\"your-email\"><input size=\"40\" maxlength=\"400\" class=\"wpcf7-form-control wpcf7-email wpcf7-validates-as-required wpcf7-text wpcf7-validates-as-email email\" aria-required=\"true\" aria-invalid=\"false\" placeholder=\"E-Mail*\" value=\"\" type=\"email\" name=\"your-email\" \/><\/span>\n<span class=\"wpcf7-form-control-wrap\" data-name=\"your-subject\"><input size=\"40\" maxlength=\"400\" class=\"wpcf7-form-control wpcf7-text wpcf7-validates-as-required name\" aria-required=\"true\" aria-invalid=\"false\" placeholder=\"Thema*\" value=\"\" type=\"text\" name=\"your-subject\" \/><\/span>\n<span class=\"wpcf7-form-control-wrap\" data-name=\"your-message\"><textarea cols=\"40\" rows=\"3\" maxlength=\"2000\" class=\"wpcf7-form-control wpcf7-textarea no-resize\" aria-invalid=\"false\" placeholder=\"Deine Nachricht\" name=\"your-message\"><\/textarea><\/span>\n<\/div>\n<input class=\"wpcf7-form-control wpcf7-submit has-spinner btn btn-outline-success\" type=\"submit\" value=\"Sende\" \/><div class=\"wpcf7-response-output\" aria-hidden=\"true\"><\/div>\n<\/form>\n<\/div>\n[\/vc_column][\/vc_row]<\/p>\n","protected":false},"excerpt":{"rendered":"<p>[vc_row][vc_column][vc_empty_space height=&#8220;60px&#8220;][\/vc_column][\/vc_row][vc_row][vc_column width=&#8220;2\/5&#8243;][vc_custom_heading text=&#8220;Ihre Wiederverk\u00e4ufe&#8220; font_container=&#8220;tag:h3|font_size:35px|text_align:left&#8220; google_fonts=&#8220;font_family:Open%20Sans%20Condensed%3A300%2C300italic%2C700|font_style:700%20bold%20regular%3A700%3Anormal&#8220;][vc_separator color=&#8220;green&#8220;][vc_column_text] Wiederverk\u00e4ufe machen einen Gro\u00dfteil unseres lokalen und internationalen Immobiliengesch\u00e4fts aus. In den letzten 20 Jahren haben wir viele bestehende und neue Kunden w\u00e4hrend des gesamten Prozesses unterst\u00fctzt. Unsere Wiederverkaufspolitik ist kundenorientiert und richtet sich nach den Bed\u00fcrfnissen und Erwartungen unserer Kunden. Daher setzen wir uns zun\u00e4chst direkt [&hellip;]<\/p>\n","protected":false},"author":11,"featured_media":0,"parent":0,"menu_order":0,"comment_status":"closed","ping_status":"closed","template":"","meta":{"inline_featured_image":false,"footnotes":""},"class_list":["post-17277","page","type-page","status-publish","hentry"],"_links":{"self":[{"href":"https:\/\/bestinvest.com.tr\/de\/wp-json\/wp\/v2\/pages\/17277","targetHints":{"allow":["GET"]}}],"collection":[{"href":"https:\/\/bestinvest.com.tr\/de\/wp-json\/wp\/v2\/pages"}],"about":[{"href":"https:\/\/bestinvest.com.tr\/de\/wp-json\/wp\/v2\/types\/page"}],"author":[{"embeddable":true,"href":"https:\/\/bestinvest.com.tr\/de\/wp-json\/wp\/v2\/users\/11"}],"replies":[{"embeddable":true,"href":"https:\/\/bestinvest.com.tr\/de\/wp-json\/wp\/v2\/comments?post=17277"}],"version-history":[{"count":0,"href":"https:\/\/bestinvest.com.tr\/de\/wp-json\/wp\/v2\/pages\/17277\/revisions"}],"wp:attachment":[{"href":"https:\/\/bestinvest.com.tr\/de\/wp-json\/wp\/v2\/media?parent=17277"}],"curies":[{"name":"wp","href":"https:\/\/api.w.org\/{rel}","templated":true}]}}