{"id":26617,"date":"2023-08-02T10:53:53","date_gmt":"2023-08-02T10:53:53","guid":{"rendered":"https:\/\/bestinvest.com.tr\/?page_id=26617"},"modified":"2026-02-05T11:20:48","modified_gmt":"2026-02-05T11:20:48","slug":"residency-citizenship-in-the-republic-of-cyprus","status":"publish","type":"page","link":"https:\/\/bestinvest.com.tr\/de\/residency-citizenship-in-the-republic-of-cyprus\/","title":{"rendered":"Aufenthaltsrecht und Staatsb\u00fcrgerschaft in der Republik Zypern"},"content":{"rendered":"<p>[vc_row full_width=&#8220;stretch_row_content_no_spaces&#8220; equal_height=&#8220;yes&#8220; content_placement=&#8220;middle&#8220;][vc_column width=&#8220;1\/4&#8243;][\/vc_column][vc_column width=&#8220;1\/4&#8243;][vc_empty_space height=&#8220;52px&#8220;][vc_btn title=&#8220;Aufenthaltsrecht und Staatsb\u00fcrgerschaft in Nordzypern&#8220; style=&#8220;3d&#8220; color=&#8220;green&#8220; size=&#8220;lg&#8220; align=&#8220;center&#8220; link=&#8220;url:https%3A%2F%2Fbestinvest.com.tr%2Fresidency-citizenship-in-trnc%2F&#8220;][\/vc_column][vc_column width=&#8220;1\/4&#8243;][vc_empty_space height=&#8220;52px&#8220;][vc_btn title=&#8220;Aufenthaltsrecht und Staatsb\u00fcrgerschaft in der T\u00fcrkei&#8220; style=&#8220;3d&#8220; color=&#8220;green&#8220; size=&#8220;lg&#8220; align=&#8220;center&#8220; link=&#8220;url:https%3A%2F%2Fbestinvest.com.tr%2F%25d0%25be%25d1%2584%25d0%25be%25d1%2580%25d0%25bc%25d0%25bb%25d0%25b5%25d0%25bd%25d0%25b8%25d0%25b5-%25d0%25b2%25d0%25b8%25d0%25b4%25d0%25b0-%25d0%25bd%25d0%25b0-%25d0%25b6%25d0%25b8%25d1%2582%25d0%25b5%25d0%25bb%25d1%258c%25d1%2581%25d1%2582%25d0%25b2%25d0%25be%2F&#8220;][\/vc_column][vc_column width=&#8220;1\/4&#8243;][\/vc_column][\/vc_row][vc_row full_width=&#8220;stretch_row_content_no_spaces&#8220;][vc_column][vc_empty_space height=&#8220;52px&#8220;][vc_custom_heading text=&#8220;Registrierung einer Aufenthaltsgenehmigung in der Republik Zypern&#8220; font_container=&#8220;tag:h1|text_align:center&#8220;][vc_empty_space height=&#8220;52px&#8220;][vc_row_inner css=&#8220;.vc_custom_1654155606352{margin-right: 30px !important;margin-left: 30px !important;}&#8220;][vc_column_inner width=&#8220;1\/2&#8243; css=&#8220;.vc_custom_1654155648058{padding-right: 50px !important;padding-left: 50px !important;}&#8220;][vc_column_text] <strong><em>Schnellverfahren f\u00fcr eine dauerhafte Aufenthaltsgenehmigung: innerhalb von 2 Monaten<\/em><\/strong> Vorschrift 6(2), Dauerhafte Aufenthaltsgenehmigung f\u00fcr Nicht-EU-B\u00fcrger, die in Zypern investieren m\u00f6chten. <em>Die Genehmigung erm\u00f6glicht Reisen innerhalb der EU mit visumfreiem Zugang zu einer Reihe von Schengen-L\u00e4ndern.<\/em><\/p>\n<p>Die Mindestvoraussetzungen f\u00fcr die Berechtigung sind wie folgt: <\/p>\n<ul>\n<li>Erwerb einer neuen (nicht wiederverkauften) Wohnimmobilie von einem Immobilienentwicklungsunternehmen in Zypern im Wert von mindestens 300.000 \u20ac (ohne MwSt.). Die ersten 200.000 \u20ac m\u00fcssen bis zum Datum der Antragstellung bezahlt sein.\n<li>Er\u00f6ffnung und Aufrechterhaltung eines Festgeldkontos in H\u00f6he von 30.000 \u20ac bei einer zyprischen Bank f\u00fcr drei aufeinanderfolgende Jahre. <\/li>\n<li>Ein gesichertes Jahreseinkommen von mindestens 30.000 \u20ac aus Quellen au\u00dferhalb Zyperns vorweisen. (<em>Dieser Betrag muss f\u00fcr jede unterhaltsberechtigte Person um 5.000 \u20ac und f\u00fcr jeden Elternteil, der im Antrag aufgef\u00fchrt ist, um 8.000 \u20ac erh\u00f6ht werden<\/em>).<\/li>\n<li>Absolvieren Sie einen \u201eFit and Proper\u201d-Test, um ein F\u00fchrungszeugnis ohne Eintr\u00e4ge vorzuweisen. <\/li>\n<li>Der Antragsteller muss innerhalb des ersten Jahres einmal nach Zypern reisen, um seine biometrischen Daten registrieren zu lassen, und danach alle zwei Jahre nach Zypern reisen. <\/li>\n<\/ul>\n<p> <strong><em>Normales Verfahren zur Erlangung einer dauerhaften Aufenthaltsgenehmigung: innerhalb eines Jahres<\/em><\/strong><\/p>\n<p>Gem\u00e4\u00df Vorschrift 5(f) kann ein Drittstaatsangeh\u00f6riger, der ein Haus oder eine Wohnung im Wert von mindestens 300.000 \u20ac mietet oder kauft, eine Daueraufenthaltsgenehmigung beantragen, sofern: <\/p>\n<ul>\n<li>Er \u00fcber ein gesichertes Jahreseinkommen von mindestens ca. 10.000 \u20ac aus Quellen au\u00dferhalb Zyperns verf\u00fcgt. Der Betrag erh\u00f6ht sich um ca. 5.000 \u20ac pro unterhaltsberechtigter Person, die dem Antrag hinzugef\u00fcgt wird. <\/li>\n<li>Der Antragsteller darf keine Besch\u00e4ftigung in Zypern aus\u00fcben und sein Einkommen muss aus legalen Quellen im Ausland stammen. <\/li>\n<li>Er muss nachweisen, dass alle finanziellen Bed\u00fcrfnisse des Antragstellers und seiner Familie durch ein gesichertes Einkommen angemessen gedeckt sind. <\/li>\n<li>Absolvierung eines \u201eFit and Proper\u201d-Tests zum Nachweis eines einwandfreien F\u00fchrungszeugnisses. <\/li>\n<\/ul>\n<p> Nach Einreichung des Antrags kann der Antragsteller ohne Einschr\u00e4nkungen frei nach Zypern ein- und ausreisen. <strong><em>Unbefristete Aufenthaltsgenehmigung: Personen mit Wohnsitz in Zypern<\/em><\/strong> Vorbehaltlich der folgenden Bedingungen: <\/p>\n<ul>\n<li>Mindestens 5 Jahre legaler Aufenthalt in Zypern. <\/li>\n<li>Besitz einer befristeten Aufenthaltsgenehmigung f\u00fcr die letzten 5 Jahre. <\/li>\n<\/ul>\n<p> <em>HINWEIS: Familienangeh\u00f6rige von Nicht-EU-B\u00fcrgern, die in Zypern leben und selbst keine EU-B\u00fcrger sind, k\u00f6nnen ebenfalls eine unbefristete Aufenthaltsgenehmigung beantragen, die 5 Jahre g\u00fcltig ist und verl\u00e4ngert werden kann. <\/em><\/p>\n<p><strong><em>Daueraufenthaltsgenehmigung f\u00fcr EU-B\u00fcrger \u2013 12 Tage (Yellow Slip)<\/em><\/strong> Erforderlich f\u00fcr EU-B\u00fcrger, die sich dauerhaft in Zypern aufhalten und arbeiten m\u00f6chten, ohne die Genehmigung verl\u00e4ngern zu m\u00fcssen, und sich somit l\u00e4nger als 3 Monate im Land aufhalten.<\/p>\n<p><em>HINWEIS: Der Antragsteller kann auch Familienangeh\u00f6rige mit einbeziehen, die sich in Zypern aufhalten und arbeiten d\u00fcrfen. Familienangeh\u00f6rige, die keine EU-B\u00fcrger sind, haben Anspruch auf den rosa Schein, ein befristetes und verl\u00e4ngerbares Dokument, das 5 Jahre lang g\u00fcltig ist.[vc_btn title=&#8220;Weitere Informationen&#8220; style=&#8220;3d&#8220; color=&#8220;sky&#8220; size=&#8220;lg&#8220; align=&#8220;center&#8220; button_block=&#8220;true&#8220; el_class=&#8220;js-inquiry-toggle js-modal-callmeback&#8220;][\/vc_column_inner][vc_column_inner width=&#8220;1\/2&#8243;][vc_single_image image=&#8220;26628&#8243; img_size=&#8220;full&#8220; alignment=&#8220;center&#8220; css_animation=&#8220;fadeInDown&#8220;][\/vc_column_inner][\/vc_row_inner][vc_separator color=&#8220;green&#8220; border_width=&#8220;2&#8243;][vc_empty_space height=&#8220;52px&#8220;][vc_custom_heading text=&#8220;STAATSB\u00dcRGERSCHAFT DER REPUBLIK ZYPERN&#8220; font_container=&#8220;tag:h1|text_align:center&#8220;][vc_empty_space height=&#8220;52px&#8220;][vc_row_inner css=&#8220;.vc_custom_1654155606352{margin-right: 30px !important;margin-left: 30px !important;}&#8220;][vc_column_inner width=&#8220;1\/2&#8243;][vc_single_image image=&#8220;26627&#8243; img_size=&#8220;full&#8220; alignment=&#8220;center&#8220; css_animation=&#8220;fadeInDown&#8220;][\/vc_column_inner][vc_column_inner width=&#8220;1\/2&#8243; css=&#8220;.vc_custom_1654155648058{padding-right: 50px !important;padding-left: 50px !important;}&#8220;][vc_column_text] <\/p>\n<ul>\n<li>Einb\u00fcrgerungsprogramm auf der Grundlage der Aufenthaltsdauer (Typ M127): Ein Einwohner mit st\u00e4ndigem Wohnsitz in Zypern hat nach f\u00fcnf Jahren (insgesamt 1825 Tagen) legalem Aufenthalt in Zypern das Recht, die zyprische Staatsb\u00fcrgerschaft zu beantragen.\n<li>Zyprische Staatsb\u00fcrgerschaft durch Heirat (Typ M125): Ausl\u00e4ndische Ehepartner von Zyprern, die vor dem Datum der Antragstellung drei Jahre verheiratet waren und zwei Jahre in Zypern gelebt haben, sind berechtigt, die Staatsb\u00fcrgerschaft zu beantragen. <\/li>\n<li>Zyprische Staatsb\u00fcrgerschaft aufgrund der Herkunft:<\/li>\n<li>Beantragung einer konsularischen Geburtsurkunde (Typ M121): Minderj\u00e4hrige oder Erwachsene, die nach dem 16. August 1960 im Ausland geboren wurden und deren Vater zum Zeitpunkt der Geburt zyprischer Staatsb\u00fcrger war, sowie Personen, die nach dem 11. Juni 1999 geboren wurden und deren Mutter zum Zeitpunkt ihrer Geburt zyprische Staatsb\u00fcrgerin war.\n<li>Antrag auf Registrierung von Minderj\u00e4hrigen (Typ M126): Minderj\u00e4hrige, die vor dem 11. Juni 1999 in Zypern oder im Ausland geboren wurden und deren Mutter zyprische Staatsb\u00fcrgerin und deren Vater Ausl\u00e4nder ist, oder Minderj\u00e4hrige, deren Vater nach ihrer Geburt die zyprische Staatsb\u00fcrgerschaft angenommen hat. Ebenso Minderj\u00e4hrige, deren Vater oder Mutter die zyprische Staatsb\u00fcrgerschaft durch Einb\u00fcrgerung oder Registrierung aufgrund der Heirat mit einem zyprischen Staatsb\u00fcrger erworben hat.\n<li>Erwachsene Antragsteller \u2013 Antragstyp M123: Erwachsene, die am oder nach dem 16. August 1960 geboren wurden und deren Eltern zum Zeitpunkt ihrer Geburt keine zyprischen Staatsb\u00fcrger waren.\n<li><strong>GOLDEN VISA-PROGRAMM<\/strong><\/li>\n<\/ul>\n<p> Das zyprische Golden-Visa-Programm hat keine Aufenthaltsauflagen und es gibt keine Test- oder Sprachvoraussetzungen. Die einzige Voraussetzung ist, dass die Aufenthaltsgenehmigung jederzeit aufrechterhalten werden muss. Es berechtigt seine Inhaber zur EU-Staatsb\u00fcrgerschaft und zum visumfreien Reisen in 168 L\u00e4nder weltweit, zus\u00e4tzlich zur Freiz\u00fcgigkeit innerhalb der EU mit dem Recht, dort zu leben, zu arbeiten, zu studieren und alle damit verbundenen Gesundheitsleistungen in Anspruch zu nehmen. Die Bearbeitungszeit betr\u00e4gt in der Regel 6 bis 8 Monate und erm\u00f6glicht die Einbeziehung der unmittelbaren Familie des Inhabers \u2013 Ehepartner und Kinder bis zum Alter von 28 Jahren (ausgenommen Eltern und\/oder Schwiegereltern). &nbsp; <strong><em>Zulassungskriterien:<\/em><\/strong> <\/p>\n<ul>\n<li>Erwerb einer Immobilie (entweder einer einzelnen oder mehrerer Einheiten) mit einem Mindestwert von 2.000.000 \u20ac (ohne MwSt.).<\/li>\n<li>Spende in H\u00f6he von mindestens 100.000 \u20ac an den Forschungs- und Entwicklungsfonds der zyprischen Regierung.\n<li>Spende in H\u00f6he von mindestens 100.000 \u20ac an die Cyprus Land Development Corporation. <\/li>\n<li>Erforderliches Jahreseinkommen (im Ausland erzielt) von 50.000 \u20ac pro Antragsteller, 15.000 \u20ac pro Ehepartner und 10.000 \u20ac f\u00fcr jeden Unterhaltsberechtigten des Antragstellers. <\/li>\n<li>J\u00e4hrliche Nachweise, dass: die Investition weiterhin besteht, die vollst\u00e4ndige Einkommensunterst\u00fctzung aufrechterhalten wird, Versicherungen f\u00fcr alle Parteien bestehen und f\u00fcr alle Parteien ein neues F\u00fchrungszeugnis ausgestellt wurde. <\/li>\n<\/ul>\n<p> &nbsp; <strong><em>Zulassungsvoraussetzungen:<\/em><\/strong> <\/p>\n<ul>\n<li>Keine vorherige Verweigerung der Staatsb\u00fcrgerschaft eines anderen EU-Landes<\/li>\n<li>Keine Verbindung zu Unternehmen oder juristischen Personen, die in der EU Beschr\u00e4nkungen unterliegen<\/li>\n<li>Ein einwandfreies F\u00fchrungszeugnis<\/li>\n<li>Keine strafrechtliche Ermittlung gegen Sie l\u00e4uft. <\/li>\n<li>Sie sind nicht strafrechtlich verfolgt. <\/li>\n<li>Sie stehen nicht auf den Fahndungslisten von EUROPOL oder INTERPOL. <\/li>\n<li>Sie gelten nicht als \u201epolitisch exponierte Person\u201d. <\/li>\n<\/ul>\n<p> [\/vc_column_text][vc_btn title=&#8220;Weitere Informationen&#8220; style=&#8220;3d&#8220; color=&#8220;sky&#8220; size=&#8220;lg&#8220; align=&#8220;center&#8220; button_block=&#8220;true&#8220; el_class=&#8220;js-inquiry-toggle js-modal-callmeback&#8220;][\/vc_column_inner][\/vc_row_inner][\/vc_column][\/vc_row][vc_row full_width=&#8220;stretch_row_content_no_spaces&#8220; css=&#8220;.vc_custom_1654172078680{background-image: url(https:\/\/bestinvest.com.tr\/wp-content\/uploads\/2022\/06\/fon.jpg?id=7591) !important;}&#8220; el_class=&#8220;asking-row&#8220;][vc_column width=&#8220;1\/4&#8243;][vc_empty_space][\/vc_column][vc_column width=&#8220;3\/4&#8243;][vc_row_inner][vc_column_inner width=&#8220;1\/4&#8243;][\/vc_column_inner][vc_column_inner width=&#8220;1\/2&#8243;][vc_column_text] <\/p>\n<div style=\"color: #fff;\">\n<div style=\"color: #fff;\">\n<p class=\"title\"><span style=\"color: #ffffff;\">Haben Sie noch Fragen zum Verfahren in der Republik Zypern? <\/span><\/p>\n<p class=\"title\"><span style=\"color: #ffffff;\">Hinterlassen Sie Ihre Kontaktdaten und unser Manager wird sich in K\u00fcrze mit Ihnen in Verbindung setzen. <\/span><\/p>\n<\/p><\/div><\/div>\n<p> [\/vc_column_text][vc_btn title=&#8220;Beratung anfordern&#8220; style=&#8220;custom&#8220; custom_background=&#8220;#81d742&#8243; custom_text=&#8220;#ffffff&#8220; align=&#8220;center&#8220; el_class=&#8220;js-inquiry-toggle js-modal-callmeback&#8220;][\/vc_column_inner][vc_column_inner width=&#8220;1\/4&#8243;][\/vc_column_inner][\/vc_row_inner][\/vc_column][\/vc_row]<\/p>\n","protected":false},"excerpt":{"rendered":"<p>[vc_row full_width=&#8220;stretch_row_content_no_spaces&#8220; equal_height=&#8220;yes&#8220; content_placement=&#8220;middle&#8220;][vc_column width=&#8220;1\/4&#8243;][\/vc_column][vc_column width=&#8220;1\/4&#8243;][vc_empty_space height=&#8220;52px&#8220;][vc_btn title=&#8220;Aufenthaltsrecht und Staatsb\u00fcrgerschaft in Nordzypern&#8220; style=&#8220;3d&#8220; color=&#8220;green&#8220; size=&#8220;lg&#8220; align=&#8220;center&#8220; link=&#8220;url:https%3A%2F%2Fbestinvest.com.tr%2Fresidency-citizenship-in-trnc%2F&#8220;][\/vc_column][vc_column width=&#8220;1\/4&#8243;][vc_empty_space height=&#8220;52px&#8220;][vc_btn title=&#8220;Aufenthaltsrecht und Staatsb\u00fcrgerschaft in der T\u00fcrkei&#8220; style=&#8220;3d&#8220; color=&#8220;green&#8220; size=&#8220;lg&#8220; align=&#8220;center&#8220; link=&#8220;url:https%3A%2F%2Fbestinvest.com.tr%2F%25d0%25be%25d1%2584%25d0%25be%25d1%2580%25d0%25bc%25d0%25bb%25d0%25b5%25d0%25bd%25d0%25b8%25d0%25b5-%25d0%25b2%25d0%25b8%25d0%25b4%25d0%25b0-%25d0%25bd%25d0%25b0-%25d0%25b6%25d0%25b8%25d1%2582%25d0%25b5%25d0%25bb%25d1%258c%25d1%2581%25d1%2582%25d0%25b2%25d0%25be%2F&#8220;][\/vc_column][vc_column width=&#8220;1\/4&#8243;][\/vc_column][\/vc_row][vc_row full_width=&#8220;stretch_row_content_no_spaces&#8220;][vc_column][vc_empty_space height=&#8220;52px&#8220;][vc_custom_heading text=&#8220;Registrierung einer Aufenthaltsgenehmigung in der Republik Zypern&#8220; font_container=&#8220;tag:h1|text_align:center&#8220;][vc_empty_space height=&#8220;52px&#8220;][vc_row_inner css=&#8220;.vc_custom_1654155606352{margin-right: 30px !important;margin-left: 30px !important;}&#8220;][vc_column_inner width=&#8220;1\/2&#8243; css=&#8220;.vc_custom_1654155648058{padding-right: 50px !important;padding-left: 50px !important;}&#8220;][vc_column_text] Schnellverfahren f\u00fcr [&hellip;]<\/p>\n","protected":false},"author":11,"featured_media":0,"parent":0,"menu_order":0,"comment_status":"closed","ping_status":"closed","template":"","meta":{"inline_featured_image":false,"footnotes":""},"class_list":["post-26617","page","type-page","status-publish","hentry"],"_links":{"self":[{"href":"https:\/\/bestinvest.com.tr\/de\/wp-json\/wp\/v2\/pages\/26617","targetHints":{"allow":["GET"]}}],"collection":[{"href":"https:\/\/bestinvest.com.tr\/de\/wp-json\/wp\/v2\/pages"}],"about":[{"href":"https:\/\/bestinvest.com.tr\/de\/wp-json\/wp\/v2\/types\/page"}],"author":[{"embeddable":true,"href":"https:\/\/bestinvest.com.tr\/de\/wp-json\/wp\/v2\/users\/11"}],"replies":[{"embeddable":true,"href":"https:\/\/bestinvest.com.tr\/de\/wp-json\/wp\/v2\/comments?post=26617"}],"version-history":[{"count":0,"href":"https:\/\/bestinvest.com.tr\/de\/wp-json\/wp\/v2\/pages\/26617\/revisions"}],"wp:attachment":[{"href":"https:\/\/bestinvest.com.tr\/de\/wp-json\/wp\/v2\/media?parent=26617"}],"curies":[{"name":"wp","href":"https:\/\/api.w.org\/{rel}","templated":true}]}}