{"id":26664,"date":"2023-08-03T07:53:29","date_gmt":"2023-08-03T07:53:29","guid":{"rendered":"https:\/\/bestinvest.com.tr\/?page_id=26664"},"modified":"2026-02-05T11:19:45","modified_gmt":"2026-02-05T11:19:45","slug":"residency-citizenship-in-trnc","status":"publish","type":"page","link":"https:\/\/bestinvest.com.tr\/de\/residency-citizenship-in-trnc\/","title":{"rendered":"Aufenthaltsrecht und Staatsb\u00fcrgerschaft in der TRNC"},"content":{"rendered":"<p>[vc_row full_width=&#8220;stretch_row_content_no_spaces&#8220; equal_height=&#8220;yes&#8220; content_placement=&#8220;middle&#8220;][vc_column width=&#8220;1\/4&#8243;][\/vc_column][vc_column width=&#8220;1\/4&#8243;][vc_empty_space height=&#8220;52px&#8220;][vc_btn title=&#8220;Staatsb\u00fcrgerschaft und Wohnsitz in der Republik Zypern&#8220; style=&#8220;3d&#8220; color=&#8220;green&#8220; size=&#8220;lg&#8220; align=&#8220;center&#8220; link=&#8220;url:https%3A%2F%2Fbestinvest.com.tr%2Fresidency-citizenship-in-the-republic-of-cyprus%2F&#8220;][\/vc_column][vc_column width=&#8220;1\/4&#8243;][vc_empty_space height=&#8220;52px&#8220;][vc_btn title=&#8220;Aufenthaltsrecht und Staatsb\u00fcrgerschaft in der T\u00fcrkei&#8220; style=&#8220;3d&#8220; color=&#8220;green&#8220; size=&#8220;lg&#8220; align=&#8220;center&#8220; link=&#8220;url:https%3A%2F%2Fbestinvest.com.tr%2F%25d0%25be%25d1%2584%25d0%25be%25d1%2580%25d0%25bc%25d0%25bb%25d0%25b5%25d0%25bd%25d0%25b8%25d0%25b5-%25d0%25b2%25d0%25b8%25d0%25b4%25d0%25b0-%25d0%25bd%25d0%25b0-%25d0%25b6%25d0%25b8%25d1%2582%25d0%25b5%25d0%25bb%25d1%258c%25d1%2581%25d1%2582%25d0%25b2%25d0%25be%2F&#8220;][\/vc_column][vc_column width=&#8220;1\/4&#8243;][\/vc_column][\/vc_row][vc_row full_width=&#8220;stretch_row_content_no_spaces&#8220;][vc_column][vc_empty_space height=&#8220;52px&#8220;][vc_custom_heading text=&#8220;Staatsb\u00fcrgerschaft und Wohnsitz in Nordzypern&#8220; font_container=&#8220;tag:h1|text_align:center&#8220;][vc_empty_space height=&#8220;52px&#8220;][vc_row_inner css=&#8220;.vc_custom_1654155606352{margin-right: 30px !important;margin-left: 30px !important;}&#8220;][vc_column_inner width=&#8220;1\/2&#8243; css=&#8220;.vc_custom_1654155648058{padding-right: 50px !important;padding-left: 50px !important;}&#8220;][vc_column_text] <strong>Die beliebtesten Wege f\u00fcr eine Migration nach Nordzypern im Jahr 2023 sind:<\/strong><\/p>\n<p><strong><em>Aufenthaltsgenehmigung f\u00fcr Personen mit hohem Einkommen f\u00fcr die Anmietung von Immobilien in Nordzypern<\/em><\/strong> Eine der einfachsten M\u00f6glichkeiten, eine Aufenthaltsgenehmigung in der TRNZ zu erhalten, ist die Anmietung einer Immobilie und der Nachweis Ihrer finanziellen Situation. Mit 10.000 bis 20.000 US-Dollar pro Erwachsenem ist es nicht schwierig, eine Aufenthaltsgenehmigung f\u00fcr Personen mit hohem Einkommen in Nordzypern zu erhalten. Es gelten die folgenden Programmanforderungen: <\/p>\n<ul>\n<li>Nachweis einer monatlichen Einkommensquelle aus einem anderen Land, die mindestens dem Dreifachen des lokalen Durchschnittsmonatslohns entspricht. Im Jahr 2023 betr\u00e4gt die Mindestanforderung pro Monat 36.000 TL.\n<li>Ein langfristiger Mietvertrag f\u00fcr eine Unterkunft im Land, der beim Finanzamt registriert wurde (die Mietkosten sind nicht wichtig, die Registrierungsgeb\u00fchr f\u00fcr den Mietvertrag betr\u00e4gt ca. 250 TL). Der Eigent\u00fcmer der Immobilie muss eine Mietsteuer von 13 % zahlen, wenn der Vertrag in USD, EUR oder GBP abgeschlossen wurde, oder 8 %, wenn er in TL abgeschlossen wurde. <\/li>\n<li>Besorgen Sie sich eine Bescheinigung vom Dorfvorsteher (Muhtar), die etwa 20 TL pro Person kostet. <\/li>\n<li>Zahlen Sie zwischen 10.000 und 15.000 USD pro Erwachsenem bei einer lokalen Bank ein und besorgen Sie sich eine Bescheinigung \u00fcber die Einzahlung und den Kontostand. <\/li>\n<li>Lassen Sie ausl\u00e4ndische Dokumente von einem Notar \u00fcbersetzen und beglaubigen. <\/li>\n<li>Registrieren Sie sich auf der offiziellen Website. <\/li>\n<li>Legen Sie die Unterlagen bei der Polizeidienststelle vor (separate Unterlagen f\u00fcr jeden Antragsteller). <\/li>\n<li>Bezahlen Sie die Geb\u00fchren und nehmen Sie an den medizinischen Untersuchungen und der Versicherung teil. <\/li>\n<li>Online-Ausstellung der Genehmigung. <\/li>\n<\/ul>\n<p> <strong><em>Aufenthaltsgenehmigung durch Kauf einer Immobilie in der TRNZ. <\/em><\/strong> Die zweitbeliebteste und einfachste M\u00f6glichkeit, schnell eine Aufenthaltsgenehmigung in Nordzypern zu erhalten, ist der Kauf einer Immobilie. Das Verfahren ist das gleiche wie bei der Genehmigung f\u00fcr Mieter, mit der Ausnahme, dass ein <strong><em>F\u00fchrungszeugnis<\/em><\/strong> vorgelegt werden MUSS. Die erste Aufenthaltsgenehmigung gilt f\u00fcr ein Jahr und kann dann sofort um drei Jahre verl\u00e4ngert werden. Ehepartner und Kinder unter 18 Jahren erhalten automatisch eine Aufenthaltsgenehmigung f\u00fcr dieselbe Immobilie (Familienaufenthaltsgenehmigung). <strong>Aufenthaltsgenehmigung f\u00fcr die TRNZ zur Aus\u00fcbung einer Erwerbst\u00e4tigkeit in der TRNZ<\/strong> Um in Nordzypern arbeiten zu k\u00f6nnen, ben\u00f6tigen Sie ein Arbeitsvisum mit Zustimmung des Ministeriums f\u00fcr Arbeit und soziale Sicherheit. Sie d\u00fcrfen nur bei dem Unternehmen besch\u00e4ftigt werden, das in dem Antrag auf Arbeitserlaubnis angegeben ist. Der Arbeitgeber oder das Unternehmen beantragt dann im Namen des Arbeitnehmers eine Aufenthaltsgenehmigung. Die Bearbeitung des Antrags auf eine Aufenthaltsgenehmigung aufgrund einer Besch\u00e4ftigung dauert etwa vier Monate und ist ein Jahr lang g\u00fcltig. <strong>Aufenthaltsgenehmigung f\u00fcr Unternehmer in der TRNC \u2013<\/strong> Diese erm\u00f6glicht Investoren und Unternehmern, eine Aufenthaltsgenehmigung im Rahmen eines beschleunigten Verfahrens zu erhalten, wobei folgende Verfahren zu beachten sind: <\/p>\n<ul>\n<li>Erhalt eines 30-Tage-Visums bei der Einreise unter Nachweis der Zahlungsf\u00e4higkeit. <\/li>\n<li>Beantragung einer Bescheinigung bei der Handelsabteilung, die das Recht zur Er\u00f6ffnung eines Unternehmens im Land gew\u00e4hrt. <\/li>\n<li>Registrierung bei den Steuer- und Einwanderungsbeh\u00f6rden. <\/li>\n<li>Er\u00f6ffnung eines Bankkontos und Einzahlung von mindestens 100.000 USD als genehmigtes Kapital. Die Bank stellt der Registrierungskammer ein Schreiben als Nachweis daf\u00fcr aus, dass die Anforderung erf\u00fcllt ist. <\/li>\n<li>Gr\u00fcndung einer lokalen Gesellschaft mit mindestens 2 Gesellschaftern und 1 Gesch\u00e4ftsf\u00fchrer. <\/li>\n<li>Einrichtung einer lokalen Niederlassung in Nordzypern. <\/li>\n<li>Legen Sie eine Garantieerkl\u00e4rung ausl\u00e4ndischer Gesch\u00e4ftsf\u00fchrer \u00fcber die Einhaltung der Steuerpflichten vor. <\/li>\n<li>Freigabe des genehmigten Kapitals <\/li>\n<\/ul>\n<p> <strong>Hinweis<\/strong>: Nordzypern hat eine g\u00fcnstige Steuerpolitik. Der durchschnittliche Mehrwertsteuersatz betr\u00e4gt 5 % und die Stempelsteuer 0,5 %. Beschr\u00e4nkungen f\u00fcr ausl\u00e4ndische Investoren gelten nur f\u00fcr die Bauindustrie, wo ausl\u00e4ndische Beteiligungen von maximal 49 % der Unternehmensanteile zul\u00e4ssig sind. Die Aufenthaltsgenehmigung f\u00fcr Unternehmer in Nordzypern hat eine G\u00fcltigkeitsdauer von 12 Monaten und kann j\u00e4hrlich verl\u00e4ngert werden.[\/vc_column_text][\/vc_column_inner][vc_column_inner width=&#8220;1\/2&#8243;][vc_single_image image=&#8220;26678&#8243; img_size=&#8220;full&#8220; alignment=&#8220;center&#8220; css_animation=&#8220;fadeInDown&#8220;][vc_column_text]<strong>Aufenthaltsgenehmigung f\u00fcr Studenten in der TRNZ \u2013<\/strong> gew\u00e4hrt nicht nur das Recht, im Land zu leben, sondern auch eine von europ\u00e4ischen L\u00e4ndern anerkannte Hochschulausbildung zu absolvieren.<\/p>\n<p><strong>Aufenthaltsgenehmigungen in Nordzypern f\u00fcr Rentner in der TRNZ<\/strong> Ausl\u00e4ndische Rentner ab 60 Jahren k\u00f6nnen viel einfacher als andere B\u00fcrger eine Aufenthaltsgenehmigung in Nordzypern erhalten, n\u00e4mlich eine Aufenthaltsgenehmigung der Kategorie F. Die Einschr\u00e4nkung f\u00fcr Antragsteller im Rahmen dieses Programms besteht darin, dass der Antragsteller kein Einwohner eines Mitgliedstaats der Europ\u00e4ischen Union sein darf.<\/p>\n<p>Eine Aufenthaltsgenehmigung f\u00fcr Rentner in Nordzypern kann durch den Kauf eines Hauses im Land zu einem beliebigen Preis erworben werden. Ausl\u00e4ndische Rentner haben das Recht, sich bis zu einem Jahr vor der Erteilung ihrer Aufenthaltsgenehmigung ohne Gesetzesversto\u00df im Land aufzuhalten. Dar\u00fcber hinaus m\u00fcssen Personen \u00fcber 60 Jahren sich keiner medizinischen Untersuchung unterziehen. <strong>Liste der Standarddokumente, die f\u00fcr die Erteilung einer Aufenthaltsgenehmigung in der TRNC erforderlich sind<\/strong> <\/p>\n<ol>\n<li>Nachweis der finanziellen Stabilit\u00e4t, z. B. Kontoausz\u00fcge einer Bank der TRNZ oder eines ausl\u00e4ndischen Finanzinstituts. <\/li>\n<li>Mietvertrag oder Kaufvertrag f\u00fcr Immobilien. <\/li>\n<li>Eine Bescheinigung des Muhtar (von einem lokalen Beamten), die die Adresse des Ausl\u00e4nders best\u00e4tigt. <\/li>\n<li>Zwei Fotos im Format 3,5 x 4,5 cm. <\/li>\n<li>Reisepass und Kopien. <\/li>\n<li>Antrag auf Aufenthaltsgenehmigung. <\/li>\n<li>Krankenversicherung. <\/li>\n<li>Heiratsurkunde (falls zutreffend). <\/li>\n<li>F\u00fchrungszeugnis (falls zutreffend). <\/li>\n<li>Geburtsurkunden der Kinder (falls zutreffend).<\/li>\n<li>Quittung \u00fcber die Zahlung der staatlichen Geb\u00fchren.<\/li>\n<li>Bescheinigung \u00fcber die Ergebnisse der \u00e4rztlichen Untersuchung (falls zutreffend).<\/li>\n<\/ol>\n<p> Je nach Art der beantragten Aufenthaltsgenehmigung kann die Einwanderungsbeh\u00f6rde der TRNC zus\u00e4tzliche Dokumente anfordern. [\/vc_column_text][vc_btn title=&#8220;Weitere Informationen&#8220; style=&#8220;3d&#8220; color=&#8220;sky&#8220; size=&#8220;lg&#8220; align=&#8220;center&#8220; button_block=&#8220;true&#8220; el_class=&#8220;js-inquiry-toggle js-modal-callmeback&#8220;][\/vc_column_inner][\/vc_row_inner][vc_empty_space height=&#8220;52px&#8220;][vc_separator color=&#8220;green&#8220; border_width=&#8220;2&#8243;][vc_empty_space height=&#8220;52px&#8220;][vc_custom_heading text=&#8220;STAATSB\u00dcRGERSCHAFT DER T\u00dcRKISCHEN REPUBLIK NORDPZYRUS&#8220; font_container=&#8220;tag:h1|text_align:center&#8220;][vc_empty_space height=&#8220;52px&#8220;][vc_row_inner css=&#8220;.vc_custom_1654155606352{margin-right: 30px !important;margin-left: 30px !important;}&#8220;][vc_column_inner width=&#8220;1\/2&#8243;][vc_single_image image=&#8220;26703&#8243; img_size=&#8220;full&#8220; alignment=&#8220;center&#8220; css_animation=&#8220;fadeInDown&#8220;][\/vc_column_inner][vc_column_inner width=&#8220;1\/2&#8243; css=&#8220;.vc_custom_1654155648058{padding-right: 50px !important;padding-left: 50px !important;}&#8220;][vc_column_text]Wenn Sie Staatsb\u00fcrger von Nordzypern werden m\u00f6chten, m\u00fcssen Sie die folgenden Kriterien erf\u00fcllen: <\/p>\n<ol>\n<li>Staatsb\u00fcrgerschaft durch Geburt<\/li>\n<li>Staatsb\u00fcrgerschaft durch Geburtsort<\/li>\n<li>Erwerb der Staatsb\u00fcrgerschaft durch Adoption<\/li>\n<li>Erwerb der Staatsb\u00fcrgerschaft durch Entscheidung des Ministeriums<\/li>\n<li>Erwerb der Staatsb\u00fcrgerschaft durch Entscheidung des Ministerrats<\/li>\n<li>Erwerb der TRNC-Staatsb\u00fcrgerschaft durch Gesetz<\/li>\n<li>Einb\u00fcrgerung durch Adoption<\/li>\n<\/ol>\n<p>Bevor Sie einen Antrag auf Ihren Kimlik oder TRNC-Pass stellen, m\u00fcssen Sie eines der folgenden Kriterien erf\u00fcllen: <\/p>\n<ul>\n<li>Mindestens ein t\u00fcrkisch-zyprischer Elternteil. <\/li>\n<li>Familienstand: Seit \u00fcber einem Jahr mit einem TRNC-B\u00fcrger verheiratet. <\/li>\n<li>Ich habe eine TRNC-Geburtsurkunde. <\/li>\n<li>Seit mindestens 5 Jahren in Zypern wohnhaft. <\/li>\n<li>Verwandter hat an der Friedensoperation in Zypern teilgenommen. <\/li>\n<\/ul>\n<p> <strong>Hinweis<\/strong>: Durch den Kauf einer Immobilie in der TRNC k\u00f6nnen Sie eine Aufenthaltsgenehmigung erhalten, jedoch keine Staatsb\u00fcrgerschaft. [\/vc_column_text][vc_btn title=&#8220;Weitere Informationen&#8220; style=&#8220;3d&#8220; color=&#8220;sky&#8220; size=&#8220;lg&#8220; align=&#8220;center&#8220; button_block=&#8220;true&#8220; el_class=&#8220;js-inquiry-toggle js-modal-callmeback&#8220;][\/vc_column_inner][\/vc_row_inner][vc_empty_space][\/vc_column][\/vc_row][vc_row full_width=&#8220;stretch_row_content_no_spaces&#8220; css=&#8220;.vc_custom_1654172078680{background-image: url(https:\/\/bestinvest.com.tr\/wp-content\/uploads\/2022\/06\/fon.jpg?id=7591) !important;}&#8220; el_class=&#8220;asking-row&#8220;][vc_column width=&#8220;1\/4&#8243;][vc_empty_space][\/vc_column][vc_column width=&#8220;3\/4&#8243;][vc_row_inner][vc_column_inner width=&#8220;1\/4&#8243;][\/vc_column_inner][vc_column_inner width=&#8220;1\/2&#8243;][vc_column_text] <\/p>\n<div style=\"color: #fff;\">\n<div style=\"color: #fff;\">\n<p class=\"title\"><span style=\"color: #ffffff;\">Haben Sie noch Fragen zum Verfahren in der TRNC?<\/span><\/p>\n<p class=\"title\"><span style=\"color: #ffffff;\">Hinterlassen Sie Ihre Kontaktdaten und unser Manager wird sich in K\u00fcrze mit Ihnen in Verbindung setzen. <\/span><\/p>\n<\/p><\/div><\/div>\n<p> [\/vc_column_text][vc_btn title=&#8220;Beratung anfordern&#8220; style=&#8220;custom&#8220; custom_background=&#8220;#81d742&#8243; custom_text=&#8220;#ffffff&#8220; align=&#8220;center&#8220; el_class=&#8220;js-inquiry-toggle js-modal-callmeback&#8220;][\/vc_column_inner][vc_column_inner width=&#8220;1\/4&#8243;][\/vc_column_inner][\/vc_row_inner][\/vc_column][\/vc_row]<\/p>\n","protected":false},"excerpt":{"rendered":"<p>[vc_row full_width=&#8220;stretch_row_content_no_spaces&#8220; equal_height=&#8220;yes&#8220; content_placement=&#8220;middle&#8220;][vc_column width=&#8220;1\/4&#8243;][\/vc_column][vc_column width=&#8220;1\/4&#8243;][vc_empty_space height=&#8220;52px&#8220;][vc_btn title=&#8220;Staatsb\u00fcrgerschaft und Wohnsitz in der Republik Zypern&#8220; style=&#8220;3d&#8220; color=&#8220;green&#8220; size=&#8220;lg&#8220; align=&#8220;center&#8220; link=&#8220;url:https%3A%2F%2Fbestinvest.com.tr%2Fresidency-citizenship-in-the-republic-of-cyprus%2F&#8220;][\/vc_column][vc_column width=&#8220;1\/4&#8243;][vc_empty_space height=&#8220;52px&#8220;][vc_btn title=&#8220;Aufenthaltsrecht und Staatsb\u00fcrgerschaft in der T\u00fcrkei&#8220; style=&#8220;3d&#8220; color=&#8220;green&#8220; size=&#8220;lg&#8220; align=&#8220;center&#8220; link=&#8220;url:https%3A%2F%2Fbestinvest.com.tr%2F%25d0%25be%25d1%2584%25d0%25be%25d1%2580%25d0%25bc%25d0%25bb%25d0%25b5%25d0%25bd%25d0%25b8%25d0%25b5-%25d0%25b2%25d0%25b8%25d0%25b4%25d0%25b0-%25d0%25bd%25d0%25b0-%25d0%25b6%25d0%25b8%25d1%2582%25d0%25b5%25d0%25bb%25d1%258c%25d1%2581%25d1%2582%25d0%25b2%25d0%25be%2F&#8220;][\/vc_column][vc_column width=&#8220;1\/4&#8243;][\/vc_column][\/vc_row][vc_row full_width=&#8220;stretch_row_content_no_spaces&#8220;][vc_column][vc_empty_space height=&#8220;52px&#8220;][vc_custom_heading text=&#8220;Staatsb\u00fcrgerschaft und Wohnsitz in Nordzypern&#8220; font_container=&#8220;tag:h1|text_align:center&#8220;][vc_empty_space height=&#8220;52px&#8220;][vc_row_inner css=&#8220;.vc_custom_1654155606352{margin-right: 30px !important;margin-left: 30px !important;}&#8220;][vc_column_inner width=&#8220;1\/2&#8243; css=&#8220;.vc_custom_1654155648058{padding-right: 50px !important;padding-left: 50px !important;}&#8220;][vc_column_text] Die beliebtesten [&hellip;]<\/p>\n","protected":false},"author":11,"featured_media":0,"parent":0,"menu_order":0,"comment_status":"closed","ping_status":"closed","template":"","meta":{"inline_featured_image":false,"footnotes":""},"class_list":["post-26664","page","type-page","status-publish","hentry"],"_links":{"self":[{"href":"https:\/\/bestinvest.com.tr\/de\/wp-json\/wp\/v2\/pages\/26664","targetHints":{"allow":["GET"]}}],"collection":[{"href":"https:\/\/bestinvest.com.tr\/de\/wp-json\/wp\/v2\/pages"}],"about":[{"href":"https:\/\/bestinvest.com.tr\/de\/wp-json\/wp\/v2\/types\/page"}],"author":[{"embeddable":true,"href":"https:\/\/bestinvest.com.tr\/de\/wp-json\/wp\/v2\/users\/11"}],"replies":[{"embeddable":true,"href":"https:\/\/bestinvest.com.tr\/de\/wp-json\/wp\/v2\/comments?post=26664"}],"version-history":[{"count":0,"href":"https:\/\/bestinvest.com.tr\/de\/wp-json\/wp\/v2\/pages\/26664\/revisions"}],"wp:attachment":[{"href":"https:\/\/bestinvest.com.tr\/de\/wp-json\/wp\/v2\/media?parent=26664"}],"curies":[{"name":"wp","href":"https:\/\/api.w.org\/{rel}","templated":true}]}}