{"id":26740,"date":"2023-08-04T11:04:52","date_gmt":"2023-08-04T11:04:52","guid":{"rendered":"https:\/\/bestinvest.com.tr\/?page_id=26740"},"modified":"2026-02-05T11:19:39","modified_gmt":"2026-02-05T11:19:39","slug":"ikamet-block-kktc","status":"publish","type":"page","link":"https:\/\/bestinvest.com.tr\/de\/ikamet-block-kktc\/","title":{"rendered":"Wohnblock TRNC"},"content":{"rendered":"<p>[vc_row css=&#8220;.vc_custom_1667551928056{background-color: #ffffff !important;}&#8220;][vc_column width=&#8220;1\/2&#8243;][vc_column_text] <\/p>\n<h2><strong>Aufenthaltsrecht und Staatsb\u00fcrgerschaft in der TRNZ<\/strong><\/h2>\n<p> [\/vc_column_text][vc_column_text] <\/p>\n<p class=\"Standard\"><span lang=\"EN-GB\">Um einen Wohnsitz und die Staatsb\u00fcrgerschaft in der T\u00fcrkischen Republik Nordzypern zu erwerben, m\u00fcssen Einzelpersonen einen systematischen Prozess durchlaufen. F\u00fcr den Wohnsitz k\u00f6nnen Antragsteller eine befristete oder unbefristete Aufenthaltsgenehmigung auf der Grundlage einer Besch\u00e4ftigung, eines Immobilienbesitzes oder famili\u00e4rer Bindungen beantragen. Sie m\u00fcssen bestimmte finanzielle Kriterien erf\u00fcllen und die erforderlichen Unterlagen einreichen. Nach einem Aufenthalt von etwa f\u00fcnf Jahren in Nordzypern k\u00f6nnen Antragsteller die Staatsb\u00fcrgerschaft durch Einb\u00fcrgerung beantragen. F\u00fcr eine erfolgreiche Antragstellung ist es unerl\u00e4sslich, professionelle Beratung in Anspruch zu nehmen und die lokalen Vorschriften zu kennen. Best Invest bietet Unterst\u00fctzung bei diesem Verfahren.<br \/>\n[\/vc_column_text][vc_btn title=&#8220;Weitere Informationen&#8220; style=&#8220;3d&#8220; color=&#8220;danger&#8220; align=&#8220;center&#8220; i_icon_fontawesome=&#8220;fas fa-angle-right&#8220; button_block=&#8220;true&#8220; add_icon=&#8220;true&#8220; link=&#8220;url:https%3A%2F%2Fbestinvest.com.tr%2Fresidency-citizenship-in-trnc%2F|title:Oturma%20%C4%B0zni%20Kayd%C4%B1&#8243;][\/vc_column][vc_column width=&#8220;1\/2&#8243;][vc_single_image image=&#8220;26741&#8243; img_size=&#8220;full&#8220; onclick=&#8220;custom_link&#8220; link=&#8220;\/\u043e\u0444\u043e\u0440\u043c\u043b\u0435\u043d\u0438\u0435-\u0432\u0438\u0434\u0430-\u043d\u0430-\u0436\u0438\u0442\u0435\u043b\u044c\u0441\u0442\u0432\u043e\/&#8220;][\/vc_column][\/vc_row]<\/p>\n","protected":false},"excerpt":{"rendered":"<p>[vc_row css=&#8220;.vc_custom_1667551928056{background-color: #ffffff !important;}&#8220;][vc_column width=&#8220;1\/2&#8243;][vc_column_text] Aufenthaltsrecht und Staatsb\u00fcrgerschaft in der TRNZ [\/vc_column_text][vc_column_text] Um einen Wohnsitz und die Staatsb\u00fcrgerschaft in der T\u00fcrkischen Republik Nordzypern zu erwerben, m\u00fcssen Einzelpersonen einen systematischen Prozess durchlaufen. F\u00fcr den Wohnsitz k\u00f6nnen Antragsteller eine befristete oder unbefristete Aufenthaltsgenehmigung auf der Grundlage einer Besch\u00e4ftigung, eines Immobilienbesitzes oder famili\u00e4rer Bindungen beantragen. Sie m\u00fcssen bestimmte [&hellip;]<\/p>\n","protected":false},"author":11,"featured_media":0,"parent":0,"menu_order":0,"comment_status":"closed","ping_status":"closed","template":"","meta":{"inline_featured_image":false,"footnotes":""},"class_list":["post-26740","page","type-page","status-publish","hentry"],"_links":{"self":[{"href":"https:\/\/bestinvest.com.tr\/de\/wp-json\/wp\/v2\/pages\/26740","targetHints":{"allow":["GET"]}}],"collection":[{"href":"https:\/\/bestinvest.com.tr\/de\/wp-json\/wp\/v2\/pages"}],"about":[{"href":"https:\/\/bestinvest.com.tr\/de\/wp-json\/wp\/v2\/types\/page"}],"author":[{"embeddable":true,"href":"https:\/\/bestinvest.com.tr\/de\/wp-json\/wp\/v2\/users\/11"}],"replies":[{"embeddable":true,"href":"https:\/\/bestinvest.com.tr\/de\/wp-json\/wp\/v2\/comments?post=26740"}],"version-history":[{"count":0,"href":"https:\/\/bestinvest.com.tr\/de\/wp-json\/wp\/v2\/pages\/26740\/revisions"}],"wp:attachment":[{"href":"https:\/\/bestinvest.com.tr\/de\/wp-json\/wp\/v2\/media?parent=26740"}],"curies":[{"name":"wp","href":"https:\/\/api.w.org\/{rel}","templated":true}]}}