{"id":26743,"date":"2023-08-04T11:19:02","date_gmt":"2023-08-04T11:19:02","guid":{"rendered":"https:\/\/bestinvest.com.tr\/?page_id=26743"},"modified":"2026-02-05T11:19:34","modified_gmt":"2026-02-05T11:19:34","slug":"guney-kibris-vatandasligi","status":"publish","type":"page","link":"https:\/\/bestinvest.com.tr\/de\/guney-kibris-vatandasligi\/","title":{"rendered":"Block \u201eG\u00fcney K\u0131br\u0131s Vatanda\u015fl\u0131\u011f\u0131\u201c"},"content":{"rendered":"<p>[vc_row css=&#8220;.vc_custom_1667551928056{background-color: #ffffff !important;}&#8220;][vc_column width=&#8220;1\/2&#8243;][vc_single_image image=&#8220;26703&#8243; img_size=&#8220;full&#8220; onclick=&#8220;custom_link&#8220; link=&#8220;\/\u0440\u0443\u0441\u0441\u043a\u0438\u0439-\u0433\u0440\u0430\u0436\u0434\u0430\u043d\u0441\u0442\u0432\u043e-\u0432-\u0442\u0443\u0440\u0446\u0438\u0438-\u0437\u0430-\u0438\u043d\u0432\u0435\u0441\/&#8220;][\/vc_column][vc_column width=&#8220;1\/2&#8243;][vc_column_text] <\/p>\n<h2>Aufenthaltsgenehmigung und Staatsb\u00fcrgerschaft der Republik Zypern!!!<\/h2>\n<p> [\/vc_column_text][vc_column_text] <\/p>\n<p class=\"Standard\"><span lang=\"EN-GB\">Der Erwerb des Aufenthaltsrechts und der Staatsb\u00fcrgerschaft in der Republik Zypern kann eine lebensver\u00e4ndernde Chance sein, die verschiedene Vorteile wie einen besseren Lebensstandard, bessere Karriereaussichten, Zugang zu sozialen Dienstleistungen und letztendlich freien Zugang zu 168 L\u00e4ndern weltweit bietet. Die Verfahren sind gut etabliert, und Best Invest kann Ihnen mit Rat, Hilfe und Unterst\u00fctzung zur Seite stehen, um das von Ihnen gew\u00fcnschte Ergebnis zu erzielen. Die Einholung professioneller Rechtsberatung und die Kenntnis der lokalen Gesetze und Vorschriften sind f\u00fcr eine erfolgreiche Antragstellung von entscheidender Bedeutung. <\/span><\/p>\n<p> [\/vc_column_text][vc_btn title=&#8220;Weitere Informationen&#8220; style=&#8220;3d&#8220; color=&#8220;success&#8220; align=&#8220;center&#8220; i_icon_fontawesome=&#8220;fas fa-angle-right&#8220; button_block=&#8220;true&#8220; add_icon=&#8220;true&#8220; link=&#8220;url:https%3A%2F%2Fbestinvest.com.tr%2Fresidency-citizenship-in-the-republic-of-cyprus%2F&#8220;][\/vc_column][\/vc_row]<\/p>\n","protected":false},"excerpt":{"rendered":"<p>[vc_row css=&#8220;.vc_custom_1667551928056{background-color: #ffffff !important;}&#8220;][vc_column width=&#8220;1\/2&#8243;][vc_single_image image=&#8220;26703&#8243; img_size=&#8220;full&#8220; onclick=&#8220;custom_link&#8220; link=&#8220;\/\u0440\u0443\u0441\u0441\u043a\u0438\u0439-\u0433\u0440\u0430\u0436\u0434\u0430\u043d\u0441\u0442\u0432\u043e-\u0432-\u0442\u0443\u0440\u0446\u0438\u0438-\u0437\u0430-\u0438\u043d\u0432\u0435\u0441\/&#8220;][\/vc_column][vc_column width=&#8220;1\/2&#8243;][vc_column_text] Aufenthaltsgenehmigung und Staatsb\u00fcrgerschaft der Republik Zypern!!! [\/vc_column_text][vc_column_text] Der Erwerb des Aufenthaltsrechts und der Staatsb\u00fcrgerschaft in der Republik Zypern kann eine lebensver\u00e4ndernde Chance sein, die verschiedene Vorteile wie einen besseren Lebensstandard, bessere Karriereaussichten, Zugang zu sozialen Dienstleistungen und letztendlich freien Zugang zu 168 L\u00e4ndern weltweit bietet. [&hellip;]<\/p>\n","protected":false},"author":11,"featured_media":0,"parent":0,"menu_order":0,"comment_status":"closed","ping_status":"closed","template":"","meta":{"inline_featured_image":false,"footnotes":""},"class_list":["post-26743","page","type-page","status-publish","hentry"],"_links":{"self":[{"href":"https:\/\/bestinvest.com.tr\/de\/wp-json\/wp\/v2\/pages\/26743","targetHints":{"allow":["GET"]}}],"collection":[{"href":"https:\/\/bestinvest.com.tr\/de\/wp-json\/wp\/v2\/pages"}],"about":[{"href":"https:\/\/bestinvest.com.tr\/de\/wp-json\/wp\/v2\/types\/page"}],"author":[{"embeddable":true,"href":"https:\/\/bestinvest.com.tr\/de\/wp-json\/wp\/v2\/users\/11"}],"replies":[{"embeddable":true,"href":"https:\/\/bestinvest.com.tr\/de\/wp-json\/wp\/v2\/comments?post=26743"}],"version-history":[{"count":0,"href":"https:\/\/bestinvest.com.tr\/de\/wp-json\/wp\/v2\/pages\/26743\/revisions"}],"wp:attachment":[{"href":"https:\/\/bestinvest.com.tr\/de\/wp-json\/wp\/v2\/media?parent=26743"}],"curies":[{"name":"wp","href":"https:\/\/api.w.org\/{rel}","templated":true}]}}