{"id":3450,"date":"2022-03-18T22:53:43","date_gmt":"2022-03-18T22:53:43","guid":{"rendered":"https:\/\/bestinvest.com.tr\/?page_id=3450"},"modified":"2026-02-05T12:25:02","modified_gmt":"2026-02-05T12:25:02","slug":"%d1%80%d1%83%d1%81%d1%81%d0%ba%d0%b8%d0%b9-%d0%bf%d0%be%d0%b4%d0%b1%d0%be%d1%80-%d0%bd%d0%b5%d0%b4%d0%b2%d0%b8%d0%b6%d0%b8%d0%bc%d0%be%d1%81%d1%82%d0%b8-%d0%b8-%d0%bc%d0%be%d0%b4%d0%b5%d0%bb%d0%b8","status":"publish","type":"page","link":"https:\/\/bestinvest.com.tr\/de\/%d1%80%d1%83%d1%81%d1%81%d0%ba%d0%b8%d0%b9-%d0%bf%d0%be%d0%b4%d0%b1%d0%be%d1%80-%d0%bd%d0%b5%d0%b4%d0%b2%d0%b8%d0%b6%d0%b8%d0%bc%d0%be%d1%81%d1%82%d0%b8-%d0%b8-%d0%bc%d0%be%d0%b4%d0%b5%d0%bb%d0%b8\/","title":{"rendered":"Immobilienauswahl und Investitionsmodelle"},"content":{"rendered":"<p>(Polski) <\/p>\n<h3>AUSWAHL VON IMMOBILIEN UND INVESTITIONSMODELLE<\/h3>\n<p>Best Invest Realestate zajmuje si\u0119 od ponad 10 lat doradztwem i obs\u0142ug\u0105 transakcji dotycz\u0105cych nieruchomo\u015bci w Turcji. <\/p>\n<p>Nawet gdy otrzymujemy zapytanie dotycz\u0105ce zakupu nieruchomo\u015bci mieszkalnej bezpo\u015brednio po przeprowadzce, dobieramy obiekt r\u00f3wnie\u017c pod k\u0105tem atrakcyjno\u015bci biznesowej. F\u00fcr uns ist es wichtig, dass unsere Kunden nicht nur die Wohnung oder das Haus ihrer Tr\u00e4ume erhalten, sondern auch eine Immobilie besitzen, deren Wert steigen wird. Unser zweites Kriterium ist die bedingungslose und unbestreitbare Rechtskonformit\u00e4t der Immobilie sowie die vollst\u00e4ndige Rechtsfreiheit und Klarheit f\u00fcr unsere Kunden bei weiteren Transaktionen im Zusammenhang mit dieser Immobilie. Wir k\u00f6nnen dies garantieren, da die Agentur seit langem auf dem Markt t\u00e4tig ist, zu einer Gruppe von Bautr\u00e4gern geh\u00f6rt (ein Teil der Objekte in der Datenbank geh\u00f6rt uns) und \u00fcber ein starkes Team von Fachleuten verf\u00fcgt. Wir bieten auch mehrsprachige Kommunikation f\u00fcr unsere Kunden, die kein Russisch, Englisch und T\u00fcrkisch sprechen.\t\t<\/p>\n<h4>Die Agentur Best Invest Realestate hilft Ihnen bei der Auswahl einer beliebigen Wohnung: <\/h4>\n<p> <img decoding=\"async\" src=\"https:\/\/bestinvest.com.tr\/wp-content\/uploads\/elementor\/thumbs\/abc-editor_img-7350-pm2joly8s1h79ll8hkwyze55fzw697numxgbpfemds.jpg\" title=\"abc-editor_img-7350\" alt=\"abc-editor_img-7350\" \/>\t\t\t\t\t\t\t\t\t\t\t\t\t\t\t<\/p>\n<h6>\u0430\u043f\u0430\u0440\u0442\u0430\u043c\u0435\u043d\u0442\u044b<\/h6>\n<p> <img decoding=\"async\" src=\"https:\/\/bestinvest.com.tr\/wp-content\/uploads\/elementor\/thumbs\/728x486_1_5b99a944a86afa3fe9fdf62763632dba@1000x667_0xac120003_9668331731571942191-pm2jqcxfhxvevh1r9u4z4g918t9rkxlv7l5uuyt8sw.jpg\" title=\"728x486_1_5b99a944a86afa3fe9fdf62763632dba@1000x667_0xac120003_9668331731571942191\" alt=\"728x486_1_5b99a944a86afa3fe9fdf62763632dba@1000x667_0xac120003_9668331731571942191\" \/>\t\t\t\t\t\t\t\t\t\t\t\t\t\t\t<\/p>\n<h6>nieruchomo\u015bci dla biznesu<\/h6>\n<p>\t\t\t\t\t\t\t\t\t\t\t\t\t\t\t<img decoding=\"async\" src=\"https:\/\/bestinvest.com.tr\/wp-content\/uploads\/elementor\/thumbs\/egor-myznik-dYgG6lSWlBY-unsplash-scaled-pm2jkwh5tkehgyz44z7y5btp3a61w6xysktdk4wixc.jpg\" title=\"egor-myznik-dYgG6lSWlBY-unsplash\" alt=\"egor-myznik-dYgG6lSWlBY-unsplash\" \/> <\/p>\n<h6>nieruchomo\u015bci na wynajem<\/h6>\n<p>\t\t\t\t\t\t\t\t\t\t\t\t\t\t\t<img decoding=\"async\" src=\"https:\/\/bestinvest.com.tr\/wp-content\/uploads\/elementor\/thumbs\/prv61802b1871a5e_1635789592_11-pm2jv16jha9qlo9czcv70rsjks8gur5tipxrrhvrv4.jpg\" title=\"prv61802b1871a5e_1635789592_11\" alt=\"prv61802b1871a5e_1635789592_11\" \/>\t\t\t\t\t\t\t\t\t\t\t\t\t\t\t<\/p>\n<h6>\u043d\u043e\u0432\u043e\u0441\u0442\u0440\u043e\u0439\u043a\u0443 <\/h6>\n<p>\t\t\t\t\t\t\t\t\t\t\t\t\t\t\t<img decoding=\"async\" src=\"https:\/\/bestinvest.com.tr\/wp-content\/uploads\/elementor\/thumbs\/webaliser-_TPTXZd9mOo-unsplash-scaled-pm2jx7758j8jdb41bsl89q3svrjxlmrjhg32lgo3io.jpg\" title=\"webaliser-_TPTXZd9mOo-unsplash\" alt=\"webaliser-_TPTXZd9mOo-unsplash\" \/> <\/p>\n<h6>\u0432\u0442\u043e\u0440\u0438\u0447\u043d\u043e\u0435 \u0436\u0438\u043b\u044c\u0435 <\/h6>\n<p>\t\t\t\t\t\t\t\t\t\t\t\t\t\t\t<img decoding=\"async\" src=\"https:\/\/bestinvest.com.tr\/wp-content\/uploads\/elementor\/thumbs\/61a9d764ce6fb-pm2jslrjtoy2lxsc5t2w2vuoby7bywis6p9m4rhdxs.jpeg\" title=\"61a9d764ce6fb\" alt=\"61a9d764ce6fb\" \/> <\/p>\n<h6>Haus, Villa oder Mietshaus<\/h6>\n<h3>Warum vertrauen Kunden Best Invest Realestate in Fragen rund um den Immobilienkauf in der T\u00fcrkei? <\/h3>\n<p>\t\t\t\t\t<a target=\"_blank\" rel=\"noopener\"> Facebook <\/a> <a target=\"_blank\" rel=\"noopener\"> Twitter <\/a> <a target=\"_blank\" rel=\"noopener\"> Google-plus <\/a> <\/p>\n<ul>\n<li> Investitionen in Immobilien sind immer sicher und rentabel\n\t\t\t\t\t\t\t\t\t<\/li>\n<li> Investitionen in Immobilien im Ausland haben auch zus\u00e4tzliche, logische Vorteile <\/li>\n<li> Sie f\u00f6rdern das Gesch\u00e4ft <\/li>\n<li> Sie bieten eine gro\u00dfartige Gelegenheit, viel Zeit in der T\u00fcrkei zu verbringen, einem wundersch\u00f6nen, freundlichen Land, in dem fast alle Tage im Jahr sonnig sind <\/li>\n<li>\n\t\t\t\t\t\t\t\t\t\tmehr internationale M\u00f6glichkeiten f\u00fcr sich selbst, die Familie, die Kinder und die Partner <\/li>\n<\/ul>\n<p>Best Invest Realestate<\/p>\n<h3>Wo beginnen wir unsere Arbeit?<\/h3>\n<p>\t\t\t\t\t\t\t\t\t\t\t\t\t\t\t<img decoding=\"async\" width=\"300\" height=\"400\" src=\"https:\/\/bestinvest.com.tr\/wp-content\/uploads\/2022\/03\/aviv-rachmadian-MzMvUQ-mdRk-unsplash-300x400.jpg\" alt=\"\" loading=\"lazy\" \/>\t\t\t\t\t\t\t\t\t\t\t\t\t\t\t<\/p>\n<p>\u041d\u0430 \u043f\u0435\u0440\u0432\u043e\u043c \u044d\u0442\u0430\u043f\u0435 \u043c\u044b \u0437\u043d\u0430\u043a\u043e\u043c\u0438\u043c\u0441\u044f. \u0421 \u043a\u043b\u0438\u0435\u043d\u0442\u043e\u043c, \u0435\u0433\u043e \u043f\u043e\u0436\u0435\u043b\u0430\u043d\u0438\u044f\u043c\u0438, \u0446\u0435\u043d\u043d\u043e\u0441\u0442\u044f\u043c\u0438, \u043e\u0436\u0438\u0434\u0430\u043d\u0438\u044f\u043c\u0438. \u042d\u0442\u043e \u043e\u0441\u043e\u0431\u0435\u043d\u043d\u043e \u0432\u0430\u0436\u043d\u043e \u0432 \u0440\u0430\u0431\u043e\u0442\u0435 \u0441 \u043b\u044e\u0434\u044c\u043c\u0438, \u0434\u043b\u044f \u043a\u043e\u0442\u043e\u0440\u044b\u0445 \u044d\u0442\u0430 \u043f\u043e\u043a\u0443\u043f\u043a\u0430 \u043d\u0435\u0434\u0432\u0438\u0436\u0438\u043c\u043e\u0441\u0442\u0438 &#8211; \u043f\u0435\u0440\u0432\u0430\u044f.<\/p>\n<p>\t\t\t\t\t\t\t\t\t\t\t\t\t\t\t<img decoding=\"async\" width=\"300\" height=\"400\" src=\"https:\/\/bestinvest.com.tr\/wp-content\/uploads\/2022\/03\/john-schnobrich-yFbyvpEGHFQ-unsplash-300x400.jpg\" alt=\"\" loading=\"lazy\" \/>\t\t\t\t\t\t\t\t\t\t\t\t\t\t\t<\/p>\n<p>Jedes Jahr erhalten wir immer mehr Anfragen von Kunden, die eine alternative Immobilie in der T\u00fcrkei f\u00fcr einen dauerhaften oder zeitweiligen Aufenthalt, f\u00fcr ihre Kinder, Eltern und insbesondere f\u00fcr gesch\u00e4ftliche Zwecke erwerben m\u00f6chten. <\/p>\n<p>In diesem Fr\u00fchjahr haben viele unserer Kunden relativ schnell eine Entscheidung zum Kauf einer Immobilie in der T\u00fcrkei getroffen und m\u00f6chten die Transaktion in kurzer Zeit abschlie\u00dfen. Gemeinsam w\u00e4hlen wir eine Strategie, die genau zu Ihnen passt, unter Ber\u00fccksichtigung Ihres Lebensstils und Ihrer Ausgangssituation, einschlie\u00dflich Ihrer finanziellen Situation. Wir arbeiten weiterhin mit Personen zusammen, f\u00fcr die Investitionen in Immobilien ihr Beruf und ihre Haupteinnahmequelle sind. Wir sprechen dieselbe Sprache, arbeiten als ein Team und erzielen hervorragende Ergebnisse.<br \/>\n\t\t\t\t\t\t\t\t\t\t\t\t\t\t\t<img decoding=\"async\" src=\"https:\/\/bestinvest.com.tr\/wp-content\/uploads\/2021\/03\/logo.png\" title=\"\" alt=\"\" \/><\/p>\n","protected":false},"excerpt":{"rendered":"<p>(Polski) AUSWAHL VON IMMOBILIEN UND INVESTITIONSMODELLE Best Invest Realestate zajmuje si\u0119 od ponad 10 lat doradztwem i obs\u0142ug\u0105 transakcji dotycz\u0105cych nieruchomo\u015bci w Turcji. Nawet gdy otrzymujemy zapytanie dotycz\u0105ce zakupu nieruchomo\u015bci mieszkalnej bezpo\u015brednio po przeprowadzce, dobieramy obiekt r\u00f3wnie\u017c pod k\u0105tem atrakcyjno\u015bci biznesowej. F\u00fcr uns ist es wichtig, dass unsere Kunden nicht nur die Wohnung oder das [&hellip;]<\/p>\n","protected":false},"author":5,"featured_media":3463,"parent":0,"menu_order":0,"comment_status":"closed","ping_status":"closed","template":"","meta":{"inline_featured_image":false,"footnotes":""},"class_list":["post-3450","page","type-page","status-publish","has-post-thumbnail","hentry"],"_links":{"self":[{"href":"https:\/\/bestinvest.com.tr\/de\/wp-json\/wp\/v2\/pages\/3450","targetHints":{"allow":["GET"]}}],"collection":[{"href":"https:\/\/bestinvest.com.tr\/de\/wp-json\/wp\/v2\/pages"}],"about":[{"href":"https:\/\/bestinvest.com.tr\/de\/wp-json\/wp\/v2\/types\/page"}],"author":[{"embeddable":true,"href":"https:\/\/bestinvest.com.tr\/de\/wp-json\/wp\/v2\/users\/5"}],"replies":[{"embeddable":true,"href":"https:\/\/bestinvest.com.tr\/de\/wp-json\/wp\/v2\/comments?post=3450"}],"version-history":[{"count":0,"href":"https:\/\/bestinvest.com.tr\/de\/wp-json\/wp\/v2\/pages\/3450\/revisions"}],"wp:featuredmedia":[{"embeddable":true,"href":"https:\/\/bestinvest.com.tr\/de\/wp-json\/wp\/v2\/media\/3463"}],"wp:attachment":[{"href":"https:\/\/bestinvest.com.tr\/de\/wp-json\/wp\/v2\/media?parent=3450"}],"curies":[{"name":"wp","href":"https:\/\/api.w.org\/{rel}","templated":true}]}}