{"id":3600,"date":"2022-03-21T06:40:33","date_gmt":"2022-03-21T06:40:33","guid":{"rendered":"https:\/\/bestinvest.com.tr\/?page_id=3600"},"modified":"2026-02-05T12:24:36","modified_gmt":"2026-02-05T12:24:36","slug":"%d1%80%d1%83%d1%81%d1%81%d0%ba%d0%b8%d0%b9-%d1%8e%d1%80%d0%b8%d0%b4%d0%b8%d1%87%d0%b5%d1%81%d0%ba%d0%be%d0%b5-%d1%81%d0%be%d0%bf%d1%80%d0%be%d0%b2%d0%be%d0%b6%d0%b4%d0%b5%d0%bd%d0%b8%d0%b5-%d1%81","status":"publish","type":"page","link":"https:\/\/bestinvest.com.tr\/de\/%d1%80%d1%83%d1%81%d1%81%d0%ba%d0%b8%d0%b9-%d1%8e%d1%80%d0%b8%d0%b4%d0%b8%d1%87%d0%b5%d1%81%d0%ba%d0%be%d0%b5-%d1%81%d0%be%d0%bf%d1%80%d0%be%d0%b2%d0%be%d0%b6%d0%b4%d0%b5%d0%bd%d0%b8%d0%b5-%d1%81\/","title":{"rendered":"Rechtliche Unterst\u00fctzung bei Kauf- und Verkaufstransaktionen"},"content":{"rendered":"<h3>RECHTLICHE BEGLEITUNG VON KAUF- UND VERKAUFSTRANSAKTIONEN<\/h3>\n<p> <a target=\"_blank\" rel=\"noopener\"> Facebook <\/a> <a target=\"_blank\" rel=\"noopener\"> Twitter <\/a><br \/>\n<a target=\"_blank\" rel=\"noopener\"> Google-plus <\/a> Die Registrierung von Immobilien in der T\u00fcrkei ist ein einfacher Vorgang, der nicht viele Dokumente erfordert und nicht viel Zeit in Anspruch nimmt. Das t\u00fcrkische Katasterrecht schreibt jedoch die Beteiligung eines lizenzierten Maklers an der Transaktion vor. <\/p>\n<h3>Best Invest Realestate<\/h3>\n<p>Best Invest Realestate respektiert die Zeit seiner Kunden, daher informieren wir Sie umgehend \u00fcber diese rechtliche Nuance. Seit mehr als 10 Jahren bieten wir einen vollst\u00e4ndigen Service rund um die Registrierung von Immobilien in der T\u00fcrkei und helfen Ihnen, ineffiziente und unlautere Gesch\u00e4fte zu vermeiden.<\/p>\n<p><img loading=\"lazy\" decoding=\"async\" src=\"https:\/\/bestinvest.com.tr\/wp-content\/uploads\/2022\/03\/f82a2dee710d18e2cb48eaee43f87425.jpg\" sizes=\"auto, (max-width: 350px) 100vw, 350px\" srcset=\"https:\/\/bestinvest.com.tr\/wp-content\/uploads\/2022\/03\/f82a2dee710d18e2cb48eaee43f87425.jpg 350w, https:\/\/bestinvest.com.tr\/wp-content\/uploads\/2022\/03\/f82a2dee710d18e2cb48eaee43f87425-300x206.jpg 300w\" alt=\"\" width=\"350\" height=\"240\" \/><br \/>\n<img decoding=\"async\" title=\"\" src=\"https:\/\/bestinvest.com.tr\/wp-content\/uploads\/2021\/03\/logo.png\" alt=\"\" \/> \u041d\u0430\u0448\u0430 \u0437\u0430\u0434\u0430\u0447\u0430 &#8211; \u0447\u0442\u043e\u0431\u044b \u0432\u044b \u043f\u043e\u043b\u0443\u0447\u0438\u043b\u0438 \u043d\u0443\u0436\u043d\u044b\u0439 \u0434\u043e\u043c \u0438\u043b\u0438 \u043a\u0432\u0430\u0440\u0442\u0438\u0440\u0443 \u043d\u0430 \u0432\u044b\u0433\u043e\u0434\u043d\u044b\u0445, \u043e\u0433\u043e\u0432\u043e\u0440\u0435\u043d\u043d\u044b\u0445 \u0443\u0441\u043b\u043e\u0432\u0438\u044f\u0445 \u201c\u0431\u0435\u0437 \u0441\u044e\u0440\u043f\u0440\u0438\u0437\u043e\u0432\u201d.<\/p>\n<p>Wir bieten stets eine langfristige Beratung, die unseren Kunden hilft, viele Probleme und unn\u00f6tige Ma\u00dfnahmen in der Zukunft zu vermeiden (wenn Sie planen, die Immobilie sp\u00e4ter zu verschenken, andere Personen einzutragen, zu verkaufen usw.). <\/p>\n<h2>Best Invest Realestate<\/h2>\n<h4>Was Sie bei der Abwicklung einer Immobilientransaktion mit unserer Agentur erhalten:<\/h4>\n<ul>\n<li>g\u00fcltige TAPI (Eigentumsurkunde f\u00fcr die Immobilie, wichtigstes Dokument)<\/li>\n<li>vollst\u00e4ndiges offizielles Paket aller Transaktionsdokumente<\/li>\n<li>Unterst\u00fctzung bei der Abwicklung der finanziellen Transaktionen zum Abschluss des Gesch\u00e4fts (sichere Zahlung und Erhalt der Gelder; Zahlung der erforderlichen Geb\u00fchren und Steuern)<\/li>\n<li>Unterst\u00fctzung bei der Beantragung einer t\u00fcrkischen Steuernummer (erforderlich f\u00fcr den Erhalt des TAPU und sp\u00e4ter f\u00fcr die Aus\u00fcbung einer Gesch\u00e4ftst\u00e4tigkeit)<\/li>\n<li>Unterst\u00fctzung bei der Ausstellung des technischen Passes \u201eIskan\u201c<\/li>\n<li>Unterst\u00fctzung bei der Versicherung<\/li>\n<li>Unterst\u00fctzung bei der L\u00f6sung allt\u00e4glicher Fragen (von der Registrierung der Wasserz\u00e4hler bis zum Anschluss an die soziale Infrastruktur)<\/li>\n<\/ul>\n","protected":false},"excerpt":{"rendered":"<p>RECHTLICHE BEGLEITUNG VON KAUF- UND VERKAUFSTRANSAKTIONEN Facebook Twitter Google-plus Die Registrierung von Immobilien in der T\u00fcrkei ist ein einfacher Vorgang, der nicht viele Dokumente erfordert und nicht viel Zeit in Anspruch nimmt. Das t\u00fcrkische Katasterrecht schreibt jedoch die Beteiligung eines lizenzierten Maklers an der Transaktion vor. Best Invest Realestate Best Invest Realestate respektiert die Zeit [&hellip;]<\/p>\n","protected":false},"author":5,"featured_media":3617,"parent":0,"menu_order":0,"comment_status":"closed","ping_status":"closed","template":"","meta":{"inline_featured_image":false,"footnotes":""},"class_list":["post-3600","page","type-page","status-publish","has-post-thumbnail","hentry"],"_links":{"self":[{"href":"https:\/\/bestinvest.com.tr\/de\/wp-json\/wp\/v2\/pages\/3600","targetHints":{"allow":["GET"]}}],"collection":[{"href":"https:\/\/bestinvest.com.tr\/de\/wp-json\/wp\/v2\/pages"}],"about":[{"href":"https:\/\/bestinvest.com.tr\/de\/wp-json\/wp\/v2\/types\/page"}],"author":[{"embeddable":true,"href":"https:\/\/bestinvest.com.tr\/de\/wp-json\/wp\/v2\/users\/5"}],"replies":[{"embeddable":true,"href":"https:\/\/bestinvest.com.tr\/de\/wp-json\/wp\/v2\/comments?post=3600"}],"version-history":[{"count":0,"href":"https:\/\/bestinvest.com.tr\/de\/wp-json\/wp\/v2\/pages\/3600\/revisions"}],"wp:featuredmedia":[{"embeddable":true,"href":"https:\/\/bestinvest.com.tr\/de\/wp-json\/wp\/v2\/media\/3617"}],"wp:attachment":[{"href":"https:\/\/bestinvest.com.tr\/de\/wp-json\/wp\/v2\/media?parent=3600"}],"curies":[{"name":"wp","href":"https:\/\/api.w.org\/{rel}","templated":true}]}}