{"id":3648,"date":"2022-03-21T08:19:12","date_gmt":"2022-03-21T08:19:12","guid":{"rendered":"https:\/\/bestinvest.com.tr\/?page_id=3648"},"modified":"2026-02-05T12:24:16","modified_gmt":"2026-02-05T12:24:16","slug":"%d1%80%d1%83%d1%81%d1%81%d0%ba%d0%b8%d0%b9-%d0%b1%d0%b5%d1%81%d0%bf%d0%bb%d0%b0%d1%82%d0%bd%d1%8b%d0%b9-welcome-%d1%82%d1%83%d1%80","status":"publish","type":"page","link":"https:\/\/bestinvest.com.tr\/de\/%d1%80%d1%83%d1%81%d1%81%d0%ba%d0%b8%d0%b9-%d0%b1%d0%b5%d1%81%d0%bf%d0%bb%d0%b0%d1%82%d0%bd%d1%8b%d0%b9-welcome-%d1%82%d1%83%d1%80\/","title":{"rendered":"Inspektionsreise"},"content":{"rendered":"<p>(Polski) <\/p>\n<h4>Kostenlose Willkommensreise<\/h4>\n<p>Die Agentur Best Invest Realestate l\u00e4dt Sie ein, in die wundersch\u00f6ne Welt der t\u00fcrkischen Immobilien einzutauchen! Wir laden Sie zu einer f\u00fcnft\u00e4gigen Willkommensreise ein, bei der Sie die Objekte pers\u00f6nlich besichtigen k\u00f6nnen.\t\t<\/p>\n<h3>Kostenlose Willkommensreise<\/h3>\n<p> <img decoding=\"async\" width=\"470\" height=\"600\" src=\"https:\/\/bestinvest.com.tr\/wp-content\/uploads\/2022\/03\/n0737OZrHJd4crtoOFjFU2DeRZYDaUE2e0MqM6dcxvw-470x600.png\" alt=\"\" loading=\"lazy\" \/><br \/>\n\t\t\t\t\t\t\t\t\t\t\t\t\t\t\t<img decoding=\"async\" width=\"470\" height=\"600\" src=\"https:\/\/bestinvest.com.tr\/wp-content\/uploads\/2022\/03\/image-470x600.jpg\" alt=\"\" loading=\"lazy\" \/>\t\t\t\t\t\t\t\t\t\t\t\t\t\t\t<\/p>\n<p>Wenn Sie sich f\u00fcr eine der angebotenen Unterk\u00fcnfte entscheiden, \u00fcbernimmt die Agentur alle Kosten (Transfer, Unterkunft, Besichtigungen; Teil- oder Vollflug, je nach Preis der Unterkunft). Wenn Sie ohne Vertragsabschluss abreisen, kostet Sie die Willkommensreise einen Pauschalpreis von 150 Euro.<br \/>\n\t\t\t\t\t\t\t\t\t\t\t\t\t\t\t<img decoding=\"async\" width=\"470\" height=\"600\" src=\"https:\/\/bestinvest.com.tr\/wp-content\/uploads\/2022\/03\/Ban-on-international-commercial-flight-extended-470x600.jpg\" alt=\"\" loading=\"lazy\" \/>\t\t\t\t\t\t\t\t\t\t\t\t\t\t\t<\/p>\n<h4>Die Willkommensreise hilft Ihnen innerhalb von 5 Tagen<\/h4>\n<h4>01<\/h4>\n<p>die tats\u00e4chlichen Objekte, die unter Ber\u00fccksichtigung Ihrer Anforderungen ausgew\u00e4hlt wurden, mit eigenen Augen zu sehen<\/p>\n<h4>02<\/h4>\n<p>Informationen \u00fcber die Aus\u00fcbung einer wirtschaftlichen T\u00e4tigkeit, Aufenthaltsgenehmigungen, die Integration Ihrer Familie und Ihrer Kinder zu erhalten<\/p>\n<h4>03<\/h4>\n<p>die gro\u00dfartigen M\u00f6glichkeiten kennenzulernen, die Immobilienbesitzer in der T\u00fcrkei haben<\/p>\n<h4>04<\/h4>\n<p>eine vorteilhafte Investition t\u00e4tigen, die Ihr Kapital vermehrt<\/p>\n<h4>05<\/h4>\n<p>unser Team von Fachleuten kennenlernen<\/p>\n<h4>06<\/h4>\n<p>Verbessern Sie Ihr gesch\u00e4ftliches Networking dank unserer Kundengemeinschaft. <\/p>\n<h4>07<\/h4>\n<p>Erleben Sie gro\u00dfartige Emotionen dank der hochwertigen Dienstleistungen, die wir f\u00fcr Sie erbringen (exklusive Unterk\u00fcnfte, Concierge-Service, Betreuung). <\/p>\n","protected":false},"excerpt":{"rendered":"<p>(Polski) Kostenlose Willkommensreise Die Agentur Best Invest Realestate l\u00e4dt Sie ein, in die wundersch\u00f6ne Welt der t\u00fcrkischen Immobilien einzutauchen! Wir laden Sie zu einer f\u00fcnft\u00e4gigen Willkommensreise ein, bei der Sie die Objekte pers\u00f6nlich besichtigen k\u00f6nnen. Kostenlose Willkommensreise Wenn Sie sich f\u00fcr eine der angebotenen Unterk\u00fcnfte entscheiden, \u00fcbernimmt die Agentur alle Kosten (Transfer, Unterkunft, Besichtigungen; Teil- [&hellip;]<\/p>\n","protected":false},"author":5,"featured_media":3649,"parent":0,"menu_order":0,"comment_status":"closed","ping_status":"closed","template":"","meta":{"inline_featured_image":false,"footnotes":""},"class_list":["post-3648","page","type-page","status-publish","has-post-thumbnail","hentry"],"_links":{"self":[{"href":"https:\/\/bestinvest.com.tr\/de\/wp-json\/wp\/v2\/pages\/3648","targetHints":{"allow":["GET"]}}],"collection":[{"href":"https:\/\/bestinvest.com.tr\/de\/wp-json\/wp\/v2\/pages"}],"about":[{"href":"https:\/\/bestinvest.com.tr\/de\/wp-json\/wp\/v2\/types\/page"}],"author":[{"embeddable":true,"href":"https:\/\/bestinvest.com.tr\/de\/wp-json\/wp\/v2\/users\/5"}],"replies":[{"embeddable":true,"href":"https:\/\/bestinvest.com.tr\/de\/wp-json\/wp\/v2\/comments?post=3648"}],"version-history":[{"count":0,"href":"https:\/\/bestinvest.com.tr\/de\/wp-json\/wp\/v2\/pages\/3648\/revisions"}],"wp:featuredmedia":[{"embeddable":true,"href":"https:\/\/bestinvest.com.tr\/de\/wp-json\/wp\/v2\/media\/3649"}],"wp:attachment":[{"href":"https:\/\/bestinvest.com.tr\/de\/wp-json\/wp\/v2\/media?parent=3648"}],"curies":[{"name":"wp","href":"https:\/\/api.w.org\/{rel}","templated":true}]}}