{"id":7534,"date":"2022-06-01T11:34:14","date_gmt":"2022-06-01T11:34:14","guid":{"rendered":"https:\/\/bestinvest.com.tr\/?page_id=7534"},"modified":"2026-02-05T11:25:26","modified_gmt":"2026-02-05T11:25:26","slug":"test","status":"publish","type":"page","link":"https:\/\/bestinvest.com.tr\/de\/test\/","title":{"rendered":"Test"},"content":{"rendered":"<p>[vc_row][vc_column]    <div class=\"customers \">\n        <div class=\"customers-carousel-thumb\">\n            <div class=\"carousel-area\">\n                <div class=\"prev-button js-prev\"><\/div>\n                <div class=\"next-button js-next\"><\/div>\n                <div class=\"js-customers-thumb\">\n                                        <div>\n                        <div class=\"item\" data-index=\"0\">\n                            <div class=\"name\">\n                                <i class=\"fas fa-quote-right\"><\/i>\n                                Jason und Jowita                            <\/div>\n\n                            <img decoding=\"async\" src=\"https:\/\/bestinvest.com.tr\/wp-content\/uploads\/2025\/12\/1-6-470x600.jpeg\" alt=\"\" \/>\n                        <\/div>\n                    <\/div>\n                                        <div>\n                        <div class=\"item\" data-index=\"1\">\n                            <div class=\"name\">\n                                <i class=\"fas fa-quote-right\"><\/i>\n                                Marzena Lewandowska                            <\/div>\n\n                            <img decoding=\"async\" src=\"https:\/\/bestinvest.com.tr\/wp-content\/uploads\/2025\/12\/359_8270-470x560.jpg\" alt=\"\" \/>\n                        <\/div>\n                    <\/div>\n                                        <div>\n                        <div class=\"item\" data-index=\"2\">\n                            <div class=\"name\">\n                                <i class=\"fas fa-quote-right\"><\/i>\n                                Frei Irina                            <\/div>\n\n                            <img decoding=\"async\" src=\"https:\/\/bestinvest.com.tr\/wp-content\/uploads\/2025\/10\/bodrumvilla-470x533.jpg\" alt=\"\" \/>\n                        <\/div>\n                    <\/div>\n                                        <div>\n                        <div class=\"item\" data-index=\"3\">\n                            <div class=\"name\">\n                                <i class=\"fas fa-quote-right\"><\/i>\n                                Svetlana Petryakowa                            <\/div>\n\n                            <img decoding=\"async\" src=\"https:\/\/bestinvest.com.tr\/wp-content\/uploads\/2025\/05\/4mrayy1zlwSHuG7-470x417.jpg\" alt=\"\" \/>\n                        <\/div>\n                    <\/div>\n                                        <div>\n                        <div class=\"item\" data-index=\"4\">\n                            <div class=\"name\">\n                                <i class=\"fas fa-quote-right\"><\/i>\n                                Anna \u2013 Rodion G\u00fcler                            <\/div>\n\n                            <img decoding=\"async\" src=\"https:\/\/bestinvest.com.tr\/wp-content\/uploads\/2025\/05\/mini_DJI_0108-470x600.jpg\" alt=\"\" \/>\n                        <\/div>\n                    <\/div>\n                                        <div>\n                        <div class=\"item\" data-index=\"5\">\n                            <div class=\"name\">\n                                <i class=\"fas fa-quote-right\"><\/i>\n                                Svetlana Antjukowa                            <\/div>\n\n                            <img decoding=\"async\" src=\"https:\/\/bestinvest.com.tr\/wp-content\/uploads\/2025\/05\/DSC05077-470x600.jpg\" alt=\"\" \/>\n                        <\/div>\n                    <\/div>\n                                    <\/div>\n            <\/div>\n        <\/div>\n\n        <div class=\"customers-carousel js-customers-carousel\">\n                        <div>\n                <div class=\"item\">\n                    <div class=\"image\">\n                        <a href=\"https:\/\/bestinvest.com.tr\/de\/testimonial\/jason-and-jowita\/\" class=\"video-link\">\n                            <i class=\"fas fa-comment-dots\"><\/i>\n                        <\/a>\n\n                        <img decoding=\"async\" src=\"https:\/\/bestinvest.com.tr\/wp-content\/uploads\/2025\/12\/1-6-470x600.jpeg\" alt=\"\" \/>\n                        <div class=\"detail\">\n                            <div class=\"name\">Jason und Jowita<\/div>\n                            <div class=\"title\">Polen<\/div>\n                        <\/div>\n                    <\/div>\n                    <div class=\"content\">\n                        <div class=\"name\">Jason und Jowita - Polen<\/div>\n                            <div class=\"stars\">\n                                <i class=\"fas fa-star\"><\/i><i class=\"fas fa-star\"><\/i><i class=\"fas fa-star\"><\/i><i class=\"fas fa-star\"><\/i><i class=\"fas fa-star\"><\/i>                            <\/div>\n                        <div class=\"subhead\">\n                            Vielen Dank f\u00fcr Ihre Hilfe beim Verkauf und Kauf einer Wohnung in Mahmutlar Alanya. Alles verlief reibungslos und schnell. Das Unternehmen k\u00fcmmert sich wirklich um seine Kunden. Wir k\u00f6nnen es w\u00e4rmstens empfehlen. Vielen Dank. Ganna Contarenko, Mehmet Murat, Steven, Jenny. Vielen Dank an alle. &#x1f337;&#x1f337;&#x1f337;                        <\/div>\n                        <div class=\"the_content\">\n                            <a href=\"https:\/\/bestinvest.com.tr\/de\/testimonial\/jason-and-jowita\/\"><\/a>\n                        <\/div>\n                    <\/div>\n                <\/div>\n            <\/div>\n                        <div>\n                <div class=\"item\">\n                    <div class=\"image\">\n                        <a href=\"https:\/\/bestinvest.com.tr\/de\/testimonial\/marzena-lewandowska\/\" class=\"video-link\">\n                            <i class=\"fas fa-comment-dots\"><\/i>\n                        <\/a>\n\n                        <img decoding=\"async\" src=\"https:\/\/bestinvest.com.tr\/wp-content\/uploads\/2025\/12\/359_8270-470x560.jpg\" alt=\"\" \/>\n                        <div class=\"detail\">\n                            <div class=\"name\">Marzena Lewandowska<\/div>\n                            <div class=\"title\">Polen<\/div>\n                        <\/div>\n                    <\/div>\n                    <div class=\"content\">\n                        <div class=\"name\">Marzena Lewandowska - Polen<\/div>\n                            <div class=\"stars\">\n                                <i class=\"fas fa-star\"><\/i><i class=\"fas fa-star\"><\/i><i class=\"fas fa-star\"><\/i><i class=\"fas fa-star\"><\/i><i class=\"fas fa-star\"><\/i>                            <\/div>\n                        <div class=\"subhead\">\n                            Der Kauf einer Wohnung in der T\u00fcrkei war f\u00fcr mich eine sehr wichtige Entscheidung. Ich habe mich zuf\u00e4llig f\u00fcr Bestinvest entschieden, aber ich kann mit voller \u00dcberzeugung sagen, dass es eine ausgezeichnete Wahl war. Mehmed Bey, der Eigent\u00fcmer der Agentur, verdient besondere Anerkennung f\u00fcr sein pers\u00f6nliches Engagement bei der Suche nach der richtigen Wohnung f\u00fcr mich und der \u00dcberwachung der gesamten Transaktion. Murata Bey hat mich in Buchhaltungsfragen professionell, klar und zuverl\u00e4ssig unterst\u00fctzt, und die Maklerin Anna war in jeder Phase eine unsch\u00e4tzbare Hilfe \u2013 von den Formalit\u00e4ten bis zu organisatorischen Angelegenheiten.\r\nDer gesamte Kaufprozess verlief reibungslos, transparent und in einer sehr freundlichen Atmosph\u00e4re. Ich f\u00fchlte mich vom ersten Kontakt bis zum Abschluss der Transaktion sicher und gut betreut. Abschlie\u00dfend m\u00f6chte ich dem gesamten Bestinvest-Team weiterhin viel Erfolg und viele professionelle Kunden w\u00fcnschen. Ich empfehle Bestinvest von ganzem Herzen jedem, der plant, eine Immobilie in der T\u00fcrkei zu kaufen.                        <\/div>\n                        <div class=\"the_content\">\n                            <a href=\"https:\/\/bestinvest.com.tr\/de\/testimonial\/marzena-lewandowska\/\"><\/a>\n                        <\/div>\n                    <\/div>\n                <\/div>\n            <\/div>\n                        <div>\n                <div class=\"item\">\n                    <div class=\"image\">\n                        <a href=\"https:\/\/bestinvest.com.tr\/de\/testimonial\/frei-irina\/\" class=\"video-link\">\n                            <i class=\"fas fa-comment-dots\"><\/i>\n                        <\/a>\n\n                        <img decoding=\"async\" src=\"https:\/\/bestinvest.com.tr\/wp-content\/uploads\/2025\/10\/bodrumvilla-470x533.jpg\" alt=\"\" \/>\n                        <div class=\"detail\">\n                            <div class=\"name\">Frei Irina<\/div>\n                            <div class=\"title\">Deutschland<\/div>\n                        <\/div>\n                    <\/div>\n                    <div class=\"content\">\n                        <div class=\"name\">Frei Irina - Deutschland<\/div>\n                            <div class=\"stars\">\n                                <i class=\"fas fa-star\"><\/i><i class=\"fas fa-star\"><\/i><i class=\"fas fa-star\"><\/i><i class=\"fas fa-star\"><\/i><i class=\"fas fa-star\"><\/i>                            <\/div>\n                        <div class=\"subhead\">\n                            Ein Unternehmen, dem Sie vertrauen k\u00f6nnen! Schnell, zuverl\u00e4ssig und immer bereit, bei jedem Problem zu helfen. Ich bin sehr froh, dass ich mich f\u00fcr Bestinvest entschieden habe!!!                        <\/div>\n                        <div class=\"the_content\">\n                            <a href=\"https:\/\/bestinvest.com.tr\/de\/testimonial\/frei-irina\/\"><\/a>\n                        <\/div>\n                    <\/div>\n                <\/div>\n            <\/div>\n                        <div>\n                <div class=\"item\">\n                    <div class=\"image\">\n                        <a href=\"https:\/\/bestinvest.com.tr\/de\/testimonial\/svetlana-petryakova\/\" class=\"video-link\">\n                            <i class=\"fas fa-comment-dots\"><\/i>\n                        <\/a>\n\n                        <img decoding=\"async\" src=\"https:\/\/bestinvest.com.tr\/wp-content\/uploads\/2025\/05\/4mrayy1zlwSHuG7-470x417.jpg\" alt=\"\" \/>\n                        <div class=\"detail\">\n                            <div class=\"name\">Svetlana Petryakowa<\/div>\n                            <div class=\"title\">Deutschland<\/div>\n                        <\/div>\n                    <\/div>\n                    <div class=\"content\">\n                        <div class=\"name\">Svetlana Petryakowa - Deutschland<\/div>\n                            <div class=\"stars\">\n                                <i class=\"fas fa-star\"><\/i><i class=\"fas fa-star\"><\/i><i class=\"fas fa-star\"><\/i><i class=\"fas fa-star\"><\/i><i class=\"fas fa-star\"><\/i>                            <\/div>\n                        <div class=\"subhead\">\n                            Die Agentur ist ein echter Gl\u00fccksgriff f\u00fcr alle, die einen zuverl\u00e4ssigen und professionellen Immobilienmakler suchen! Besonders hervorheben m\u00f6chte ich Lilia \u2013 eine unglaublich einf\u00fchlsame und aufmerksame Fachkraft. Der Kauf einer Wohnung ist normalerweise mit Stress verbunden, aber Lilia hat ihn zu einer \u00e4u\u00dferst angenehmen und entspannten Erfahrung gemacht. Sie hat nicht nur bei den Unterlagen geholfen, sondern mich auch in jeder Phase wirklich unterst\u00fctzt: bei der Immobiliensuche, w\u00e4hrend der Registrierung und sogar nach Abschluss der Transaktion. Ihre Professionalit\u00e4t, ihr Einf\u00fchlungsverm\u00f6gen und ihre F\u00e4higkeit, dem Kunden zuzuh\u00f6ren, sind in unserer Zeit eine seltene Eigenschaft. P.S. Ich m\u00f6chte diesen Rat an die Gesch\u00e4ftsleitung der Agentur weitergeben: K\u00fcmmern Sie sich um Lilia! Solche Mitarbeiter sind das wahre Gold des Unternehmens, die mit ihrer Professionalit\u00e4t und Menschlichkeit den Ruf des Unternehmens pr\u00e4gen und neue Kunden gewinnen. Ich empfehle diese Agentur allen, die es mit der Auswahl ihrer Immobilie ernst meinen!                        <\/div>\n                        <div class=\"the_content\">\n                            <a href=\"https:\/\/bestinvest.com.tr\/de\/testimonial\/svetlana-petryakova\/\"><\/a>\n                        <\/div>\n                    <\/div>\n                <\/div>\n            <\/div>\n                        <div>\n                <div class=\"item\">\n                    <div class=\"image\">\n                        <a href=\"https:\/\/bestinvest.com.tr\/de\/testimonial\/anna-rodion-guler\/\" class=\"video-link\">\n                            <i class=\"fas fa-comment-dots\"><\/i>\n                        <\/a>\n\n                        <img decoding=\"async\" src=\"https:\/\/bestinvest.com.tr\/wp-content\/uploads\/2025\/05\/mini_DJI_0108-470x600.jpg\" alt=\"\" \/>\n                        <div class=\"detail\">\n                            <div class=\"name\">Anna \u2013 Rodion G\u00fcler<\/div>\n                            <div class=\"title\">Russland<\/div>\n                        <\/div>\n                    <\/div>\n                    <div class=\"content\">\n                        <div class=\"name\">Anna \u2013 Rodion G\u00fcler - Russland<\/div>\n                            <div class=\"stars\">\n                                <i class=\"fas fa-star\"><\/i><i class=\"fas fa-star\"><\/i><i class=\"fas fa-star\"><\/i><i class=\"fas fa-star\"><\/i><i class=\"fas fa-star\"><\/i>                            <\/div>\n                        <div class=\"subhead\">\n                            Mein Mann und ich haben 2020 und 2023 \u00fcber diese Agentur zwei Wohnungen gekauft und eine verkauft und waren sehr zufrieden. Von Anfang an hatten wir das Gef\u00fchl, dass hier echte Profis arbeiten, denen ihre Kunden am Herzen liegen. Besonders gut hat uns der Kundendienst gefallen: Sie haben uns nicht nur bei der Transaktion geholfen, sondern uns auch n\u00fctzliche Tipps gegeben, z. B. wo man Geld wechseln und was man kaufen kann. Sie standen immer in Kontakt mit uns und beantworteten alle unsere Fragen, was ein Gef\u00fchl der Zuverl\u00e4ssigkeit schuf. Besonders hervorheben m\u00f6chten wir die Arbeit der Managerin Lilia und des Direktors Mehmet Bey. Dank ihrer Hilfe haben wir nicht nur unsere Transaktionen erfolgreich abgeschlossen, sondern sind auch gute Freunde geworden. Wir empfehlen dieses Unternehmen allen, die einen zuverl\u00e4ssigen Immobilienmakler suchen!                        <\/div>\n                        <div class=\"the_content\">\n                            <a href=\"https:\/\/bestinvest.com.tr\/de\/testimonial\/anna-rodion-guler\/\"><\/a>\n                        <\/div>\n                    <\/div>\n                <\/div>\n            <\/div>\n                        <div>\n                <div class=\"item\">\n                    <div class=\"image\">\n                        <a href=\"https:\/\/bestinvest.com.tr\/de\/testimonial\/svetlana-antyukhova\/\" class=\"video-link\">\n                            <i class=\"fas fa-comment-dots\"><\/i>\n                        <\/a>\n\n                        <img decoding=\"async\" src=\"https:\/\/bestinvest.com.tr\/wp-content\/uploads\/2025\/05\/DSC05077-470x600.jpg\" alt=\"\" \/>\n                        <div class=\"detail\">\n                            <div class=\"name\">Svetlana Antjukowa<\/div>\n                            <div class=\"title\">Russland<\/div>\n                        <\/div>\n                    <\/div>\n                    <div class=\"content\">\n                        <div class=\"name\">Svetlana Antjukowa - Russland<\/div>\n                            <div class=\"stars\">\n                                <i class=\"fas fa-star\"><\/i><i class=\"fas fa-star\"><\/i><i class=\"fas fa-star\"><\/i><i class=\"fas fa-star\"><\/i><i class=\"fas fa-star\"><\/i>                            <\/div>\n                        <div class=\"subhead\">\n                            Ich m\u00f6chte der Immobilienmaklerin Zarina Ryazaeva meinen aufrichtigen Dank f\u00fcr ihre professionelle Unterst\u00fctzung beim Verkauf einer Wohnung in einer Wohnanlage in Kargicak aussprechen. Trotz des allgemeinen R\u00fcckgangs der Nachfrage nach Immobilien in der T\u00fcrkei konnte die Transaktion dank Zarinas Erfahrung, Kompetenz und unkonventionellem Ansatz erfolgreich abgeschlossen werden.\r\nBesonders hervorheben m\u00f6chte ich ihre F\u00e4higkeit, hochwertige, attraktive Werbematerialien zu erstellen, die sich wirklich von anderen Anzeigen abheben. Zarinas Kommunikationsf\u00e4higkeiten sind beeindruckend \u2013 sie geht geschickt mit potenziellen K\u00e4ufern um und verhandelt selbstbewusst, wobei sie Kompromisse findet, die allen Parteien der Transaktion gerecht werden. Dank ihrer Beharrlichkeit und ihres Engagements verlief der Verkaufsprozess so reibungslos und effizient wie m\u00f6glich. Ich w\u00fcnsche Zarina weiterhin viel Erfolg in ihrer beruflichen T\u00e4tigkeit und dankbare Kunden!                        <\/div>\n                        <div class=\"the_content\">\n                            <a href=\"https:\/\/bestinvest.com.tr\/de\/testimonial\/svetlana-antyukhova\/\"><\/a>\n                        <\/div>\n                    <\/div>\n                <\/div>\n            <\/div>\n                    <\/div>\n    <\/div>\n      <style>\n       .stars {\n    color: #FFC400;\n    font-size: 20px;\n}\n      .customers .item .content .subhead {\n    margin: 25px 0;\n    padding-right: 150px;\n    color: #626F88;\n    font-size: 14px;\n    line-height: normal;\n    font-weight: 500;\n}\n\n      <\/style>\n    [\/vc_column][\/vc_row]<\/p>\n","protected":false},"excerpt":{"rendered":"<p>[vc_row][vc_column][\/vc_column][\/vc_row]<\/p>\n","protected":false},"author":5,"featured_media":0,"parent":0,"menu_order":0,"comment_status":"closed","ping_status":"closed","template":"","meta":{"inline_featured_image":false,"footnotes":""},"class_list":["post-7534","page","type-page","status-publish","hentry"],"_links":{"self":[{"href":"https:\/\/bestinvest.com.tr\/de\/wp-json\/wp\/v2\/pages\/7534","targetHints":{"allow":["GET"]}}],"collection":[{"href":"https:\/\/bestinvest.com.tr\/de\/wp-json\/wp\/v2\/pages"}],"about":[{"href":"https:\/\/bestinvest.com.tr\/de\/wp-json\/wp\/v2\/types\/page"}],"author":[{"embeddable":true,"href":"https:\/\/bestinvest.com.tr\/de\/wp-json\/wp\/v2\/users\/5"}],"replies":[{"embeddable":true,"href":"https:\/\/bestinvest.com.tr\/de\/wp-json\/wp\/v2\/comments?post=7534"}],"version-history":[{"count":0,"href":"https:\/\/bestinvest.com.tr\/de\/wp-json\/wp\/v2\/pages\/7534\/revisions"}],"wp:attachment":[{"href":"https:\/\/bestinvest.com.tr\/de\/wp-json\/wp\/v2\/media?parent=7534"}],"curies":[{"name":"wp","href":"https:\/\/api.w.org\/{rel}","templated":true}]}}