{"id":7604,"date":"2022-06-02T17:03:08","date_gmt":"2022-06-02T17:03:08","guid":{"rendered":"https:\/\/bestinvest.com.tr\/?page_id=7604"},"modified":"2026-02-05T11:25:12","modified_gmt":"2026-02-05T11:25:12","slug":"%d0%bf%d1%80%d0%be%d1%86%d0%b5%d0%b4%d1%83%d1%80%d0%b0-%d0%bf%d0%be%d0%ba%d1%83%d0%bf%d0%ba%d0%b8-%d0%bd%d0%b5%d0%b4%d0%b2%d0%b8%d0%b6%d0%b8%d0%bc%d0%be%d1%81%d1%82%d0%b8-%d0%b2-%d1%82%d1%83%d1%80","status":"publish","type":"page","link":"https:\/\/bestinvest.com.tr\/de\/%d0%bf%d1%80%d0%be%d1%86%d0%b5%d0%b4%d1%83%d1%80%d0%b0-%d0%bf%d0%be%d0%ba%d1%83%d0%bf%d0%ba%d0%b8-%d0%bd%d0%b5%d0%b4%d0%b2%d0%b8%d0%b6%d0%b8%d0%bc%d0%be%d1%81%d1%82%d0%b8-%d0%b2-%d1%82%d1%83%d1%80\/","title":{"rendered":"VERFAHREN ZUM KAUF VON IMMOBILIEN IN DER T\u00dcRKEI"},"content":{"rendered":"<p>[vc_row full_width=&#8220;stretch_row_content_no_spaces&#8220;][vc_column][vc_empty_space height=&#8220;52px&#8220;][vc_custom_heading text=&#8220;VERFAHREN ZUM KAUF VON IMMOBILIEN IN DER T\u00dcRKEI&#8220; font_container=&#8220;tag:h1|text_align:center&#8220; google_fonts=&#8220;font_family:Ubuntu%3A300%2C300italic%2Cregular%2Citalic%2C500%2C500italic%2C700%2C700italic|font_style:400%20regular%3A400%3Anormal&#8220;][vc_empty_space height=&#8220;52px&#8220;][vc_row_inner css=&#8220;.vc_custom_1654155606352{margin-right: 30px !important;margin-left: 30px !important;}&#8220;][vc_column_inner width=&#8220;1\/2&#8243; css=&#8220;.vc_custom_1654155648058{padding-right: 50px !important;padding-left: 50px !important;}&#8220;][vc_column_text]Der Erwerb von Immobilien im Ausland ist mit vielen Nuancen verbunden, ohne deren Kenntnis das Ergebnis des Kaufs den K\u00e4ufer wahrscheinlich nicht vollst\u00e4ndig zufriedenstellen wird.<\/p>\n<p>Der zuk\u00fcnftige Eigent\u00fcmer muss nicht nur die richtige Immobilie ausw\u00e4hlen, sondern auch alle Phasen der Transaktion, die \u00dcberpr\u00fcfung und Vorbereitung der Dokumente, die damit verbundenen Kosten und die Instandhaltung der Immobilie verstehen. Wenn Sie eine Immobilie in der T\u00fcrkei kaufen m\u00f6chten, ist es am besten, sich an die lizenzierte Immobilienagentur BEST INVEST zu wenden. Unsere Experten kennen sich bestens mit der t\u00fcrkischen Gesetzgebung aus, bieten umfassende Unterst\u00fctzung bei der Transaktion und helfen bei der L\u00f6sung aller damit verbundenen Fragen.<\/p>\n<p><strong>Der Kauf einer Immobilie in der T\u00fcrkei umfasst mehrere Schritte:<\/strong>[\/vc_column_text][\/vc_column_inner][vc_column_inner width=&#8220;1\/2&#8243;][vc_single_image image=&#8220;7503&#8243; img_size=&#8220;full&#8220; alignment=&#8220;center&#8220; css_animation=&#8220;fadeInDown&#8220;][\/vc_column_inner][\/vc_row_inner][\/vc_column][\/vc_row][vc_row full_width=&#8220;stretch_row_content_no_spaces&#8220; css=&#8220;.vc_custom_1654157178537{background-color: #252c40 !important;}&#8220;][vc_column][vc_row_inner][vc_column_inner width=&#8220;1\/3&#8243;][vc_custom_heading text=&#8220;1&#8243; font_container=&#8220;tag:h2|font_size:120px|text_align:center|color:%23ffffff&#8220; google_fonts=&#8220;font_family:Open%20Sans%20Condensed%3A300%2C300italic%2C700|font_style:700%20bold%20regular%3A700%3Anormal&#8220; css=&#8220;.vc_custom_1654170910107{margin-top: 90px !important;margin-bottom: 90px !important;}&#8220;][\/vc_column_inner][vc_column_inner el_class=&#8220;text-white&#8220; width=&#8220;1\/3&#8243; css=&#8220;.vc_custom_1654240815613{border-right-width: 1px !important;border-right-color: #e8e8e8 !important;}&#8220;][vc_column_text] <\/p>\n<h4>Immobilienauswahl<\/h4>\n<p>Die Website der Agentur BEST INVEST pr\u00e4sentiert eine riesige Datenbank mit Immobilien in den besten Regionen der T\u00fcrkei: <\/p>\n<ul>\n<li>Immobilien vom Bautr\u00e4ger<\/li>\n<li>Immobilien auf dem Sekund\u00e4rmarkt<\/li>\n<li>Exklusive Angebote<\/li>\n<li>\u201eHei\u00dfe\u201d Angebote<\/li>\n<\/ul>\n<p>Unsere Manager helfen Ihnen gerne dabei, die f\u00fcr Ihre Vorlieben und Ihr Budget am besten geeigneten Optionen auszuw\u00e4hlen.[\/vc_column_text][\/vc_column_inner][vc_column_inner width=&#8220;1\/3&#8243; css=&#8220;.vc_custom_1654170921454{margin-top: 90px !important;margin-bottom: 90px !important;}&#8220;][vc_single_image image=&#8220;7552&#8243; img_size=&#8220;full&#8220; alignment=&#8220;center&#8220; css_animation=&#8220;fadeInUp&#8220;][\/vc_column_inner][\/vc_row_inner][\/vc_column][\/vc_row][vc_row full_width=&#8220;stretch_row_content_no_spaces&#8220; css=&#8220;.vc_custom_1654167997538{background-color: #1e73be !important;}&#8220; el_class=&#8220;clean-wc-row&#8220;][vc_column width=&#8220;1\/3&#8243; css=&#8220;.vc_custom_1654240909793{padding-right: 30px !important;padding-left: 30px !important;}&#8220; el_class=&#8220;text-white&#8220;][vc_empty_space][vc_column_text] <\/p>\n<div style=\"font-size: 13px;\">\n<h4 style=\"color: #fff;\"><span style=\"color: #000000;\">Besichtigungstour<\/span><\/h4>\n<p style=\"color: #fff;\"><span style=\"color: #000000;\">Wir sind davon \u00fcberzeugt, dass eine professionell organisierte Besichtigung, beratende Unterst\u00fctzung und vertrauliche \u201eLive\u201d-Kommunikation der Schl\u00fcssel zu einem erfolgreichen Immobilienkauf sind. Deshalb laden wir Sie zu einer kostenlosen Besichtigungstour von BEST INVEST ein. <\/span><\/p>\n<h4 style=\"color: #fff;\"><span style=\"color: #000000;\">Dies ist eine einmalige Gelegenheit, direkt in der T\u00fcrkei vorbeizukommen und die Objekte auszuw\u00e4hlen, die Ihnen gefallen! <\/span><\/h4>\n<p style=\"color: #fff;\"><span style=\"color: #000000;\">Wir holen Sie am Flughafen ab, bringen Sie in komfortablen Apartments unter, organisieren eine Besichtigung und beraten Sie in allen Fragen. <\/span><\/p>\n<p style=\"color: #fff;\"><span style=\"color: #000000;\">Sollten Sie aus irgendeinem Grund nicht kommen k\u00f6nnen, bieten wir Ihnen die M\u00f6glichkeit, <a style=\"color: #000000;\" href=\"https:\/\/bestinvest.com.tr\/%d0%bf%d0%be%d0%ba%d1%83%d0%bf%d0%ba%d0%b0-%d0%ba%d0%b2%d0%b0%d1%80%d1%82%d0%b8%d1%80%d1%8b-%d0%b2-%d1%80%d0%b5%d0%b6%d0%b8%d0%bc%d0%b5-%d0%be%d0%bd%d0%bb%d0%b0%d0%b9%d0%bd\/\">Immobilien online kaufen<\/a>.<\/span><\/p>\n<\/div>\n<p> [\/vc_column_text][\/vc_column][vc_column width=&#8220;1\/3&#8243;][vc_single_image image=&#8220;7560&#8243; img_size=&#8220;full&#8220; alignment=&#8220;center&#8220;][\/vc_column][vc_column width=&#8220;1\/3&#8243; css=&#8220;.vc_custom_1654160477203{background-color: #eaebed !important;}&#8220;][vc_custom_heading text=&#8220;2&#8243; font_container=&#8220;tag:h2|font_size:120px|text_align:center|color:%23252c40&#8243; google_fonts=&#8220;font_family:Open%20Sans%20Condensed%3A300%2C300italic%2C700|font_style:700%20bold%20regular%3A700%3Anormal&#8220; css=&#8220;.vc_custom_1654171484040{padding-top: 133px !important;padding-bottom: 133px !important;}&#8220;][\/vc_column][\/vc_row][vc_row full_width=&#8220;stretch_row_content_no_spaces&#8220; css=&#8220;.vc_custom_1654167538300{background-color: #252c40 !important;}&#8220; el_class=&#8220;clean-wc-row&#8220;][vc_column width=&#8220;1\/3&#8243; css=&#8220;.vc_custom_1654167425300{margin-top: 0px !important;}&#8220;][vc_single_image image=&#8220;7568&#8243; img_size=&#8220;full&#8220;][\/vc_column][vc_column width=&#8220;1\/3&#8243; css=&#8220;.vc_custom_1654167199815{background-color: #eaebed !important;}&#8220;][vc_custom_heading text=&#8220;3&#8243; font_container=&#8220;tag:h2|font_size:120px|text_align:center|color:%23252c40&#8243; google_fonts=&#8220;font_family:Open%20Sans%20Condensed%3A300%2C300italic%2C700|font_style:700%20bold%20regular%3A700%3Anormal&#8220; css=&#8220;.vc_custom_1654171495741{padding-top: 133px !important;padding-bottom: 133px !important;}&#8220;][\/vc_column][vc_column width=&#8220;1\/3&#8243; css=&#8220;.vc_custom_1654240930249{padding-right: 10px !important;padding-left: 10px !important;}&#8220; el_class=&#8220;text-white&#8220;][vc_empty_space][vc_column_text] <\/p>\n<div style=\"font-size: 13px;\">\n<h4 style=\"color: #fff;\"><span style=\"color: #ffffff;\">Abschluss eines Vertrags <\/span><\/h4>\n<p style=\"color: #fff;\"><span style=\"color: #ffffff;\">Um einen Kaufvertrag abzuschlie\u00dfen, muss der Kunde lediglich seinen Reisepass mitbringen. <\/span><\/p>\n<p style=\"color: #fff;\"><span style=\"color: #ffffff;\">In dieser Phase wird eine Anzahlung (etwa 10 % der Gesamtkosten) geleistet und ein Vertrag unterzeichnet, der alle Informationen \u00fcber den K\u00e4ufer, den Verk\u00e4ufer und die Immobilie enth\u00e4lt. <\/span><\/p>\n<p style=\"color: #fff;\"><span style=\"color: #ffffff;\">Das vom K\u00e4ufer ausgew\u00e4hlte Objekt wird von den Spezialisten von BEST INVEST sorgf\u00e4ltig auf das Vorliegen von Registrierungs- und Genehmigungsunterlagen, etwaige Belastungen und Gerichtsentscheidungen \u00fcberpr\u00fcft. <\/span><\/p>\n<\/div>\n<p> [\/vc_column_text][\/vc_column][\/vc_row][vc_row full_width=&#8220;stretch_row_content_no_spaces&#8220; css=&#8220;.vc_custom_1654167997538{background-color: #1e73be !important;}&#8220; el_class=&#8220;clean-wc-row&#8220;][vc_column width=&#8220;1\/3&#8243; css=&#8220;.vc_custom_1654240964845{padding-right: 30px !important;padding-left: 30px !important;}&#8220; el_class=&#8220;text-white&#8220;][vc_empty_space][vc_column_text] <\/p>\n<div style=\"font-size: 13px;\">\n<h4><span style=\"color: #ffffff;\">Zahlungen f\u00fcr die Immobilie<\/span><\/h4>\n<p> <span style=\"color: #ffffff;\">Der K\u00e4ufer leistet die Zahlungen f\u00fcr die Immobilie gem\u00e4\u00df den im Vertrag aufgef\u00fchrten Bedingungen. Je nach gew\u00e4hltem Zahlungsplan kann es sich um eine einmalige Zahlung oder um mehrere Zahlungen handeln.<\/p>\n<p><span style=\"color: #ffffff;\">Die Zahlung kann sowohl bargeldlos als auch in bar an den Bautr\u00e4ger oder Eigent\u00fcmer der Immobilie erfolgen. <\/span> <\/p>\n<h4><span style=\"color: #ffffff;\">Unser Unternehmen ber\u00e4t Sie umfassend und hilft Ihnen bei der Auswahl der f\u00fcr Sie g\u00fcnstigsten Zahlungsoption. <\/span><\/h4>\n<\/p><\/div>\n<p>[\/vc_column_text][\/vc_column][vc_column width=&#8220;1\/3&#8243;][vc_single_image image=&#8220;7581&#8243; img_size=&#8220;full&#8220; alignment=&#8220;center&#8220;][\/vc_column][vc_column width=&#8220;1\/3&#8243; css=&#8220;.vc_custom_1654160477203{background-color: #eaebed !important;}&#8220;][vc_custom_heading text=&#8220;4&#8243; font_container=&#8220;tag:h2|font_size:120px|text_align:center|color:%23252c40&#8243; google_fonts=&#8220;font_family:Open%20Sans%20Condensed%3A300%2C300italic%2C700|font_style:700%20bold%20regular%3A700%3Anormal&#8220; css=&#8220;.vc_custom_1654171507840{padding-top: 133px !important;padding-bottom: 133px !important;}&#8220;][\/vc_column][\/vc_row][vc_row full_width=&#8220;stretch_row_content_no_spaces&#8220; css=&#8220;.vc_custom_1654157178537{background-color: #252c40 !important;}&#8220;][vc_column][vc_row_inner][vc_column_inner width=&#8220;1\/3&#8243;][vc_custom_heading text=&#8220;5&#8243; font_container=&#8220;tag:h2|font_size:120px|text_align:center|color:%23ffffff&#8220; google_fonts=&#8220;font_family:Open%20Sans%20Condensed%3A300%2C300italic%2C700|font_style:700%20bold%20regular%3A700%3Anormal&#8220; css=&#8220;.vc_custom_1654170843066{margin-top: 90px !important;margin-bottom: 90px !important;}&#8220;][\/vc_column_inner][vc_column_inner el_class=&#8220;text-white&#8220; width=&#8220;1\/3&#8243; css=&#8220;.vc_custom_1654240984462{border-right-width: 1px !important;border-right-color: #e8e8e8 !important;}&#8220;][vc_column_text] <\/p>\n<h4><span style=\"color: #ffffff;\">Erhalt der TAPU<\/span><\/h4>\n<p> <span style=\"color: #ffffff;\">Der letzte Schritt beim Kauf einer Immobilie in der T\u00fcrkei ist der Erhalt einer TAPU oder Eigentumsurkunde, die die endg\u00fcltige, absolute und offizielle \u00dcbertragung der Immobilie auf den neuen Eigent\u00fcmer besiegelt.<\/p>\n<p><span style=\"color: #ffffff;\">Diese Phase der Transaktion kann in pers\u00f6nlicher Anwesenheit des Kunden durchgef\u00fchrt werden, oder, falls gew\u00fcnscht, kann der K\u00e4ufer eine notariell beglaubigte Vollmacht f\u00fcr den Anwalt unserer Firma hinterlassen. <\/span>[\/vc_column_text][\/vc_column_inner][vc_column_inner width=&#8220;1\/3&#8243; css=&#8220;.vc_custom_1654170859905{margin-top: 90px !important;margin-bottom: 90px !important;}&#8220;][vc_single_image image=&#8220;7583&#8243; img_size=&#8220;full&#8220; alignment=&#8220;center&#8220; css_animation=&#8220;fadeInUp&#8220;][\/vc_column_inner][\/vc_row_inner][\/vc_column][\/vc_row][vc_row full_width=&#8220;stretch_row_content_no_spaces&#8220; css=&#8220;.vc_custom_1654172078680{background-image: url(https:\/\/bestinvest.com.tr\/wp-content\/uploads\/2022\/06\/fon.jpg?id=7591) !important;}&#8220; el_class=&#8220;asking-row&#8220;][vc_column width=&#8220;1\/4&#8243;][vc_empty_space][\/vc_column][vc_column width=&#8220;3\/4&#8243;][vc_row_inner][vc_column_inner width=&#8220;1\/4&#8243;][\/vc_column_inner][vc_column_inner width=&#8220;1\/2&#8243;][vc_column_text] <\/p>\n<div style=\"color: #fff;\">\n<p class=\"title\">Haben Sie noch Fragen zum Kauf einer Immobilie in der T\u00fcrkei?<\/p>\n<p class=\"title\">Hinterlassen Sie Ihre Kontaktdaten und unser Manager wird sich in K\u00fcrze mit Ihnen in Verbindung setzen. <\/p>\n<\/p><\/div>\n<p> [\/vc_column_text][vc_btn title=&#8220;Beratung anfordern&#8220; style=&#8220;custom&#8220; custom_background=&#8220;#81d742&#8243; custom_text=&#8220;#ffffff&#8220; align=&#8220;center&#8220; el_class=&#8220;js-inquiry-toggle js-modal-callmeback&#8220;][\/vc_column_inner][vc_column_inner width=&#8220;1\/4&#8243;][\/vc_column_inner][\/vc_row_inner][\/vc_column][\/vc_row]<\/p>\n","protected":false},"excerpt":{"rendered":"<p>[vc_row full_width=&#8220;stretch_row_content_no_spaces&#8220;][vc_column][vc_empty_space height=&#8220;52px&#8220;][vc_custom_heading text=&#8220;VERFAHREN ZUM KAUF VON IMMOBILIEN IN DER T\u00dcRKEI&#8220; font_container=&#8220;tag:h1|text_align:center&#8220; google_fonts=&#8220;font_family:Ubuntu%3A300%2C300italic%2Cregular%2Citalic%2C500%2C500italic%2C700%2C700italic|font_style:400%20regular%3A400%3Anormal&#8220;][vc_empty_space height=&#8220;52px&#8220;][vc_row_inner css=&#8220;.vc_custom_1654155606352{margin-right: 30px !important;margin-left: 30px !important;}&#8220;][vc_column_inner width=&#8220;1\/2&#8243; css=&#8220;.vc_custom_1654155648058{padding-right: 50px !important;padding-left: 50px !important;}&#8220;][vc_column_text]Der Erwerb von Immobilien im Ausland ist mit vielen Nuancen verbunden, ohne deren Kenntnis das Ergebnis des Kaufs den K\u00e4ufer wahrscheinlich nicht vollst\u00e4ndig zufriedenstellen wird. Der zuk\u00fcnftige Eigent\u00fcmer muss nicht nur [&hellip;]<\/p>\n","protected":false},"author":5,"featured_media":0,"parent":0,"menu_order":0,"comment_status":"closed","ping_status":"closed","template":"","meta":{"inline_featured_image":false,"footnotes":""},"class_list":["post-7604","page","type-page","status-publish","hentry"],"_links":{"self":[{"href":"https:\/\/bestinvest.com.tr\/de\/wp-json\/wp\/v2\/pages\/7604","targetHints":{"allow":["GET"]}}],"collection":[{"href":"https:\/\/bestinvest.com.tr\/de\/wp-json\/wp\/v2\/pages"}],"about":[{"href":"https:\/\/bestinvest.com.tr\/de\/wp-json\/wp\/v2\/types\/page"}],"author":[{"embeddable":true,"href":"https:\/\/bestinvest.com.tr\/de\/wp-json\/wp\/v2\/users\/5"}],"replies":[{"embeddable":true,"href":"https:\/\/bestinvest.com.tr\/de\/wp-json\/wp\/v2\/comments?post=7604"}],"version-history":[{"count":0,"href":"https:\/\/bestinvest.com.tr\/de\/wp-json\/wp\/v2\/pages\/7604\/revisions"}],"wp:attachment":[{"href":"https:\/\/bestinvest.com.tr\/de\/wp-json\/wp\/v2\/media?parent=7604"}],"curies":[{"name":"wp","href":"https:\/\/api.w.org\/{rel}","templated":true}]}}