{"id":7606,"date":"2022-06-02T17:32:59","date_gmt":"2022-06-02T17:32:59","guid":{"rendered":"https:\/\/bestinvest.com.tr\/?page_id=7606"},"modified":"2026-02-05T11:24:58","modified_gmt":"2026-02-05T11:24:58","slug":"%d0%bf%d0%be%d0%ba%d1%83%d0%bf%d0%ba%d0%b0-%d0%ba%d0%b2%d0%b0%d1%80%d1%82%d0%b8%d1%80%d1%8b-%d0%b2-%d1%80%d0%b5%d0%b6%d0%b8%d0%bc%d0%b5-%d0%be%d0%bd%d0%bb%d0%b0%d0%b9%d0%bd","status":"publish","type":"page","link":"https:\/\/bestinvest.com.tr\/de\/%d0%bf%d0%be%d0%ba%d1%83%d0%bf%d0%ba%d0%b0-%d0%ba%d0%b2%d0%b0%d1%80%d1%82%d0%b8%d1%80%d1%8b-%d0%b2-%d1%80%d0%b5%d0%b6%d0%b8%d0%bc%d0%b5-%d0%be%d0%bd%d0%bb%d0%b0%d0%b9%d0%bd\/","title":{"rendered":"IMMOBILIEN ONLINE KAUFEN"},"content":{"rendered":"<p>[vc_row full_width=&#8220;stretch_row_content_no_spaces&#8220;][vc_column][vc_empty_space height=&#8220;52px&#8220;][vc_custom_heading text=&#8220;IMMOBILIEN ONLINE KAUFEN&#8220; font_container=&#8220;tag:h1|text_align:center&#8220;][vc_empty_space height=&#8220;52px&#8220;][vc_row_inner css=&#8220;.vc_custom_1654155606352{margin-right: 30px !important;margin-left: 30px !important;}&#8220;][vc_column_inner width=&#8220;1\/2&#8243; css=&#8220;.vc_custom_1654155648058{padding-right: 50px !important;padding-left: 50px !important;}&#8220;][vc_column_text]<strong>Immobilien in den Urlaubsregionen der T\u00fcrkei sind seit jeher sehr gefragt.<\/p>\n<p>Das ist nicht verwunderlich, denn hier findet sich alles, wovon viele Ausl\u00e4nder tr\u00e4umen, die ein Haus im Ausland kaufen m\u00f6chten: ein wunderbares Klima und ein klares Meer, nicht nur Seeb\u00e4der, sondern auch Skigebiete, Thermalquellen, einzigartige nat\u00fcrliche und historische Sehensw\u00fcrdigkeiten, ein hoher Lebensstandard bei relativ niedrigen Lebenshaltungskosten und niedrigen j\u00e4hrlichen Steuern.<\/p>\n<p>Auf der anderen Seite erh\u00e4lt der Eigent\u00fcmer neben dem Besitz einer Wohnung in der T\u00fcrkei eine rentable Kapitalanlage mit einer guten Amortisation in k\u00fcrzester Zeit sowie eine Aufenthaltsgenehmigung.<\/p>\n<p><strong>Der t\u00fcrkische Immobilienmarkt bietet eine riesige Auswahl an Objekten:<\/strong> von preiswerten Wohnungen vom Bautr\u00e4ger und Wohnungen auf dem Sekund\u00e4rmarkt bis hin zu luxuri\u00f6sen Penth\u00e4usern in modernen Wohnkomplexen, H\u00e4usern am Meer und Luxusvillen mit atemberaubendem Panoramablick auf die luxuri\u00f6se Natur der T\u00fcrkei.[\/vc_column_text][\/vc_column_inner][vc_column_inner width=&#8220;1\/2&#8243;][vc_single_image image=&#8220;7607&#8243; img_size=&#8220;full&#8220; alignment=&#8220;center&#8220; css_animation=&#8220;fadeInDown&#8220;][\/vc_column_inner][\/vc_row_inner][\/vc_column][\/vc_row][vc_row full_width=&#8220;stretch_row_content_no_spaces&#8220; css=&#8220;.vc_custom_1654172078680{background-image: url(https:\/\/bestinvest.com.tr\/wp-content\/uploads\/2022\/06\/fon.jpg?id=7591) !important;}&#8220; el_class=&#8220;asking-row&#8220;][vc_column width=&#8220;1\/4&#8243;][vc_empty_space][\/vc_column][vc_column width=&#8220;3\/4&#8243;][vc_row_inner][vc_column_inner width=&#8220;1\/4&#8243;][\/vc_column_inner][vc_column_inner width=&#8220;1\/2&#8243;][vc_column_text] <\/p>\n<div style=\"color: #fff;\">\n<p class=\"title\">Haben Sie noch Fragen zum Kauf einer Immobilie in der T\u00fcrkei?<\/p>\n<p class=\"title\">Hinterlassen Sie Ihre Kontaktdaten und unser Manager wird sich in K\u00fcrze mit Ihnen in Verbindung setzen. <\/p>\n<\/p><\/div>\n<p> [\/vc_column_text][vc_btn title=&#8220;Beratung anfordern&#8220; style=&#8220;custom&#8220; custom_background=&#8220;#81d742&#8243; custom_text=&#8220;#ffffff&#8220; align=&#8220;center&#8220; el_class=&#8220;js-inquiry-toggle js-modal-callmeback&#8220;][\/vc_column_inner][vc_column_inner width=&#8220;1\/4&#8243;][\/vc_column_inner][\/vc_row_inner][\/vc_column][\/vc_row]<\/p>\n","protected":false},"excerpt":{"rendered":"<p>[vc_row full_width=&#8220;stretch_row_content_no_spaces&#8220;][vc_column][vc_empty_space height=&#8220;52px&#8220;][vc_custom_heading text=&#8220;IMMOBILIEN ONLINE KAUFEN&#8220; font_container=&#8220;tag:h1|text_align:center&#8220;][vc_empty_space height=&#8220;52px&#8220;][vc_row_inner css=&#8220;.vc_custom_1654155606352{margin-right: 30px !important;margin-left: 30px !important;}&#8220;][vc_column_inner width=&#8220;1\/2&#8243; css=&#8220;.vc_custom_1654155648058{padding-right: 50px !important;padding-left: 50px !important;}&#8220;][vc_column_text]Immobilien in den Urlaubsregionen der T\u00fcrkei sind seit jeher sehr gefragt. Das ist nicht verwunderlich, denn hier findet sich alles, wovon viele Ausl\u00e4nder tr\u00e4umen, die ein Haus im Ausland kaufen m\u00f6chten: ein wunderbares Klima und ein klares [&hellip;]<\/p>\n","protected":false},"author":5,"featured_media":0,"parent":0,"menu_order":0,"comment_status":"closed","ping_status":"closed","template":"","meta":{"inline_featured_image":false,"footnotes":""},"class_list":["post-7606","page","type-page","status-publish","hentry"],"_links":{"self":[{"href":"https:\/\/bestinvest.com.tr\/de\/wp-json\/wp\/v2\/pages\/7606","targetHints":{"allow":["GET"]}}],"collection":[{"href":"https:\/\/bestinvest.com.tr\/de\/wp-json\/wp\/v2\/pages"}],"about":[{"href":"https:\/\/bestinvest.com.tr\/de\/wp-json\/wp\/v2\/types\/page"}],"author":[{"embeddable":true,"href":"https:\/\/bestinvest.com.tr\/de\/wp-json\/wp\/v2\/users\/5"}],"replies":[{"embeddable":true,"href":"https:\/\/bestinvest.com.tr\/de\/wp-json\/wp\/v2\/comments?post=7606"}],"version-history":[{"count":0,"href":"https:\/\/bestinvest.com.tr\/de\/wp-json\/wp\/v2\/pages\/7606\/revisions"}],"wp:attachment":[{"href":"https:\/\/bestinvest.com.tr\/de\/wp-json\/wp\/v2\/media?parent=7606"}],"curies":[{"name":"wp","href":"https:\/\/api.w.org\/{rel}","templated":true}]}}