{"id":7609,"date":"2022-06-02T17:34:41","date_gmt":"2022-06-02T17:34:41","guid":{"rendered":"https:\/\/bestinvest.com.tr\/?page_id=7609"},"modified":"2026-02-05T11:24:45","modified_gmt":"2026-02-05T11:24:45","slug":"%d1%80%d1%83%d1%81%d1%81%d0%ba%d0%b8%d0%b9-%d0%be%d0%b7%d0%bd%d0%b0%d0%ba%d0%be%d0%bc%d0%b8%d1%82%d0%b5%d0%bb%d1%8c%d0%bd%d1%8b%d0%b9-%d1%82%d1%83%d1%80","status":"publish","type":"page","link":"https:\/\/bestinvest.com.tr\/de\/%d1%80%d1%83%d1%81%d1%81%d0%ba%d0%b8%d0%b9-%d0%be%d0%b7%d0%bd%d0%b0%d0%ba%d0%be%d0%bc%d0%b8%d1%82%d0%b5%d0%bb%d1%8c%d0%bd%d1%8b%d0%b9-%d1%82%d1%83%d1%80\/","title":{"rendered":"Kostenlose Besichtigungstour"},"content":{"rendered":"<p>[vc_row full_width=&#8220;stretch_row_content_no_spaces&#8220;][vc_column][vc_empty_space height=&#8220;52px&#8220;][vc_custom_heading text=&#8220;Kostenlose Besichtigungstour&#8220; font_container=&#8220;tag:h1|text_align:center&#8220;][vc_empty_space height=&#8220;52px&#8220;][vc_row_inner css=&#8220;.vc_custom_1654155606352{margin-right: 30px !important;margin-left: 30px !important;}&#8220;][vc_column_inner width=&#8220;1\/2&#8243; css=&#8220;.vc_custom_1654155648058{padding-right: 50px !important;padding-left: 50px !important;}&#8220;][vc_column_text]Beim Kauf einer Immobilie in der T\u00fcrkei ist es f\u00fcr den K\u00e4ufer wichtig, in jeder Hinsicht die ideale Option zu w\u00e4hlen, alle Nuancen zu ber\u00fccksichtigen und seine finanziellen M\u00f6glichkeiten und W\u00fcnsche mit den Zielen des Erwerbs zu vergleichen.<\/p>\n<p>T\u00fcrkische Immobilien sind nicht nur Quadratmeter, sondern Objekte mit vielf\u00e4ltigen Merkmalen: Lage, Entfernung zum Meer, Qualit\u00e4t der Bauausf\u00fchrung, Verf\u00fcgbarkeit von Infrastruktur, Planungsl\u00f6sungen und vieles mehr. <strong>All dies l\u00e4sst sich am besten bei einem pers\u00f6nlichen Besuch in der T\u00fcrkei einsch\u00e4tzen.<\/strong> Aus diesem Grund bietet die lizenzierte Immobilienagentur BEST INVEST allen K\u00e4ufern t\u00fcrkischer Immobilien einen kostenlosen Besichtigungsservice an.<\/p>\n<p>Unsere praktische Erfahrung hat es uns erm\u00f6glicht, das Programm der Besichtigungstouren f\u00fcr den Kauf von Immobilien bis ins kleinste Detail zu durchdenken und uns dabei auf die individuellen Bed\u00fcrfnisse jedes Kunden zu konzentrieren. So erhalten Sie nicht nur eine umfassende Beratung und sehen die Objekte, die Ihnen gefallen, sondern haben auch Zeit, eine angenehme Zeit in einer der besten Regionen des Landes zu verbringen. [\/vc_column_text][\/vc_column_inner][vc_column_inner width=&#8220;1\/2&#8243;][vc_single_image image=&#8220;7611&#8243; img_size=&#8220;full&#8220; alignment=&#8220;center&#8220; css_animation=&#8220;fadeInDown&#8220;][\/vc_column_inner][\/vc_row_inner][\/vc_column][\/vc_row][vc_row full_width=&#8220;stretch_row_content_no_spaces&#8220; css=&#8220;.vc_custom_1654192034425{background-color: #252c40 !important;}&#8220; el_class=&#8220;clean-wc-row&#8220;][vc_column][vc_row_inner][vc_column_inner width=&#8220;1\/3&#8243;][vc_single_image image=&#8220;7612&#8243; img_size=&#8220;full&#8220;][\/vc_column_inner][vc_column_inner el_class=&#8220;text-white&#8220; width=&#8220;1\/3&#8243; css=&#8220;.vc_custom_1654241329061{border-right-width: 10px !important;padding-left: 10px !important;border-right-color: #e8e8e8 !important;}&#8220;][vc_column_text] <\/p>\n<div style=\"font-size: 15px;\">\n<h3><\/h3>\n<h3><\/h3>\n<h3>Was ist im Besichtigungsprogramm enthalten?<\/h3>\n<ul>\n<li>Die Dauer der Tour betr\u00e4gt 3 Tage und 4 N\u00e4chte. Dies ist die beste Zeit, um sich kennenzulernen, sich umzuschauen und eine fundierte Entscheidung zu treffen. Auf Wunsch des K\u00e4ufers ist die Dauer der Unterkunft anpassbar. <\/li>\n<li>Transfer vom Flughafen zum Ort der Unterkunft. <\/li>\n<li>Unterbringung  in einem Hotelkomplex oder einem Hotel mit komfortablen Apartments. <\/li>\n<li>Besichtigung der gew\u00fcnschten Immobilie in Begleitung eines qualifizierten Managers und Beratung in allen Fragen des Kaufs und der Registrierung. <\/li>\n<li>Vorbereitung der Dokumente und Unterzeichnung des Kaufvertrags. <\/li>\n<\/ul><\/div>\n<p> [\/vc_column_text][\/vc_column_inner][vc_column_inner width=&#8220;1\/3&#8243; css=&#8220;.vc_custom_1654170921454{margin-top: 90px !important;margin-bottom: 90px !important;}&#8220;][vc_single_image image=&#8220;7552&#8243; img_size=&#8220;full&#8220; alignment=&#8220;center&#8220; css_animation=&#8220;fadeInUp&#8220;][\/vc_column_inner][\/vc_row_inner][\/vc_column][\/vc_row][vc_row full_width=&#8220;stretch_row_content_no_spaces&#8220; css=&#8220;.vc_custom_1654191803373{background-color: #eaebed !important;}&#8220;][vc_column][vc_column_text css=&#8220;.vc_custom_1660554131336{margin-right: 50px !important;margin-left: 50px !important;}&#8220;]<strong>Die Kosten f\u00fcr eine Studienreise beim Kauf einer Immobilie werden von der Agentur BEST INVEST \u00fcbernommen. Je nach Wert der erworbenen Immobilie \u00fcbernimmt das Unternehmen einen Teil oder die gesamten Kosten f\u00fcr die Flugtickets des Kunden. <\/strong>[\/vc_column_text][\/vc_column][\/vc_row][vc_row full_width=&#8220;stretch_row_content_no_spaces&#8220; css=&#8220;.vc_custom_1654172078680{background-image: url(https:\/\/bestinvest.com.tr\/wp-content\/uploads\/2022\/06\/fon.jpg?id=7591) !important;}&#8220; el_class=&#8220;asking-row&#8220;][vc_column width=&#8220;1\/4&#8243;][vc_empty_space][\/vc_column][vc_column width=&#8220;3\/4&#8243;][vc_row_inner][vc_column_inner width=&#8220;1\/4&#8243;][\/vc_column_inner][vc_column_inner width=&#8220;1\/2&#8243;][vc_column_text] <\/p>\n<div style=\"color: #fff;\">\n<p class=\"title\">Haben Sie noch Fragen zum Kauf einer Immobilie in der T\u00fcrkei?<\/p>\n<p class=\"title\">Hinterlassen Sie Ihre Kontaktdaten und unser Manager wird sich in K\u00fcrze mit Ihnen in Verbindung setzen. <\/p>\n<\/p><\/div>\n<p> [\/vc_column_text][vc_btn title=&#8220;Beratung anfordern&#8220; style=&#8220;custom&#8220; custom_background=&#8220;#81d742&#8243; custom_text=&#8220;#ffffff&#8220; align=&#8220;center&#8220; el_class=&#8220;js-inquiry-toggle js-modal-callmeback&#8220;][\/vc_column_inner][vc_column_inner width=&#8220;1\/4&#8243;][\/vc_column_inner][\/vc_row_inner][\/vc_column][\/vc_row]<\/p>\n","protected":false},"excerpt":{"rendered":"<p>[vc_row full_width=&#8220;stretch_row_content_no_spaces&#8220;][vc_column][vc_empty_space height=&#8220;52px&#8220;][vc_custom_heading text=&#8220;Kostenlose Besichtigungstour&#8220; font_container=&#8220;tag:h1|text_align:center&#8220;][vc_empty_space height=&#8220;52px&#8220;][vc_row_inner css=&#8220;.vc_custom_1654155606352{margin-right: 30px !important;margin-left: 30px !important;}&#8220;][vc_column_inner width=&#8220;1\/2&#8243; css=&#8220;.vc_custom_1654155648058{padding-right: 50px !important;padding-left: 50px !important;}&#8220;][vc_column_text]Beim Kauf einer Immobilie in der T\u00fcrkei ist es f\u00fcr den K\u00e4ufer wichtig, in jeder Hinsicht die ideale Option zu w\u00e4hlen, alle Nuancen zu ber\u00fccksichtigen und seine finanziellen M\u00f6glichkeiten und W\u00fcnsche mit den Zielen des Erwerbs zu vergleichen. [&hellip;]<\/p>\n","protected":false},"author":5,"featured_media":0,"parent":0,"menu_order":0,"comment_status":"closed","ping_status":"closed","template":"","meta":{"inline_featured_image":false,"footnotes":""},"class_list":["post-7609","page","type-page","status-publish","hentry"],"_links":{"self":[{"href":"https:\/\/bestinvest.com.tr\/de\/wp-json\/wp\/v2\/pages\/7609","targetHints":{"allow":["GET"]}}],"collection":[{"href":"https:\/\/bestinvest.com.tr\/de\/wp-json\/wp\/v2\/pages"}],"about":[{"href":"https:\/\/bestinvest.com.tr\/de\/wp-json\/wp\/v2\/types\/page"}],"author":[{"embeddable":true,"href":"https:\/\/bestinvest.com.tr\/de\/wp-json\/wp\/v2\/users\/5"}],"replies":[{"embeddable":true,"href":"https:\/\/bestinvest.com.tr\/de\/wp-json\/wp\/v2\/comments?post=7609"}],"version-history":[{"count":0,"href":"https:\/\/bestinvest.com.tr\/de\/wp-json\/wp\/v2\/pages\/7609\/revisions"}],"wp:attachment":[{"href":"https:\/\/bestinvest.com.tr\/de\/wp-json\/wp\/v2\/media?parent=7609"}],"curies":[{"name":"wp","href":"https:\/\/api.w.org\/{rel}","templated":true}]}}