{"id":7618,"date":"2022-06-02T17:52:47","date_gmt":"2022-06-02T17:52:47","guid":{"rendered":"https:\/\/bestinvest.com.tr\/?page_id=7618"},"modified":"2026-02-05T11:24:31","modified_gmt":"2026-02-05T11:24:31","slug":"%d1%80%d1%83%d1%81%d1%81%d0%ba%d0%b8%d0%b9-%d0%b3%d1%80%d0%b0%d0%b6%d0%b4%d0%b0%d0%bd%d1%81%d1%82%d0%b2%d0%be-%d0%b2-%d1%82%d1%83%d1%80%d1%86%d0%b8%d0%b8-%d0%b7%d0%b0-%d0%b8%d0%bd%d0%b2%d0%b5%d1%81","status":"publish","type":"page","link":"https:\/\/bestinvest.com.tr\/de\/%d1%80%d1%83%d1%81%d1%81%d0%ba%d0%b8%d0%b9-%d0%b3%d1%80%d0%b0%d0%b6%d0%b4%d0%b0%d0%bd%d1%81%d1%82%d0%b2%d0%be-%d0%b2-%d1%82%d1%83%d1%80%d1%86%d0%b8%d0%b8-%d0%b7%d0%b0-%d0%b8%d0%bd%d0%b2%d0%b5%d1%81\/","title":{"rendered":"Staatsb\u00fcrgerschaft der T\u00fcrkei durch Investition"},"content":{"rendered":"<p>[vc_row full_width=&#8220;stretch_row_content_no_spaces&#8220; equal_height=&#8220;yes&#8220; content_placement=&#8220;middle&#8220;][vc_column width=&#8220;1\/5&#8243;][\/vc_column][vc_column width=&#8220;1\/5&#8243;][vc_empty_space height=&#8220;52px&#8220;][vc_btn title=&#8220;Aufenthaltsgenehmigung und Staatsb\u00fcrgerschaft in Nordzypern&#8220; style=&#8220;3d&#8220; color=&#8220;green&#8220; size=&#8220;lg&#8220; align=&#8220;center&#8220; link=&#8220;url:https%3A%2F%2Fbestinvest.com.tr%2Fresidency-citizenship-in-trnc%2F&#8220;][\/vc_column][vc_column width=&#8220;1\/5&#8243;][vc_empty_space height=&#8220;52px&#8220;][vc_btn title=&#8220;Aufenthaltsrecht und Staatsb\u00fcrgerschaft in der Republik Zypern&#8220; style=&#8220;3d&#8220; color=&#8220;green&#8220; size=&#8220;lg&#8220; align=&#8220;center&#8220; link=&#8220;url:https%3A%2F%2Fbestinvest.com.tr%2Fresidency-citizenship-in-the-republic-of-cyprus%2F&#8220;][\/vc_column][vc_column width=&#8220;1\/5&#8243;][vc_empty_space height=&#8220;52px&#8220;][vc_btn title=&#8220;Aufenthaltsgenehmigung in der T\u00fcrkei&#8220; style=&#8220;3d&#8220; color=&#8220;green&#8220; size=&#8220;lg&#8220; align=&#8220;center&#8220; link=&#8220;url:https%3A%2F%2Fbestinvest.com.tr%2F%25d0%25be%25d1%2584%25d0%25be%25d1%2580%25d0%25bc%25d0%25bb%25d0%25b5%25d0%25bd%25d0%25b8%25d0%25b5-%25d0%25b2%25d0%25b8%25d0%25b4%25d0%25b0-%25d0%25bd%25d0%25b0-%25d0%25b6%25d0%25b8%25d1%2582%25d0%25b5%25d0%25bb%25d1%258c%25d1%2581%25d1%2582%25d0%25b2%25d0%25be%2F&#8220;][\/vc_column][vc_column width=&#8220;1\/5&#8243;][\/vc_column][\/vc_row][vc_row full_width=&#8220;stretch_row_content_no_spaces&#8220;][vc_column][vc_empty_space height=&#8220;52px&#8220;][vc_custom_heading text=&#8220;Staatsb\u00fcrgerschaft der T\u00fcrkei durch Investition&#8220; font_container=&#8220;tag:h1|text_align:center&#8220;][vc_empty_space height=&#8220;52px&#8220;][vc_row_inner css=&#8220;.vc_custom_1654155606352{margin-right: 30px !important;margin-left: 30px !important;}&#8220;][vc_column_inner width=&#8220;1\/2&#8243; css=&#8220;.vc_custom_1654155648058{padding-right: 50px !important;padding-left: 50px !important;}&#8220;][vc_column_text] Die t\u00fcrkische Staatsb\u00fcrgerschaft kann Ausl\u00e4ndern aus einer Reihe objektiver Gr\u00fcnde gew\u00e4hrt werden. Wurde fr\u00fcher ein t\u00fcrkischer Pass in den meisten F\u00e4llen durch Einb\u00fcrgerung oder Heirat erworben, bietet der Staat heute eine hervorragende M\u00f6glichkeit, durch Investitionen in die Wirtschaft des Landes auf vereinfachtem Wege die Staatsb\u00fcrgerschaft zu erwerben. Ausl\u00e4nder k\u00f6nnen ihr Kapital in die Entwicklung von Unternehmen und die Schaffung von Arbeitspl\u00e4tzen, in Investmentfonds, den Kauf von Staatsanleihen sowie in den Kauf von Immobilien im Wert von 400.000 US-Dollar investieren. Diese Regel gilt sowohl f\u00fcr den Kauf eines Objekts als auch f\u00fcr den Kauf mehrerer Objekte zu einem Gesamtpreis von 400.000 Dollar. <strong>Die Vorteile der t\u00fcrkischen Staatsb\u00fcrgerschaft durch Investition sind folgende:<\/strong> <\/p>\n<ul>\n<li>Nicht nur der Investor, sondern auch seine Ehefrau und Kinder unter 18 Jahren k\u00f6nnen einen Pass erhalten.\n<li>Die Staatsb\u00fcrgerschaft wird an zuk\u00fcnftige Generationen der Familie weitergegeben. <\/li>\n<li>Nach der Bewertung der Organisation f\u00fcr wirtschaftliche Zusammenarbeit und Entwicklung (OECD) ist das Programm zur Verleihung der t\u00fcrkischen Staatsb\u00fcrgerschaft durch Investitionen nicht in der Liste der risikobehafteten Programme enthalten. <\/li>\n<li>M\u00f6glichkeit der Einreise ohne Visum oder im Rahmen eines vereinfachten Verfahrens in 111 L\u00e4nder. <\/li>\n<li>Es ist m\u00f6glich, die Staatsb\u00fcrgerschaft von zwei L\u00e4ndern zu erwerben. <\/li>\n<li>Es besteht keine Verpflichtung, im Land zu wohnen. Ausl\u00e4ndische Staatsb\u00fcrger m\u00fcssen lediglich einen Antrag stellen und biometrische Daten einreichen. <\/li>\n<li>Es m\u00fcssen keine Dokumente \u00fcber die Kenntnisse der t\u00fcrkischen Sprache vorgelegt werden. <\/li>\n<li>Es m\u00fcssen keine Unterlagen \u00fcber Verm\u00f6genswerte und Eink\u00fcnfte au\u00dferhalb der T\u00fcrkei vorgelegt werden und vieles mehr. <\/li>\n<li>Die Staatsb\u00fcrgerschaft kann auch nach f\u00fcnfj\u00e4hrigem Aufenthalt im Land auf allgemeiner Basis erworben werden. <\/li>\n<li>Wenn der gesamte Betrag nicht zur Verf\u00fcgung steht, haben ausl\u00e4ndische Investoren die M\u00f6glichkeit, einen Hypothekarkredit zu beantragen. <\/li>\n<\/ul>\n<p> [\/vc_column_text][vc_btn title=&#8220;Wohnungen f\u00fcr die Staatsb\u00fcrgerschaft&#8220; style=&#8220;3d&#8220; color=&#8220;green&#8220; size=&#8220;lg&#8220; align=&#8220;center&#8220; button_block=&#8220;true&#8220; link=&#8220;url:https%3A%2F%2Fbestinvest.com.tr%2Ftags%2Feligible-for-citizenship%2F&#8220;][vc_btn title=&#8220;Weitere Informationen&#8220; style=&#8220;3d&#8220; color=&#8220;sky&#8220; size=&#8220;lg&#8220; align=&#8220;center&#8220; button_block=&#8220;true&#8220; el_class=&#8220;js-inquiry-toggle js-modal-callmeback&#8220;][\/vc_column_inner][vc_column_inner width=&#8220;1\/2&#8243;][vc_single_image image=&#8220;7620&#8243; img_size=&#8220;full&#8220; alignment=&#8220;center&#8220; css_animation=&#8220;fadeInDown&#8220;][\/vc_column_inner][\/vc_row_inner][\/vc_column][\/vc_row][vc_row full_width=&#8220;stretch_row_content_no_spaces&#8220; css=&#8220;.vc_custom_1654192034425{background-color: #252c40 !important;}&#8220; el_class=&#8220;clean-wc-row&#8220;][vc_column][vc_row_inner][vc_column_inner width=&#8220;1\/3&#8243;][vc_single_image image=&#8220;7621&#8243; img_size=&#8220;full&#8220;][\/vc_column_inner][vc_column_inner el_class=&#8220;text-white&#8220; width=&#8220;1\/3&#8243; css=&#8220;.vc_custom_1654241440241{border-right-width: 10px !important;padding-left: 10px !important;border-right-color: #e8e8e8 !important;}&#8220;][vc_column_text] <\/p>\n<div style=\"font-size: 15px;\"> &nbsp; &nbsp;<\/p>\n<p>Wenn Sie die t\u00fcrkische Staatsb\u00fcrgerschaft durch eine Investition im Rahmen eines vereinfachten Verfahrens erwerben m\u00f6chten, bietet Ihnen das lizenzierte Unternehmen BEST INVEST im Rahmen seiner Dienstleistungen f\u00fcr den Kauf von Immobilien in der T\u00fcrkei umfassende Unterst\u00fctzung bei der Erlangung der Staatsb\u00fcrgerschaft: <\/p>\n<ul>\n<li>Angebot der besten Optionen f\u00fcr Immobilien mit einem Katasterwert von 400.000 US-Dollar<\/li>\n<li>Professionelle Beratung w\u00e4hrend des Antragsverfahrens auf Staatsb\u00fcrgerschaft<\/li>\n<li>Unterst\u00fctzung bei der Beschaffung der erforderlichen Dokumente, um Ungenauigkeiten oder Fehler bei der Einhaltung der migrationsrechtlichen Vorschriften zu vermeiden<\/li>\n<li>Einholung der Ergebnisse eines eingereichten Antrags im Namen des Kunden<\/li>\n<li>Unterst\u00fctzung bei der Erledigung der n\u00e4chsten Schritte und Anforderungen nach einer erfolgreichen Antwort auf den Antrag<\/li>\n<\/ul><\/div>\n<p> [\/vc_column_text][\/vc_column_inner][vc_column_inner width=&#8220;1\/3&#8243; css=&#8220;.vc_custom_1654170921454{margin-top: 90px !important;margin-bottom: 90px !important;}&#8220;][vc_single_image image=&#8220;7552&#8243; img_size=&#8220;full&#8220; alignment=&#8220;center&#8220; css_animation=&#8220;fadeInUp&#8220;][\/vc_column_inner][\/vc_row_inner][\/vc_column][\/vc_row][vc_row full_width=&#8220;stretch_row_content_no_spaces&#8220; css=&#8220;.vc_custom_1654172078680{background-image: url(https:\/\/bestinvest.com.tr\/wp-content\/uploads\/2022\/06\/fon.jpg?id=7591) !important;}&#8220; el_class=&#8220;asking-row&#8220;][vc_column width=&#8220;1\/4&#8243;][vc_empty_space][\/vc_column][vc_column width=&#8220;3\/4&#8243;][vc_row_inner][vc_column_inner width=&#8220;1\/4&#8243;][\/vc_column_inner][vc_column_inner width=&#8220;1\/2&#8243;][vc_column_text] <\/p>\n<div style=\"color: #fff;\">\n<p class=\"title\"><span style=\"color: #ffffff;\">Haben Sie noch Fragen zum Kauf einer Immobilie in der T\u00fcrkei? <\/span><\/p>\n<p class=\"title\"><span style=\"color: #ffffff;\">Hinterlassen Sie Ihre Kontaktdaten und unser Manager wird sich in K\u00fcrze mit Ihnen in Verbindung setzen.<\/span><\/p>\n<\/p><\/div>\n<p> [\/vc_column_text][vc_btn title=&#8220;Beratung anfordern&#8220; style=&#8220;custom&#8220; custom_background=&#8220;#81d742&#8243; custom_text=&#8220;#ffffff&#8220; align=&#8220;center&#8220; el_class=&#8220;js-inquiry-toggle js-modal-callmeback&#8220;][\/vc_column_inner][vc_column_inner width=&#8220;1\/4&#8243;][\/vc_column_inner][\/vc_row_inner][\/vc_column][\/vc_row]<\/p>\n","protected":false},"excerpt":{"rendered":"<p>[vc_row full_width=&#8220;stretch_row_content_no_spaces&#8220; equal_height=&#8220;yes&#8220; content_placement=&#8220;middle&#8220;][vc_column width=&#8220;1\/5&#8243;][\/vc_column][vc_column width=&#8220;1\/5&#8243;][vc_empty_space height=&#8220;52px&#8220;][vc_btn title=&#8220;Aufenthaltsgenehmigung und Staatsb\u00fcrgerschaft in Nordzypern&#8220; style=&#8220;3d&#8220; color=&#8220;green&#8220; size=&#8220;lg&#8220; align=&#8220;center&#8220; link=&#8220;url:https%3A%2F%2Fbestinvest.com.tr%2Fresidency-citizenship-in-trnc%2F&#8220;][\/vc_column][vc_column width=&#8220;1\/5&#8243;][vc_empty_space height=&#8220;52px&#8220;][vc_btn title=&#8220;Aufenthaltsrecht und Staatsb\u00fcrgerschaft in der Republik Zypern&#8220; style=&#8220;3d&#8220; color=&#8220;green&#8220; size=&#8220;lg&#8220; align=&#8220;center&#8220; link=&#8220;url:https%3A%2F%2Fbestinvest.com.tr%2Fresidency-citizenship-in-the-republic-of-cyprus%2F&#8220;][\/vc_column][vc_column width=&#8220;1\/5&#8243;][vc_empty_space height=&#8220;52px&#8220;][vc_btn title=&#8220;Aufenthaltsgenehmigung in der T\u00fcrkei&#8220; style=&#8220;3d&#8220; color=&#8220;green&#8220; size=&#8220;lg&#8220; align=&#8220;center&#8220; link=&#8220;url:https%3A%2F%2Fbestinvest.com.tr%2F%25d0%25be%25d1%2584%25d0%25be%25d1%2580%25d0%25bc%25d0%25bb%25d0%25b5%25d0%25bd%25d0%25b8%25d0%25b5-%25d0%25b2%25d0%25b8%25d0%25b4%25d0%25b0-%25d0%25bd%25d0%25b0-%25d0%25b6%25d0%25b8%25d1%2582%25d0%25b5%25d0%25bb%25d1%258c%25d1%2581%25d1%2582%25d0%25b2%25d0%25be%2F&#8220;][\/vc_column][vc_column width=&#8220;1\/5&#8243;][\/vc_column][\/vc_row][vc_row full_width=&#8220;stretch_row_content_no_spaces&#8220;][vc_column][vc_empty_space height=&#8220;52px&#8220;][vc_custom_heading text=&#8220;Staatsb\u00fcrgerschaft der T\u00fcrkei durch Investition&#8220; font_container=&#8220;tag:h1|text_align:center&#8220;][vc_empty_space height=&#8220;52px&#8220;][vc_row_inner css=&#8220;.vc_custom_1654155606352{margin-right: 30px !important;margin-left: [&hellip;]<\/p>\n","protected":false},"author":5,"featured_media":0,"parent":0,"menu_order":0,"comment_status":"closed","ping_status":"closed","template":"","meta":{"inline_featured_image":false,"footnotes":""},"class_list":["post-7618","page","type-page","status-publish","hentry"],"_links":{"self":[{"href":"https:\/\/bestinvest.com.tr\/de\/wp-json\/wp\/v2\/pages\/7618","targetHints":{"allow":["GET"]}}],"collection":[{"href":"https:\/\/bestinvest.com.tr\/de\/wp-json\/wp\/v2\/pages"}],"about":[{"href":"https:\/\/bestinvest.com.tr\/de\/wp-json\/wp\/v2\/types\/page"}],"author":[{"embeddable":true,"href":"https:\/\/bestinvest.com.tr\/de\/wp-json\/wp\/v2\/users\/5"}],"replies":[{"embeddable":true,"href":"https:\/\/bestinvest.com.tr\/de\/wp-json\/wp\/v2\/comments?post=7618"}],"version-history":[{"count":0,"href":"https:\/\/bestinvest.com.tr\/de\/wp-json\/wp\/v2\/pages\/7618\/revisions"}],"wp:attachment":[{"href":"https:\/\/bestinvest.com.tr\/de\/wp-json\/wp\/v2\/media?parent=7618"}],"curies":[{"name":"wp","href":"https:\/\/api.w.org\/{rel}","templated":true}]}}