{"id":7624,"date":"2022-06-02T18:05:14","date_gmt":"2022-06-02T18:05:14","guid":{"rendered":"https:\/\/bestinvest.com.tr\/?page_id=7624"},"modified":"2026-02-05T11:24:18","modified_gmt":"2026-02-05T11:24:18","slug":"%d1%80%d1%83%d1%81%d1%81%d0%ba%d0%b8%d0%b9-%d0%be%d1%84%d0%be%d1%80%d0%bc%d0%bb%d0%b5%d0%bd%d0%b8%d0%b5-%d0%b8%d0%bf%d0%be%d1%82%d0%b5%d1%87%d0%bd%d0%be%d0%b3%d0%be-%d0%ba%d1%80%d0%b5%d0%b4%d0%b8","status":"publish","type":"page","link":"https:\/\/bestinvest.com.tr\/de\/%d1%80%d1%83%d1%81%d1%81%d0%ba%d0%b8%d0%b9-%d0%be%d1%84%d0%be%d1%80%d0%bc%d0%bb%d0%b5%d0%bd%d0%b8%d0%b5-%d0%b8%d0%bf%d0%be%d1%82%d0%b5%d1%87%d0%bd%d0%be%d0%b3%d0%be-%d0%ba%d1%80%d0%b5%d0%b4%d0%b8\/","title":{"rendered":"\u041e\u0444\u043e\u0440\u043c\u043b\u0435\u043d\u0438\u0435 \u0438\u043f\u043e\u0442\u0435\u0447\u043d\u043e\u0433\u043e \u043a\u0440\u0435\u0434\u0438\u0442\u0430"},"content":{"rendered":"<p>[vc_row full_width=&#8220;stretch_row_content_no_spaces&#8220;][vc_column][vc_empty_space height=&#8220;52px&#8220;][vc_custom_heading text=&#8220;HYPOTHEKENKREDIT&#8220; font_container=&#8220;tag:h1|text_align:center&#8220;][vc_empty_space height=&#8220;52px&#8220;][vc_row_inner css=&#8220;.vc_custom_1654155606352{margin-right: 30px !important;margin-left: 30px !important;}&#8220;][vc_column_inner width=&#8220;1\/2&#8243; css=&#8220;.vc_custom_1654155648058{padding-right: 50px !important;padding-left: 50px !important;}&#8220;][vc_column_text]<\/p>\n<p>Der Traum vom Kauf einer Immobilie in der T\u00fcrkei ist heute f\u00fcr die meisten B\u00fcrger aus dem Ausland in greifbare N\u00e4he ger\u00fcckt. Der attraktivste Aspekt f\u00fcr ausl\u00e4ndische Investoren war die M\u00f6glichkeit, nach dem Erwerb einer Immobilie eine Aufenthaltsgenehmigung zu erhalten. In vielerlei Hinsicht wurde dies durch Hypothekarkredite erm\u00f6glicht, die jeder Ausl\u00e4nder bei einer der t\u00fcrkischen Banken beantragen kann, wenn er nicht \u00fcber den gesamten Betrag f\u00fcr den Erwerb der Immobilie auf einmal verf\u00fcgt.<\/p>\n<p>Eine Hypothek in der Republik T\u00fcrkei ist, wie in anderen L\u00e4ndern auch, ein Darlehen, bei dem die Immobilie als Kaufsicherheit dient. Unmittelbar nach der Darlehensgew\u00e4hrung geht sie in das Eigentum des K\u00e4ufers \u00fcber, wobei eine Belastung besteht, die nach vollst\u00e4ndiger R\u00fcckzahlung des Darlehens aufgehoben wird.<\/p>\n<p>Dank dieser Neuerung ist die Nachfrage deutlich gestiegen, da ausl\u00e4ndische Investoren nun die M\u00f6glichkeit haben, nicht nur g\u00fcnstige Wohnungen, sondern auch teure Objekte zu kaufen und deren Kosten \u00fcber mehrere Jahre zu verteilen. Ein Immobilienkredit in der T\u00fcrkei wird sowohl f\u00fcr fertiggestellte Wohnungen als auch f\u00fcr im Bau befindliche Objekte (bis zu 80 % Fertigstellungsgrad) gew\u00e4hrt, sodass der K\u00e4ufer in jeder Hinsicht die f\u00fcr ihn beste Option w\u00e4hlen kann, sei es in Bezug auf Kosten, Fl\u00e4che, Grundriss oder Lage.[\/vc_column_text][\/vc_column_inner][vc_column_inner width=&#8220;1\/2&#8243;][vc_single_image image=&#8220;7625&#8243; img_size=&#8220;full&#8220; alignment=&#8220;center&#8220; css_animation=&#8220;fadeInDown&#8220;][\/vc_column_inner][\/vc_row_inner][\/vc_column][\/vc_row][vc_row full_width=&#8220;stretch_row_content_no_spaces&#8220; css=&#8220;.vc_custom_1654192034425{background-color: #252c40 !important;}&#8220; el_class=&#8220;clean-wc-row&#8220;][vc_column][vc_row_inner][vc_column_inner width=&#8220;1\/3&#8243;][vc_single_image image=&#8220;7626&#8243; img_size=&#8220;full&#8220;][\/vc_column_inner][vc_column_inner el_class=&#8220;text-white&#8220; width=&#8220;1\/3&#8243; css=&#8220;.vc_custom_1654241692210{border-right-width: 10px !important;padding-left: 10px !important;border-right-color: #e8e8e8 !important;}&#8220;][vc_empty_space][vc_column_text] <\/p>\n<div style=\"font-size: 15px;\"> &nbsp; &nbsp;<\/p>\n<p>Wenn Sie sich bereits f\u00fcr den Kauf einer Immobilie in der T\u00fcrkei entschieden haben, aber nicht \u00fcber die gesamten Mittel verf\u00fcgen, hilft Ihnen BEST INVEST gerne mit einem Hypothekendarlehen weiter. Unsere Spezialisten beraten Sie gerne und bieten Ihnen zuverl\u00e4ssige Banken mit g\u00fcnstigen Konditionen f\u00fcr das Darlehen, die Anzahlung, die W\u00e4hrung, den Zinssatz und andere Nuancen im Zusammenhang mit der Vorbereitung der Dokumente und der Registrierung des Kaufs einer Wohnung auf Kredit.<\/p>\n<p>Die Erfahrung und Professionalit\u00e4t der Spezialisten der lizenzierten Agentur BEST INVEST erm\u00f6glichen es Ihnen, eine Hypothek auf Immobilien in der T\u00fcrkei zu optimalen Konditionen zu beantragen! Dar\u00fcber hinaus bieten viele Bautr\u00e4ger eine zinsfreie Ratenzahlung f\u00fcr im Bau befindliche Immobilien und f\u00fcr einige fertige Immobilien an. Die Laufzeit eines solchen Ratenzahlungsplans kann je nach gew\u00e4hltem Objekt zwischen 3 Monaten und 3 Jahren betragen. <\/p><\/div>\n<p>[\/vc_column_text][\/vc_column_inner][vc_column_inner width=&#8220;1\/3&#8243; css=&#8220;.vc_custom_1654170921454{margin-top: 90px !important;margin-bottom: 90px !important;}&#8220;][vc_single_image image=&#8220;7552&#8243; img_size=&#8220;full&#8220; alignment=&#8220;center&#8220; css_animation=&#8220;fadeInUp&#8220;][\/vc_column_inner][\/vc_row_inner][\/vc_column][\/vc_row][vc_row full_width=&#8220;stretch_row_content_no_spaces&#8220; css=&#8220;.vc_custom_1654172078680{background-image: url(https:\/\/bestinvest.com.tr\/wp-content\/uploads\/2022\/06\/fon.jpg?id=7591) !important;}&#8220; el_class=&#8220;asking-row&#8220;][vc_column width=&#8220;1\/4&#8243;][vc_empty_space][\/vc_column][vc_column width=&#8220;3\/4&#8243;][vc_row_inner][vc_column_inner width=&#8220;1\/4&#8243;][\/vc_column_inner][vc_column_inner width=&#8220;1\/2&#8243;][vc_column_text] <\/p>\n<div style=\"color: #fff;\">\n<p class=\"title\">Haben Sie noch Fragen zum Kauf einer Immobilie in der T\u00fcrkei?<\/p>\n<p class=\"title\">Hinterlassen Sie Ihre Kontaktdaten und unser Manager wird sich in K\u00fcrze mit Ihnen in Verbindung setzen. <\/p>\n<\/p><\/div>\n<p> [\/vc_column_text][vc_btn title=&#8220;Beratung anfordern&#8220; style=&#8220;custom&#8220; custom_background=&#8220;#81d742&#8243; custom_text=&#8220;#ffffff&#8220; align=&#8220;center&#8220; el_class=&#8220;js-inquiry-toggle js-modal-callmeback&#8220;][\/vc_column_inner][vc_column_inner width=&#8220;1\/4&#8243;][\/vc_column_inner][\/vc_row_inner][\/vc_column][\/vc_row]<\/p>\n","protected":false},"excerpt":{"rendered":"<p>[vc_row full_width=&#8220;stretch_row_content_no_spaces&#8220;][vc_column][vc_empty_space height=&#8220;52px&#8220;][vc_custom_heading text=&#8220;HYPOTHEKENKREDIT&#8220; font_container=&#8220;tag:h1|text_align:center&#8220;][vc_empty_space height=&#8220;52px&#8220;][vc_row_inner css=&#8220;.vc_custom_1654155606352{margin-right: 30px !important;margin-left: 30px !important;}&#8220;][vc_column_inner width=&#8220;1\/2&#8243; css=&#8220;.vc_custom_1654155648058{padding-right: 50px !important;padding-left: 50px !important;}&#8220;][vc_column_text] Der Traum vom Kauf einer Immobilie in der T\u00fcrkei ist heute f\u00fcr die meisten B\u00fcrger aus dem Ausland in greifbare N\u00e4he ger\u00fcckt. Der attraktivste Aspekt f\u00fcr ausl\u00e4ndische Investoren war die M\u00f6glichkeit, nach dem Erwerb einer Immobilie eine Aufenthaltsgenehmigung [&hellip;]<\/p>\n","protected":false},"author":5,"featured_media":0,"parent":0,"menu_order":0,"comment_status":"closed","ping_status":"closed","template":"","meta":{"inline_featured_image":false,"footnotes":""},"class_list":["post-7624","page","type-page","status-publish","hentry"],"_links":{"self":[{"href":"https:\/\/bestinvest.com.tr\/de\/wp-json\/wp\/v2\/pages\/7624","targetHints":{"allow":["GET"]}}],"collection":[{"href":"https:\/\/bestinvest.com.tr\/de\/wp-json\/wp\/v2\/pages"}],"about":[{"href":"https:\/\/bestinvest.com.tr\/de\/wp-json\/wp\/v2\/types\/page"}],"author":[{"embeddable":true,"href":"https:\/\/bestinvest.com.tr\/de\/wp-json\/wp\/v2\/users\/5"}],"replies":[{"embeddable":true,"href":"https:\/\/bestinvest.com.tr\/de\/wp-json\/wp\/v2\/comments?post=7624"}],"version-history":[{"count":0,"href":"https:\/\/bestinvest.com.tr\/de\/wp-json\/wp\/v2\/pages\/7624\/revisions"}],"wp:attachment":[{"href":"https:\/\/bestinvest.com.tr\/de\/wp-json\/wp\/v2\/media?parent=7624"}],"curies":[{"name":"wp","href":"https:\/\/api.w.org\/{rel}","templated":true}]}}