{"id":7629,"date":"2022-06-02T18:23:39","date_gmt":"2022-06-02T18:23:39","guid":{"rendered":"https:\/\/bestinvest.com.tr\/?page_id=7629"},"modified":"2026-02-05T11:24:04","modified_gmt":"2026-02-05T11:24:04","slug":"%d0%be%d1%84%d0%be%d1%80%d0%bc%d0%bb%d0%b5%d0%bd%d0%b8%d0%b5-%d0%b2%d0%b8%d0%b4%d0%b0-%d0%bd%d0%b0-%d0%b6%d0%b8%d1%82%d0%b5%d0%bb%d1%8c%d1%81%d1%82%d0%b2%d0%be","status":"publish","type":"page","link":"https:\/\/bestinvest.com.tr\/de\/%d0%be%d1%84%d0%be%d1%80%d0%bc%d0%bb%d0%b5%d0%bd%d0%b8%d0%b5-%d0%b2%d0%b8%d0%b4%d0%b0-%d0%bd%d0%b0-%d0%b6%d0%b8%d1%82%d0%b5%d0%bb%d1%8c%d1%81%d1%82%d0%b2%d0%be\/","title":{"rendered":"Registrierung einer Aufenthaltsgenehmigung"},"content":{"rendered":"<p>[vc_row full_width=&#8220;stretch_row_content_no_spaces&#8220; equal_height=&#8220;yes&#8220; content_placement=&#8220;middle&#8220;][vc_column width=&#8220;1\/5&#8243;][\/vc_column][vc_column width=&#8220;1\/5&#8243;][vc_empty_space height=&#8220;52px&#8220;][vc_btn title=&#8220;Aufenthaltsgenehmigung und Staatsb\u00fcrgerschaft in Nordzypern&#8220; style=&#8220;3d&#8220; color=&#8220;green&#8220; size=&#8220;lg&#8220; align=&#8220;center&#8220; link=&#8220;url:https%3A%2F%2Fbestinvest.com.tr%2Fresidency-citizenship-in-trnc%2F&#8220;][\/vc_column][vc_column width=&#8220;1\/5&#8243;][vc_empty_space height=&#8220;52px&#8220;][vc_btn title=&#8220;Aufenthaltsrecht und Staatsb\u00fcrgerschaft in der Republik Zypern&#8220; style=&#8220;3d&#8220; color=&#8220;green&#8220; size=&#8220;lg&#8220; align=&#8220;center&#8220; link=&#8220;url:https%3A%2F%2Fbestinvest.com.tr%2Fresidency-citizenship-in-the-republic-of-cyprus%2F&#8220;][\/vc_column][vc_column width=&#8220;1\/5&#8243;][vc_empty_space height=&#8220;52px&#8220;][vc_btn title=&#8220;Staatsb\u00fcrgerschaft durch Investition in der T\u00fcrkei&#8220; style=&#8220;3d&#8220; color=&#8220;green&#8220; size=&#8220;lg&#8220; align=&#8220;center&#8220; link=&#8220;url:https%3A%2F%2Fbestinvest.com.tr%2F%25d1%2580%25d1%2583%25d1%2581%25d1%2581%25d0%25ba%25d0%25b8%25d0%25b9-%25d0%25b3%25d1%2580%25d0%25b0%25d0%25b6%25d0%25b4%25d0%25b0%25d0%25bd%25d1%2581%25d1%2582%25d0%25b2%25d0%25be-%25d0%25b2-%25d1%2582%25d1%2583%25d1%2580%25d1%2586%25d0%25b8%25d0%25b8-%25d0%25b7%25d0%25b0-%25d0%25b8%25d0%25bd%25d0%25b2%25d0%25b5%25d1%2581%2F&#8220;][\/vc_column][vc_column width=&#8220;1\/5&#8243;][\/vc_column][\/vc_row][vc_row full_width=&#8220;stretch_row_content_no_spaces&#8220;][vc_column][vc_empty_space height=&#8220;52px&#8220;][vc_custom_heading text=&#8220;Registrierung einer Aufenthaltsgenehmigung in der T\u00fcrkei&#8220; font_container=&#8220;tag:h1|text_align:center&#8220;][vc_empty_space height=&#8220;52px&#8220;][vc_row_inner css=&#8220;.vc_custom_1654155606352{margin-right: 30px !important;margin-left: 30px !important;}&#8220;][vc_column_inner width=&#8220;1\/2&#8243; css=&#8220;.vc_custom_1654155648058{padding-right: 50px !important;padding-left: 50px !important;}&#8220;][vc_column_text]<\/p>\n<p>In der T\u00fcrkei leben zahlreiche ausl\u00e4ndische Staatsb\u00fcrger, darunter sowohl Einwohner aus dem Nahen Osten als auch Ausl\u00e4nder, die aus Ost- und Westeuropa sowie den GUS-Staaten hierher gekommen sind. Russen, Ukrainer, Wei\u00dfrussen, Kasachen und andere Nationen lieben die T\u00fcrkei nicht nur als Ort der Erholung, sondern w\u00e4hlen sie auch als dauerhaften Wohnsitz.<\/p>\n<p>Dank der aktiv wachsenden Nachfrage von Ausl\u00e4ndern geh\u00f6rt die Republik T\u00fcrkei heute zu den zehn beliebtesten L\u00e4ndern der Welt f\u00fcr den Kauf von liquiden Immobilien. Wie in jedem anderen Land ben\u00f6tigen Sie auch in der T\u00fcrkei eine Aufenthaltsgenehmigung oder Ikamet, um dort langfristig leben zu k\u00f6nnen. Die Standardg\u00fcltigkeit einer Aufenthaltsgenehmigung betr\u00e4gt 1-2 Jahre und kann unbegrenzt oft verl\u00e4ngert werden.<\/p>\n<p>Die Gr\u00fcnde f\u00fcr die Erteilung einer Aufenthaltsgenehmigung in der T\u00fcrkei k\u00f6nnen unterschiedlich sein (Heirat, Studium, Gesch\u00e4ft, Arbeit usw.), aber einer der beliebtesten Gr\u00fcnde in den letzten Jahren war die Investition in Immobilien.<\/p>\n<p>Tats\u00e4chlich ist der Erhalt einer Aufenthaltsgenehmigung eine nat\u00fcrliche Folge des Kaufs einer Immobilie. Es ist wichtig zu wissen, dass eine Aufenthaltsgenehmigung nur ausgestellt wird, wenn ein TAPU vorliegt \u2013 ein Dokument, das das Recht auf Eigentum an einer Immobilie best\u00e4tigt. <strong>Liste der Dokumente f\u00fcr den Erhalt einer Aufenthaltsgenehmigung auf der Grundlage des Kaufs einer Immobilie:<\/strong><\/p>\n<p>\u2013 Antragsformular \u2013 4 Fotos \u2013 Reisepass, Fotokopie des Reisepasses (Seiten mit pers\u00f6nlichen Daten, Fotos, Daten und die Seite, auf der der letzte Einreise in die T\u00fcrkei abgestempelt ist) \u2013 Fotokopie des TAPU f\u00fcr Immobilienbesitzer in der T\u00fcrkei oder Mietvertrag \u2013 Dokument des Katasterausschusses, das die G\u00fcltigkeit einer Kopie des TAPU zum Zeitpunkt der Einreichung der Dokumente best\u00e4tigt<br \/>\n\u2013 J\u00e4hrliche Erdbebenversicherung (DASK) \u2013 Ein Auszug aus einem Bankkonto oder eine Quittung einer Wechselstube \u00fcber den Umtausch des erforderlichen Betrags (f\u00fcr jeden Monat des Aufenthalts m\u00fcssen Sie mindestens 500 USD angeben) \u2013 Krankenversicherung, ausgestellt in der T\u00fcrkei und die die Anforderungen f\u00fcr die Erlangung einer Aufenthaltsgenehmigung erf\u00fcllt[\/vc_column_text][vc_btn title=&#8220;Immobilien f\u00fcr \u0130kamet&#8220; style=&#8220;3d&#8220; color=&#8220;green&#8220; size=&#8220;lg&#8220; align=&#8220;center&#8220; button_block=&#8220;true&#8220; link=&#8220;url:https%3A%2F%2Fbestinvest.com.tr%2Ftags%2Fsuitable-for-residence%2F&#8220;][vc_btn title=&#8220;Weitere Informationen&#8220; style=&#8220;3d&#8220; color=&#8220;sky&#8220; size=&#8220;lg&#8220; align=&#8220;center&#8220; button_block=&#8220;true&#8220; el_class=&#8220;js-inquiry-toggle js-modal-callmeback&#8220;][\/vc_column_inner][vc_column_inner width=&#8220;1\/2&#8243;][vc_single_image image=&#8220;7630&#8243; img_size=&#8220;full&#8220; alignment=&#8220;center&#8220; css_animation=&#8220;fadeInDown&#8220;][\/vc_column_inner][\/vc_row_inner][\/vc_column][\/vc_row][vc_row full_width=&#8220;stretch_row_content_no_spaces&#8220; css=&#8220;.vc_custom_1654192034425{background-color: #252c40 !important;}&#8220; el_class=&#8220;clean-wc-row&#8220;][vc_column][vc_row_inner][vc_column_inner width=&#8220;1\/3&#8243;][vc_single_image image=&#8220;7631&#8243; img_size=&#8220;full&#8220;][\/vc_column_inner][vc_column_inner el_class=&#8220;text-white&#8220; width=&#8220;1\/3&#8243; css=&#8220;.vc_custom_1654241876727{border-right-width: 10px !important;padding-left: 10px !important;border-right-color: #e8e8e8 !important;}&#8220;][vc_column_text] &nbsp; Die lizenzierte Immobilienagentur BEST INVEST bietet ihren Kunden umfassende Unterst\u00fctzung in allen Phasen der Auswahl und des Kaufs von Immobilien, einschlie\u00dflich der Beantragung einer TAPU in der T\u00fcrkei und einer Aufenthaltsgenehmigung.<\/p>\n<p>Wir beraten und helfen Ihnen, alle Phasen der Immobilienregistrierung in der T\u00fcrkei korrekt zu durchlaufen, das Verfahren zur elektronischen Beantragung einer ikamet auf der Website zu durchlaufen sowie aktuelle Dokumente f\u00fcr einen Termin bei der Migrationsbeh\u00f6rde vorzubereiten und Geb\u00fchren zu bezahlen. Die Frist f\u00fcr die Erlangung einer Aufenthaltsgenehmigung in der T\u00fcrkei f\u00fcr Immobilienbesitzer betr\u00e4gt etwa zwei Wochen.<\/p>\n<p>Absolut jeder Immobilienbesitzer in der T\u00fcrkei hat die M\u00f6glichkeit, eine Aufenthaltsgenehmigung zu erhalten. [\/vc_column_text][\/vc_column_inner][vc_column_inner width=&#8220;1\/3&#8243; css=&#8220;.vc_custom_1654170921454{margin-top: 90px !important;margin-bottom: 90px !important;}&#8220;][vc_single_image image=&#8220;7552&#8243; img_size=&#8220;full&#8220; alignment=&#8220;center&#8220; css_animation=&#8220;fadeInUp&#8220;][\/vc_column_inner][\/vc_row_inner][\/vc_column][\/vc_row][vc_row full_width=&#8220;stretch_row_content_no_spaces&#8220; css=&#8220;.vc_custom_1654191803373{background-color: #eaebed !important;}&#8220;][vc_column][vc_column_text css=&#8220;.vc_custom_1660560246285{margin-right: 50px !important;margin-left: 50px !important;}&#8220;] <\/p>\n<h4 style=\"text-align: center;\">Die Spezialisten von BEST INVEST helfen ihren Kunden gerne weiter, bitte kontaktieren Sie uns!<\/h4>\n<p>[\/vc_column_text][\/vc_column][\/vc_row][vc_row full_width=&#8220;stretch_row_content_no_spaces&#8220; css=&#8220;.vc_custom_1654172078680{background-image: url(https:\/\/bestinvest.com.tr\/wp-content\/uploads\/2022\/06\/fon.jpg?id=7591) !important;}&#8220; el_class=&#8220;asking-row&#8220;][vc_column width=&#8220;1\/4&#8243;][vc_empty_space][\/vc_column][vc_column width=&#8220;3\/4&#8243;][vc_row_inner][vc_column_inner width=&#8220;1\/4&#8243;][\/vc_column_inner][vc_column_inner width=&#8220;1\/2&#8243;][vc_column_text]Haben Sie noch Fragen zum Kauf einer Immobilie in der T\u00fcrkei? Hinterlassen Sie Ihre Kontaktdaten und unser Manager wird sich in K\u00fcrze mit Ihnen in Verbindung setzen.<\/p>\n<p>[\/vc_column_text][vc_btn title=&#8220;Beratung anfordern&#8220; style=&#8220;custom&#8220; custom_background=&#8220;#81d742&#8243; custom_text=&#8220;#ffffff&#8220; align=&#8220;center&#8220; el_class=&#8220;js-inquiry-toggle js-modal-callmeback&#8220;][\/vc_column_inner][vc_column_inner width=&#8220;1\/4&#8243;][\/vc_column_inner][\/vc_row_inner][\/vc_column][\/vc_row]<\/p>\n","protected":false},"excerpt":{"rendered":"<p>[vc_row full_width=&#8220;stretch_row_content_no_spaces&#8220; equal_height=&#8220;yes&#8220; content_placement=&#8220;middle&#8220;][vc_column width=&#8220;1\/5&#8243;][\/vc_column][vc_column width=&#8220;1\/5&#8243;][vc_empty_space height=&#8220;52px&#8220;][vc_btn title=&#8220;Aufenthaltsgenehmigung und Staatsb\u00fcrgerschaft in Nordzypern&#8220; style=&#8220;3d&#8220; color=&#8220;green&#8220; size=&#8220;lg&#8220; align=&#8220;center&#8220; link=&#8220;url:https%3A%2F%2Fbestinvest.com.tr%2Fresidency-citizenship-in-trnc%2F&#8220;][\/vc_column][vc_column width=&#8220;1\/5&#8243;][vc_empty_space height=&#8220;52px&#8220;][vc_btn title=&#8220;Aufenthaltsrecht und Staatsb\u00fcrgerschaft in der Republik Zypern&#8220; style=&#8220;3d&#8220; color=&#8220;green&#8220; size=&#8220;lg&#8220; align=&#8220;center&#8220; link=&#8220;url:https%3A%2F%2Fbestinvest.com.tr%2Fresidency-citizenship-in-the-republic-of-cyprus%2F&#8220;][\/vc_column][vc_column width=&#8220;1\/5&#8243;][vc_empty_space height=&#8220;52px&#8220;][vc_btn title=&#8220;Staatsb\u00fcrgerschaft durch Investition in der T\u00fcrkei&#8220; style=&#8220;3d&#8220; color=&#8220;green&#8220; size=&#8220;lg&#8220; align=&#8220;center&#8220; link=&#8220;url:https%3A%2F%2Fbestinvest.com.tr%2F%25d1%2580%25d1%2583%25d1%2581%25d1%2581%25d0%25ba%25d0%25b8%25d0%25b9-%25d0%25b3%25d1%2580%25d0%25b0%25d0%25b6%25d0%25b4%25d0%25b0%25d0%25bd%25d1%2581%25d1%2582%25d0%25b2%25d0%25be-%25d0%25b2-%25d1%2582%25d1%2583%25d1%2580%25d1%2586%25d0%25b8%25d0%25b8-%25d0%25b7%25d0%25b0-%25d0%25b8%25d0%25bd%25d0%25b2%25d0%25b5%25d1%2581%2F&#8220;][\/vc_column][vc_column width=&#8220;1\/5&#8243;][\/vc_column][\/vc_row][vc_row full_width=&#8220;stretch_row_content_no_spaces&#8220;][vc_column][vc_empty_space height=&#8220;52px&#8220;][vc_custom_heading text=&#8220;Registrierung einer Aufenthaltsgenehmigung in der T\u00fcrkei&#8220; font_container=&#8220;tag:h1|text_align:center&#8220;][vc_empty_space height=&#8220;52px&#8220;][vc_row_inner [&hellip;]<\/p>\n","protected":false},"author":5,"featured_media":0,"parent":0,"menu_order":0,"comment_status":"closed","ping_status":"closed","template":"","meta":{"inline_featured_image":false,"footnotes":""},"class_list":["post-7629","page","type-page","status-publish","hentry"],"_links":{"self":[{"href":"https:\/\/bestinvest.com.tr\/de\/wp-json\/wp\/v2\/pages\/7629","targetHints":{"allow":["GET"]}}],"collection":[{"href":"https:\/\/bestinvest.com.tr\/de\/wp-json\/wp\/v2\/pages"}],"about":[{"href":"https:\/\/bestinvest.com.tr\/de\/wp-json\/wp\/v2\/types\/page"}],"author":[{"embeddable":true,"href":"https:\/\/bestinvest.com.tr\/de\/wp-json\/wp\/v2\/users\/5"}],"replies":[{"embeddable":true,"href":"https:\/\/bestinvest.com.tr\/de\/wp-json\/wp\/v2\/comments?post=7629"}],"version-history":[{"count":0,"href":"https:\/\/bestinvest.com.tr\/de\/wp-json\/wp\/v2\/pages\/7629\/revisions"}],"wp:attachment":[{"href":"https:\/\/bestinvest.com.tr\/de\/wp-json\/wp\/v2\/media?parent=7629"}],"curies":[{"name":"wp","href":"https:\/\/api.w.org\/{rel}","templated":true}]}}