{"id":7633,"date":"2022-06-02T18:29:05","date_gmt":"2022-06-02T18:29:05","guid":{"rendered":"https:\/\/bestinvest.com.tr\/?page_id=7633"},"modified":"2026-02-05T11:23:50","modified_gmt":"2026-02-05T11:23:50","slug":"%d0%be%d1%84%d0%be%d1%80%d0%bc%d0%bb%d0%b5%d0%bd%d0%b8%d0%b5-%d0%bf%d1%80%d0%b0%d0%b2-%d1%81%d0%be%d0%b1%d1%81%d1%82%d0%b2%d0%b5%d0%bd%d0%bd%d0%be%d1%81%d1%82%d0%b8-%d0%bd%d0%b0-%d0%bd%d0%b5%d0%b4","status":"publish","type":"page","link":"https:\/\/bestinvest.com.tr\/de\/%d0%be%d1%84%d0%be%d1%80%d0%bc%d0%bb%d0%b5%d0%bd%d0%b8%d0%b5-%d0%bf%d1%80%d0%b0%d0%b2-%d1%81%d0%be%d0%b1%d1%81%d1%82%d0%b2%d0%b5%d0%bd%d0%bd%d0%be%d1%81%d1%82%d0%b8-%d0%bd%d0%b0-%d0%bd%d0%b5%d0%b4\/","title":{"rendered":"EINTRAGUNG DES EIGENTUMS AN IMMOBILIEN (TAPU)"},"content":{"rendered":"<p>[vc_row full_width=&#8220;stretch_row_content_no_spaces&#8220;][vc_column][vc_empty_space height=&#8220;52px&#8220;][vc_custom_heading text=&#8220;EINTRAGUNG DES EIGENTUMS AN IMMOBILIEN (TAPU)&#8220; font_container=&#8220;tag:h1|text_align:center&#8220;][vc_empty_space height=&#8220;52px&#8220;][vc_row_inner css=&#8220;.vc_custom_1654155606352{margin-right: 30px !important;margin-left: 30px !important;}&#8220;][vc_column_inner width=&#8220;1\/2&#8243; css=&#8220;.vc_custom_1654155648058{padding-right: 50px !important;padding-left: 50px !important;}&#8220;][vc_column_text]TAPU ist in der T\u00fcrkei das einzige Dokument, das das uneingeschr\u00e4nkte und zeitlich unbegrenzte Eigentumsrecht sowohl von einheimischen als auch von ausl\u00e4ndischen B\u00fcrgern bescheinigt.<\/p>\n<p>Tapu wird gem\u00e4\u00df dem Titelsystem f\u00fcr die Registrierung von Rechten an Wohn- und Gewerbefl\u00e4chen beim Katasteramt am Standort der erworbenen Immobilie registriert. Der Verk\u00e4ufer und der K\u00e4ufer unterzeichnen ein Dokument \u00fcber das Nichtvorliegen von Anspr\u00fcchen auf die Immobilie, woraufhin das Eigentumsrecht \u00fcbertragen, der neue Eigent\u00fcmer in das Katasterbuch eingetragen und TAPU ausgestellt wird.<\/p>\n<p>Der neue Eigent\u00fcmer kann die Eigentumsurkunde pers\u00f6nlich oder durch eine notariell beglaubigte Vollmacht, die an einen Treuh\u00e4nder oder Vertreter einer Immobilienagentur ausgestellt wurde, entgegennehmen. Nach Erhalt des TAPU kann der neue Eigent\u00fcmer <a href=\"https:\/\/bestinvest.com.tr\/%d0%be%d1%84%d0%be%d1%80%d0%bc%d0%bb%d0%b5%d0%bd%d0%b8%d0%b5-%d1%81%d1%87%d0%b5%d1%82%d1%87%d0%b8%d0%ba%d0%be%d0%b2-%d0%bd%d0%b0-%d1%8d%d0%bb%d0%b5%d0%ba%d1%82%d1%80%d0%b8%d1%87%d0%b5%d1%81%d1%82\/\">Wasser- und Stromanschl\u00fcsse<\/a> f\u00fcr einen komfortablen Aufenthalt mit allen notwendigen Haushaltsgegenst\u00e4nden.<\/p>\n<p>Der Eigent\u00fcmer kann sowohl eine nat\u00fcrliche als auch eine juristische Person, ein B\u00fcrger jeden Alters oder eine Gruppe von bis zu 10 Personen sein. Neben einer Wohnung oder einem Haus geht auch das Grundst\u00fcck unter dem Geb\u00e4ude in den Besitz \u00fcber. [\/vc_column_text][\/vc_column_inner][vc_column_inner width=&#8220;1\/2&#8243;][vc_single_image image=&#8220;7634&#8243; img_size=&#8220;full&#8220; alignment=&#8220;center&#8220; css_animation=&#8220;fadeInDown&#8220;][\/vc_column_inner][\/vc_row_inner][\/vc_column][\/vc_row][vc_row full_width=&#8220;stretch_row_content_no_spaces&#8220; css=&#8220;.vc_custom_1654192034425{background-color: #252c40 !important;}&#8220; el_class=&#8220;clean-wc-row&#8220;][vc_column][vc_row_inner][vc_column_inner width=&#8220;1\/3&#8243;][vc_single_image image=&#8220;7635&#8243; img_size=&#8220;full&#8220;][\/vc_column_inner][vc_column_inner el_class=&#8220;text-white&#8220; width=&#8220;1\/3&#8243; css=&#8220;.vc_custom_1654241995786{border-right-width: 10px !important;padding-left: 10px !important;border-right-color: #e8e8e8 !important;}&#8220;][vc_column_text] <\/p>\n<div style=\"font-size: 15px;\"> &nbsp; &nbsp;<\/p>\n<p>Die lizenzierte Immobilienagentur BEST INVEST bietet Ihnen im Rahmen einer Immobilienkauf- und -verkaufstransaktion eine umfassende Palette professioneller Dienstleistungen f\u00fcr die TAPU in der T\u00fcrkei: <\/p>\n<ul>\n<li>Vorbereitung eines Pakets von Dokumenten, die f\u00fcr die Einreichung beim Katasteramt erforderlich sind, und Einreichung im Namen des K\u00e4ufers.\n<li>Sicherstellung der Rechtm\u00e4\u00dfigkeit des Verfahrens (Anwesenheit eines vereidigten \u00dcbersetzers).<\/li>\n<li>Zahlung der staatlichen Steuern und Abgaben.<\/li>\n<li>Erhalt der TAPU per Vollmacht und \u00dcbertragung an den neuen Eigent\u00fcmer, den Kunden unseres Unternehmens.<\/li>\n<\/ul>\n<p> Bei Verlust der TAPU k\u00f6nnen wir Ihnen helfen, diese innerhalb eines Werktags wiederherzustellen. In der Regel dauert die Ausstellung einer Eigentumsbescheinigung f\u00fcr Immobilien etwa 1 bis 15 Tage, und BEST INVEST hilft Ihnen gerne dabei, das Verfahren schnell und ohne Risiken abzuschlie\u00dfen. <\/p><\/div>\n<p> [\/vc_column_text][\/vc_column_inner][vc_column_inner width=&#8220;1\/3&#8243; css=&#8220;.vc_custom_1654170921454{margin-top: 90px !important;margin-bottom: 90px !important;}&#8220;][vc_single_image image=&#8220;7552&#8243; img_size=&#8220;full&#8220; alignment=&#8220;center&#8220; css_animation=&#8220;fadeInUp&#8220;][\/vc_column_inner][\/vc_row_inner][\/vc_column][\/vc_row][vc_row full_width=&#8220;stretch_row_content_no_spaces&#8220; css=&#8220;.vc_custom_1654172078680{background-image: url(https:\/\/bestinvest.com.tr\/wp-content\/uploads\/2022\/06\/fon.jpg?id=7591) !important;}&#8220; el_class=&#8220;asking-row&#8220;][vc_column width=&#8220;1\/4&#8243;][vc_empty_space][\/vc_column][vc_column width=&#8220;3\/4&#8243;][vc_row_inner][vc_column_inner width=&#8220;1\/4&#8243;][\/vc_column_inner][vc_column_inner width=&#8220;1\/2&#8243;][vc_column_text] <\/p>\n<div style=\"color: #fff;\">\n<p class=\"title\">Haben Sie noch Fragen zum Kauf einer Immobilie in der T\u00fcrkei?<\/p>\n<p class=\"title\">Hinterlassen Sie Ihre Kontaktdaten und unser Manager wird sich in K\u00fcrze mit Ihnen in Verbindung setzen. <\/p>\n<\/p><\/div>\n<p> [\/vc_column_text][vc_btn title=&#8220;Beratung anfordern&#8220; style=&#8220;custom&#8220; custom_background=&#8220;#81d742&#8243; custom_text=&#8220;#ffffff&#8220; align=&#8220;center&#8220; el_class=&#8220;js-inquiry-toggle js-modal-callmeback&#8220;][\/vc_column_inner][vc_column_inner width=&#8220;1\/4&#8243;][\/vc_column_inner][\/vc_row_inner][\/vc_column][\/vc_row]<\/p>\n","protected":false},"excerpt":{"rendered":"<p>[vc_row full_width=&#8220;stretch_row_content_no_spaces&#8220;][vc_column][vc_empty_space height=&#8220;52px&#8220;][vc_custom_heading text=&#8220;EINTRAGUNG DES EIGENTUMS AN IMMOBILIEN (TAPU)&#8220; font_container=&#8220;tag:h1|text_align:center&#8220;][vc_empty_space height=&#8220;52px&#8220;][vc_row_inner css=&#8220;.vc_custom_1654155606352{margin-right: 30px !important;margin-left: 30px !important;}&#8220;][vc_column_inner width=&#8220;1\/2&#8243; css=&#8220;.vc_custom_1654155648058{padding-right: 50px !important;padding-left: 50px !important;}&#8220;][vc_column_text]TAPU ist in der T\u00fcrkei das einzige Dokument, das das uneingeschr\u00e4nkte und zeitlich unbegrenzte Eigentumsrecht sowohl von einheimischen als auch von ausl\u00e4ndischen B\u00fcrgern bescheinigt. Tapu wird gem\u00e4\u00df dem Titelsystem f\u00fcr die Registrierung von Rechten [&hellip;]<\/p>\n","protected":false},"author":5,"featured_media":0,"parent":0,"menu_order":0,"comment_status":"closed","ping_status":"closed","template":"","meta":{"inline_featured_image":false,"footnotes":""},"class_list":["post-7633","page","type-page","status-publish","hentry"],"_links":{"self":[{"href":"https:\/\/bestinvest.com.tr\/de\/wp-json\/wp\/v2\/pages\/7633","targetHints":{"allow":["GET"]}}],"collection":[{"href":"https:\/\/bestinvest.com.tr\/de\/wp-json\/wp\/v2\/pages"}],"about":[{"href":"https:\/\/bestinvest.com.tr\/de\/wp-json\/wp\/v2\/types\/page"}],"author":[{"embeddable":true,"href":"https:\/\/bestinvest.com.tr\/de\/wp-json\/wp\/v2\/users\/5"}],"replies":[{"embeddable":true,"href":"https:\/\/bestinvest.com.tr\/de\/wp-json\/wp\/v2\/comments?post=7633"}],"version-history":[{"count":0,"href":"https:\/\/bestinvest.com.tr\/de\/wp-json\/wp\/v2\/pages\/7633\/revisions"}],"wp:attachment":[{"href":"https:\/\/bestinvest.com.tr\/de\/wp-json\/wp\/v2\/media?parent=7633"}],"curies":[{"name":"wp","href":"https:\/\/api.w.org\/{rel}","templated":true}]}}