{"id":7647,"date":"2022-06-03T07:49:29","date_gmt":"2022-06-03T07:49:29","guid":{"rendered":"https:\/\/bestinvest.com.tr\/?page_id=7647"},"modified":"2026-02-05T11:23:37","modified_gmt":"2026-02-05T11:23:37","slug":"%d0%be%d1%84%d0%be%d1%80%d0%bc%d0%bb%d0%b5%d0%bd%d0%b8%d0%b5-%d1%81%d1%87%d0%b5%d1%82%d1%87%d0%b8%d0%ba%d0%be%d0%b2-%d0%bd%d0%b0-%d1%8d%d0%bb%d0%b5%d0%ba%d1%82%d1%80%d0%b8%d1%87%d0%b5%d1%81%d1%82","status":"publish","type":"page","link":"https:\/\/bestinvest.com.tr\/de\/%d0%be%d1%84%d0%be%d1%80%d0%bc%d0%bb%d0%b5%d0%bd%d0%b8%d0%b5-%d1%81%d1%87%d0%b5%d1%82%d1%87%d0%b8%d0%ba%d0%be%d0%b2-%d0%bd%d0%b0-%d1%8d%d0%bb%d0%b5%d0%ba%d1%82%d1%80%d0%b8%d1%87%d0%b5%d1%81%d1%82\/","title":{"rendered":"REGISTRIERUNG VON Z\u00c4HLERN F\u00dcR STROM UND WASSER"},"content":{"rendered":"<p>[vc_row full_width=&#8220;stretch_row_content_no_spaces&#8220;][vc_column][vc_empty_space height=&#8220;52px&#8220;][vc_custom_heading text=&#8220;REGISTRIERUNG VON STROM- UND WASSERZ\u00c4HLERN&#8220; font_container=&#8220;tag:h1|text_align:center&#8220;][vc_empty_space height=&#8220;52px&#8220;][vc_row_inner css=&#8220;.vc_custom_1654155606352{margin-right: 30px !important;margin-left: 30px !important;}&#8220;][vc_column_inner width=&#8220;1\/2&#8243; css=&#8220;.vc_custom_1654155648058{padding-right: 50px !important;padding-left: 50px !important;}&#8220;][vc_column_text]Nach dem Kauf einer Immobilie in der T\u00fcrkei hat der Eigent\u00fcmer eine Reihe von Fragen zum Wohnsitz, die er sofort nach Erhalt des Eigentums kl\u00e4ren muss. In der Republik T\u00fcrkei sind Wohnungen und H\u00e4user ebenso wie in anderen europ\u00e4ischen L\u00e4ndern mit allen notwendigen modernen Haushaltsger\u00e4ten, Beleuchtungsanlagen und einem Wasserversorgungssystem ausgestattet. Daher muss ein ausl\u00e4ndischer Staatsb\u00fcrger einen Wasser- und Stromanschluss beantragen, um die f\u00fcr einen komfortablen Aufenthalt notwendigen Dienstleistungen in Anspruch nehmen und diese p\u00fcnktlich bezahlen zu k\u00f6nnen.<\/p>\n<p>Nach Erhalt des TAPU und <a href=\"https:\/\/bestinvest.com.tr\/%d0%be%d1%84%d0%be%d1%80%d0%bc%d0%bb%d0%b5%d0%bd%d0%b8%d0%b5-%d0%b8%d1%81%d0%ba%d0%b0%d0%bd%d0%b0\/\">Iskan<\/a> erhalten haben, sind die Spezialisten der Immobilienagentur BEST INVEST bereit, in Ihrem Namen Vertr\u00e4ge f\u00fcr die Strom- und Wasserversorgung im Rahmen des <a href=\"https:\/\/bestinvest.com.tr\/%d0%bf%d0%be%d1%81%d0%bb%d0%b5%d0%bf%d1%80%d0%be%d0%b4%d0%b0%d0%b6%d0%bd%d1%8b%d0%b9-%d1%81%d0%b5%d1%80%d0%b2%d0%b8%d1%81\/\">Kundendienstes<\/a>. Wir sprechen nicht nur flie\u00dfend T\u00fcrkisch, sondern kennen auch alle Feinheiten des bevorstehenden Verfahrens, sodass wir den Prozess so weit wie m\u00f6glich vereinfachen und Ihnen Zeit sparen k\u00f6nnen. <strong>Die Liste der angebotenen Dienstleistungen umfasst:<\/strong> <\/p>\n<ul>\n<li>Einholung von Dokumenten und Kontaktaufnahme mit einem Wasserversorger oder einem Energieunternehmen.\n<li>Unterzeichnung des Vertrags in Ihrem Namen und Durchf\u00fchrung der Zahlung.<\/li>\n<li>Treffen mit Mitarbeitern des Unternehmens, um die Z\u00e4hler anzuschlie\u00dfen und sicherzustellen, dass die R\u00e4umlichkeiten bereits am n\u00e4chsten Tag mit Strom und Wasser versorgt werden. <\/li>\n<\/ul>\n<p> Wir k\u00f6nnen Ihnen auch beim Anschluss von Internet und Telefon, bei der Auswahl des g\u00fcnstigsten Tarifs, bei der Unterzeichnung von Vertr\u00e4gen und bei der Bezahlung von Dienstleistungen helfen.[\/vc_column_text][\/vc_column_inner][vc_column_inner width=&#8220;1\/2&#8243;][vc_single_image image=&#8220;7648&#8243; img_size=&#8220;full&#8220; alignment=&#8220;center&#8220; css_animation=&#8220;fadeInDown&#8220;][\/vc_column_inner][\/vc_row_inner][\/vc_column][\/vc_row][vc_row full_width=&#8220;stretch_row_content_no_spaces&#8220; css=&#8220;.vc_custom_1654172078680{background-image: url(https:\/\/bestinvest.com.tr\/wp-content\/uploads\/2022\/06\/fon.jpg?id=7591) !important;}&#8220; el_class=&#8220;asking-row&#8220;][vc_column width=&#8220;1\/4&#8243;][vc_empty_space][\/vc_column][vc_column width=&#8220;3\/4&#8243;][vc_row_inner][vc_column_inner width=&#8220;1\/4&#8243;][\/vc_column_inner][vc_column_inner width=&#8220;1\/2&#8243;][vc_column_text] <\/p>\n<div style=\"color: #fff;\">\n<p class=\"title\">Haben Sie noch Fragen zum Kauf einer Immobilie in der T\u00fcrkei?<\/p>\n<p class=\"title\">Hinterlassen Sie Ihre Kontaktdaten und unser Manager wird sich in K\u00fcrze mit Ihnen in Verbindung setzen. <\/p>\n<\/p><\/div>\n<p> [\/vc_column_text][vc_btn title=&#8220;Beratung anfordern&#8220; style=&#8220;custom&#8220; custom_background=&#8220;#81d742&#8243; custom_text=&#8220;#ffffff&#8220; align=&#8220;center&#8220; el_class=&#8220;js-inquiry-toggle js-modal-callmeback&#8220;][\/vc_column_inner][vc_column_inner width=&#8220;1\/4&#8243;][\/vc_column_inner][\/vc_row_inner][\/vc_column][\/vc_row]<\/p>\n","protected":false},"excerpt":{"rendered":"<p>[vc_row full_width=&#8220;stretch_row_content_no_spaces&#8220;][vc_column][vc_empty_space height=&#8220;52px&#8220;][vc_custom_heading text=&#8220;REGISTRIERUNG VON STROM- UND WASSERZ\u00c4HLERN&#8220; font_container=&#8220;tag:h1|text_align:center&#8220;][vc_empty_space height=&#8220;52px&#8220;][vc_row_inner css=&#8220;.vc_custom_1654155606352{margin-right: 30px !important;margin-left: 30px !important;}&#8220;][vc_column_inner width=&#8220;1\/2&#8243; css=&#8220;.vc_custom_1654155648058{padding-right: 50px !important;padding-left: 50px !important;}&#8220;][vc_column_text]Nach dem Kauf einer Immobilie in der T\u00fcrkei hat der Eigent\u00fcmer eine Reihe von Fragen zum Wohnsitz, die er sofort nach Erhalt des Eigentums kl\u00e4ren muss. In der Republik T\u00fcrkei sind Wohnungen und H\u00e4user ebenso [&hellip;]<\/p>\n","protected":false},"author":5,"featured_media":0,"parent":0,"menu_order":0,"comment_status":"closed","ping_status":"closed","template":"","meta":{"inline_featured_image":false,"footnotes":""},"class_list":["post-7647","page","type-page","status-publish","hentry"],"_links":{"self":[{"href":"https:\/\/bestinvest.com.tr\/de\/wp-json\/wp\/v2\/pages\/7647","targetHints":{"allow":["GET"]}}],"collection":[{"href":"https:\/\/bestinvest.com.tr\/de\/wp-json\/wp\/v2\/pages"}],"about":[{"href":"https:\/\/bestinvest.com.tr\/de\/wp-json\/wp\/v2\/types\/page"}],"author":[{"embeddable":true,"href":"https:\/\/bestinvest.com.tr\/de\/wp-json\/wp\/v2\/users\/5"}],"replies":[{"embeddable":true,"href":"https:\/\/bestinvest.com.tr\/de\/wp-json\/wp\/v2\/comments?post=7647"}],"version-history":[{"count":0,"href":"https:\/\/bestinvest.com.tr\/de\/wp-json\/wp\/v2\/pages\/7647\/revisions"}],"wp:attachment":[{"href":"https:\/\/bestinvest.com.tr\/de\/wp-json\/wp\/v2\/media?parent=7647"}],"curies":[{"name":"wp","href":"https:\/\/api.w.org\/{rel}","templated":true}]}}