{"id":7650,"date":"2022-06-03T07:53:52","date_gmt":"2022-06-03T07:53:52","guid":{"rendered":"https:\/\/bestinvest.com.tr\/?page_id=7650"},"modified":"2026-02-05T11:23:24","modified_gmt":"2026-02-05T11:23:24","slug":"%d0%be%d1%84%d0%be%d1%80%d0%bc%d0%bb%d0%b5%d0%bd%d0%b8%d0%b5-%d0%b8%d1%81%d0%ba%d0%b0%d0%bd%d0%b0","status":"publish","type":"page","link":"https:\/\/bestinvest.com.tr\/de\/%d0%be%d1%84%d0%be%d1%80%d0%bc%d0%bb%d0%b5%d0%bd%d0%b8%d0%b5-%d0%b8%d1%81%d0%ba%d0%b0%d0%bd%d0%b0\/","title":{"rendered":"\u00dcBER ISKAN"},"content":{"rendered":"<p>[vc_row full_width=&#8220;stretch_row_content_no_spaces&#8220;][vc_column][vc_empty_space height=&#8220;52px&#8220;][vc_custom_heading text=&#8220;\u00dcBER ISKAN&#8220; font_container=&#8220;tag:h1|text_align:center&#8220;][vc_empty_space height=&#8220;52px&#8220;][vc_row_inner css=&#8220;.vc_custom_1654155606352{margin-right: 30px !important;margin-left: 30px !important;}&#8220;][vc_column_inner width=&#8220;1\/2&#8243; css=&#8220;.vc_custom_1654155648058{padding-right: 50px !important;padding-left: 50px !important;}&#8220;][vc_column_text]ISKAN in der T\u00fcrkei ist ein Vorgang, bei dem eine Wohnung oder ein Haus in Betrieb genommen wird und detaillierte technische Informationen \u00fcber das Objekt angegeben werden.<\/p>\n<p>In der Republik T\u00fcrkei gibt es zwei Arten von ISKAN: <\/p>\n<ul>\n<li>Genel ISKAN ist ein technischer Pass, der f\u00fcr das gesamte Geb\u00e4ude ausgestellt wird. Er erm\u00f6glicht die legale Nutzung des Geb\u00e4udes und wird vom Bautr\u00e4ger bei der Inbetriebnahme des Hauses beantragt. <\/li>\n<li>Ferdi ISKAN ist ein technischer Pass, der f\u00fcr jede einzelne Wohnung ausgestellt wird. Ein solcher Iskan wird nur einmal ausgestellt, und zwar an den ersten Eigent\u00fcmer der Wohnung. <\/li>\n<\/ul>\n<p> Iskan enth\u00e4lt alle technischen Daten \u00fcber die Wohnung (einschlie\u00dflich Adresse, Fl\u00e4che) und \u00fcber das gesamte Geb\u00e4ude. Das Dokument wird nach Erhalt eines TAPU (Eigentumsnachweis f\u00fcr Immobilien) ausgestellt. Die Kosten h\u00e4ngen von der Fl\u00e4che der Wohnung ab.<\/p>\n<p>Wir helfen Ihnen dabei, alle notwendigen Dokumente f\u00fcr die Beantragung eines technischen Passes f\u00fcr eine Wohnung zusammenzustellen und f\u00fchren alle weiteren Schritte professionell und effizient mit einer notariell beglaubigten Vollmacht durch, sodass Sie in kurzer Zeit einen fertigen Iskan in Ihren H\u00e4nden halten. Dar\u00fcber hinaus bieten wir Ihnen einen <a href=\"https:\/\/bestinvest.com.tr\/%d0%bf%d0%be%d1%81%d0%bb%d0%b5%d0%bf%d1%80%d0%be%d0%b4%d0%b0%d0%b6%d0%bd%d1%8b%d0%b9-%d1%81%d0%b5%d1%80%d0%b2%d0%b8%d1%81\/\">Kundendienst<\/a> f\u00fcr unsere Kunden an, um neuen Eigent\u00fcmern zu helfen, sich schnell an das Leben und Einleben in einem neuen Zuhause zu gew\u00f6hnen. <\/p>\n<h4>BEST INVEST ist ein zuverl\u00e4ssiger Freund und Helfer f\u00fcr seine Kunden!<\/h4>\n<p>[\/vc_column_text][\/vc_column_inner][vc_column_inner width=&#8220;1\/2&#8243;][vc_single_image image=&#8220;7651&#8243; img_size=&#8220;full&#8220; alignment=&#8220;center&#8220; css_animation=&#8220;fadeInDown&#8220;][\/vc_column_inner][\/vc_row_inner][\/vc_column][\/vc_row][vc_row full_width=&#8220;stretch_row_content_no_spaces&#8220; css=&#8220;.vc_custom_1654172078680{background-image: url(https:\/\/bestinvest.com.tr\/wp-content\/uploads\/2022\/06\/fon.jpg?id=7591) !important;}&#8220; el_class=&#8220;asking-row&#8220;][vc_column width=&#8220;1\/4&#8243;][vc_empty_space][\/vc_column][vc_column width=&#8220;3\/4&#8243;][vc_row_inner][vc_column_inner width=&#8220;1\/4&#8243;][\/vc_column_inner][vc_column_inner width=&#8220;1\/2&#8243;][vc_column_text] <\/p>\n<div style=\"color: #fff;\">\n<p class=\"title\">Haben Sie noch Fragen zum Kauf einer Immobilie in der T\u00fcrkei?<\/p>\n<p class=\"title\">Hinterlassen Sie Ihre Kontaktdaten und unser Manager wird sich in K\u00fcrze mit Ihnen in Verbindung setzen. <\/p>\n<\/p><\/div>\n<p> [\/vc_column_text][vc_btn title=&#8220;Beratung anfordern&#8220; style=&#8220;custom&#8220; custom_background=&#8220;#81d742&#8243; custom_text=&#8220;#ffffff&#8220; align=&#8220;center&#8220; el_class=&#8220;js-inquiry-toggle js-modal-callmeback&#8220;][\/vc_column_inner][vc_column_inner width=&#8220;1\/4&#8243;][\/vc_column_inner][\/vc_row_inner][\/vc_column][\/vc_row]<\/p>\n","protected":false},"excerpt":{"rendered":"<p>[vc_row full_width=&#8220;stretch_row_content_no_spaces&#8220;][vc_column][vc_empty_space height=&#8220;52px&#8220;][vc_custom_heading text=&#8220;\u00dcBER ISKAN&#8220; font_container=&#8220;tag:h1|text_align:center&#8220;][vc_empty_space height=&#8220;52px&#8220;][vc_row_inner css=&#8220;.vc_custom_1654155606352{margin-right: 30px !important;margin-left: 30px !important;}&#8220;][vc_column_inner width=&#8220;1\/2&#8243; css=&#8220;.vc_custom_1654155648058{padding-right: 50px !important;padding-left: 50px !important;}&#8220;][vc_column_text]ISKAN in der T\u00fcrkei ist ein Vorgang, bei dem eine Wohnung oder ein Haus in Betrieb genommen wird und detaillierte technische Informationen \u00fcber das Objekt angegeben werden. In der Republik T\u00fcrkei gibt es zwei Arten von ISKAN: Genel [&hellip;]<\/p>\n","protected":false},"author":5,"featured_media":0,"parent":0,"menu_order":0,"comment_status":"closed","ping_status":"closed","template":"","meta":{"inline_featured_image":false,"footnotes":""},"class_list":["post-7650","page","type-page","status-publish","hentry"],"_links":{"self":[{"href":"https:\/\/bestinvest.com.tr\/de\/wp-json\/wp\/v2\/pages\/7650","targetHints":{"allow":["GET"]}}],"collection":[{"href":"https:\/\/bestinvest.com.tr\/de\/wp-json\/wp\/v2\/pages"}],"about":[{"href":"https:\/\/bestinvest.com.tr\/de\/wp-json\/wp\/v2\/types\/page"}],"author":[{"embeddable":true,"href":"https:\/\/bestinvest.com.tr\/de\/wp-json\/wp\/v2\/users\/5"}],"replies":[{"embeddable":true,"href":"https:\/\/bestinvest.com.tr\/de\/wp-json\/wp\/v2\/comments?post=7650"}],"version-history":[{"count":0,"href":"https:\/\/bestinvest.com.tr\/de\/wp-json\/wp\/v2\/pages\/7650\/revisions"}],"wp:attachment":[{"href":"https:\/\/bestinvest.com.tr\/de\/wp-json\/wp\/v2\/media?parent=7650"}],"curies":[{"name":"wp","href":"https:\/\/api.w.org\/{rel}","templated":true}]}}