{"id":7653,"date":"2022-06-03T08:00:12","date_gmt":"2022-06-03T08:00:12","guid":{"rendered":"https:\/\/bestinvest.com.tr\/?page_id=7653"},"modified":"2026-02-05T11:21:19","modified_gmt":"2026-02-05T11:21:19","slug":"%d0%bf%d0%be%d1%81%d0%bb%d0%b5%d0%bf%d1%80%d0%be%d0%b4%d0%b0%d0%b6%d0%bd%d1%8b%d0%b9-%d1%81%d0%b5%d1%80%d0%b2%d0%b8%d1%81","status":"publish","type":"page","link":"https:\/\/bestinvest.com.tr\/de\/%d0%bf%d0%be%d1%81%d0%bb%d0%b5%d0%bf%d1%80%d0%be%d0%b4%d0%b0%d0%b6%d0%bd%d1%8b%d0%b9-%d1%81%d0%b5%d1%80%d0%b2%d0%b8%d1%81\/","title":{"rendered":"KUNDENDIENST"},"content":{"rendered":"<p>[vc_row full_width=&#8220;stretch_row_content_no_spaces&#8220;][vc_column][vc_empty_space height=&#8220;52px&#8220;][vc_custom_heading text=&#8220;KUNDENDIENST&#8220; font_container=&#8220;tag:h1|text_align:center&#8220;][vc_empty_space height=&#8220;52px&#8220;][vc_row_inner css=&#8220;.vc_custom_1654155606352{margin-right: 30px !important;margin-left: 30px !important;}&#8220;][vc_column_inner width=&#8220;1\/2&#8243; css=&#8220;.vc_custom_1654155648058{padding-right: 50px !important;padding-left: 50px !important;}&#8220;][vc_column_text] <\/p>\n<ul>\n<li>In der Regel ben\u00f6tigen Immobilienk\u00e4ufer in der T\u00fcrkei nicht nur Hilfe bei der <a href=\"https:\/\/bestinvest.com.tr\/%d0%bf%d1%80%d0%be%d1%86%d0%b5%d0%b4%d1%83%d1%80%d0%b0-%d0%bf%d0%be%d0%ba%d1%83%d0%bf%d0%ba%d0%b8-%d0%bd%d0%b5%d0%b4%d0%b2%d0%b8%d0%b6%d0%b8%d0%bc%d0%be%d1%81%d1%82%d0%b8-%d0%b2-%d1%82%d1%83%d1%80\/\">Kaufphase<\/a>, sondern auch bei der Eingew\u00f6hnung und dem Einleben in ein neues Zuhause. Wir wissen genau, wie wichtig es f\u00fcr unsere Kunden ist, in dieser Zeit umfassende Unterst\u00fctzung und vertrauensvolle Freundschaften zu haben, und wir m\u00f6chten Ihnen versichern, dass unsere Zusammenarbeit mit Ihnen nach Erhalt der TAPU nicht endet, sondern erst beginnt. Die Mitarbeiter der Firma BEST INVEST stehen jederzeit in Kontakt mit ihren Kunden und sind bereit, Ihnen zu helfen, Sie zu beraten und auch im Rahmen des Kundendienstes weiter mit Ihnen in Kontakt zu bleiben.\n<li>Selbst 5 Jahre nach dem Kauf k\u00f6nnen Sie uns anrufen und sich zu allen Fragen beraten lassen!<\/li>\n<\/ul>\n<h4><\/h4>\n<h4>Unser Kundendienst umfasst eine Reihe n\u00fctzlicher Optionen f\u00fcr Eigent\u00fcmer:<\/h4>\n<p> Vollst\u00e4ndige Verwaltung von Wohn- und Gewerbeimmobilien: Vorbereitung und Vermietung, Bereitstellung der notwendigen M\u00f6bel und Ger\u00e4te, Zahlung der damit verbundenen Kosten und vieles mehr.<\/p>\n<p>Bau von Villen auf einem vom K\u00e4ufer ausgew\u00e4hlten Grundst\u00fcck. Durchf\u00fchrung hochwertiger Reparaturarbeiten durch unser eigenes professionelles Team. Unterst\u00fctzung beim Abschluss von Vertr\u00e4gen f\u00fcr \u00f6ffentliche Dienstleistungen, Anschluss von Wasser, Strom, Internet, Telefon usw. Zahlung von Stromrechnungen, Steuern. Reinigungsservice. Registrierung von Versicherungen f\u00fcr Wohngeb\u00e4ude, medizinische Dienstleistungen, Grundst\u00fccke.<\/p>\n<p>Beratung und Unterst\u00fctzung bei der Erbringung verschiedener Bankdienstleistungen. Unterst\u00fctzung bei der Beantragung einer Aufenthaltsgenehmigung, der t\u00fcrkischen Staatsb\u00fcrgerschaft, eines Visums und notarieller Dokumente. Organisation des Transfers vom\/zum Flughafen. Beratung zur Anmeldung von Kindern in der Schule, im Kindergarten und vieles mehr. &nbsp; &nbsp; <\/p>\n<h4><\/h4>\n<p>[\/vc_column_text][\/vc_column_inner][vc_column_inner width=&#8220;1\/2&#8243;][vc_single_image image=&#8220;7654&#8243; img_size=&#8220;full&#8220; alignment=&#8220;center&#8220; css_animation=&#8220;fadeInDown&#8220;][\/vc_column_inner][\/vc_row_inner][\/vc_column][\/vc_row][vc_row full_width=&#8220;stretch_row_content_no_spaces&#8220; css=&#8220;.vc_custom_1654192034425{background-color: #252c40 !important;}&#8220; el_class=&#8220;clean-wc-row&#8220;][vc_column][vc_row_inner][vc_column_inner width=&#8220;1\/3&#8243;][vc_single_image image=&#8220;7655&#8243; img_size=&#8220;full&#8220;][\/vc_column_inner][vc_column_inner el_class=&#8220;text-white&#8220; width=&#8220;1\/3&#8243; css=&#8220;.vc_custom_1654241876727{border-right-width: 10px !important;padding-left: 10px !important;border-right-color: #e8e8e8 !important;}&#8220;][vc_column_text] <\/p>\n<h2 style=\"padding-left: 40px;\"><\/h2>\n<h2 style=\"padding-left: 40px;\"><\/h2>\n<p> &nbsp; &nbsp; <\/p>\n<h2 style=\"text-align: center; padding-left: 40px;\"><span style=\"color: #ffffff;\"><strong>Als lizenzierte Immobilienagentur <\/strong><\/span><\/h2>\n<h2 style=\"text-align: center; padding-left: 40px;\"><span style=\"color: #ffffff;\"><strong>BEST INVEST <\/strong><\/span><\/h2>\n<h2 style=\"text-align: center; padding-left: 40px;\"><span style=\"color: #ffffff;\"><strong>k\u00fcmmert sich um Ihre Immobilie und sorgt f\u00fcr einen angenehmen Aufenthalt!<\/strong><\/span><\/h2>\n<p> [\/vc_column_text][\/vc_column_inner][vc_column_inner width=&#8220;1\/3&#8243; css=&#8220;.vc_custom_1654170921454{margin-top: 90px !important;margin-bottom: 90px !important;}&#8220;][vc_single_image image=&#8220;7552&#8243; img_size=&#8220;full&#8220; alignment=&#8220;center&#8220; css_animation=&#8220;fadeInUp&#8220;][\/vc_column_inner][\/vc_row_inner][\/vc_column][\/vc_row][vc_row full_width=&#8220;stretch_row_content_no_spaces&#8220; css=&#8220;.vc_custom_1654191803373{background-color: #eaebed !important;}&#8220;][vc_column][vc_column_text css=&#8220;.vc_custom_1660641357921{margin-right: 50px !important;margin-left: 50px !important;}&#8220;][\/vc_column_text][\/vc_column][\/vc_row][vc_row full_width=&#8220;stretch_row_content_no_spaces&#8220; css=&#8220;.vc_custom_1654172078680{background-image: url(https:\/\/bestinvest.com.tr\/wp-content\/uploads\/2022\/06\/fon.jpg?id=7591) !important;}&#8220; el_class=&#8220;asking-row&#8220;][vc_column width=&#8220;1\/4&#8243;][vc_empty_space][\/vc_column][vc_column width=&#8220;3\/4&#8243;][vc_row_inner][vc_column_inner width=&#8220;1\/4&#8243;][\/vc_column_inner][vc_column_inner width=&#8220;1\/2&#8243;][vc_column_text] <\/p>\n<div style=\"color: #fff;\">\n<p class=\"title\">Haben Sie noch Fragen zum Kauf einer Immobilie in der T\u00fcrkei?<\/p>\n<p class=\"title\">Hinterlassen Sie Ihre Kontaktdaten und unser Manager wird sich in K\u00fcrze mit Ihnen in Verbindung setzen. <\/p>\n<\/p><\/div>\n<p> [\/vc_column_text][vc_btn title=&#8220;Beratung anfordern&#8220; style=&#8220;custom&#8220; custom_background=&#8220;#81d742&#8243; custom_text=&#8220;#ffffff&#8220; align=&#8220;center&#8220; el_class=&#8220;js-inquiry-toggle js-modal-callmeback&#8220;][\/vc_column_inner][vc_column_inner width=&#8220;1\/4&#8243;][\/vc_column_inner][\/vc_row_inner][\/vc_column][\/vc_row]<\/p>\n","protected":false},"excerpt":{"rendered":"<p>[vc_row full_width=&#8220;stretch_row_content_no_spaces&#8220;][vc_column][vc_empty_space height=&#8220;52px&#8220;][vc_custom_heading text=&#8220;KUNDENDIENST&#8220; font_container=&#8220;tag:h1|text_align:center&#8220;][vc_empty_space height=&#8220;52px&#8220;][vc_row_inner css=&#8220;.vc_custom_1654155606352{margin-right: 30px !important;margin-left: 30px !important;}&#8220;][vc_column_inner width=&#8220;1\/2&#8243; css=&#8220;.vc_custom_1654155648058{padding-right: 50px !important;padding-left: 50px !important;}&#8220;][vc_column_text] In der Regel ben\u00f6tigen Immobilienk\u00e4ufer in der T\u00fcrkei nicht nur Hilfe bei der Kaufphase, sondern auch bei der Eingew\u00f6hnung und dem Einleben in ein neues Zuhause. Wir wissen genau, wie wichtig es f\u00fcr unsere Kunden ist, in dieser [&hellip;]<\/p>\n","protected":false},"author":5,"featured_media":0,"parent":0,"menu_order":0,"comment_status":"closed","ping_status":"closed","template":"","meta":{"inline_featured_image":false,"footnotes":""},"class_list":["post-7653","page","type-page","status-publish","hentry"],"_links":{"self":[{"href":"https:\/\/bestinvest.com.tr\/de\/wp-json\/wp\/v2\/pages\/7653","targetHints":{"allow":["GET"]}}],"collection":[{"href":"https:\/\/bestinvest.com.tr\/de\/wp-json\/wp\/v2\/pages"}],"about":[{"href":"https:\/\/bestinvest.com.tr\/de\/wp-json\/wp\/v2\/types\/page"}],"author":[{"embeddable":true,"href":"https:\/\/bestinvest.com.tr\/de\/wp-json\/wp\/v2\/users\/5"}],"replies":[{"embeddable":true,"href":"https:\/\/bestinvest.com.tr\/de\/wp-json\/wp\/v2\/comments?post=7653"}],"version-history":[{"count":0,"href":"https:\/\/bestinvest.com.tr\/de\/wp-json\/wp\/v2\/pages\/7653\/revisions"}],"wp:attachment":[{"href":"https:\/\/bestinvest.com.tr\/de\/wp-json\/wp\/v2\/media?parent=7653"}],"curies":[{"name":"wp","href":"https:\/\/api.w.org\/{rel}","templated":true}]}}