{"id":17277,"date":"2022-11-15T10:54:35","date_gmt":"2022-11-15T10:54:35","guid":{"rendered":"https:\/\/bestinvest.com.tr\/?page_id=17277"},"modified":"2026-02-05T11:21:07","modified_gmt":"2026-02-05T11:21:07","slug":"your-investments-resales","status":"publish","type":"page","link":"https:\/\/bestinvest.com.tr\/pl\/your-investments-resales\/","title":{"rendered":"Twoje inwestycje i odsprzeda\u017c"},"content":{"rendered":"<p>[vc_row][vc_column][vc_empty_space height=&#8221;60px&#8221;][\/vc_column][\/vc_row][vc_row][vc_column width=&#8221;2\/5&#8243;][vc_custom_heading text=&#8221;Twoja odsprzeda\u017c&#8221; font_container=&#8221;tag:h3|font_size:35px|text_align:left&#8221; google_fonts=&#8221;font_family:Open%20Sans%20Condensed%3A300%2C300italic%2C700|font_style:700%20bold%20regular%3A700%3Anormal&#8221;][vc_separator color=&#8221;green&#8221;][vc_column_text] <\/p>\n<div> Odsprzeda\u017c stanowi istotn\u0105 cz\u0119\u015b\u0107 naszego lokalnego i mi\u0119dzynarodowego sektora nieruchomo\u015bci;<\/p>\n<p>Przez ostatnie 20 lat wspierali\u015bmy wielu obecnych i nowych klient\u00f3w w ca\u0142ym procesie. Nasza polityka odsprzeda\u017cy jest zorientowana na klienta i spe\u0142nia jego potrzeby i oczekiwania. Dlatego najpierw kontaktujemy si\u0119 bezpo\u015brednio z klientem, aby ustali\u0107 jego wymagania, ramy czasowe, aktualn\u0105 i przysz\u0142\u0105 sytuacj\u0119. Po zako\u0144czeniu tego procesu konsultacyjnego firma Best Invest zawiera z klientem umow\u0119, kt\u00f3ra obejmuje wszystkie om\u00f3wione kwestie, wymagane procesy, ramy czasowe i \u015bcie\u017ck\u0119 p\u0142atno\u015bci. Nie wprowadzamy nieruchomo\u015bci naszych klient\u00f3w na rynek, dop\u00f3ki proces ten nie zostanie zako\u0144czony, a klient nie wyrazi zgody na kontynuowanie, chyba \u017ce otrzymaj\u0105 od niego wyra\u017ane instrukcje. <\/p><\/div>\n<div>\n<p lang=\"EN-US\">\n<\/p><\/div>\n<div>\n<p lang=\"EN-US\"><span lang=\"EN-US\">Nasz proces marketingowy obejmuje wszystkie zdj\u0119cia\/reklamy\/<wbr \/>pliki multimedialne itp. <\/span><\/p>\n<p lang=\"EN-US\">\n<\/p><\/div>\n<div>\n<p lang=\"EN-US\"><span lang=\"EN-US\">Zawsze cieszymy si\u0119, gdy poznajemy nowych ludzi i je\u015bli mo\u017cemy im w jakikolwiek spos\u00f3b pom\u00f3c, ch\u0119tnie to robimy. Nie ma \u017cadnych zobowi\u0105za\u0144, drzwi s\u0105 zawsze otwarte, a fili\u017canka \u00e7ay zawsze czeka!<\/span><\/p>\n<p lang=\"EN-US\">\n<\/p><\/div>\n<div>\n<p lang=\"EN-US\"><span lang=\"EN-US\">Aby uzyska\u0107 wi\u0119cej informacji, prosimy o kontakt za po\u015brednictwem tej strony internetowej lub bezpo\u015brednio z Mehmetem Gokkaya, dyrektorem zarz\u0105dzaj\u0105cym Best Invest. Czekamy na Pa\u0144stwa!<\/span><\/p>\n<\/p><\/div>\n<p> [\/vc_column_text][\/vc_column][vc_column width=&#8221;3\/5&#8243;][vc_empty_space height=&#8221;60px&#8221;][vc_single_image image=&#8221;17408&#8243; img_size=&#8221;full&#8221; alignment=&#8221;center&#8221; style=&#8221;vc_box_outline&#8221; border_color=&#8221;green&#8221; css_animation=&#8221;fadeInDown&#8221;][\/vc_column][\/vc_row][vc_row][vc_column][vc_empty_space height=&#8221;60px&#8221;][vc_separator color=&#8221;green&#8221; border_width=&#8221;2&#8243;][vc_empty_space height=&#8221;60px&#8221;][\/vc_column][\/vc_row][vc_row][vc_column width=&#8221;2\/5&#8243;][vc_custom_heading text=&#8221;Twoje inwestycje&#8221;][vc_separator color=&#8221;green&#8221;][vc_column_text] <\/p>\n<div> Best Invest doradza, po\u015bredniczy i tworzy wsp\u00f3lne przedsi\u0119wzi\u0119cia w zakresie wielu kr\u00f3tko- i d\u0142ugoterminowych inwestycji dostosowanych do potrzeb naszych klient\u00f3w, zar\u00f3wno na rynkach regionalnych, jak i mi\u0119dzynarodowych. Wszystkie aspekty s\u0105 tak skonstruowane, aby uwzgl\u0119dnia\u0142y wymagania, wizje i oczekiwania klient\u00f3w\/organizacji, maksymalizuj\u0105c unikalne mo\u017cliwo\u015bci, kt\u00f3re s\u0105 zabezpieczone i prawnie wi\u0105\u017c\u0105ce. <\/div>\n<div>\n<p lang=\"EN-US\">\n<\/p><\/div>\n<div>\n<p lang=\"EN-US\"><span lang=\"EN-US\">Indywidualnie dostosowane strategie, wska\u017aniki wydajno\u015bci, kontrola finansowa, zaufanie, poufno\u015b\u0107 i bezpiecze\u0144stwo s\u0105 kluczem do naszego ci\u0105g\u0142ego sukcesu w tym sektorze. <\/span><\/p>\n<p lang=\"EN-US\">\n<\/p><\/div>\n<div>\n<p lang=\"EN-US\"><span lang=\"EN-US\">Aby porozmawia\u0107 w spos\u00f3b poufny o potencjalnych mo\u017cliwo\u015bciach lub uzyska\u0107 porad\u0119\/wskaz\u00f3wki dotycz\u0105ce rynku, skontaktuj si\u0119 z Mehmetem Gokkaya, dyrektorem zarz\u0105dzaj\u0105cym Best Invest. <\/span><\/p>\n<p lang=\"EN-US\"><span lang=\"EN-US\">Mo\u017cna r\u00f3wnie\u017c skontaktowa\u0107 si\u0119 z nami za po\u015brednictwem tej strony internetowej, a Mehmet osobi\u015bcie udzieli odpowiedzi. <\/span><\/p>\n<\/p><\/div>\n<p> [\/vc_column_text][\/vc_column][vc_column width=&#8221;3\/5&#8243;][vc_empty_space][vc_single_image image=&#8221;17320&#8243; img_size=&#8221;full&#8221; style=&#8221;vc_box_outline&#8221; border_color=&#8221;green&#8221; css_animation=&#8221;fadeInDown&#8221; css=&#8221;.vc_custom_1668517861407{border-bottom-width: 10px !important;}&#8221;][\/vc_column][\/vc_row][vc_row][vc_column width=&#8221;1\/4&#8243; css=&#8221;.vc_custom_1668509957325{background-color: #ffffff !important;}&#8221;][vc_single_image image=&#8221;17282&#8243; img_size=&#8221;medium&#8221; alignment=&#8221;center&#8221;][vc_custom_heading text=&#8221;MEHMET GOKKAYA Broker \/ W\u0142a\u015bciciel&#8221; font_container=&#8221;tag:h1|font_size:20px|text_align:left&#8221; google_fonts=&#8221;font_family:Open%20Sans%3A300%2C300italic%2Cregular%2Citalic%2C600%2C600italic%2C700%2C700italic%2C800%2C800italic|font_style:600%20bold%20regular%3A600%3Anormal&#8221;][vc_separator color=&#8221;green&#8221; border_width=&#8221;2&#8243;][vc_row_inner][vc_column_inner width=&#8221;1\/4&#8243;][vc_icon icon_fontawesome=&#8221;fab fa-whatsapp&#8221; color=&#8221;white&#8221; background_style=&#8221;rounded&#8221; background_color=&#8221;green&#8221; size=&#8221;xs&#8221; css=&#8221;.vc_custom_1668511638890{margin-top: -10px !important;}&#8221; link=&#8221;url:https%3A%2F%2Fapi.whatsapp.com%2Fsend%2F%3Fphone%3D%252B905326949549%26text%26type%3Dphone_number%26app_absent%3D0|target:_blank&#8221;][\/vc_column_inner][vc_column_inner width=&#8221;3\/4&#8243;][vc_custom_heading text=&#8221;+90 532 694 95 49&#8243; font_container=&#8221;tag:h5|font_size:25px|text_align:left&#8221; google_fonts=&#8221;font_family:Open%20Sans%20Condensed%3A300%2C300italic%2C700|font_style:700%20bold%20regular%3A700%3Anormal&#8221; link=&#8221;url:https%3A%2F%2Fapi.whatsapp.com%2Fsend%2F%3Fphone%3D%252B905326949549%26text%26type%3Dphone_number%26app_absent%3D0|target:_blank&#8221;][\/vc_column_inner][\/vc_row_inner][\/vc_column][vc_column width=&#8221;3\/4&#8243;]\n<div class=\"wpcf7 no-js\" id=\"wpcf7-f1299-o1\" lang=\"en-US\" dir=\"ltr\" data-wpcf7-id=\"1299\">\n<div class=\"screen-reader-response\"><p role=\"status\" aria-live=\"polite\" aria-atomic=\"true\"><\/p> <ul><\/ul><\/div>\n<form action=\"\/pl\/wp-json\/wp\/v2\/pages\/17277#wpcf7-f1299-o1\" method=\"post\" class=\"wpcf7-form init\" aria-label=\"Contact form\" novalidate=\"novalidate\" data-status=\"init\">\n<fieldset class=\"hidden-fields-container\"><input type=\"hidden\" name=\"_wpcf7\" value=\"1299\" \/><input type=\"hidden\" name=\"_wpcf7_version\" value=\"6.1.5\" \/><input type=\"hidden\" name=\"_wpcf7_locale\" value=\"en_US\" \/><input type=\"hidden\" name=\"_wpcf7_unit_tag\" value=\"wpcf7-f1299-o1\" \/><input type=\"hidden\" name=\"_wpcf7_container_post\" value=\"0\" \/><input type=\"hidden\" name=\"_wpcf7_posted_data_hash\" value=\"\" \/><input type=\"hidden\" name=\"_wpcf7_locale_orj\" value=\"pl_PL\" \/><input type=\"hidden\" name=\"_wpcf7_recaptcha_response\" value=\"\" \/>\n<\/fieldset>\n<div class=\"nth-cf7\">\n<span class=\"wpcf7-form-control-wrap\" data-name=\"your-name\"><input size=\"40\" maxlength=\"400\" class=\"wpcf7-form-control wpcf7-text wpcf7-validates-as-required name\" aria-required=\"true\" aria-invalid=\"false\" placeholder=\"Nazwa*\" value=\"\" type=\"text\" name=\"your-name\" \/><\/span>\n<span class=\"wpcf7-form-control-wrap\" data-name=\"your-email\"><input size=\"40\" maxlength=\"400\" class=\"wpcf7-form-control wpcf7-email wpcf7-validates-as-required wpcf7-text wpcf7-validates-as-email email\" aria-required=\"true\" aria-invalid=\"false\" placeholder=\"E-mail*\" value=\"\" type=\"email\" name=\"your-email\" \/><\/span>\n<span class=\"wpcf7-form-control-wrap\" data-name=\"your-subject\"><input size=\"40\" maxlength=\"400\" class=\"wpcf7-form-control wpcf7-text wpcf7-validates-as-required name\" aria-required=\"true\" aria-invalid=\"false\" placeholder=\"Przedmiot*\" value=\"\" type=\"text\" name=\"your-subject\" \/><\/span>\n<span class=\"wpcf7-form-control-wrap\" data-name=\"your-message\"><textarea cols=\"40\" rows=\"3\" maxlength=\"2000\" class=\"wpcf7-form-control wpcf7-textarea no-resize\" aria-invalid=\"false\" placeholder=\"Twoja wiadomo\u015b\u0107\" name=\"your-message\"><\/textarea><\/span>\n<\/div>\n<input class=\"wpcf7-form-control wpcf7-submit has-spinner btn btn-outline-success\" type=\"submit\" value=\"Wy\u015blij\" \/><div class=\"wpcf7-response-output\" aria-hidden=\"true\"><\/div>\n<\/form>\n<\/div>\n[\/vc_column][\/vc_row]<\/p>\n","protected":false},"excerpt":{"rendered":"<p>[vc_row][vc_column][vc_empty_space height=&#8221;60px&#8221;][\/vc_column][\/vc_row][vc_row][vc_column width=&#8221;2\/5&#8243;][vc_custom_heading text=&#8221;Twoja odsprzeda\u017c&#8221; font_container=&#8221;tag:h3|font_size:35px|text_align:left&#8221; google_fonts=&#8221;font_family:Open%20Sans%20Condensed%3A300%2C300italic%2C700|font_style:700%20bold%20regular%3A700%3Anormal&#8221;][vc_separator color=&#8221;green&#8221;][vc_column_text] Odsprzeda\u017c stanowi istotn\u0105 cz\u0119\u015b\u0107 naszego lokalnego i mi\u0119dzynarodowego sektora nieruchomo\u015bci; Przez ostatnie 20 lat wspierali\u015bmy wielu obecnych i nowych klient\u00f3w w ca\u0142ym procesie. Nasza polityka odsprzeda\u017cy jest zorientowana na klienta i spe\u0142nia jego potrzeby i oczekiwania. Dlatego najpierw kontaktujemy si\u0119 bezpo\u015brednio z klientem, aby ustali\u0107 jego wymagania, [&hellip;]<\/p>\n","protected":false},"author":11,"featured_media":0,"parent":0,"menu_order":0,"comment_status":"closed","ping_status":"closed","template":"","meta":{"inline_featured_image":false,"footnotes":""},"class_list":["post-17277","page","type-page","status-publish","hentry"],"_links":{"self":[{"href":"https:\/\/bestinvest.com.tr\/pl\/wp-json\/wp\/v2\/pages\/17277","targetHints":{"allow":["GET"]}}],"collection":[{"href":"https:\/\/bestinvest.com.tr\/pl\/wp-json\/wp\/v2\/pages"}],"about":[{"href":"https:\/\/bestinvest.com.tr\/pl\/wp-json\/wp\/v2\/types\/page"}],"author":[{"embeddable":true,"href":"https:\/\/bestinvest.com.tr\/pl\/wp-json\/wp\/v2\/users\/11"}],"replies":[{"embeddable":true,"href":"https:\/\/bestinvest.com.tr\/pl\/wp-json\/wp\/v2\/comments?post=17277"}],"version-history":[{"count":0,"href":"https:\/\/bestinvest.com.tr\/pl\/wp-json\/wp\/v2\/pages\/17277\/revisions"}],"wp:attachment":[{"href":"https:\/\/bestinvest.com.tr\/pl\/wp-json\/wp\/v2\/media?parent=17277"}],"curies":[{"name":"wp","href":"https:\/\/api.w.org\/{rel}","templated":true}]}}