{"id":26740,"date":"2023-08-04T11:04:52","date_gmt":"2023-08-04T11:04:52","guid":{"rendered":"https:\/\/bestinvest.com.tr\/?page_id=26740"},"modified":"2026-02-05T11:19:39","modified_gmt":"2026-02-05T11:19:39","slug":"ikamet-block-kktc","status":"publish","type":"page","link":"https:\/\/bestinvest.com.tr\/pl\/ikamet-block-kktc\/","title":{"rendered":"ikamet blok kktc"},"content":{"rendered":"<p>[vc_row css=&#8221;.vc_custom_1667551928056{background-color: #ffffff !important;}&#8221;][vc_column width=&#8221;1\/2&#8243;][vc_column_text]<\/p>\n<h2><strong>Pobyt i obywatelstwo w TRNC<\/strong><\/h2>\n<p>[\/vc_column_text][vc_column_text]<\/p>\n<p class=\"Standard\"><span lang=\"EN-GB\">Aby uzyska\u0107 prawo pobytu i obywatelstwo w Tureckiej Republice Cypru P\u00f3\u0142nocnego, nale\u017cy przej\u015b\u0107 przez systematyczny proces. W przypadku pobytu wnioskodawcy mog\u0105 ubiega\u0107 si\u0119 o zezwolenie tymczasowe lub sta\u0142e na podstawie zatrudnienia, posiadania nieruchomo\u015bci lub wi\u0119zi rodzinnych. Musz\u0105 oni spe\u0142nia\u0107 okre\u015blone kryteria finansowe i przed\u0142o\u017cy\u0107 wymagane dokumenty. Po oko\u0142o pi\u0119ciu latach pobytu w Cyprze P\u00f3\u0142nocnym wnioskodawcy uzyskuj\u0105 prawo do ubiegania si\u0119 o obywatelstwo poprzez naturalizacj\u0119. Aby wniosek zosta\u0142 rozpatrzony pozytywnie, niezb\u0119dne jest zasi\u0119gni\u0119cie profesjonalnej porady i zapoznanie si\u0119 z lokalnymi przepisami. Best Invest zapewnia pomoc w tym procesie. [\/vc_column_text][vc_btn title=&#8221;Wi\u0119cej informacji&#8221; style=&#8221;3d&#8221; color=&#8221;danger&#8221; align=&#8221;center&#8221; i_icon_fontawesome=&#8221;fas fa-angle-right&#8221; button_block=&#8221;true&#8221; add_icon=&#8221;true&#8221; link=&#8221;url:https%3A%2F%2Fbestinvest.com.tr%2Fresidency-citizenship-in-trnc%2F|title:Oturma%20%C4%B0zni%20Kayd%C4%B1&#8243;][\/vc_column][vc_column width=&#8221;1\/2&#8243;][vc_single_image image=&#8221;26741&#8243; img_size=&#8221;full&#8221; onclick=&#8221;custom_link&#8221; link=&#8221;\/\u043e\u0444\u043e\u0440\u043c\u043b\u0435\u043d\u0438\u0435-\u0432\u0438\u0434\u0430-\u043d\u0430-\u0436\u0438\u0442\u0435\u043b\u044c\u0441\u0442\u0432\u043e\/&#8221;][\/vc_column][\/vc_row]<\/p>\n","protected":false},"excerpt":{"rendered":"<p>[vc_row css=&#8221;.vc_custom_1667551928056{background-color: #ffffff !important;}&#8221;][vc_column width=&#8221;1\/2&#8243;][vc_column_text] Pobyt i obywatelstwo w TRNC [\/vc_column_text][vc_column_text] Aby uzyska\u0107 prawo pobytu i obywatelstwo w Tureckiej Republice Cypru P\u00f3\u0142nocnego, nale\u017cy przej\u015b\u0107 przez systematyczny proces. W przypadku pobytu wnioskodawcy mog\u0105 ubiega\u0107 si\u0119 o zezwolenie tymczasowe lub sta\u0142e na podstawie zatrudnienia, posiadania nieruchomo\u015bci lub wi\u0119zi rodzinnych. Musz\u0105 oni spe\u0142nia\u0107 okre\u015blone kryteria finansowe i przed\u0142o\u017cy\u0107 [&hellip;]<\/p>\n","protected":false},"author":11,"featured_media":0,"parent":0,"menu_order":0,"comment_status":"closed","ping_status":"closed","template":"","meta":{"inline_featured_image":false,"footnotes":""},"class_list":["post-26740","page","type-page","status-publish","hentry"],"_links":{"self":[{"href":"https:\/\/bestinvest.com.tr\/pl\/wp-json\/wp\/v2\/pages\/26740","targetHints":{"allow":["GET"]}}],"collection":[{"href":"https:\/\/bestinvest.com.tr\/pl\/wp-json\/wp\/v2\/pages"}],"about":[{"href":"https:\/\/bestinvest.com.tr\/pl\/wp-json\/wp\/v2\/types\/page"}],"author":[{"embeddable":true,"href":"https:\/\/bestinvest.com.tr\/pl\/wp-json\/wp\/v2\/users\/11"}],"replies":[{"embeddable":true,"href":"https:\/\/bestinvest.com.tr\/pl\/wp-json\/wp\/v2\/comments?post=26740"}],"version-history":[{"count":0,"href":"https:\/\/bestinvest.com.tr\/pl\/wp-json\/wp\/v2\/pages\/26740\/revisions"}],"wp:attachment":[{"href":"https:\/\/bestinvest.com.tr\/pl\/wp-json\/wp\/v2\/media?parent=26740"}],"curies":[{"name":"wp","href":"https:\/\/api.w.org\/{rel}","templated":true}]}}