{"id":26743,"date":"2023-08-04T11:19:02","date_gmt":"2023-08-04T11:19:02","guid":{"rendered":"https:\/\/bestinvest.com.tr\/?page_id=26743"},"modified":"2026-02-05T11:19:34","modified_gmt":"2026-02-05T11:19:34","slug":"guney-kibris-vatandasligi","status":"publish","type":"page","link":"https:\/\/bestinvest.com.tr\/pl\/guney-kibris-vatandasligi\/","title":{"rendered":"Blok obywatelstwa po\u0142udniowego Cypru"},"content":{"rendered":"<p>[vc_row css=&#8221;.vc_custom_1667551928056{background-color: #ffffff !important;}&#8221;][vc_column width=&#8221;1\/2&#8243;][vc_single_image image=&#8221;26703&#8243; img_size=&#8221;full&#8221; onclick=&#8221;custom_link&#8221; link=&#8221;\/\u0440\u0443\u0441\u0441\u043a\u0438\u0439-\u0433\u0440\u0430\u0436\u0434\u0430\u043d\u0441\u0442\u0432\u043e-\u0432-\u0442\u0443\u0440\u0446\u0438\u0438-\u0437\u0430-\u0438\u043d\u0432\u0435\u0441\/&#8221;][\/vc_column][vc_column width=&#8221;1\/2&#8243;][vc_column_text] <\/p>\n<h2>Pobyt i obywatelstwo Republiki Cypryjskiej!!!<\/h2>\n<p> [\/vc_column_text][vc_column_text] <\/p>\n<p class=\"Standard\"><span lang=\"EN-GB\">Uzyskanie prawa pobytu i obywatelstwa Republiki Cypryjskiej mo\u017ce by\u0107 szans\u0105 zmieniaj\u0105c\u0105 \u017cycie, oferuj\u0105c\u0105 r\u00f3\u017cne korzy\u015bci, takie jak lepszy standard \u017cycia, lepsze perspektywy kariery, dost\u0119p do us\u0142ug socjalnych i ostatecznie swobodny dost\u0119p do 168 kraj\u00f3w na ca\u0142ym \u015bwiecie. Procesy te s\u0105 dobrze ugruntowane, a Best Invest mo\u017ce zapewni\u0107 wskaz\u00f3wki, pomoc i wsparcie, aby zapewni\u0107 po\u017c\u0105dany rezultat. Aby wniosek zosta\u0142 rozpatrzony pozytywnie, kluczowe znaczenie ma zasi\u0119gni\u0119cie profesjonalnej porady prawnej oraz zrozumienie lokalnych przepis\u00f3w i regulacji. [\/vc_column_text][vc_btn title=&#8221;Wi\u0119cej informacji&#8221; style=&#8221;3d&#8221; color=&#8221;success&#8221; align=&#8221;center&#8221; i_icon_fontawesome=&#8221;fas fa-angle-right&#8221; button_block=&#8221;true&#8221; add_icon=&#8221;true&#8221; link=&#8221;url:https%3A%2F%2Fbestinvest.com.tr%2Fresidency-citizenship-in-the-republic-of-cyprus%2F&#8221;][\/vc_column][\/vc_row]<\/p>\n","protected":false},"excerpt":{"rendered":"<p>[vc_row css=&#8221;.vc_custom_1667551928056{background-color: #ffffff !important;}&#8221;][vc_column width=&#8221;1\/2&#8243;][vc_single_image image=&#8221;26703&#8243; img_size=&#8221;full&#8221; onclick=&#8221;custom_link&#8221; link=&#8221;\/\u0440\u0443\u0441\u0441\u043a\u0438\u0439-\u0433\u0440\u0430\u0436\u0434\u0430\u043d\u0441\u0442\u0432\u043e-\u0432-\u0442\u0443\u0440\u0446\u0438\u0438-\u0437\u0430-\u0438\u043d\u0432\u0435\u0441\/&#8221;][\/vc_column][vc_column width=&#8221;1\/2&#8243;][vc_column_text] Pobyt i obywatelstwo Republiki Cypryjskiej!!! [\/vc_column_text][vc_column_text] Uzyskanie prawa pobytu i obywatelstwa Republiki Cypryjskiej mo\u017ce by\u0107 szans\u0105 zmieniaj\u0105c\u0105 \u017cycie, oferuj\u0105c\u0105 r\u00f3\u017cne korzy\u015bci, takie jak lepszy standard \u017cycia, lepsze perspektywy kariery, dost\u0119p do us\u0142ug socjalnych i ostatecznie swobodny dost\u0119p do 168 kraj\u00f3w na ca\u0142ym \u015bwiecie. Procesy te [&hellip;]<\/p>\n","protected":false},"author":11,"featured_media":0,"parent":0,"menu_order":0,"comment_status":"closed","ping_status":"closed","template":"","meta":{"inline_featured_image":false,"footnotes":""},"class_list":["post-26743","page","type-page","status-publish","hentry"],"_links":{"self":[{"href":"https:\/\/bestinvest.com.tr\/pl\/wp-json\/wp\/v2\/pages\/26743","targetHints":{"allow":["GET"]}}],"collection":[{"href":"https:\/\/bestinvest.com.tr\/pl\/wp-json\/wp\/v2\/pages"}],"about":[{"href":"https:\/\/bestinvest.com.tr\/pl\/wp-json\/wp\/v2\/types\/page"}],"author":[{"embeddable":true,"href":"https:\/\/bestinvest.com.tr\/pl\/wp-json\/wp\/v2\/users\/11"}],"replies":[{"embeddable":true,"href":"https:\/\/bestinvest.com.tr\/pl\/wp-json\/wp\/v2\/comments?post=26743"}],"version-history":[{"count":0,"href":"https:\/\/bestinvest.com.tr\/pl\/wp-json\/wp\/v2\/pages\/26743\/revisions"}],"wp:attachment":[{"href":"https:\/\/bestinvest.com.tr\/pl\/wp-json\/wp\/v2\/media?parent=26743"}],"curies":[{"name":"wp","href":"https:\/\/api.w.org\/{rel}","templated":true}]}}