{"id":3450,"date":"2022-03-18T22:53:43","date_gmt":"2022-03-18T22:53:43","guid":{"rendered":"https:\/\/bestinvest.com.tr\/?page_id=3450"},"modified":"2026-02-05T12:25:02","modified_gmt":"2026-02-05T12:25:02","slug":"%d1%80%d1%83%d1%81%d1%81%d0%ba%d0%b8%d0%b9-%d0%bf%d0%be%d0%b4%d0%b1%d0%be%d1%80-%d0%bd%d0%b5%d0%b4%d0%b2%d0%b8%d0%b6%d0%b8%d0%bc%d0%be%d1%81%d1%82%d0%b8-%d0%b8-%d0%bc%d0%be%d0%b4%d0%b5%d0%bb%d0%b8","status":"publish","type":"page","link":"https:\/\/bestinvest.com.tr\/pl\/%d1%80%d1%83%d1%81%d1%81%d0%ba%d0%b8%d0%b9-%d0%bf%d0%be%d0%b4%d0%b1%d0%be%d1%80-%d0%bd%d0%b5%d0%b4%d0%b2%d0%b8%d0%b6%d0%b8%d0%bc%d0%be%d1%81%d1%82%d0%b8-%d0%b8-%d0%bc%d0%be%d0%b4%d0%b5%d0%bb%d0%b8\/","title":{"rendered":"Wyb\u00f3r nieruchomo\u015bci i modele inwestycyjne"},"content":{"rendered":"<h3>WYB\u00d3R NIERUCHOMO\u015aCI I MODELE INWESTYCJI<\/h3>\n<p>Best Invest Realestate zajmuje si\u0119 od ponad 10 lat doradztwem i obs\u0142ug\u0105 transakcji dotycz\u0105cych nieruchomo\u015bci w Turcji. <\/p>\n<p>Nawet gdy otrzymujemy zapytanie dotycz\u0105ce zakupu nieruchomo\u015bci mieszkalnej bezpo\u015brednio po przeprowadzce, dobieramy obiekt r\u00f3wnie\u017c pod k\u0105tem atrakcyjno\u015bci biznesowej. Wa\u017cne jest dla nas, aby nasi klienci otrzymali nie tylko mieszkanie lub dom swoich marze\u0144, ale tak\u017ce posiadali nieruchomo\u015b\u0107, kt\u00f3rej warto\u015b\u0107 b\u0119dzie ros\u0142a. Naszym drugim kryterium jest bezwarunkowa i niepodwa\u017calna zgodno\u015b\u0107 prawna nieruchomo\u015bci, a tak\u017ce pe\u0142na swoboda prawna i jasno\u015b\u0107 dla naszych klient\u00f3w w dalszych operacjach zwi\u0105zanych z t\u0105 nieruchomo\u015bci\u0105. Mo\u017cemy to zagwarantowa\u0107, poniewa\u017c agencja dzia\u0142a na rynku od dawna, nale\u017cy do grupy sp\u00f3\u0142ek deweloperskich (cz\u0119\u015b\u0107 obiekt\u00f3w w bazie nale\u017cy do nas) i dysponuje silnym zespo\u0142em profesjonalist\u00f3w. Zapewniamy r\u00f3wnie\u017c wieloj\u0119zyczn\u0105 komunikacj\u0119 dla naszych klient\u00f3w, kt\u00f3rzy nie m\u00f3wi\u0105 po rosyjsku, angielsku i turecku.\t\t<\/p>\n<h4>Agencja Best Invest Realestate pomo\u017ce Ci wybra\u0107 dowolne mieszkanie: <\/h4>\n<p> <img decoding=\"async\" src=\"https:\/\/bestinvest.com.tr\/wp-content\/uploads\/elementor\/thumbs\/abc-editor_img-7350-pm2joly8s1h79ll8hkwyze55fzw697numxgbpfemds.jpg\" title=\"abc-editor_img-7350\" alt=\"abc-editor_img-7350\" \/>\t\t\t\t\t\t\t\t\t\t\t\t\t\t\t<\/p>\n<h6>\u0430\u043f\u0430\u0440\u0442\u0430\u043c\u0435\u043d\u0442\u044b<\/h6>\n<p> <img decoding=\"async\" src=\"https:\/\/bestinvest.com.tr\/wp-content\/uploads\/elementor\/thumbs\/728x486_1_5b99a944a86afa3fe9fdf62763632dba@1000x667_0xac120003_9668331731571942191-pm2jqcxfhxvevh1r9u4z4g918t9rkxlv7l5uuyt8sw.jpg\" title=\"728x486_1_5b99a944a86afa3fe9fdf62763632dba@1000x667_0xac120003_9668331731571942191\" alt=\"728x486_1_5b99a944a86afa3fe9fdf62763632dba@1000x667_0xac120003_9668331731571942191\" \/>\t\t\t\t\t\t\t\t\t\t\t\t\t\t\t<\/p>\n<h6>nieruchomo\u015bci dla biznesu<\/h6>\n<p>\t\t\t\t\t\t\t\t\t\t\t\t\t\t\t<img decoding=\"async\" src=\"https:\/\/bestinvest.com.tr\/wp-content\/uploads\/elementor\/thumbs\/egor-myznik-dYgG6lSWlBY-unsplash-scaled-pm2jkwh5tkehgyz44z7y5btp3a61w6xysktdk4wixc.jpg\" title=\"egor-myznik-dYgG6lSWlBY-unsplash\" alt=\"egor-myznik-dYgG6lSWlBY-unsplash\" \/> <\/p>\n<h6>nieruchomo\u015bci na wynajem<\/h6>\n<p>\t\t\t\t\t\t\t\t\t\t\t\t\t\t\t<img decoding=\"async\" src=\"https:\/\/bestinvest.com.tr\/wp-content\/uploads\/elementor\/thumbs\/prv61802b1871a5e_1635789592_11-pm2jv16jha9qlo9czcv70rsjks8gur5tipxrrhvrv4.jpg\" title=\"prv61802b1871a5e_1635789592_11\" alt=\"prv61802b1871a5e_1635789592_11\" \/>\t\t\t\t\t\t\t\t\t\t\t\t\t\t\t<\/p>\n<h6>\u043d\u043e\u0432\u043e\u0441\u0442\u0440\u043e\u0439\u043a\u0443 <\/h6>\n<p>\t\t\t\t\t\t\t\t\t\t\t\t\t\t\t<img decoding=\"async\" src=\"https:\/\/bestinvest.com.tr\/wp-content\/uploads\/elementor\/thumbs\/webaliser-_TPTXZd9mOo-unsplash-scaled-pm2jx7758j8jdb41bsl89q3svrjxlmrjhg32lgo3io.jpg\" title=\"webaliser-_TPTXZd9mOo-unsplash\" alt=\"webaliser-_TPTXZd9mOo-unsplash\" \/> <\/p>\n<h6>\u0432\u0442\u043e\u0440\u0438\u0447\u043d\u043e\u0435 \u0436\u0438\u043b\u044c\u0435 <\/h6>\n<p>\t\t\t\t\t\t\t\t\t\t\t\t\t\t\t<img decoding=\"async\" src=\"https:\/\/bestinvest.com.tr\/wp-content\/uploads\/elementor\/thumbs\/61a9d764ce6fb-pm2jslrjtoy2lxsc5t2w2vuoby7bywis6p9m4rhdxs.jpeg\" title=\"61a9d764ce6fb\" alt=\"61a9d764ce6fb\" \/> <\/p>\n<h6>dom, will\u0119 lub kamienic\u0119<\/h6>\n<h3>Dlaczego klienci ufaj\u0105 Best Invest Realestate w kwestiach zwi\u0105zanych z nabyciem nieruchomo\u015bci w Turcji? <\/h3>\n<p>\t\t\t\t\t<a target=\"_blank\" rel=\"noopener\"> Facebook <\/a> <a target=\"_blank\" rel=\"noopener\"> Twitter <\/a><br \/>\n\t\t\t\t\t<a target=\"_blank\" rel=\"noopener\"> Google-plus <\/a> <\/p>\n<ul>\n<li> inwestowanie w nieruchomo\u015bci jest zawsze bezpieczne i op\u0142acalne\n\t\t\t\t\t\t\t\t\t<\/li>\n<li> Inwestowanie w nieruchomo\u015bci za granic\u0105 ma r\u00f3wnie\u017c dodatkowe, logiczne zalety <\/li>\n<li> Rozwija to biznes\n\t\t\t\t\t\t\t\t\t<\/li>\n<li> to wspania\u0142a okazja, aby sp\u0119dzi\u0107 du\u017co czasu w Turcji, cudownym, przyjaznym kraju, gdzie prawie wszystkie dni w roku s\u0105 s\u0142oneczne <\/li>\n<li>\n\t\t\t\t\t\t\t\t\t\twi\u0119cej mi\u0119dzynarodowych mo\u017cliwo\u015bci dla siebie, rodziny, dzieci i partner\u00f3w <\/li>\n<\/ul>\n<p>Best Invest Realestate<\/p>\n<h3>Od czego zaczynamy nasz\u0105 prac\u0119?<\/h3>\n<p>\t\t\t\t\t\t\t\t\t\t\t\t\t\t\t<img decoding=\"async\" width=\"300\" height=\"400\" src=\"https:\/\/bestinvest.com.tr\/wp-content\/uploads\/2022\/03\/aviv-rachmadian-MzMvUQ-mdRk-unsplash-300x400.jpg\" alt=\"\" loading=\"lazy\" \/>\t\t\t\t\t\t\t\t\t\t\t\t\t\t\t<\/p>\n<p>\u041d\u0430 \u043f\u0435\u0440\u0432\u043e\u043c \u044d\u0442\u0430\u043f\u0435 \u043c\u044b \u0437\u043d\u0430\u043a\u043e\u043c\u0438\u043c\u0441\u044f. \u0421 \u043a\u043b\u0438\u0435\u043d\u0442\u043e\u043c, \u0435\u0433\u043e \u043f\u043e\u0436\u0435\u043b\u0430\u043d\u0438\u044f\u043c\u0438, \u0446\u0435\u043d\u043d\u043e\u0441\u0442\u044f\u043c\u0438, \u043e\u0436\u0438\u0434\u0430\u043d\u0438\u044f\u043c\u0438. \u042d\u0442\u043e \u043e\u0441\u043e\u0431\u0435\u043d\u043d\u043e \u0432\u0430\u0436\u043d\u043e \u0432 \u0440\u0430\u0431\u043e\u0442\u0435 \u0441 \u043b\u044e\u0434\u044c\u043c\u0438, \u0434\u043b\u044f \u043a\u043e\u0442\u043e\u0440\u044b\u0445 \u044d\u0442\u0430 \u043f\u043e\u043a\u0443\u043f\u043a\u0430 \u043d\u0435\u0434\u0432\u0438\u0436\u0438\u043c\u043e\u0441\u0442\u0438 &#8211; \u043f\u0435\u0440\u0432\u0430\u044f.<\/p>\n<p>\t\t\t\t\t\t\t\t\t\t\t\t\t\t\t<img decoding=\"async\" width=\"300\" height=\"400\" src=\"https:\/\/bestinvest.com.tr\/wp-content\/uploads\/2022\/03\/john-schnobrich-yFbyvpEGHFQ-unsplash-300x400.jpg\" alt=\"\" loading=\"lazy\" \/>\t\t\t\t\t\t\t\t\t\t\t\t\t\t\t<\/p>\n<p>Z ka\u017cdym rokiem otrzymujemy coraz wi\u0119cej zapyta\u0144 od klient\u00f3w, kt\u00f3rzy chc\u0105 naby\u0107 alternatywn\u0105 nieruchomo\u015b\u0107 w Turcji do sta\u0142ego lub okresowego zamieszkania, a tak\u017ce dla swoich dzieci, rodzic\u00f3w, a zw\u0142aszcza do cel\u00f3w biznesowych.<\/p>\n<p>Tej wiosny wielu naszych klient\u00f3w podj\u0119\u0142o do\u015b\u0107 szybk\u0105 decyzj\u0119 o zakupie nieruchomo\u015bci w Turcji i chce sfinalizowa\u0107 transakcj\u0119 w kr\u00f3tkim czasie. Wsp\u00f3lnie wybieramy strategi\u0119, kt\u00f3ra jest odpowiednia w\u0142a\u015bnie dla Ciebie, bior\u0105c pod uwag\u0119 Tw\u00f3j styl \u017cycia, Twoje dane wyj\u015bciowe, w tym finansowe. Nadal wsp\u00f3\u0142pracujemy z osobami, dla kt\u00f3rych inwestowanie w nieruchomo\u015bci jest zawodem i g\u0142\u00f3wnym \u017ar\u00f3d\u0142em dochodu. M\u00f3wimy tym samym j\u0119zykiem, pracujemy jako jeden zesp\u00f3\u0142 i osi\u0105gamy doskona\u0142e wyniki.<br \/>\n\t\t\t\t\t\t\t\t\t\t\t\t\t\t\t<img decoding=\"async\" src=\"https:\/\/bestinvest.com.tr\/wp-content\/uploads\/2021\/03\/logo.png\" title=\"\" alt=\"\" \/><\/p>\n","protected":false},"excerpt":{"rendered":"<p>WYB\u00d3R NIERUCHOMO\u015aCI I MODELE INWESTYCJI Best Invest Realestate zajmuje si\u0119 od ponad 10 lat doradztwem i obs\u0142ug\u0105 transakcji dotycz\u0105cych nieruchomo\u015bci w Turcji. Nawet gdy otrzymujemy zapytanie dotycz\u0105ce zakupu nieruchomo\u015bci mieszkalnej bezpo\u015brednio po przeprowadzce, dobieramy obiekt r\u00f3wnie\u017c pod k\u0105tem atrakcyjno\u015bci biznesowej. Wa\u017cne jest dla nas, aby nasi klienci otrzymali nie tylko mieszkanie lub dom swoich marze\u0144, [&hellip;]<\/p>\n","protected":false},"author":5,"featured_media":3463,"parent":0,"menu_order":0,"comment_status":"closed","ping_status":"closed","template":"","meta":{"inline_featured_image":false,"footnotes":""},"class_list":["post-3450","page","type-page","status-publish","has-post-thumbnail","hentry"],"_links":{"self":[{"href":"https:\/\/bestinvest.com.tr\/pl\/wp-json\/wp\/v2\/pages\/3450","targetHints":{"allow":["GET"]}}],"collection":[{"href":"https:\/\/bestinvest.com.tr\/pl\/wp-json\/wp\/v2\/pages"}],"about":[{"href":"https:\/\/bestinvest.com.tr\/pl\/wp-json\/wp\/v2\/types\/page"}],"author":[{"embeddable":true,"href":"https:\/\/bestinvest.com.tr\/pl\/wp-json\/wp\/v2\/users\/5"}],"replies":[{"embeddable":true,"href":"https:\/\/bestinvest.com.tr\/pl\/wp-json\/wp\/v2\/comments?post=3450"}],"version-history":[{"count":0,"href":"https:\/\/bestinvest.com.tr\/pl\/wp-json\/wp\/v2\/pages\/3450\/revisions"}],"wp:featuredmedia":[{"embeddable":true,"href":"https:\/\/bestinvest.com.tr\/pl\/wp-json\/wp\/v2\/media\/3463"}],"wp:attachment":[{"href":"https:\/\/bestinvest.com.tr\/pl\/wp-json\/wp\/v2\/media?parent=3450"}],"curies":[{"name":"wp","href":"https:\/\/api.w.org\/{rel}","templated":true}]}}