{"id":3600,"date":"2022-03-21T06:40:33","date_gmt":"2022-03-21T06:40:33","guid":{"rendered":"https:\/\/bestinvest.com.tr\/?page_id=3600"},"modified":"2026-02-05T12:24:36","modified_gmt":"2026-02-05T12:24:36","slug":"%d1%80%d1%83%d1%81%d1%81%d0%ba%d0%b8%d0%b9-%d1%8e%d1%80%d0%b8%d0%b4%d0%b8%d1%87%d0%b5%d1%81%d0%ba%d0%be%d0%b5-%d1%81%d0%be%d0%bf%d1%80%d0%be%d0%b2%d0%be%d0%b6%d0%b4%d0%b5%d0%bd%d0%b8%d0%b5-%d1%81","status":"publish","type":"page","link":"https:\/\/bestinvest.com.tr\/pl\/%d1%80%d1%83%d1%81%d1%81%d0%ba%d0%b8%d0%b9-%d1%8e%d1%80%d0%b8%d0%b4%d0%b8%d1%87%d0%b5%d1%81%d0%ba%d0%be%d0%b5-%d1%81%d0%be%d0%bf%d1%80%d0%be%d0%b2%d0%be%d0%b6%d0%b4%d0%b5%d0%bd%d0%b8%d0%b5-%d1%81\/","title":{"rendered":"Wsparcie prawne transakcji kupna i sprzeda\u017cy"},"content":{"rendered":"<h3>WSPARCIE PRAWNE TRANSAKCJI KUPNA-SPRZEDA\u017bY<\/h3>\n<p> <a target=\"_blank\" rel=\"noopener\"> Facebook <\/a> <a target=\"_blank\" rel=\"noopener\"> Twitter <\/a><br \/>\n<a target=\"_blank\" rel=\"noopener\"> Google-plus <\/a> Rejestracja nieruchomo\u015bci w Turcji to prosta procedura, kt\u00f3ra nie wymaga wielu dokument\u00f3w i nie zajmuje du\u017co czasu. Jednak tureckie prawo katastralne wymaga udzia\u0142u licencjonowanego agenta w transakcji. <\/p>\n<h3>Best Invest Realestate<\/h3>\n<p>Best Invest Realestate szanuje czas swoich klient\u00f3w, dlatego od razu informujemy o tej kwestii prawnej. Od ponad 10 lat \u015bwiadczymy pe\u0142en zakres us\u0142ug zwi\u0105zanych z formalno\u015bciami dotycz\u0105cymi nieruchomo\u015bci w Turcji, a tak\u017ce pomagamy unikn\u0105\u0107 nieefektywnych i nieuczciwych transakcji.<\/p>\n<p><img loading=\"lazy\" decoding=\"async\" src=\"https:\/\/bestinvest.com.tr\/wp-content\/uploads\/2022\/03\/f82a2dee710d18e2cb48eaee43f87425.jpg\" sizes=\"auto, (max-width: 350px) 100vw, 350px\" srcset=\"https:\/\/bestinvest.com.tr\/wp-content\/uploads\/2022\/03\/f82a2dee710d18e2cb48eaee43f87425.jpg 350w, https:\/\/bestinvest.com.tr\/wp-content\/uploads\/2022\/03\/f82a2dee710d18e2cb48eaee43f87425-300x206.jpg 300w\" alt=\"\" width=\"350\" height=\"240\" \/><br \/>\n<img decoding=\"async\" title=\"\" src=\"https:\/\/bestinvest.com.tr\/wp-content\/uploads\/2021\/03\/logo.png\" alt=\"\" \/> Naszym zadaniem jest zapewnienie Pa\u0144stwu odpowiedniego domu lub mieszkania na korzystnych, uzgodnionych warunkach \u201ebez niespodzianek\u201d.<\/p>\n<p>Zawsze zapewniamy d\u0142ugoterminowe doradztwo, kt\u00f3re pomaga naszym klientom unikn\u0105\u0107 wielu problem\u00f3w i zb\u0119dnych dzia\u0142a\u0144 w przysz\u0142o\u015bci (je\u015bli planuj\u0105 Pa\u0144stwo p\u00f3\u017aniej podarowa\u0107 nieruchomo\u015b\u0107, zameldowa\u0107 inne osoby, sprzeda\u0107 j\u0105 itp.). <\/p>\n<h2>Best Invest Realestate<\/h2>\n<h4>Co otrzymuj\u0105 Pa\u0144stwo w procesie formalizacji nieruchomo\u015bci z nasz\u0105 agencj\u0105:<\/h4>\n<ul>\n<li>wa\u017cny TAPU (\u015bwiadectwo prawa w\u0142asno\u015bci nieruchomo\u015bci, g\u0142\u00f3wny dokument)<\/li>\n<li>pe\u0142en oficjalny pakiet wszystkich dokument\u00f3w transakcji<\/li>\n<li>pomoc w przeprowadzeniu operacji finansowych zwi\u0105zanych z zawarciem transakcji (bezpieczna p\u0142atno\u015b\u0107 i otrzymanie \u015brodk\u00f3w; op\u0142acenie niezb\u0119dnych op\u0142at i podatk\u00f3w)<\/li>\n<li>pomoc w uzyskaniu tureckiego numeru identyfikacji podatkowej (potrzebny do uzyskania TAPU i prowadzenia dzia\u0142alno\u015bci gospodarczej)<\/li>\n<li>pomoc w wype\u0142nieniu paszportu technicznego \u201eIskan\u201d<\/li>\n<li>pomoc w ubezpieczeniu<\/li>\n<li>pomoc w rozwi\u0105zywaniu spraw bytowych (od rejestracji licznik\u00f3w wody po pod\u0142\u0105czenie do infrastruktury spo\u0142ecznej)<\/li>\n<\/ul>\n","protected":false},"excerpt":{"rendered":"<p>WSPARCIE PRAWNE TRANSAKCJI KUPNA-SPRZEDA\u017bY Facebook Twitter Google-plus Rejestracja nieruchomo\u015bci w Turcji to prosta procedura, kt\u00f3ra nie wymaga wielu dokument\u00f3w i nie zajmuje du\u017co czasu. Jednak tureckie prawo katastralne wymaga udzia\u0142u licencjonowanego agenta w transakcji. Best Invest Realestate Best Invest Realestate szanuje czas swoich klient\u00f3w, dlatego od razu informujemy o tej kwestii prawnej. Od ponad 10 [&hellip;]<\/p>\n","protected":false},"author":5,"featured_media":3617,"parent":0,"menu_order":0,"comment_status":"closed","ping_status":"closed","template":"","meta":{"inline_featured_image":false,"footnotes":""},"class_list":["post-3600","page","type-page","status-publish","has-post-thumbnail","hentry"],"_links":{"self":[{"href":"https:\/\/bestinvest.com.tr\/pl\/wp-json\/wp\/v2\/pages\/3600","targetHints":{"allow":["GET"]}}],"collection":[{"href":"https:\/\/bestinvest.com.tr\/pl\/wp-json\/wp\/v2\/pages"}],"about":[{"href":"https:\/\/bestinvest.com.tr\/pl\/wp-json\/wp\/v2\/types\/page"}],"author":[{"embeddable":true,"href":"https:\/\/bestinvest.com.tr\/pl\/wp-json\/wp\/v2\/users\/5"}],"replies":[{"embeddable":true,"href":"https:\/\/bestinvest.com.tr\/pl\/wp-json\/wp\/v2\/comments?post=3600"}],"version-history":[{"count":0,"href":"https:\/\/bestinvest.com.tr\/pl\/wp-json\/wp\/v2\/pages\/3600\/revisions"}],"wp:featuredmedia":[{"embeddable":true,"href":"https:\/\/bestinvest.com.tr\/pl\/wp-json\/wp\/v2\/media\/3617"}],"wp:attachment":[{"href":"https:\/\/bestinvest.com.tr\/pl\/wp-json\/wp\/v2\/media?parent=3600"}],"curies":[{"name":"wp","href":"https:\/\/api.w.org\/{rel}","templated":true}]}}