{"id":3648,"date":"2022-03-21T08:19:12","date_gmt":"2022-03-21T08:19:12","guid":{"rendered":"https:\/\/bestinvest.com.tr\/?page_id=3648"},"modified":"2026-02-05T12:24:16","modified_gmt":"2026-02-05T12:24:16","slug":"%d1%80%d1%83%d1%81%d1%81%d0%ba%d0%b8%d0%b9-%d0%b1%d0%b5%d1%81%d0%bf%d0%bb%d0%b0%d1%82%d0%bd%d1%8b%d0%b9-welcome-%d1%82%d1%83%d1%80","status":"publish","type":"page","link":"https:\/\/bestinvest.com.tr\/pl\/%d1%80%d1%83%d1%81%d1%81%d0%ba%d0%b8%d0%b9-%d0%b1%d0%b5%d1%81%d0%bf%d0%bb%d0%b0%d1%82%d0%bd%d1%8b%d0%b9-welcome-%d1%82%d1%83%d1%80\/","title":{"rendered":"Podr\u00f3\u017c inspekcyjna"},"content":{"rendered":"<h4>Bezp\u0142atna wycieczka powitalna<\/h4>\n<p>Agencja Best Invest Realestate zaprasza Pa\u0144stwa do zanurzenia si\u0119 w pi\u0119knym \u015bwiecie tureckich nieruchomo\u015bci! Zapraszamy Pa\u0144stwa na pi\u0119ciodniow\u0105 wycieczk\u0119 powitaln\u0105, podczas kt\u00f3rej b\u0119d\u0105 Pa\u0144stwo mogli osobi\u015bcie obejrze\u0107 obiekty.\t\t<\/p>\n<h3>Bezp\u0142atna wycieczka powitalna<\/h3>\n<p> <img decoding=\"async\" width=\"470\" height=\"600\" src=\"https:\/\/bestinvest.com.tr\/wp-content\/uploads\/2022\/03\/n0737OZrHJd4crtoOFjFU2DeRZYDaUE2e0MqM6dcxvw-470x600.png\" alt=\"\" loading=\"lazy\" \/><br \/>\n\t\t\t\t\t\t\t\t\t\t\t\t\t\t\t<img decoding=\"async\" width=\"470\" height=\"600\" src=\"https:\/\/bestinvest.com.tr\/wp-content\/uploads\/2022\/03\/image-470x600.jpg\" alt=\"\" loading=\"lazy\" \/>\t\t\t\t\t\t\t\t\t\t\t\t\t\t\t<\/p>\n<p>W przypadku wyboru mieszkania spo\u015br\u00f3d proponowanych obiekt\u00f3w, agencja pokrywa wszystkie koszty (transfer, zakwaterowanie, pokazy; przelot cz\u0119\u015bciowy lub ca\u0142kowity, w zale\u017cno\u015bci od ceny obiektu). Je\u015bli wyje\u017cd\u017casz bez zawarcia umowy, wycieczka powitalna b\u0119dzie mia\u0142a dla Ciebie przyjemn\u0105 sta\u0142\u0105 cen\u0119 150 euro.<br \/>\n\t\t\t\t\t\t\t\t\t\t\t\t\t\t\t<img decoding=\"async\" width=\"470\" height=\"600\" src=\"https:\/\/bestinvest.com.tr\/wp-content\/uploads\/2022\/03\/Ban-on-international-commercial-flight-extended-470x600.jpg\" alt=\"\" loading=\"lazy\" \/>\t\t\t\t\t\t\t\t\t\t\t\t\t\t\t<\/p>\n<h4>Wycieczka powitalna pomo\u017ce Ci w ci\u0105gu 5 dni<\/h4>\n<h4>01<\/h4>\n<p>zobaczy\u0107 na w\u0142asne oczy rzeczywiste obiekty, dobrane z uwzgl\u0119dnieniem Twoich wymaga\u0144<\/p>\n<h4>02<\/h4>\n<p>uzyska\u0107 informacje na temat prowadzenia dzia\u0142alno\u015bci gospodarczej, pozwolenia na pobyt, integracji rodziny i dzieci<\/p>\n<h4>03<\/h4>\n<p>dowiedzie\u0107 si\u0119 o wspania\u0142ych mo\u017cliwo\u015bciach, jakie maj\u0105 w\u0142a\u015bciciele nieruchomo\u015bci w Turcji<\/p>\n<h4>04<\/h4>\n<p>dokona\u0107 korzystnej inwestycji, kt\u00f3ra zwi\u0119kszy Tw\u00f3j kapita\u0142<\/p>\n<h4>05<\/h4>\n<p>pozna\u0107 nasz zesp\u00f3\u0142 profesjonalist\u00f3w<\/p>\n<h4>06<\/h4>\n<p>poprawi\u0107 networking biznesowy dzi\u0119ki naszej spo\u0142eczno\u015bci klient\u00f3w<\/p>\n<h4>07<\/h4>\n<p>do\u015bwiadczy\u0107 wspania\u0142ych emocji dzi\u0119ki wysokiej klasy us\u0142ugom, kt\u00f3re dla Ciebie \u015bwiadczymy (ekskluzywne zakwaterowanie, us\u0142ugi konsjer\u017ca, opieka)<\/p>\n","protected":false},"excerpt":{"rendered":"<p>Bezp\u0142atna wycieczka powitalna Agencja Best Invest Realestate zaprasza Pa\u0144stwa do zanurzenia si\u0119 w pi\u0119knym \u015bwiecie tureckich nieruchomo\u015bci! Zapraszamy Pa\u0144stwa na pi\u0119ciodniow\u0105 wycieczk\u0119 powitaln\u0105, podczas kt\u00f3rej b\u0119d\u0105 Pa\u0144stwo mogli osobi\u015bcie obejrze\u0107 obiekty. Bezp\u0142atna wycieczka powitalna W przypadku wyboru mieszkania spo\u015br\u00f3d proponowanych obiekt\u00f3w, agencja pokrywa wszystkie koszty (transfer, zakwaterowanie, pokazy; przelot cz\u0119\u015bciowy lub ca\u0142kowity, w zale\u017cno\u015bci od [&hellip;]<\/p>\n","protected":false},"author":5,"featured_media":3649,"parent":0,"menu_order":0,"comment_status":"closed","ping_status":"closed","template":"","meta":{"inline_featured_image":false,"footnotes":""},"class_list":["post-3648","page","type-page","status-publish","has-post-thumbnail","hentry"],"_links":{"self":[{"href":"https:\/\/bestinvest.com.tr\/pl\/wp-json\/wp\/v2\/pages\/3648","targetHints":{"allow":["GET"]}}],"collection":[{"href":"https:\/\/bestinvest.com.tr\/pl\/wp-json\/wp\/v2\/pages"}],"about":[{"href":"https:\/\/bestinvest.com.tr\/pl\/wp-json\/wp\/v2\/types\/page"}],"author":[{"embeddable":true,"href":"https:\/\/bestinvest.com.tr\/pl\/wp-json\/wp\/v2\/users\/5"}],"replies":[{"embeddable":true,"href":"https:\/\/bestinvest.com.tr\/pl\/wp-json\/wp\/v2\/comments?post=3648"}],"version-history":[{"count":0,"href":"https:\/\/bestinvest.com.tr\/pl\/wp-json\/wp\/v2\/pages\/3648\/revisions"}],"wp:featuredmedia":[{"embeddable":true,"href":"https:\/\/bestinvest.com.tr\/pl\/wp-json\/wp\/v2\/media\/3649"}],"wp:attachment":[{"href":"https:\/\/bestinvest.com.tr\/pl\/wp-json\/wp\/v2\/media?parent=3648"}],"curies":[{"name":"wp","href":"https:\/\/api.w.org\/{rel}","templated":true}]}}