{"id":40498,"date":"2025-07-03T10:38:31","date_gmt":"2025-07-03T10:38:31","guid":{"rendered":"https:\/\/bestinvest.com.tr\/?page_id=40498"},"modified":"2026-02-05T11:16:11","modified_gmt":"2026-02-05T11:16:11","slug":"free-property-valuation","status":"publish","type":"page","link":"https:\/\/bestinvest.com.tr\/pl\/free-property-valuation\/","title":{"rendered":"Bezp\u0142atna wycena nieruchomo\u015bci"},"content":{"rendered":"<p>[vc_row][vc_column width=&#8221;1\/2&#8243;][vc_column_text] <\/p>\n<h3 data-start=\"210\" data-end=\"259\"><\/h3>\n<h3 data-start=\"210\" data-end=\"259\"><strong data-start=\"210\" data-end=\"259\">Poznaj prawdziw\u0105 warto\u015b\u0107 swojej nieruchomo\u015bci \u2013 bez \u017cadnych koszt\u00f3w!<\/strong><\/h3>\n<p data-start=\"261\" data-end=\"638\">W <strong data-start=\"264\" data-end=\"306\">best invest | Forbes Global Properties<\/strong> oferujemy <strong data-start=\"319\" data-end=\"393\">profesjonaln\u0105, dok\u0142adn\u0105 i ca\u0142kowicie bezp\u0142atn\u0105 us\u0142ug\u0119 wyceny nieruchomo\u015bci<\/strong>, kt\u00f3ra pomo\u017ce Ci podj\u0105\u0107 \u015bwiadom\u0105 decyzj\u0119. Niezale\u017cnie od tego, czy rozwa\u017caj\u0105 Pa\u0144stwo sprzeda\u017c domu, mieszkania czy nieruchomo\u015bci inwestycyjnej, nasz zesp\u00f3\u0142 ekspert\u00f3w jest gotowy poprowadzi\u0107 Pa\u0144stwa przez ca\u0142y proces \u2013 od wyceny do zamkni\u0119cia transakcji \u2013 w spos\u00f3b p\u0142ynny i przejrzysty.<\/p>\n<h3 data-start=\"640\" data-end=\"685\"><\/h3>\n<h3 data-start=\"640\" data-end=\"685\"><\/h3>\n<h3 data-start=\"640\" data-end=\"685\">Dlaczego warto wybra\u0107 nasz\u0105 bezp\u0142atn\u0105 us\u0142ug\u0119 wyceny?<\/h3>\n<ol>\n<li data-start=\"687\" data-end=\"889\"><strong data-start=\"689\" data-end=\"716\">Ponad 20 lat do\u015bwiadczenia<\/strong><br data-start=\"716\" data-end=\"719\" \/>Dzi\u0119ki wieloletniej znajomo\u015bci rynku i praktycznemu do\u015bwiadczeniu nasz zesp\u00f3\u0142 wie, jak oszacowa\u0107 rzeczywist\u0105 warto\u015b\u0107 nieruchomo\u015bci na podstawie aktualnej dynamiki rynku, lokalizacji i stanu.\n<li data-start=\"891\" data-end=\"1059\"><strong data-start=\"893\" data-end=\"918\">Mi\u0119dzynarodowa sie\u0107<\/strong><br data-start=\"918\" data-end=\"921\" \/>Wsp\u00f3\u0142pracujemy z <strong data-start=\"936\" data-end=\"977\">szerok\u0105 sieci\u0105 nabywc\u00f3w i inwestor\u00f3w<\/strong> w Turcji, Europie i na Bliskim Wschodzie, pomagaj\u0105c Ci sprzeda\u0107 nieruchomo\u015b\u0107 szybciej i m\u0105drzej.\n<li data-start=\"1061\" data-end=\"1245\"><strong data-start=\"1063\" data-end=\"1088\">Wieloj\u0119zyczna obs\u0142uga<\/strong><br data-start=\"1088\" data-end=\"1091\" \/>M\u00f3wimy w Twoim j\u0119zyku! Nasz zesp\u00f3\u0142 \u015bwiadczy us\u0142ugi w j\u0119zykach:<br data-start=\"1144\" data-end=\"1147\" \/><strong data-start=\"1147\" data-end=\"1218\">tureckim, angielskim, niemieckim, rosyjskim, irlandzkim, szwedzkim, francuskim, arabskim, ukrai\u0144skim<\/strong> oraz <strong data-start=\"1224\" data-end=\"1245\">j\u0119zykami ba\u0142tyckimi.<\/strong><\/li>\n<li data-start=\"1247\" data-end=\"1367\"><strong data-start=\"1249\" data-end=\"1296\">Kompleksowe wsparcie sprzeda\u017cy \u2013 od A do Z<\/strong><br data-start=\"1296\" data-end=\"1299\" \/>Nie poprzestajemy na wycenie. Oferujemy kompleksowe wsparcie, w tym:<\/li>\n<\/ol>\n<ul>\n<li data-start=\"1370\" data-end=\"1410\">Profesjonalna fotografia i marketing<\/li>\n<li data-start=\"1413\" data-end=\"1463\">Wystawianie ofert na najlepszych mi\u0119dzynarodowych i lokalnych platformach<\/li>\n<li data-start=\"1466\" data-end=\"1503\">Wsparcie prawne i obs\u0142uga dokument\u00f3w<\/li>\n<li data-start=\"1506\" data-end=\"1539\">Weryfikacja nabywc\u00f3w i negocjacje<\/li>\n<li data-start=\"1542\" data-end=\"1567\">P\u0142ynne i bezpieczne zamkni\u0119cie transakcji<\/li>\n<\/ul>\n<h3 data-start=\"1569\" data-end=\"1592\"><\/h3>\n<p>&nbsp; <\/p>\n<h3 data-start=\"1569\" data-end=\"1592\">Dla kogo jest to przeznaczone?<\/h3>\n<ul data-start=\"1594\" data-end=\"1751\">\n<li data-start=\"1594\" data-end=\"1629\">\n<p data-start=\"1596\" data-end=\"1629\"><strong data-start=\"1596\" data-end=\"1610\">W\u0142a\u015bciciele dom\u00f3w<\/strong> planuj\u0105cy sprzeda\u017c<\/p>\n<\/li>\n<li data-start=\"1630\" data-end=\"1674\">\n<p data-start=\"1632\" data-end=\"1674\"><strong data-start=\"1632\" data-end=\"1645\">Inwestorzy<\/strong> pragn\u0105cy zoptymalizowa\u0107 zwrot z inwestycji<\/p>\n<\/li>\n<li data-start=\"1675\" data-end=\"1751\">\n<p data-start=\"1677\" data-end=\"1751\"><strong data-start=\"1677\" data-end=\"1695\">Zagraniczni w\u0142a\u015bciciele<\/strong> zainteresowani aktualn\u0105 warto\u015bci\u0105 swoich nieruchomo\u015bci w Turcji<\/p>\n<\/li>\n<\/ul>\n<p> [\/vc_column_text][\/vc_column][vc_column width=&#8221;1\/2&#8243;][vc_single_image image=&#8221;40520&#8243; img_size=&#8221;large&#8221; alignment=&#8221;right&#8221;][vc_column_text] <\/p>\n<h3 data-start=\"1753\" data-end=\"1802\">Chcesz pozna\u0107 warto\u015b\u0107 swojej nieruchomo\u015bci?<\/h3>\n<p data-start=\"1804\" data-end=\"1924\">Kliknij przycisk kontaktowy poni\u017cej, a my um\u00f3wimy si\u0119 na <strong data-start=\"1870\" data-end=\"1903\">bezp\u0142atn\u0105, niezobowi\u0105zuj\u0105c\u0105 wycen\u0119<\/strong> w dogodnym dla Ciebie terminie.<\/p>\n<blockquote data-start=\"1926\" data-end=\"2040\">\n<h3 data-start=\"1928\" data-end=\"2040\"><strong data-start=\"1928\" data-end=\"2040\">Twoja nieruchomo\u015b\u0107 zas\u0142uguje na globaln\u0105 ekspozycj\u0119. Pozw\u00f3l naszym ekspertom pom\u00f3c Ci uzyska\u0107 najlepsz\u0105 warto\u015b\u0107 \u2013 bez zgadywania. <\/strong><\/h3>\n<p>[\/vc_column_text][vc_btn title=&#8221;SKONTAKTUJ SI\u0118 Z NAMI, ABY UZYSKA\u0106 BEZP\u0141ATN\u0104 WY CEN\u0118&#8221; style=&#8221;3d&#8221; color=&#8221;green&#8221; size=&#8221;lg&#8221; align=&#8221;center&#8221; css_animation=&#8221;fadeInUp&#8221; button_block=&#8221;true&#8221; link=&#8221;url:https%3A%2F%2Fapi.whatsapp.com%2Fsend%2F%3Fphone%3D%252B905358269194%26text%26type%3Dphone_number%26app_absent%3D0|target:_blank&#8221;][vc_empty_space][\/vc_column][\/vc_row]<\/p>\n","protected":false},"excerpt":{"rendered":"<p>[vc_row][vc_column width=&#8221;1\/2&#8243;][vc_column_text] Poznaj prawdziw\u0105 warto\u015b\u0107 swojej nieruchomo\u015bci \u2013 bez \u017cadnych koszt\u00f3w! W best invest | Forbes Global Properties oferujemy profesjonaln\u0105, dok\u0142adn\u0105 i ca\u0142kowicie bezp\u0142atn\u0105 us\u0142ug\u0119 wyceny nieruchomo\u015bci, kt\u00f3ra pomo\u017ce Ci podj\u0105\u0107 \u015bwiadom\u0105 decyzj\u0119. Niezale\u017cnie od tego, czy rozwa\u017caj\u0105 Pa\u0144stwo sprzeda\u017c domu, mieszkania czy nieruchomo\u015bci inwestycyjnej, nasz zesp\u00f3\u0142 ekspert\u00f3w jest gotowy poprowadzi\u0107 Pa\u0144stwa przez ca\u0142y proces [&hellip;]<\/p>\n","protected":false},"author":11,"featured_media":0,"parent":0,"menu_order":0,"comment_status":"closed","ping_status":"closed","template":"","meta":{"inline_featured_image":false,"footnotes":""},"class_list":["post-40498","page","type-page","status-publish","hentry"],"_links":{"self":[{"href":"https:\/\/bestinvest.com.tr\/pl\/wp-json\/wp\/v2\/pages\/40498","targetHints":{"allow":["GET"]}}],"collection":[{"href":"https:\/\/bestinvest.com.tr\/pl\/wp-json\/wp\/v2\/pages"}],"about":[{"href":"https:\/\/bestinvest.com.tr\/pl\/wp-json\/wp\/v2\/types\/page"}],"author":[{"embeddable":true,"href":"https:\/\/bestinvest.com.tr\/pl\/wp-json\/wp\/v2\/users\/11"}],"replies":[{"embeddable":true,"href":"https:\/\/bestinvest.com.tr\/pl\/wp-json\/wp\/v2\/comments?post=40498"}],"version-history":[{"count":0,"href":"https:\/\/bestinvest.com.tr\/pl\/wp-json\/wp\/v2\/pages\/40498\/revisions"}],"wp:attachment":[{"href":"https:\/\/bestinvest.com.tr\/pl\/wp-json\/wp\/v2\/media?parent=40498"}],"curies":[{"name":"wp","href":"https:\/\/api.w.org\/{rel}","templated":true}]}}