{"id":7534,"date":"2022-06-01T11:34:14","date_gmt":"2022-06-01T11:34:14","guid":{"rendered":"https:\/\/bestinvest.com.tr\/?page_id=7534"},"modified":"2026-02-05T11:25:26","modified_gmt":"2026-02-05T11:25:26","slug":"test","status":"publish","type":"page","link":"https:\/\/bestinvest.com.tr\/pl\/test\/","title":{"rendered":"test"},"content":{"rendered":"<p>[vc_row][vc_column]    <div class=\"customers \">\n        <div class=\"customers-carousel-thumb\">\n            <div class=\"carousel-area\">\n                <div class=\"prev-button js-prev\"><\/div>\n                <div class=\"next-button js-next\"><\/div>\n                <div class=\"js-customers-thumb\">\n                                        <div>\n                        <div class=\"item\" data-index=\"0\">\n                            <div class=\"name\">\n                                <i class=\"fas fa-quote-right\"><\/i>\n                                Jason i Jowita                            <\/div>\n\n                            <img decoding=\"async\" src=\"https:\/\/bestinvest.com.tr\/wp-content\/uploads\/2025\/12\/1-6-470x600.jpeg\" alt=\"\" \/>\n                        <\/div>\n                    <\/div>\n                                        <div>\n                        <div class=\"item\" data-index=\"1\">\n                            <div class=\"name\">\n                                <i class=\"fas fa-quote-right\"><\/i>\n                                Marzena Lewandowska                            <\/div>\n\n                            <img decoding=\"async\" src=\"https:\/\/bestinvest.com.tr\/wp-content\/uploads\/2025\/12\/359_8270-470x560.jpg\" alt=\"\" \/>\n                        <\/div>\n                    <\/div>\n                                        <div>\n                        <div class=\"item\" data-index=\"2\">\n                            <div class=\"name\">\n                                <i class=\"fas fa-quote-right\"><\/i>\n                                Frei Irina                            <\/div>\n\n                            <img decoding=\"async\" src=\"https:\/\/bestinvest.com.tr\/wp-content\/uploads\/2025\/10\/bodrumvilla-470x533.jpg\" alt=\"\" \/>\n                        <\/div>\n                    <\/div>\n                                        <div>\n                        <div class=\"item\" data-index=\"3\">\n                            <div class=\"name\">\n                                <i class=\"fas fa-quote-right\"><\/i>\n                                Svetlana Pietriakowa                            <\/div>\n\n                            <img decoding=\"async\" src=\"https:\/\/bestinvest.com.tr\/wp-content\/uploads\/2025\/05\/4mrayy1zlwSHuG7-470x417.jpg\" alt=\"\" \/>\n                        <\/div>\n                    <\/div>\n                                        <div>\n                        <div class=\"item\" data-index=\"4\">\n                            <div class=\"name\">\n                                <i class=\"fas fa-quote-right\"><\/i>\n                                Anna \u2013 Rodion G\u00fcler                            <\/div>\n\n                            <img decoding=\"async\" src=\"https:\/\/bestinvest.com.tr\/wp-content\/uploads\/2025\/05\/mini_DJI_0108-470x600.jpg\" alt=\"\" \/>\n                        <\/div>\n                    <\/div>\n                                        <div>\n                        <div class=\"item\" data-index=\"5\">\n                            <div class=\"name\">\n                                <i class=\"fas fa-quote-right\"><\/i>\n                                Svetlana Antyukhova                            <\/div>\n\n                            <img decoding=\"async\" src=\"https:\/\/bestinvest.com.tr\/wp-content\/uploads\/2025\/05\/DSC05077-470x600.jpg\" alt=\"\" \/>\n                        <\/div>\n                    <\/div>\n                                    <\/div>\n            <\/div>\n        <\/div>\n\n        <div class=\"customers-carousel js-customers-carousel\">\n                        <div>\n                <div class=\"item\">\n                    <div class=\"image\">\n                        <a href=\"https:\/\/bestinvest.com.tr\/pl\/testimonial\/jason-and-jowita\/\" class=\"video-link\">\n                            <i class=\"fas fa-comment-dots\"><\/i>\n                        <\/a>\n\n                        <img decoding=\"async\" src=\"https:\/\/bestinvest.com.tr\/wp-content\/uploads\/2025\/12\/1-6-470x600.jpeg\" alt=\"\" \/>\n                        <div class=\"detail\">\n                            <div class=\"name\">Jason i Jowita<\/div>\n                            <div class=\"title\">Polska<\/div>\n                        <\/div>\n                    <\/div>\n                    <div class=\"content\">\n                        <div class=\"name\">Jason i Jowita - Polska<\/div>\n                            <div class=\"stars\">\n                                <i class=\"fas fa-star\"><\/i><i class=\"fas fa-star\"><\/i><i class=\"fas fa-star\"><\/i><i class=\"fas fa-star\"><\/i><i class=\"fas fa-star\"><\/i>                            <\/div>\n                        <div class=\"subhead\">\n                            Bardzo dzi\u0119kujemy za pomoc w sprzeda\u017cy i kuponie apartamentu w Mahmutlar Alanya  Wszystko przebieg\u0142o sprawnie i ekspresowo Firma naprawd\u0119 dba o klient\u00f3w Polecamy bardzo serdecznie Dzi\u0119kujemy bardzo Ganna Contarenko Mehmet Murat Steven Jenny Thank You everybody &#x1f337;&#x1f337;&#x1f337;                        <\/div>\n                        <div class=\"the_content\">\n                            <a href=\"https:\/\/bestinvest.com.tr\/pl\/testimonial\/jason-and-jowita\/\"><\/a>\n                        <\/div>\n                    <\/div>\n                <\/div>\n            <\/div>\n                        <div>\n                <div class=\"item\">\n                    <div class=\"image\">\n                        <a href=\"https:\/\/bestinvest.com.tr\/pl\/testimonial\/marzena-lewandowska\/\" class=\"video-link\">\n                            <i class=\"fas fa-comment-dots\"><\/i>\n                        <\/a>\n\n                        <img decoding=\"async\" src=\"https:\/\/bestinvest.com.tr\/wp-content\/uploads\/2025\/12\/359_8270-470x560.jpg\" alt=\"\" \/>\n                        <div class=\"detail\">\n                            <div class=\"name\">Marzena Lewandowska<\/div>\n                            <div class=\"title\">Polska<\/div>\n                        <\/div>\n                    <\/div>\n                    <div class=\"content\">\n                        <div class=\"name\">Marzena Lewandowska - Polska<\/div>\n                            <div class=\"stars\">\n                                <i class=\"fas fa-star\"><\/i><i class=\"fas fa-star\"><\/i><i class=\"fas fa-star\"><\/i><i class=\"fas fa-star\"><\/i><i class=\"fas fa-star\"><\/i>                            <\/div>\n                        <div class=\"subhead\">\n                            Zakup apartamentu w Turcji by\u0142 dla mnie bardzo wa\u017cn\u0105 decyzj\u0105. Agencj\u0119 Bestinvest wybra\u0142am przypadkowo, jednak z pe\u0142nym przekonaniem mog\u0119 powiedzie\u0107, \u017ce by\u0142 to doskona\u0142y wyb\u00f3r.\r\nNa szczeg\u00f3lne uznanie zas\u0142uguje Mehmed Bey,w\u0142a\u015bciciel agencji, kt\u00f3ry osobi\u015bcie zaanga\u017cowa\u0142 si\u0119 w proces znalezienia dla mnie odpowiedniego apartamentu oraz czuwa\u0142 nad przebiegiem ca\u0142ej transakcji.\r\nWsparcie Murata Beya w zakresie kwestii ksi\u0119gowych by\u0142o profesjonalne, jasne i rzetelne, a agentka Anna okaza\u0142a si\u0119 nieocenion\u0105 pomoc\u0105 na ka\u017cdym etapie - od formalno\u015bci po sprawy organizacyjne.\r\nCa\u0142y proces zakupu przebieg\u0142 sprawnie, transparentnie i w bardzo przyjaznej atmosferze. Czu\u0142am si\u0119 bezpiecznie i zaopiekowana od pierwszego kontaktu a\u017c do finalizacji transakcji.\r\nNa zako\u0144czenie \u017cycz\u0119 ca\u0142emu  zespo\u0142owi Bestinvest dalszych sukces\u00f3w oraz wielu zawodowych klient\u00f3w.\r\nZ pe\u0142nym przekonaniem polecam agencj\u0119 Bestinvest wszystkim osobom planuj\u0105cym zakup nieruchomo\u015bci w Turcji.                        <\/div>\n                        <div class=\"the_content\">\n                            <a href=\"https:\/\/bestinvest.com.tr\/pl\/testimonial\/marzena-lewandowska\/\"><\/a>\n                        <\/div>\n                    <\/div>\n                <\/div>\n            <\/div>\n                        <div>\n                <div class=\"item\">\n                    <div class=\"image\">\n                        <a href=\"https:\/\/bestinvest.com.tr\/pl\/testimonial\/frei-irina\/\" class=\"video-link\">\n                            <i class=\"fas fa-comment-dots\"><\/i>\n                        <\/a>\n\n                        <img decoding=\"async\" src=\"https:\/\/bestinvest.com.tr\/wp-content\/uploads\/2025\/10\/bodrumvilla-470x533.jpg\" alt=\"\" \/>\n                        <div class=\"detail\">\n                            <div class=\"name\">Frei Irina<\/div>\n                            <div class=\"title\">Niemcy<\/div>\n                        <\/div>\n                    <\/div>\n                    <div class=\"content\">\n                        <div class=\"name\">Frei Irina - Niemcy<\/div>\n                            <div class=\"stars\">\n                                <i class=\"fas fa-star\"><\/i><i class=\"fas fa-star\"><\/i><i class=\"fas fa-star\"><\/i><i class=\"fas fa-star\"><\/i><i class=\"fas fa-star\"><\/i>                            <\/div>\n                        <div class=\"subhead\">\n                            Firma, kt\u00f3rej mo\u017cna zaufa\u0107! Szybka, niezawodna i zawsze gotowa do pomocy w ka\u017cdej sprawie. Bardzo si\u0119 ciesz\u0119, \u017ce wybra\u0142em Bestinvest!!!!                        <\/div>\n                        <div class=\"the_content\">\n                            <a href=\"https:\/\/bestinvest.com.tr\/pl\/testimonial\/frei-irina\/\"><\/a>\n                        <\/div>\n                    <\/div>\n                <\/div>\n            <\/div>\n                        <div>\n                <div class=\"item\">\n                    <div class=\"image\">\n                        <a href=\"https:\/\/bestinvest.com.tr\/pl\/testimonial\/svetlana-petryakova\/\" class=\"video-link\">\n                            <i class=\"fas fa-comment-dots\"><\/i>\n                        <\/a>\n\n                        <img decoding=\"async\" src=\"https:\/\/bestinvest.com.tr\/wp-content\/uploads\/2025\/05\/4mrayy1zlwSHuG7-470x417.jpg\" alt=\"\" \/>\n                        <div class=\"detail\">\n                            <div class=\"name\">Svetlana Pietriakowa<\/div>\n                            <div class=\"title\">(English) Germany<\/div>\n                        <\/div>\n                    <\/div>\n                    <div class=\"content\">\n                        <div class=\"name\">Svetlana Pietriakowa - (English) Germany<\/div>\n                            <div class=\"stars\">\n                                <i class=\"fas fa-star\"><\/i><i class=\"fas fa-star\"><\/i><i class=\"fas fa-star\"><\/i><i class=\"fas fa-star\"><\/i><i class=\"fas fa-star\"><\/i>                            <\/div>\n                        <div class=\"subhead\">\n                            Agencja jest prawdziwym skarbem dla tych, kt\u00f3rzy poszukuj\u0105 rzetelnego i profesjonalnego po\u015brednika nieruchomo\u015bci! Chcia\u0142bym szczeg\u00f3lnie wyr\u00f3\u017cni\u0107 Lili\u0119 \u2013 niezwykle wra\u017cliw\u0105 i uwa\u017cn\u0105 specjalistk\u0119. Proces zakupu mieszkania jest zazwyczaj stresuj\u0105cy, ale Lilia sprawi\u0142a, \u017ce sta\u0142 si\u0119 on niezwykle komfortowy i spokojny. Nie tylko pomog\u0142a w przygotowaniu dokument\u00f3w, ale tak\u017ce wspiera\u0142a mnie na ka\u017cdym etapie: podczas poszukiwania nieruchomo\u015bci, rejestracji, a nawet po sfinalizowaniu transakcji. Jej profesjonalizm, empatia i umiej\u0119tno\u015b\u0107 s\u0142uchania klienta to cechy rzadkie w dzisiejszych czasach. P.S. Chcia\u0142bym przekaza\u0107 t\u0119 rad\u0119 kierownictwu agencji: dbajcie o Lili\u0119! Tacy pracownicy s\u0105 prawdziwym skarbem firmy, kt\u00f3rzy buduj\u0105 jej reputacj\u0119 i przyci\u0105gaj\u0105 nowych klient\u00f3w swoim profesjonalizmem i cz\u0142owiecze\u0144stwem. Polecam t\u0119 agencj\u0119 wszystkim, kt\u00f3rzy powa\u017cnie podchodz\u0105 do wyboru nieruchomo\u015bci!                        <\/div>\n                        <div class=\"the_content\">\n                            <a href=\"https:\/\/bestinvest.com.tr\/pl\/testimonial\/svetlana-petryakova\/\"><\/a>\n                        <\/div>\n                    <\/div>\n                <\/div>\n            <\/div>\n                        <div>\n                <div class=\"item\">\n                    <div class=\"image\">\n                        <a href=\"https:\/\/bestinvest.com.tr\/pl\/testimonial\/anna-rodion-guler\/\" class=\"video-link\">\n                            <i class=\"fas fa-comment-dots\"><\/i>\n                        <\/a>\n\n                        <img decoding=\"async\" src=\"https:\/\/bestinvest.com.tr\/wp-content\/uploads\/2025\/05\/mini_DJI_0108-470x600.jpg\" alt=\"\" \/>\n                        <div class=\"detail\">\n                            <div class=\"name\">Anna \u2013 Rodion G\u00fcler<\/div>\n                            <div class=\"title\">(English) Russia<\/div>\n                        <\/div>\n                    <\/div>\n                    <div class=\"content\">\n                        <div class=\"name\">Anna \u2013 Rodion G\u00fcler - (English) Russia<\/div>\n                            <div class=\"stars\">\n                                <i class=\"fas fa-star\"><\/i><i class=\"fas fa-star\"><\/i><i class=\"fas fa-star\"><\/i><i class=\"fas fa-star\"><\/i><i class=\"fas fa-star\"><\/i>                            <\/div>\n                        <div class=\"subhead\">\n                            Wraz z m\u0119\u017cem kupili\u015bmy dwa mieszkania i sprzedali\u015bmy jedno za po\u015brednictwem tej agencji w 2020 i 2023 roku i byli\u015bmy bardzo zadowoleni. Od samego pocz\u0105tku czuli\u015bmy, \u017ce pracuj\u0105 tu prawdziwi profesjonali\u015bci, kt\u00f3rzy dbaj\u0105 o swoich klient\u00f3w. Szczeg\u00f3lnie podoba\u0142a nam si\u0119 obs\u0142uga posprzeda\u017cowa: pomogli nam nie tylko w transakcji, ale tak\u017ce udzielili nam przydatnych porad, np. gdzie wymieni\u0107 pieni\u0105dze i co kupi\u0107. Byli z nami w sta\u0142ym kontakcie i odpowiadali na wszystkie nasze pytania, co budowa\u0142o poczucie niezawodno\u015bci. Chcieliby\u015bmy szczeg\u00f3lnie podkre\u015bli\u0107 prac\u0119 mened\u017cerki Lilii i dyrektora Mehmeta Beya. Dzi\u0119ki ich pomocy nie tylko pomy\u015blnie sfinalizowali\u015bmy nasze transakcje, ale tak\u017ce zostali\u015bmy dobrymi przyjaci\u00f3\u0142mi. Polecamy t\u0119 firm\u0119 wszystkim, kt\u00f3rzy szukaj\u0105 niezawodnego po\u015brednika w obrocie nieruchomo\u015bciami!                        <\/div>\n                        <div class=\"the_content\">\n                            <a href=\"https:\/\/bestinvest.com.tr\/pl\/testimonial\/anna-rodion-guler\/\"><\/a>\n                        <\/div>\n                    <\/div>\n                <\/div>\n            <\/div>\n                        <div>\n                <div class=\"item\">\n                    <div class=\"image\">\n                        <a href=\"https:\/\/bestinvest.com.tr\/pl\/testimonial\/svetlana-antyukhova\/\" class=\"video-link\">\n                            <i class=\"fas fa-comment-dots\"><\/i>\n                        <\/a>\n\n                        <img decoding=\"async\" src=\"https:\/\/bestinvest.com.tr\/wp-content\/uploads\/2025\/05\/DSC05077-470x600.jpg\" alt=\"\" \/>\n                        <div class=\"detail\">\n                            <div class=\"name\">Svetlana Antyukhova<\/div>\n                            <div class=\"title\">(English) Russia<\/div>\n                        <\/div>\n                    <\/div>\n                    <div class=\"content\">\n                        <div class=\"name\">Svetlana Antyukhova - (English) Russia<\/div>\n                            <div class=\"stars\">\n                                <i class=\"fas fa-star\"><\/i><i class=\"fas fa-star\"><\/i><i class=\"fas fa-star\"><\/i><i class=\"fas fa-star\"><\/i><i class=\"fas fa-star\"><\/i>                            <\/div>\n                        <div class=\"subhead\">\n                            Chcia\u0142bym wyrazi\u0107 moj\u0105 szczer\u0105 wdzi\u0119czno\u015b\u0107 agentce nieruchomo\u015bci Zarinie Ryazaevie za jej profesjonaln\u0105 pomoc w sprzeda\u017cy mieszkania w kompleksie mieszkaniowym w Kargicak. Pomimo og\u00f3lnego spadku popytu na nieruchomo\u015bci w Turcji, dzi\u0119ki do\u015bwiadczeniu, kompetencjom i niestandardowemu podej\u015bciu Zariny transakcja zosta\u0142a pomy\u015blnie sfinalizowana.\r\nChcia\u0142bym szczeg\u00f3lnie podkre\u015bli\u0107 jej umiej\u0119tno\u015b\u0107 tworzenia wysokiej jako\u015bci, atrakcyjnych materia\u0142\u00f3w reklamowych, kt\u00f3re naprawd\u0119 wyr\u00f3\u017cniaj\u0105 si\u0119 na tle innych og\u0142osze\u0144. Umiej\u0119tno\u015bci komunikacyjne Zaryny s\u0105 godne szacunku \u2013 umiej\u0119tnie nawi\u0105zuje kontakt z potencjalnymi nabywcami i pewnie negocjuje, potrafi\u0105c znale\u017a\u0107 kompromisy, kt\u00f3re odpowiadaj\u0105 wszystkim stronom transakcji. Dzi\u0119ki jej wytrwa\u0142o\u015bci i zaanga\u017cowaniu proces sprzeda\u017cy przebiega\u0142 tak spokojnie i sprawnie, jak to tylko mo\u017cliwe. \u017bycz\u0119 Zarynie dalszych sukces\u00f3w w dzia\u0142alno\u015bci zawodowej i wdzi\u0119cznych klient\u00f3w!                        <\/div>\n                        <div class=\"the_content\">\n                            <a href=\"https:\/\/bestinvest.com.tr\/pl\/testimonial\/svetlana-antyukhova\/\"><\/a>\n                        <\/div>\n                    <\/div>\n                <\/div>\n            <\/div>\n                    <\/div>\n    <\/div>\n      <style>\n       .stars {\n    color: #FFC400;\n    font-size: 20px;\n}\n      .customers .item .content .subhead {\n    margin: 25px 0;\n    padding-right: 150px;\n    color: #626F88;\n    font-size: 14px;\n    line-height: normal;\n    font-weight: 500;\n}\n\n      <\/style>\n    [\/vc_column][\/vc_row]<\/p>\n","protected":false},"excerpt":{"rendered":"<p>[vc_row][vc_column][\/vc_column][\/vc_row]<\/p>\n","protected":false},"author":5,"featured_media":0,"parent":0,"menu_order":0,"comment_status":"closed","ping_status":"closed","template":"","meta":{"inline_featured_image":false,"footnotes":""},"class_list":["post-7534","page","type-page","status-publish","hentry"],"_links":{"self":[{"href":"https:\/\/bestinvest.com.tr\/pl\/wp-json\/wp\/v2\/pages\/7534","targetHints":{"allow":["GET"]}}],"collection":[{"href":"https:\/\/bestinvest.com.tr\/pl\/wp-json\/wp\/v2\/pages"}],"about":[{"href":"https:\/\/bestinvest.com.tr\/pl\/wp-json\/wp\/v2\/types\/page"}],"author":[{"embeddable":true,"href":"https:\/\/bestinvest.com.tr\/pl\/wp-json\/wp\/v2\/users\/5"}],"replies":[{"embeddable":true,"href":"https:\/\/bestinvest.com.tr\/pl\/wp-json\/wp\/v2\/comments?post=7534"}],"version-history":[{"count":0,"href":"https:\/\/bestinvest.com.tr\/pl\/wp-json\/wp\/v2\/pages\/7534\/revisions"}],"wp:attachment":[{"href":"https:\/\/bestinvest.com.tr\/pl\/wp-json\/wp\/v2\/media?parent=7534"}],"curies":[{"name":"wp","href":"https:\/\/api.w.org\/{rel}","templated":true}]}}