{"id":7604,"date":"2022-06-02T17:03:08","date_gmt":"2022-06-02T17:03:08","guid":{"rendered":"https:\/\/bestinvest.com.tr\/?page_id=7604"},"modified":"2026-02-05T11:25:12","modified_gmt":"2026-02-05T11:25:12","slug":"%d0%bf%d1%80%d0%be%d1%86%d0%b5%d0%b4%d1%83%d1%80%d0%b0-%d0%bf%d0%be%d0%ba%d1%83%d0%bf%d0%ba%d0%b8-%d0%bd%d0%b5%d0%b4%d0%b2%d0%b8%d0%b6%d0%b8%d0%bc%d0%be%d1%81%d1%82%d0%b8-%d0%b2-%d1%82%d1%83%d1%80","status":"publish","type":"page","link":"https:\/\/bestinvest.com.tr\/pl\/%d0%bf%d1%80%d0%be%d1%86%d0%b5%d0%b4%d1%83%d1%80%d0%b0-%d0%bf%d0%be%d0%ba%d1%83%d0%bf%d0%ba%d0%b8-%d0%bd%d0%b5%d0%b4%d0%b2%d0%b8%d0%b6%d0%b8%d0%bc%d0%be%d1%81%d1%82%d0%b8-%d0%b2-%d1%82%d1%83%d1%80\/","title":{"rendered":"PROCEDURA ZAKUPU NIERUCHOMO\u015aCI W TURCJI"},"content":{"rendered":"<p>[vc_row full_width=&#8221;stretch_row_content_no_spaces&#8221;][vc_column][vc_empty_space height=&#8221;52px&#8221;][vc_custom_heading text=&#8221;PROCEDURA ZAKUPU NIERUCHOMO\u015aCI W TURCJI&#8221; font_container=&#8221;tag:h1|text_align:center&#8221; google_fonts=&#8221;font_family:Ubuntu%3A300%2C300italic%2Cregular%2Citalic%2C500%2C500italic%2C700%2C700italic|font_style:400%20regular%3A400%3Anormal&#8221;][vc_empty_space height=&#8221;52px&#8221;][vc_row_inner css=&#8221;.vc_custom_1654155606352{margin-right: 30px !important;margin-left: 30px !important;}&#8221;][vc_column_inner width=&#8221;1\/2&#8243; css=&#8221;.vc_custom_1654155648058{padding-right: 50px !important;padding-left: 50px !important;}&#8221;][vc_column_text]Nabycie nieruchomo\u015bci za granic\u0105 wi\u0105\u017ce si\u0119 z wieloma niuansami, bez znajomo\u015bci kt\u00f3rych wynik zakupu prawdopodobnie nie zadowoli w pe\u0142ni nabywcy. Przysz\u0142y w\u0142a\u015bciciel musi nie tylko wybra\u0107 odpowiednie mieszkanie, ale tak\u017ce zrozumie\u0107 wszystkie etapy transakcji, weryfikacj\u0119 i przygotowanie dokument\u00f3w, zwi\u0105zane z tym koszty oraz utrzymanie nieruchomo\u015bci.<\/p>\n<p>Je\u015bli kupujesz nieruchomo\u015b\u0107 w Turcji, najlepszym rozwi\u0105zaniem jest skorzystanie z pomocy licencjonowanej agencji nieruchomo\u015bci BEST INVEST. Nasi eksperci doskonale znaj\u0105 tureckie prawo, zapewniaj\u0105 pe\u0142ne wsparcie podczas transakcji i pomagaj\u0105 rozwi\u0105za\u0107 wszelkie zwi\u0105zane z ni\u0105 kwestie. <strong>Procedura zakupu domu w Turcji obejmuje kilka etap\u00f3w:<\/strong>[\/vc_column_text][\/vc_column_inner][vc_column_inner width=&#8221;1\/2&#8243;][vc_single_image image=&#8221;7503&#8243; img_size=&#8221;full&#8221; alignment=&#8221;center&#8221; css_animation=&#8221;fadeInDown&#8221;][\/vc_column_inner][\/vc_row_inner][\/vc_column][\/vc_row][vc_row full_width=&#8221;stretch_row_content_no_spaces&#8221; css=&#8221;.vc_custom_1654157178537{background-color: #252c40 !important;}&#8221;][vc_column][vc_row_inner][vc_column_inner width=&#8221;1\/3&#8243;][vc_custom_heading text=&#8221;1&#8243; font_container=&#8221;tag:h2|font_size:120px|text_align:center|color:%23ffffff&#8221; google_fonts=&#8221;font_family:Open%20Sans%20Condensed%3A300%2C300italic%2C700|font_style:700%20bold%20regular%3A700%3Anormal&#8221; css=&#8221;.vc_custom_1654170910107{margin-top: 90px !important;margin-bottom: 90px !important;}&#8221;][\/vc_column_inner][vc_column_inner el_class=&#8221;text-white&#8221; width=&#8221;1\/3&#8243; css=&#8221;.vc_custom_1654240815613{border-right-width: 1px !important;border-right-color: #e8e8e8 !important;}&#8221;][vc_column_text] <\/p>\n<h4>Wyb\u00f3r nieruchomo\u015bci<\/h4>\n<p> Strona internetowa agencji BEST INVEST zawiera ogromn\u0105 baz\u0119 danych nieruchomo\u015bci po\u0142o\u017conych w najlepszych regionach Turcji: <\/p>\n<ul>\n<li>Nieruchomo\u015bci od dewelopera<\/li>\n<li>Nieruchomo\u015bci na rynku wt\u00f3rnym<\/li>\n<li>Oferty ekskluzywne<\/li>\n<li>\u201eGor\u0105ce\u201d oferty<\/li>\n<\/ul>\n<p> Nasi mened\u017cerowie szybko pomog\u0105 Ci wybra\u0107 najbardziej odpowiednie opcje w oparciu o Twoje preferencje i bud\u017cet.[\/vc_column_text][\/vc_column_inner][vc_column_inner width=&#8221;1\/3&#8243; css=&#8221;.vc_custom_1654170921454{margin-top: 90px !important;margin-bottom: 90px !important;}&#8221;][vc_single_image image=&#8221;7552&#8243; img_size=&#8221;full&#8221; alignment=&#8221;center&#8221; css_animation=&#8221;fadeInUp&#8221;][\/vc_column_inner][\/vc_row_inner][\/vc_column][\/vc_row][vc_row full_width=&#8221;stretch_row_content_no_spaces&#8221; css=&#8221;.vc_custom_1654167997538{background-color: #1e73be !important;}&#8221; el_class=&#8221;clean-wc-row&#8221;][vc_column width=&#8221;1\/3&#8243; css=&#8221;.vc_custom_1654240909793{padding-right: 30px !important;padding-left: 30px !important;}&#8221; el_class=&#8221;text-white&#8221;][vc_empty_space][vc_column_text] <\/p>\n<div style=\"font-size: 13px;\">\n<h4 style=\"color: #fff;\"><span style=\"color: #000000;\">Wycieczka inspekcyjna<\/span><\/h4>\n<p style=\"color: #fff;\"><span style=\"color: #000000;\">Jeste\u015bmy przekonani, \u017ce profesjonalnie zorganizowane ogl\u0105danie nieruchomo\u015bci, doradztwo i poufna komunikacja \u201ena \u017cywo\u201d s\u0105 kluczem do udanego zakupu nieruchomo\u015bci, dlatego zapraszamy Pa\u0144stwa na bezp\u0142atn\u0105 wycieczk\u0119 organizowan\u0105 przez BEST INVEST. <\/span><\/p>\n<h4 style=\"color: #fff;\"><span style=\"color: #000000;\">To wyj\u0105tkowa okazja, aby przyjecha\u0107 i wybra\u0107 obiekty, kt\u00f3re Pa\u0144stwu si\u0119 podobaj\u0105, bezpo\u015brednio w Turcji! <\/span><\/h4>\n<p style=\"color: #fff;\"><span style=\"color: #000000;\">Spotkamy si\u0119 z Pa\u0144stwem na lotnisku, zakwaterujemy w komfortowych apartamentach, zorganizujemy ogl\u0105danie nieruchomo\u015bci i doradzimy we wszystkich kwestiach. <\/span><\/p>\n<p style=\"color: #fff;\"><span style=\"color: #000000;\">Je\u015bli z jakiego\u015b powodu nie mo\u017cesz przyjecha\u0107, oferujemy Ci mo\u017cliwo\u015b\u0107 <a style=\"color: #000000;\" href=\"https:\/\/bestinvest.com.tr\/%d0%bf%d0%be%d0%ba%d1%83%d0%bf%d0%ba%d0%b0-%d0%ba%d0%b2%d0%b0%d1%80%d1%82%d0%b8%d1%80%d1%8b-%d0%b2-%d1%80%d0%b5%d0%b6%d0%b8%d0%bc%d0%b5-%d0%be%d0%bd%d0%bb%d0%b0%d0%b9%d0%bd\/\">zakup nieruchomo\u015bci online<\/a>.<\/span><\/p>\n<\/p><\/div>\n<p>[\/vc_column_text][\/vc_column][vc_column width=&#8221;1\/3&#8243;][vc_single_image image=&#8221;7560&#8243; img_size=&#8221;full&#8221; alignment=&#8221;center&#8221;][\/vc_column][vc_column width=&#8221;1\/3&#8243; css=&#8221;.vc_custom_1654160477203{background-color: #eaebed !important;}&#8221;][vc_custom_heading text=&#8221;2&#8243; font_container=&#8221;tag:h2|font_size:120px|text_align:center|color:%23252c40&#8243; google_fonts=&#8221;font_family:Open%20Sans%20Condensed%3A300%2C300italic%2C700|font_style:700%20bold%20regular%3A700%3Anormal&#8221; css=&#8221;.vc_custom_1654171484040{padding-top: 133px !important;padding-bottom: 133px !important;}&#8221;][\/vc_column][\/vc_row][vc_row full_width=&#8221;stretch_row_content_no_spaces&#8221; css=&#8221;.vc_custom_1654167538300{background-color: #252c40 !important;}&#8221; el_class=&#8221;clean-wc-row&#8221;][vc_column width=&#8221;1\/3&#8243; css=&#8221;.vc_custom_1654167425300{margin-top: 0px !important;}&#8221;][vc_single_image image=&#8221;7568&#8243; img_size=&#8221;full&#8221;][\/vc_column][vc_column width=&#8221;1\/3&#8243; css=&#8221;.vc_custom_1654167199815{background-color: #eaebed !important;}&#8221;][vc_custom_heading text=&#8221;3&#8243; font_container=&#8221;tag:h2|font_size:120px|text_align:center|color:%23252c40&#8243; google_fonts=&#8221;font_family:Open%20Sans%20Condensed%3A300%2C300italic%2C700|font_style:700%20bold%20regular%3A700%3Anormal&#8221; css=&#8221;.vc_custom_1654171495741{padding-top: 133px !important;padding-bottom: 133px !important;}&#8221;][\/vc_column][vc_column width=&#8221;1\/3&#8243; css=&#8221;.vc_custom_1654240930249{padding-right: 10px !important;padding-left: 10px !important;}&#8221; el_class=&#8221;text-white&#8221;][vc_empty_space][vc_column_text] <\/p>\n<div style=\"font-size: 13px;\">\n<h4 style=\"color: #fff;\"><span style=\"color: #ffffff;\">Zawarcie umowy <\/span><\/h4>\n<p style=\"color: #fff;\"><span style=\"color: #ffffff;\">Aby zawrze\u0107 umow\u0119 sprzeda\u017cy, klient musi mie\u0107 przy sobie jedynie paszport. <\/span><\/p>\n<p style=\"color: #fff;\"><span style=\"color: #ffffff;\">Na tym etapie wp\u0142acana jest zaliczka (oko\u0142o 10% ca\u0142kowitej warto\u015bci) i podpisywana jest umowa, kt\u00f3ra zawiera wszystkie informacje o kupuj\u0105cym, sprzedaj\u0105cym i nieruchomo\u015bci. <\/span><\/p>\n<p style=\"color: #fff;\"><span style=\"color: #ffffff;\">Obiekt wybrany przez kupuj\u0105cego jest dok\u0142adnie sprawdzany przez specjalist\u00f3w BEST INVEST pod k\u0105tem obecno\u015bci dokument\u00f3w rejestracyjnych i pozwole\u0144, wszelkich obci\u0105\u017ce\u0144 i orzecze\u0144 s\u0105dowych. <\/span><\/p>\n<\/div>\n<p> [\/vc_column_text][\/vc_column][\/vc_row][vc_row full_width=&#8221;stretch_row_content_no_spaces&#8221; css=&#8221;.vc_custom_1654167997538{background-color: #1e73be !important;}&#8221; el_class=&#8221;clean-wc-row&#8221;][vc_column width=&#8221;1\/3&#8243; css=&#8221;.vc_custom_1654240964845{padding-right: 30px !important;padding-left: 30px !important;}&#8221; el_class=&#8221;text-white&#8221;][vc_empty_space][vc_column_text] <\/p>\n<div style=\"font-size: 13px;\">\n<h4><span style=\"color: #ffffff;\">Dokonywanie p\u0142atno\u015bci za nieruchomo\u015b\u0107<\/span><\/h4>\n<p> <span style=\"color: #ffffff;\">W przysz\u0142o\u015bci kupuj\u0105cy dokonuje p\u0142atno\u015bci za nieruchomo\u015b\u0107 zgodnie z klauzul\u0105 zawart\u0105 w umowie. Mo\u017ce to by\u0107 p\u0142atno\u015b\u0107 jednorazowa lub kilka p\u0142atno\u015bci, w zale\u017cno\u015bci od wybranego planu p\u0142atno\u015bci.<\/p>\n<p><span style=\"color: #ffffff;\">P\u0142atno\u015bci mo\u017cna dokona\u0107 zar\u00f3wno bezgot\u00f3wkowo, jak i got\u00f3wk\u0105 na rzecz dewelopera lub w\u0142a\u015bciciela nieruchomo\u015bci. <\/span> <\/p>\n<h4><span style=\"color: #ffffff;\">Nasza firma w pe\u0142ni doradza i pomaga w wyborze najdogodniejszej opcji dokonywania p\u0142atno\u015bci. <\/span><\/h4>\n<\/p><\/div>\n<p> [\/vc_column_text][\/vc_column][vc_column width=&#8221;1\/3&#8243;][vc_single_image image=&#8221;7581&#8243; img_size=&#8221;full&#8221; alignment=&#8221;center&#8221;][\/vc_column][vc_column width=&#8221;1\/3&#8243; css=&#8221;.vc_custom_1654160477203{background-color: #eaebed !important;}&#8221;][vc_custom_heading text=&#8221;4&#8243; font_container=&#8221;tag:h2|font_size:120px|text_align:center|color:%23252c40&#8243; google_fonts=&#8221;font_family:Open%20Sans%20Condensed%3A300%2C300italic%2C700|font_style:700%20bold%20regular%3A700%3Anormal&#8221; css=&#8221;.vc_custom_1654171507840{padding-top: 133px !important;padding-bottom: 133px !important;}&#8221;][\/vc_column][\/vc_row][vc_row full_width=&#8221;stretch_row_content_no_spaces&#8221; css=&#8221;.vc_custom_1654157178537{background-color: #252c40 !important;}&#8221;][vc_column][vc_row_inner][vc_column_inner width=&#8221;1\/3&#8243;][vc_custom_heading text=&#8221;5&#8243; font_container=&#8221;tag:h2|font_size:120px|text_align:center|color:%23ffffff&#8221; google_fonts=&#8221;font_family:Open%20Sans%20Condensed%3A300%2C300italic%2C700|font_style:700%20bold%20regular%3A700%3Anormal&#8221; css=&#8221;.vc_custom_1654170843066{margin-top: 90px !important;margin-bottom: 90px !important;}&#8221;][\/vc_column_inner][vc_column_inner el_class=&#8221;text-white&#8221; width=&#8221;1\/3&#8243; css=&#8221;.vc_custom_1654240984462{border-right-width: 1px !important;border-right-color: #e8e8e8 !important;}&#8221;][vc_column_text] <\/p>\n<h4><span style=\"color: #ffffff;\">Uzyskanie TAPU<\/span><\/h4>\n<p> <span style=\"color: #ffffff;\">Ostatnim krokiem w procesie zakupu domu w Turcji jest uzyskanie TAPU, czyli tytu\u0142u w\u0142asno\u015bci, kt\u00f3ry oznacza ostateczne, absolutne i oficjalne przeniesienie w\u0142asno\u015bci nieruchomo\u015bci na nowego w\u0142a\u015bciciela.<\/p>\n<p><span style=\"color: #ffffff;\">Ten etap transakcji mo\u017ce zosta\u0107 przeprowadzony przy osobistej obecno\u015bci klienta lub, je\u015bli jest to po\u017c\u0105dane, kupuj\u0105cy mo\u017ce pozostawi\u0107 po\u015bwiadczone notarialnie pe\u0142nomocnictwo dla prawnika naszej firmy.[\/vc_column_text][\/vc_column_inner][vc_column_inner width=&#8221;1\/3&#8243; css=&#8221;.vc_custom_1654170859905{margin-top: 90px !important;margin-bottom: 90px !important;}&#8221;][vc_single_image image=&#8221;7583&#8243; img_size=&#8221;full&#8221; alignment=&#8221;center&#8221; css_animation=&#8221;fadeInUp&#8221;][\/vc_column_inner][\/vc_row_inner][\/vc_column][\/vc_row][vc_row full_width=&#8221;stretch_row_content_no_spaces&#8221; css=&#8221;.vc_custom_1654172078680{background-image: url(https:\/\/bestinvest.com.tr\/wp-content\/uploads\/2022\/06\/fon.jpg?id=7591) !important;}&#8221; el_class=&#8221;asking-row&#8221;][vc_column width=&#8221;1\/4&#8243;][vc_empty_space][\/vc_column][vc_column width=&#8221;3\/4&#8243;][vc_row_inner][vc_column_inner width=&#8221;1\/4&#8243;][\/vc_column_inner][vc_column_inner width=&#8221;1\/2&#8243;][vc_column_text] <\/p>\n<div style=\"color: #fff;\">\n<p class=\"title\">Nadal masz pytania dotycz\u0105ce procedury zakupu domu w Turcji?<\/p>\n<p class=\"title\">Podaj swoje dane kontaktowe, a nasz mened\u017cer wkr\u00f3tce si\u0119 z Tob\u0105 skontaktuje. <\/p>\n<\/p><\/div>\n<p> [\/vc_column_text][vc_btn title=&#8221;Skorzystaj z doradztwa&#8221; style=&#8221;custom&#8221; custom_background=&#8221;#81d742&#8243; custom_text=&#8221;#ffffff&#8221; align=&#8221;center&#8221; el_class=&#8221;js-inquiry-toggle js-modal-callmeback&#8221;][\/vc_column_inner][vc_column_inner width=&#8221;1\/4&#8243;][\/vc_column_inner][\/vc_row_inner][\/vc_column][\/vc_row]<\/p>\n","protected":false},"excerpt":{"rendered":"<p>[vc_row full_width=&#8221;stretch_row_content_no_spaces&#8221;][vc_column][vc_empty_space height=&#8221;52px&#8221;][vc_custom_heading text=&#8221;PROCEDURA ZAKUPU NIERUCHOMO\u015aCI W TURCJI&#8221; font_container=&#8221;tag:h1|text_align:center&#8221; google_fonts=&#8221;font_family:Ubuntu%3A300%2C300italic%2Cregular%2Citalic%2C500%2C500italic%2C700%2C700italic|font_style:400%20regular%3A400%3Anormal&#8221;][vc_empty_space height=&#8221;52px&#8221;][vc_row_inner css=&#8221;.vc_custom_1654155606352{margin-right: 30px !important;margin-left: 30px !important;}&#8221;][vc_column_inner width=&#8221;1\/2&#8243; css=&#8221;.vc_custom_1654155648058{padding-right: 50px !important;padding-left: 50px !important;}&#8221;][vc_column_text]Nabycie nieruchomo\u015bci za granic\u0105 wi\u0105\u017ce si\u0119 z wieloma niuansami, bez znajomo\u015bci kt\u00f3rych wynik zakupu prawdopodobnie nie zadowoli w pe\u0142ni nabywcy. Przysz\u0142y w\u0142a\u015bciciel musi nie tylko wybra\u0107 odpowiednie mieszkanie, ale tak\u017ce zrozumie\u0107 wszystkie etapy transakcji, [&hellip;]<\/p>\n","protected":false},"author":5,"featured_media":0,"parent":0,"menu_order":0,"comment_status":"closed","ping_status":"closed","template":"","meta":{"inline_featured_image":false,"footnotes":""},"class_list":["post-7604","page","type-page","status-publish","hentry"],"_links":{"self":[{"href":"https:\/\/bestinvest.com.tr\/pl\/wp-json\/wp\/v2\/pages\/7604","targetHints":{"allow":["GET"]}}],"collection":[{"href":"https:\/\/bestinvest.com.tr\/pl\/wp-json\/wp\/v2\/pages"}],"about":[{"href":"https:\/\/bestinvest.com.tr\/pl\/wp-json\/wp\/v2\/types\/page"}],"author":[{"embeddable":true,"href":"https:\/\/bestinvest.com.tr\/pl\/wp-json\/wp\/v2\/users\/5"}],"replies":[{"embeddable":true,"href":"https:\/\/bestinvest.com.tr\/pl\/wp-json\/wp\/v2\/comments?post=7604"}],"version-history":[{"count":0,"href":"https:\/\/bestinvest.com.tr\/pl\/wp-json\/wp\/v2\/pages\/7604\/revisions"}],"wp:attachment":[{"href":"https:\/\/bestinvest.com.tr\/pl\/wp-json\/wp\/v2\/media?parent=7604"}],"curies":[{"name":"wp","href":"https:\/\/api.w.org\/{rel}","templated":true}]}}