{"id":7606,"date":"2022-06-02T17:32:59","date_gmt":"2022-06-02T17:32:59","guid":{"rendered":"https:\/\/bestinvest.com.tr\/?page_id=7606"},"modified":"2026-02-05T11:24:58","modified_gmt":"2026-02-05T11:24:58","slug":"%d0%bf%d0%be%d0%ba%d1%83%d0%bf%d0%ba%d0%b0-%d0%ba%d0%b2%d0%b0%d1%80%d1%82%d0%b8%d1%80%d1%8b-%d0%b2-%d1%80%d0%b5%d0%b6%d0%b8%d0%bc%d0%b5-%d0%be%d0%bd%d0%bb%d0%b0%d0%b9%d0%bd","status":"publish","type":"page","link":"https:\/\/bestinvest.com.tr\/pl\/%d0%bf%d0%be%d0%ba%d1%83%d0%bf%d0%ba%d0%b0-%d0%ba%d0%b2%d0%b0%d1%80%d1%82%d0%b8%d1%80%d1%8b-%d0%b2-%d1%80%d0%b5%d0%b6%d0%b8%d0%bc%d0%b5-%d0%be%d0%bd%d0%bb%d0%b0%d0%b9%d0%bd\/","title":{"rendered":"KUPNO NIERUCHOMO\u015aCI ONLINE"},"content":{"rendered":"<p>[vc_row full_width=&#8221;stretch_row_content_no_spaces&#8221;][vc_column][vc_empty_space height=&#8221;52px&#8221;][vc_custom_heading text=&#8221;KUPNO NIERUCHOMO\u015aCI ONLINE&#8221; font_container=&#8221;tag:h1|text_align:center&#8221;][vc_empty_space height=&#8221;52px&#8221;][vc_row_inner css=&#8221;.vc_custom_1654155606352{margin-right: 30px !important;margin-left: 30px !important;}&#8221;][vc_column_inner width=&#8221;1\/2&#8243; css=&#8221;.vc_custom_1654155648058{padding-right: 50px !important;padding-left: 50px !important;}&#8221;][vc_column_text]<strong>Nieruchomo\u015bci w regionach wypoczynkowych Turcji zawsze cieszy\u0142y si\u0119 du\u017cym popytem.<\/p>\n<p>Nie jest to zaskakuj\u0105ce, poniewa\u017c wszystko, o czym marzy wielu obcokrajowc\u00f3w chc\u0105cych kupi\u0107 dom za granic\u0105, jest tutaj skoncentrowane: wspania\u0142y klimat i czyste morze, nie tylko kurorty nadmorskie, ale tak\u017ce o\u015brodki narciarskie, \u017ar\u00f3d\u0142a termalne, wyj\u0105tkowe atrakcje przyrodnicze i historyczne, wysoki standard \u017cycia przy stosunkowo niskich kosztach utrzymania, niskie podatki roczne.<\/p>\n<p>Z drugiej strony, opr\u00f3cz posiadania mieszkania w Turcji, w\u0142a\u015bciciel otrzymuje op\u0142acaln\u0105 inwestycj\u0119 kapita\u0142ow\u0105 z dobrym zwrotem w jak najkr\u00f3tszym czasie, a tak\u017ce pozwolenie na pobyt.<\/p>\n<p><strong>Turecki rynek nieruchomo\u015bci ma do zaoferowania ogromny wyb\u00f3r obiekt\u00f3w:<\/strong> od niedrogich mieszka\u0144 od dewelopera i mieszka\u0144 na rynku wt\u00f3rnym po luksusowe penthouse&#8217;y w nowoczesnych kompleksach mieszkaniowych, domy nad morzem i luksusowe wille z przepi\u0119knym panoramicznym widokiem na bogat\u0105 przyrod\u0119 Turcji.[\/vc_column_text][\/vc_column_inner][vc_column_inner width=&#8221;1\/2&#8243;][vc_single_image image=&#8221;7607&#8243; img_size=&#8221;full&#8221; alignment=&#8221;center&#8221; css_animation=&#8221;fadeInDown&#8221;][\/vc_column_inner][\/vc_row_inner][\/vc_column][\/vc_row][vc_row full_width=&#8221;stretch_row_content_no_spaces&#8221; css=&#8221;.vc_custom_1654172078680{background-image: url(https:\/\/bestinvest.com.tr\/wp-content\/uploads\/2022\/06\/fon.jpg?id=7591) !important;}&#8221; el_class=&#8221;asking-row&#8221;][vc_column width=&#8221;1\/4&#8243;][vc_empty_space][\/vc_column][vc_column width=&#8221;3\/4&#8243;][vc_row_inner][vc_column_inner width=&#8221;1\/4&#8243;][\/vc_column_inner][vc_column_inner width=&#8221;1\/2&#8243;][vc_column_text] <\/p>\n<div style=\"color: #fff;\">\n<p class=\"title\">Nadal masz pytania dotycz\u0105ce procedury zakupu domu w Turcji?<\/p>\n<p class=\"title\">Podaj swoje dane kontaktowe, a nasz mened\u017cer wkr\u00f3tce si\u0119 z Tob\u0105 skontaktuje. <\/p>\n<\/p><\/div>\n<p> [\/vc_column_text][vc_btn title=&#8221;Skorzystaj z doradztwa&#8221; style=&#8221;custom&#8221; custom_background=&#8221;#81d742&#8243; custom_text=&#8221;#ffffff&#8221; align=&#8221;center&#8221; el_class=&#8221;js-inquiry-toggle js-modal-callmeback&#8221;][\/vc_column_inner][vc_column_inner width=&#8221;1\/4&#8243;][\/vc_column_inner][\/vc_row_inner][\/vc_column][\/vc_row]<\/p>\n","protected":false},"excerpt":{"rendered":"<p>[vc_row full_width=&#8221;stretch_row_content_no_spaces&#8221;][vc_column][vc_empty_space height=&#8221;52px&#8221;][vc_custom_heading text=&#8221;KUPNO NIERUCHOMO\u015aCI ONLINE&#8221; font_container=&#8221;tag:h1|text_align:center&#8221;][vc_empty_space height=&#8221;52px&#8221;][vc_row_inner css=&#8221;.vc_custom_1654155606352{margin-right: 30px !important;margin-left: 30px !important;}&#8221;][vc_column_inner width=&#8221;1\/2&#8243; css=&#8221;.vc_custom_1654155648058{padding-right: 50px !important;padding-left: 50px !important;}&#8221;][vc_column_text]Nieruchomo\u015bci w regionach wypoczynkowych Turcji zawsze cieszy\u0142y si\u0119 du\u017cym popytem. Nie jest to zaskakuj\u0105ce, poniewa\u017c wszystko, o czym marzy wielu obcokrajowc\u00f3w chc\u0105cych kupi\u0107 dom za granic\u0105, jest tutaj skoncentrowane: wspania\u0142y klimat i czyste morze, nie tylko kurorty [&hellip;]<\/p>\n","protected":false},"author":5,"featured_media":0,"parent":0,"menu_order":0,"comment_status":"closed","ping_status":"closed","template":"","meta":{"inline_featured_image":false,"footnotes":""},"class_list":["post-7606","page","type-page","status-publish","hentry"],"_links":{"self":[{"href":"https:\/\/bestinvest.com.tr\/pl\/wp-json\/wp\/v2\/pages\/7606","targetHints":{"allow":["GET"]}}],"collection":[{"href":"https:\/\/bestinvest.com.tr\/pl\/wp-json\/wp\/v2\/pages"}],"about":[{"href":"https:\/\/bestinvest.com.tr\/pl\/wp-json\/wp\/v2\/types\/page"}],"author":[{"embeddable":true,"href":"https:\/\/bestinvest.com.tr\/pl\/wp-json\/wp\/v2\/users\/5"}],"replies":[{"embeddable":true,"href":"https:\/\/bestinvest.com.tr\/pl\/wp-json\/wp\/v2\/comments?post=7606"}],"version-history":[{"count":0,"href":"https:\/\/bestinvest.com.tr\/pl\/wp-json\/wp\/v2\/pages\/7606\/revisions"}],"wp:attachment":[{"href":"https:\/\/bestinvest.com.tr\/pl\/wp-json\/wp\/v2\/media?parent=7606"}],"curies":[{"name":"wp","href":"https:\/\/api.w.org\/{rel}","templated":true}]}}