{"id":7609,"date":"2022-06-02T17:34:41","date_gmt":"2022-06-02T17:34:41","guid":{"rendered":"https:\/\/bestinvest.com.tr\/?page_id=7609"},"modified":"2026-02-05T11:24:45","modified_gmt":"2026-02-05T11:24:45","slug":"%d1%80%d1%83%d1%81%d1%81%d0%ba%d0%b8%d0%b9-%d0%be%d0%b7%d0%bd%d0%b0%d0%ba%d0%be%d0%bc%d0%b8%d1%82%d0%b5%d0%bb%d1%8c%d0%bd%d1%8b%d0%b9-%d1%82%d1%83%d1%80","status":"publish","type":"page","link":"https:\/\/bestinvest.com.tr\/pl\/%d1%80%d1%83%d1%81%d1%81%d0%ba%d0%b8%d0%b9-%d0%be%d0%b7%d0%bd%d0%b0%d0%ba%d0%be%d0%bc%d0%b8%d1%82%d0%b5%d0%bb%d1%8c%d0%bd%d1%8b%d0%b9-%d1%82%d1%83%d1%80\/","title":{"rendered":"Bezp\u0142atna wycieczka inspekcyjna"},"content":{"rendered":"<p>[vc_row full_width=&#8221;stretch_row_content_no_spaces&#8221;][vc_column][vc_empty_space height=&#8221;52px&#8221;][vc_custom_heading text=&#8221;Bezp\u0142atna wycieczka inspekcyjna&#8221; font_container=&#8221;tag:h1|text_align:center&#8221;][vc_empty_space height=&#8221;52px&#8221;][vc_row_inner css=&#8221;.vc_custom_1654155606352{margin-right: 30px !important;margin-left: 30px !important;}&#8221;][vc_column_inner width=&#8221;1\/2&#8243; css=&#8221;.vc_custom_1654155648058{padding-right: 50px !important;padding-left: 50px !important;}&#8221;][vc_column_text]Kupuj\u0105c nieruchomo\u015b\u0107 w Turcji, wa\u017cne jest, aby nabywca wybra\u0142 idealn\u0105 opcj\u0119 pod ka\u017cdym wzgl\u0119dem, wzi\u0105\u0142 pod uwag\u0119 wszystkie niuanse, por\u00f3wna\u0142 swoje mo\u017cliwo\u015bci finansowe i \u017cyczenia z celami nabycia.<\/p>\n<p>Tureckie nieruchomo\u015bci to nie tylko metry kwadratowe, ale obiekty o zr\u00f3\u017cnicowanych cechach: lokalizacja, odleg\u0142o\u015b\u0107 od morza, jako\u015b\u0107 wykonania, dost\u0119pno\u015b\u0107 infrastruktury, rozwi\u0105zania planistyczne i wiele innych. <strong>Najlepiej jest to wszystko doceni\u0107  podczas osobistej wizyty w Turcji.<\/strong> Dlatego licencjonowana agencja nieruchomo\u015bci BEST INVEST oferuje bezp\u0142atn\u0105 us\u0142ug\u0119 wycieczki inspekcyjnej dla wszystkich nabywc\u00f3w tureckich nieruchomo\u015bci.<\/p>\n<p>Nasze praktyczne do\u015bwiadczenie pozwoli\u0142o nam dopracowa\u0107 program wycieczek inspekcyjnych zwi\u0105zanych z zakupem nieruchomo\u015bci w najdrobniejszych szczeg\u00f3\u0142ach, koncentruj\u0105c si\u0119 na indywidualnych potrzebach ka\u017cdego klienta. Dzi\u0119ki temu nie tylko otrzymujesz maksymaln\u0105 porad\u0119 i ogl\u0105dasz obiekty, kt\u00f3re Ci si\u0119 podobaj\u0105, ale tak\u017ce masz czas, aby cieszy\u0107 si\u0119 przyjemnym pobytem w jednym z najlepszych region\u00f3w kraju. [\/vc_column_text][\/vc_column_inner][vc_column_inner width=&#8221;1\/2&#8243;][vc_single_image image=&#8221;7611&#8243; img_size=&#8221;full&#8221; alignment=&#8221;center&#8221; css_animation=&#8221;fadeInDown&#8221;][\/vc_column_inner][\/vc_row_inner][\/vc_column][\/vc_row][vc_row full_width=&#8221;stretch_row_content_no_spaces&#8221; css=&#8221;.vc_custom_1654192034425{background-color: #252c40 !important;}&#8221; el_class=&#8221;clean-wc-row&#8221;][vc_column][vc_row_inner][vc_column_inner width=&#8221;1\/3&#8243;][vc_single_image image=&#8221;7612&#8243; img_size=&#8221;full&#8221;][\/vc_column_inner][vc_column_inner el_class=&#8221;text-white&#8221; width=&#8221;1\/3&#8243; css=&#8221;.vc_custom_1654241329061{border-right-width: 10px !important;padding-left: 10px !important;border-right-color: #e8e8e8 !important;}&#8221;][vc_column_text] <\/p>\n<div style=\"font-size: 15px;\">\n<h3><\/h3>\n<h3><\/h3>\n<h3>Co obejmuje program wycieczki inspekcyjnej?<\/h3>\n<ul>\n<li>Wycieczka trwa 3 dni i 4 noce. Jest to najlepszy czas, aby si\u0119 pozna\u0107, obejrze\u0107 nieruchomo\u015bci i dokona\u0107 \u015bwiadomego wyboru. Na \u017cyczenie kupuj\u0105cego d\u0142ugo\u015b\u0107 pobytu mo\u017cna dostosowa\u0107.<\/li>\n<li>Transfer z lotniska do miejsca zakwaterowania.<\/li>\n<li>Zakwaterowanie  w kompleksie mieszkaniowym typu hotelowego lub hotelu z komfortowymi apartamentami. <\/li>\n<li>Oprowadzanie po wybranych nieruchomo\u015bciach w towarzystwie wykwalifikowanego mened\u017cera oraz doradztwo we wszystkich kwestiach zwi\u0105zanych z zakupem i rejestracj\u0105. <\/li>\n<li>Przygotowanie dokument\u00f3w i podpisanie umowy sprzeda\u017cy. <\/li>\n<\/ul><\/div>\n<p> [\/vc_column_text][\/vc_column_inner][vc_column_inner width=&#8221;1\/3&#8243; css=&#8221;.vc_custom_1654170921454{margin-top: 90px !important;margin-bottom: 90px !important;}&#8221;][vc_single_image image=&#8221;7552&#8243; img_size=&#8221;full&#8221; alignment=&#8221;center&#8221; css_animation=&#8221;fadeInUp&#8221;][\/vc_column_inner][\/vc_row_inner][\/vc_column][\/vc_row][vc_row full_width=&#8221;stretch_row_content_no_spaces&#8221; css=&#8221;.vc_custom_1654191803373{background-color: #eaebed !important;}&#8221;][vc_column][vc_column_text css=&#8221;.vc_custom_1660554131336{margin-right: 50px !important;margin-left: 50px !important;}&#8221;]<strong>Koszt wycieczki studyjnej przy zakupie nieruchomo\u015bci jest pokrywany przez agencj\u0119 BEST INVEST. W zale\u017cno\u015bci od warto\u015bci nabytej nieruchomo\u015bci firma pokrywa cz\u0119\u015bciowo lub ca\u0142kowicie koszty bilet\u00f3w lotniczych klienta.[\/vc_column][\/vc_row][vc_row full_width=&#8221;stretch_row_content_no_spaces&#8221; css=&#8221;.vc_custom_1654172078680{background-image: url(https:\/\/bestinvest.com.tr\/wp-content\/uploads\/2022\/06\/fon.jpg?id=7591) !important;}&#8221; el_class=&#8221;asking-row&#8221;][vc_column width=&#8221;1\/4&#8243;][vc_empty_space][\/vc_column][vc_column width=&#8221;3\/4&#8243;][vc_row_inner][vc_column_inner width=&#8221;1\/4&#8243;][\/vc_column_inner][vc_column_inner width=&#8221;1\/2&#8243;][vc_column_text] <\/p>\n<div style=\"color: #fff;\">\n<p class=\"title\">Nadal masz pytania dotycz\u0105ce procedury zakupu domu w Turcji?<\/p>\n<p class=\"title\">Podaj swoje dane kontaktowe, a nasz mened\u017cer wkr\u00f3tce si\u0119 z Tob\u0105 skontaktuje. <\/p>\n<\/p><\/div>\n<p> [\/vc_column_text][vc_btn title=&#8221;Skorzystaj z konsultacji&#8221; style=&#8221;custom&#8221; custom_background=&#8221;#81d742&#8243; custom_text=&#8221;#ffffff&#8221; align=&#8221;center&#8221; el_class=&#8221;js-inquiry-toggle js-modal-callmeback&#8221;][\/vc_column_inner][vc_column_inner width=&#8221;1\/4&#8243;][\/vc_column_inner][\/vc_row_inner][\/vc_column][\/vc_row]<\/p>\n","protected":false},"excerpt":{"rendered":"<p>[vc_row full_width=&#8221;stretch_row_content_no_spaces&#8221;][vc_column][vc_empty_space height=&#8221;52px&#8221;][vc_custom_heading text=&#8221;Bezp\u0142atna wycieczka inspekcyjna&#8221; font_container=&#8221;tag:h1|text_align:center&#8221;][vc_empty_space height=&#8221;52px&#8221;][vc_row_inner css=&#8221;.vc_custom_1654155606352{margin-right: 30px !important;margin-left: 30px !important;}&#8221;][vc_column_inner width=&#8221;1\/2&#8243; css=&#8221;.vc_custom_1654155648058{padding-right: 50px !important;padding-left: 50px !important;}&#8221;][vc_column_text]Kupuj\u0105c nieruchomo\u015b\u0107 w Turcji, wa\u017cne jest, aby nabywca wybra\u0142 idealn\u0105 opcj\u0119 pod ka\u017cdym wzgl\u0119dem, wzi\u0105\u0142 pod uwag\u0119 wszystkie niuanse, por\u00f3wna\u0142 swoje mo\u017cliwo\u015bci finansowe i \u017cyczenia z celami nabycia. Tureckie nieruchomo\u015bci to nie tylko metry kwadratowe, ale obiekty [&hellip;]<\/p>\n","protected":false},"author":5,"featured_media":0,"parent":0,"menu_order":0,"comment_status":"closed","ping_status":"closed","template":"","meta":{"inline_featured_image":false,"footnotes":""},"class_list":["post-7609","page","type-page","status-publish","hentry"],"_links":{"self":[{"href":"https:\/\/bestinvest.com.tr\/pl\/wp-json\/wp\/v2\/pages\/7609","targetHints":{"allow":["GET"]}}],"collection":[{"href":"https:\/\/bestinvest.com.tr\/pl\/wp-json\/wp\/v2\/pages"}],"about":[{"href":"https:\/\/bestinvest.com.tr\/pl\/wp-json\/wp\/v2\/types\/page"}],"author":[{"embeddable":true,"href":"https:\/\/bestinvest.com.tr\/pl\/wp-json\/wp\/v2\/users\/5"}],"replies":[{"embeddable":true,"href":"https:\/\/bestinvest.com.tr\/pl\/wp-json\/wp\/v2\/comments?post=7609"}],"version-history":[{"count":0,"href":"https:\/\/bestinvest.com.tr\/pl\/wp-json\/wp\/v2\/pages\/7609\/revisions"}],"wp:attachment":[{"href":"https:\/\/bestinvest.com.tr\/pl\/wp-json\/wp\/v2\/media?parent=7609"}],"curies":[{"name":"wp","href":"https:\/\/api.w.org\/{rel}","templated":true}]}}