{"id":7618,"date":"2022-06-02T17:52:47","date_gmt":"2022-06-02T17:52:47","guid":{"rendered":"https:\/\/bestinvest.com.tr\/?page_id=7618"},"modified":"2026-02-05T11:24:31","modified_gmt":"2026-02-05T11:24:31","slug":"%d1%80%d1%83%d1%81%d1%81%d0%ba%d0%b8%d0%b9-%d0%b3%d1%80%d0%b0%d0%b6%d0%b4%d0%b0%d0%bd%d1%81%d1%82%d0%b2%d0%be-%d0%b2-%d1%82%d1%83%d1%80%d1%86%d0%b8%d0%b8-%d0%b7%d0%b0-%d0%b8%d0%bd%d0%b2%d0%b5%d1%81","status":"publish","type":"page","link":"https:\/\/bestinvest.com.tr\/pl\/%d1%80%d1%83%d1%81%d1%81%d0%ba%d0%b8%d0%b9-%d0%b3%d1%80%d0%b0%d0%b6%d0%b4%d0%b0%d0%bd%d1%81%d1%82%d0%b2%d0%be-%d0%b2-%d1%82%d1%83%d1%80%d1%86%d0%b8%d0%b8-%d0%b7%d0%b0-%d0%b8%d0%bd%d0%b2%d0%b5%d1%81\/","title":{"rendered":"Obywatelstwo Turcji poprzez inwestycj\u0119"},"content":{"rendered":"<p>[vc_row full_width=&#8221;stretch_row_content_no_spaces&#8221; equal_height=&#8221;yes&#8221; content_placement=&#8221;middle&#8221;][vc_column width=&#8221;1\/5&#8243;][\/vc_column][vc_column width=&#8221;1\/5&#8243;][vc_empty_space height=&#8221;52px&#8221;][vc_btn title=&#8221;Pobyt i obywatelstwo w Cyprze P\u00f3\u0142nocnym&#8221; style=&#8221;3d&#8221; color=&#8221;green&#8221; size=&#8221;lg&#8221; align=&#8221;center&#8221; link=&#8221;url:https%3A%2F%2Fbestinvest.com.tr%2Fresidency-citizenship-in-trnc%2F&#8221;][\/vc_column][vc_column width=&#8221;1\/5&#8243;][vc_empty_space height=&#8221;52px&#8221;][vc_btn title=&#8221;Pobyt i obywatelstwo w Republice Cypryjskiej&#8221; style=&#8221;3d&#8221; color=&#8221;green&#8221; size=&#8221;lg&#8221; align=&#8221;center&#8221; link=&#8221;url:https%3A%2F%2Fbestinvest.com.tr%2Fresidency-citizenship-in-the-republic-of-cyprus%2F&#8221;][\/vc_column][vc_column width=&#8221;1\/5&#8243;][vc_empty_space height=&#8221;52px&#8221;][vc_btn title=&#8221;Zezwolenie na pobyt w Turcji&#8221; style=&#8221;3d&#8221; color=&#8221;green&#8221; size=&#8221;lg&#8221; align=&#8221;center&#8221; link=&#8221;url:https%3A%2F%2Fbestinvest.com.tr%2F%25d0%25be%25d1%2584%25d0%25be%25d1%2580%25d0%25bc%25d0%25bb%25d0%25b5%25d0%25bd%25d0%25b8%25d0%25b5-%25d0%25b2%25d0%25b8%25d0%25b4%25d0%25b0-%25d0%25bd%25d0%25b0-%25d0%25b6%25d0%25b8%25d1%2582%25d0%25b5%25d0%25bb%25d1%258c%25d1%2581%25d1%2582%25d0%25b2%25d0%25be%2F&#8221;][\/vc_column][vc_column width=&#8221;1\/5&#8243;][\/vc_column][\/vc_row][vc_row full_width=&#8221;stretch_row_content_no_spaces&#8221;][vc_column][vc_empty_space height=&#8221;52px&#8221;][vc_custom_heading text=&#8221;Obywatelstwo Turcji poprzez inwestycj\u0119&#8221; font_container=&#8221;tag:h1|text_align:center&#8221;][vc_empty_space height=&#8221;52px&#8221;][vc_row_inner css=&#8221;.vc_custom_1654155606352{margin-right: 30px !important;margin-left: 30px !important;}&#8221;][vc_column_inner width=&#8221;1\/2&#8243; css=&#8221;.vc_custom_1654155648058{padding-right: 50px !important;padding-left: 50px !important;}&#8221;][vc_column_text] Obywatelstwo tureckie mo\u017ce zosta\u0107 przyznane cudzoziemcom z wielu obiektywnych powod\u00f3w. Je\u015bli wcze\u015bniej w wi\u0119kszo\u015bci przypadk\u00f3w mo\u017cna by\u0142o uzyska\u0107 turecki paszport poprzez naturalizacj\u0119 lub ma\u0142\u017ce\u0144stwo, to obecnie pa\u0144stwo oferuje doskona\u0142\u0105 mo\u017cliwo\u015b\u0107 \u2013 uzyskanie obywatelstwa kraju w ramach uproszczonego programu poprzez inwestycj\u0119 w jego gospodark\u0119. Cudzoziemcy mog\u0105 zainwestowa\u0107 sw\u00f3j kapita\u0142 w rozw\u00f3j przedsi\u0119biorstw i tworzenie miejsc pracy, fundusze inwestycyjne, zakup obligacji rz\u0105dowych, a tak\u017ce w zakup nieruchomo\u015bci o warto\u015bci 400 000 dolar\u00f3w ameryka\u0144skich. Zasada ta dotyczy zakupu zar\u00f3wno jednego obiektu, jak i kilku obiekt\u00f3w o \u0142\u0105cznej warto\u015bci 400 tysi\u0119cy dolar\u00f3w. <strong>Zalety obywatelstwa tureckiego poprzez inwestycj\u0119 s\u0105 nast\u0119puj\u0105ce:<\/strong> <\/p>\n<ul>\n<li>Nie tylko inwestor, ale tak\u017ce jego \u017cona i dzieci poni\u017cej 18 roku \u017cycia b\u0119d\u0105 mog\u0142y uzyska\u0107 paszport.\n<li>Obywatelstwo jest przekazywane przysz\u0142ym pokoleniom rodziny. <\/li>\n<li>Wed\u0142ug oceny Organizacji Wsp\u00f3\u0142pracy Gospodarczej i Rozwoju program przyznawania obywatelstwa tureckiego poprzez inwestycje nie znajduje si\u0119 na li\u015bcie program\u00f3w ryzykownych. <\/li>\n<li>Mo\u017cliwo\u015b\u0107 wjazdu bez wizy lub w ramach uproszczonej procedury do 111 kraj\u00f3w. <\/li>\n<li>Mo\u017cliwe jest uzyskanie obywatelstwa dw\u00f3ch kraj\u00f3w. <\/li>\n<li>Nie ma konieczno\u015bci zamieszkiwania w kraju. Obywatel zagraniczny musi osobi\u015bcie z\u0142o\u017cy\u0107 jedynie wniosek i przed\u0142o\u017cy\u0107 dane biometryczne. <\/li>\n<li>Nie ma konieczno\u015bci przedk\u0142adania dokument\u00f3w potwierdzaj\u0105cych poziom znajomo\u015bci j\u0119zyka tureckiego. <\/li>\n<li>Nie ma potrzeby przedstawiania dokument\u00f3w dotycz\u0105cych maj\u0105tku i dochod\u00f3w poza Turcj\u0105 i innych. <\/li>\n<li>Uzyskanie obywatelstwa na zasadach og\u00f3lnych jest r\u00f3wnie\u017c mo\u017cliwe po 5 latach pobytu w kraju. <\/li>\n<li>W przypadku braku pe\u0142nej kwoty, inwestorzy zagraniczni maj\u0105 mo\u017cliwo\u015b\u0107 ubiegania si\u0119 o kredyt hipoteczny. <\/li>\n<\/ul>\n<p> [\/vc_column_text][vc_btn title=&#8221;Apartamenty za obywatelstwo&#8221; style=&#8221;3d&#8221; color=&#8221;green&#8221; size=&#8221;lg&#8221; align=&#8221;center&#8221; button_block=&#8221;true&#8221; link=&#8221;url:https%3A%2F%2Fbestinvest.com.tr%2Ftags%2Feligible-for-citizenship%2F&#8221;][vc_btn title=&#8221;Wi\u0119cej informacji&#8221; style=&#8221;3d&#8221; color=&#8221;sky&#8221; size=&#8221;lg&#8221; align=&#8221;center&#8221; button_block=&#8221;true&#8221; el_class=&#8221;js-inquiry-toggle js-modal-callmeback&#8221;][\/vc_column_inner][vc_column_inner width=&#8221;1\/2&#8243;][vc_single_image image=&#8221;7620&#8243; img_size=&#8221;full&#8221; alignment=&#8221;center&#8221; css_animation=&#8221;fadeInDown&#8221;][\/vc_column_inner][\/vc_row_inner][\/vc_column][\/vc_row][vc_row full_width=&#8221;stretch_row_content_no_spaces&#8221; css=&#8221;.vc_custom_1654192034425{background-color: #252c40 !important;}&#8221; el_class=&#8221;clean-wc-row&#8221;][vc_column][vc_row_inner][vc_column_inner width=&#8221;1\/3&#8243;][vc_single_image image=&#8221;7621&#8243; img_size=&#8221;full&#8221;][\/vc_column_inner][vc_column_inner el_class=&#8221;text-white&#8221; width=&#8221;1\/3&#8243; css=&#8221;.vc_custom_1654241440241{border-right-width: 10px !important;padding-left: 10px !important;border-right-color: #e8e8e8 !important;}&#8221;][vc_column_text] <\/p>\n<div style=\"font-size: 15px;\"> &nbsp; &nbsp;<\/p>\n<p>Je\u015bli chcesz uzyska\u0107 obywatelstwo tureckie poprzez inwestycj\u0119 w ramach uproszczonego programu, licencjonowana firma BEST INVEST, w ramach us\u0142ug \u015bwiadczonych przy zakupie nieruchomo\u015bci w Turcji, zapewnia kompleksow\u0105 pomoc w uzyskaniu obywatelstwa: <\/p>\n<ul>\n<li>Oferowanie najlepszych opcji nieruchomo\u015bci o warto\u015bci katastralnej 400 000 dolar\u00f3w ameryka\u0144skich<\/li>\n<li>Zapewnienie profesjonalnego doradztwa podczas procesu ubiegania si\u0119 o obywatelstwo<\/li>\n<li>Pomoc w zebraniu niezb\u0119dnych dokument\u00f3w, aby zapobiec wszelkim nie\u015bcis\u0142o\u015bciom lub b\u0142\u0119dom zgodnie z przepisami migracyjnymi<\/li>\n<li>Uzyskanie wynik\u00f3w z\u0142o\u017conego wniosku w imieniu klienta<\/li>\n<li>Pomoc w wykonaniu kolejnych krok\u00f3w i wymaga\u0144 po pozytywnej odpowiedzi na wniosek<\/li>\n<\/ul><\/div>\n<p> [\/vc_column_text][\/vc_column_inner][vc_column_inner width=&#8221;1\/3&#8243; css=&#8221;.vc_custom_1654170921454{margin-top: 90px !important;margin-bottom: 90px !important;}&#8221;][vc_single_image image=&#8221;7552&#8243; img_size=&#8221;full&#8221; alignment=&#8221;center&#8221; css_animation=&#8221;fadeInUp&#8221;][\/vc_column_inner][\/vc_row_inner][\/vc_column][\/vc_row][vc_row full_width=&#8221;stretch_row_content_no_spaces&#8221; css=&#8221;.vc_custom_1654172078680{background-image: url(https:\/\/bestinvest.com.tr\/wp-content\/uploads\/2022\/06\/fon.jpg?id=7591) !important;}&#8221; el_class=&#8221;asking-row&#8221;][vc_column width=&#8221;1\/4&#8243;][vc_empty_space][\/vc_column][vc_column width=&#8221;3\/4&#8243;][vc_row_inner][vc_column_inner width=&#8221;1\/4&#8243;][\/vc_column_inner][vc_column_inner width=&#8221;1\/2&#8243;][vc_column_text] <\/p>\n<div style=\"color: #fff;\">\n<p class=\"title\"><span style=\"color: #ffffff;\">Nadal masz pytania dotycz\u0105ce procedury zakupu domu w Turcji? <\/span><\/p>\n<p class=\"title\"><span style=\"color: #ffffff;\">Podaj swoje dane kontaktowe, a nasz mened\u017cer wkr\u00f3tce si\u0119 z Tob\u0105 skontaktuje.<\/span><\/p>\n<\/p><\/div>\n<p> [\/vc_column_text][vc_btn title=&#8221;Skorzystaj z konsultacji&#8221; style=&#8221;custom&#8221; custom_background=&#8221;#81d742&#8243; custom_text=&#8221;#ffffff&#8221; align=&#8221;center&#8221; el_class=&#8221;js-inquiry-toggle js-modal-callmeback&#8221;][\/vc_column_inner][vc_column_inner width=&#8221;1\/4&#8243;][\/vc_column_inner][\/vc_row_inner][\/vc_column][\/vc_row]<\/p>\n","protected":false},"excerpt":{"rendered":"<p>[vc_row full_width=&#8221;stretch_row_content_no_spaces&#8221; equal_height=&#8221;yes&#8221; content_placement=&#8221;middle&#8221;][vc_column width=&#8221;1\/5&#8243;][\/vc_column][vc_column width=&#8221;1\/5&#8243;][vc_empty_space height=&#8221;52px&#8221;][vc_btn title=&#8221;Pobyt i obywatelstwo w Cyprze P\u00f3\u0142nocnym&#8221; style=&#8221;3d&#8221; color=&#8221;green&#8221; size=&#8221;lg&#8221; align=&#8221;center&#8221; link=&#8221;url:https%3A%2F%2Fbestinvest.com.tr%2Fresidency-citizenship-in-trnc%2F&#8221;][\/vc_column][vc_column width=&#8221;1\/5&#8243;][vc_empty_space height=&#8221;52px&#8221;][vc_btn title=&#8221;Pobyt i obywatelstwo w Republice Cypryjskiej&#8221; style=&#8221;3d&#8221; color=&#8221;green&#8221; size=&#8221;lg&#8221; align=&#8221;center&#8221; link=&#8221;url:https%3A%2F%2Fbestinvest.com.tr%2Fresidency-citizenship-in-the-republic-of-cyprus%2F&#8221;][\/vc_column][vc_column width=&#8221;1\/5&#8243;][vc_empty_space height=&#8221;52px&#8221;][vc_btn title=&#8221;Zezwolenie na pobyt w Turcji&#8221; style=&#8221;3d&#8221; color=&#8221;green&#8221; size=&#8221;lg&#8221; align=&#8221;center&#8221; link=&#8221;url:https%3A%2F%2Fbestinvest.com.tr%2F%25d0%25be%25d1%2584%25d0%25be%25d1%2580%25d0%25bc%25d0%25bb%25d0%25b5%25d0%25bd%25d0%25b8%25d0%25b5-%25d0%25b2%25d0%25b8%25d0%25b4%25d0%25b0-%25d0%25bd%25d0%25b0-%25d0%25b6%25d0%25b8%25d1%2582%25d0%25b5%25d0%25bb%25d1%258c%25d1%2581%25d1%2582%25d0%25b2%25d0%25be%2F&#8221;][\/vc_column][vc_column width=&#8221;1\/5&#8243;][\/vc_column][\/vc_row][vc_row full_width=&#8221;stretch_row_content_no_spaces&#8221;][vc_column][vc_empty_space height=&#8221;52px&#8221;][vc_custom_heading text=&#8221;Obywatelstwo Turcji poprzez inwestycj\u0119&#8221; font_container=&#8221;tag:h1|text_align:center&#8221;][vc_empty_space height=&#8221;52px&#8221;][vc_row_inner css=&#8221;.vc_custom_1654155606352{margin-right: 30px !important;margin-left: [&hellip;]<\/p>\n","protected":false},"author":5,"featured_media":0,"parent":0,"menu_order":0,"comment_status":"closed","ping_status":"closed","template":"","meta":{"inline_featured_image":false,"footnotes":""},"class_list":["post-7618","page","type-page","status-publish","hentry"],"_links":{"self":[{"href":"https:\/\/bestinvest.com.tr\/pl\/wp-json\/wp\/v2\/pages\/7618","targetHints":{"allow":["GET"]}}],"collection":[{"href":"https:\/\/bestinvest.com.tr\/pl\/wp-json\/wp\/v2\/pages"}],"about":[{"href":"https:\/\/bestinvest.com.tr\/pl\/wp-json\/wp\/v2\/types\/page"}],"author":[{"embeddable":true,"href":"https:\/\/bestinvest.com.tr\/pl\/wp-json\/wp\/v2\/users\/5"}],"replies":[{"embeddable":true,"href":"https:\/\/bestinvest.com.tr\/pl\/wp-json\/wp\/v2\/comments?post=7618"}],"version-history":[{"count":0,"href":"https:\/\/bestinvest.com.tr\/pl\/wp-json\/wp\/v2\/pages\/7618\/revisions"}],"wp:attachment":[{"href":"https:\/\/bestinvest.com.tr\/pl\/wp-json\/wp\/v2\/media?parent=7618"}],"curies":[{"name":"wp","href":"https:\/\/api.w.org\/{rel}","templated":true}]}}