{"id":7624,"date":"2022-06-02T18:05:14","date_gmt":"2022-06-02T18:05:14","guid":{"rendered":"https:\/\/bestinvest.com.tr\/?page_id=7624"},"modified":"2026-02-05T11:24:18","modified_gmt":"2026-02-05T11:24:18","slug":"%d1%80%d1%83%d1%81%d1%81%d0%ba%d0%b8%d0%b9-%d0%be%d1%84%d0%be%d1%80%d0%bc%d0%bb%d0%b5%d0%bd%d0%b8%d0%b5-%d0%b8%d0%bf%d0%be%d1%82%d0%b5%d1%87%d0%bd%d0%be%d0%b3%d0%be-%d0%ba%d1%80%d0%b5%d0%b4%d0%b8","status":"publish","type":"page","link":"https:\/\/bestinvest.com.tr\/pl\/%d1%80%d1%83%d1%81%d1%81%d0%ba%d0%b8%d0%b9-%d0%be%d1%84%d0%be%d1%80%d0%bc%d0%bb%d0%b5%d0%bd%d0%b8%d0%b5-%d0%b8%d0%bf%d0%be%d1%82%d0%b5%d1%87%d0%bd%d0%be%d0%b3%d0%be-%d0%ba%d1%80%d0%b5%d0%b4%d0%b8\/","title":{"rendered":"(English) MORTGAGE LOAN"},"content":{"rendered":"<p>[vc_row full_width=&#8221;stretch_row_content_no_spaces&#8221;][vc_column][vc_empty_space height=&#8221;52px&#8221;][vc_custom_heading text=&#8221;KREDYT HIPOTECZNY&#8221; font_container=&#8221;tag:h1|text_align:center&#8221;][vc_empty_space height=&#8221;52px&#8221;][vc_row_inner css=&#8221;.vc_custom_1654155606352{margin-right: 30px !important;margin-left: 30px !important;}&#8221;][vc_column_inner width=&#8221;1\/2&#8243; css=&#8221;.vc_custom_1654155648058{padding-right: 50px !important;padding-left: 50px !important;}&#8221;][vc_column_text]<\/p>\n<p>Marzenie o zakupie nieruchomo\u015bci w Turcji sta\u0142o si\u0119 dzi\u015b dost\u0119pn\u0105 rzeczywisto\u015bci\u0105 dla wi\u0119kszo\u015bci obcokrajowc\u00f3w. Najbardziej atrakcyjnym momentem dla zagranicznych inwestor\u00f3w by\u0142a mo\u017cliwo\u015b\u0107 uzyskania pozwolenia na pobyt po nabyciu nieruchomo\u015bci. Pod wieloma wzgl\u0119dami sta\u0142o si\u0119 to mo\u017cliwe dzi\u0119ki kredytom hipotecznym, kt\u00f3re mo\u017ce uzyska\u0107 ka\u017cdy obcokrajowiec w jednym z tureckich bank\u00f3w, je\u015bli nie dysponuje od razu ca\u0142\u0105 kwot\u0105 potrzebn\u0105 do nabycia nieruchomo\u015bci.<\/p>\n<p>Kredyt hipoteczny w Republice Turcji, podobnie jak w innych krajach, jest po\u017cyczk\u0105, w kt\u00f3rej nieruchomo\u015b\u0107 stanowi zabezpieczenie zakupu. Natychmiast po udzieleniu kredytu staje si\u0119 on w\u0142asno\u015bci\u0105 nabywcy z obci\u0105\u017ceniem, kt\u00f3re zostaje usuni\u0119te po ca\u0142kowitej sp\u0142acie kredytu.<\/p>\n<p>Dzi\u0119ki tej innowacji popyt znacznie wzr\u00f3s\u0142, poniewa\u017c obecnie inwestorzy zagraniczni maj\u0105 mo\u017cliwo\u015b\u0107 zakupu nie tylko niedrogich mieszka\u0144, ale tak\u017ce drogich nieruchomo\u015bci, sp\u0142acaj\u0105c ich koszt w ci\u0105gu kilku lat. Kredyt hipoteczny w Turcji jest udzielany na gotowe mieszkania oraz na nieruchomo\u015bci w trakcie budowy (do 80% stanu zaawansowania), wi\u0119c nabywca b\u0119dzie m\u00f3g\u0142 wybra\u0107 dla siebie najlepsz\u0105 opcj\u0119 pod ka\u017cdym wzgl\u0119dem, czy to pod wzgl\u0119dem ceny, powierzchni, rozk\u0142adu pomieszcze\u0144, czy lokalizacji.[\/vc_column_text][\/vc_column_inner][vc_column_inner width=&#8221;1\/2&#8243;][vc_single_image image=&#8221;7625&#8243; img_size=&#8221;full&#8221; alignment=&#8221;center&#8221; css_animation=&#8221;fadeInDown&#8221;][\/vc_column_inner][\/vc_row_inner][\/vc_column][\/vc_row][vc_row full_width=&#8221;stretch_row_content_no_spaces&#8221; css=&#8221;.vc_custom_1654192034425{background-color: #252c40 !important;}&#8221; el_class=&#8221;clean-wc-row&#8221;][vc_column][vc_row_inner][vc_column_inner width=&#8221;1\/3&#8243;][vc_single_image image=&#8221;7626&#8243; img_size=&#8221;full&#8221;][\/vc_column_inner][vc_column_inner el_class=&#8221;text-white&#8221; width=&#8221;1\/3&#8243; css=&#8221;.vc_custom_1654241692210{border-right-width: 10px !important;padding-left: 10px !important;border-right-color: #e8e8e8 !important;}&#8221;][vc_empty_space][vc_column_text] <\/p>\n<div style=\"font-size: 15px;\"> &nbsp; &nbsp;<\/p>\n<p>Je\u015bli ju\u017c zdecydowa\u0142e\u015b si\u0119 na zakup domu w Turcji, ale nie dysponujesz wszystkimi \u015brodkami, BEST INVEST jest gotowy pom\u00f3c Ci w uzyskaniu kredytu hipotecznego. Nasi specjali\u015bci wsp\u00f3lnie z Tob\u0105 zastanowi\u0105 si\u0119 nad najlepszym rozwi\u0105zaniem i zaproponuj\u0105 sprawdzone banki oferuj\u0105ce korzystne warunki kredytu, wysoko\u015b\u0107 wk\u0142adu w\u0142asnego, rodzaj waluty, oprocentowanie oraz inne szczeg\u00f3\u0142y zwi\u0105zane z przygotowaniem dokument\u00f3w i rejestracj\u0105 zakupu mieszkania na kredyt.<\/p>\n<p>Do\u015bwiadczenie i profesjonalizm specjalist\u00f3w licencjonowanej agencji BEST INVEST pozwoli Ci ubiega\u0107 si\u0119 o kredyt hipoteczny na nieruchomo\u015bci w Turcji na optymalnych warunkach! Ponadto wielu deweloper\u00f3w oferuje nieoprocentowan\u0105 p\u0142atno\u015b\u0107 w ratach za nieruchomo\u015bci w budowie i niekt\u00f3re gotowe nieruchomo\u015bci. Okres trwania takiego planu ratalnego mo\u017ce wynosi\u0107 od 3 miesi\u0119cy do 3 lat, w zale\u017cno\u015bci od wybranego obiektu. <\/p><\/div>\n<p>[\/vc_column_text][\/vc_column_inner][vc_column_inner width=&#8221;1\/3&#8243; css=&#8221;.vc_custom_1654170921454{margin-top: 90px !important;margin-bottom: 90px !important;}&#8221;][vc_single_image image=&#8221;7552&#8243; img_size=&#8221;full&#8221; alignment=&#8221;center&#8221; css_animation=&#8221;fadeInUp&#8221;][\/vc_column_inner][\/vc_row_inner][\/vc_column][\/vc_row][vc_row full_width=&#8221;stretch_row_content_no_spaces&#8221; css=&#8221;.vc_custom_1654172078680{background-image: url(https:\/\/bestinvest.com.tr\/wp-content\/uploads\/2022\/06\/fon.jpg?id=7591) !important;}&#8221; el_class=&#8221;asking-row&#8221;][vc_column width=&#8221;1\/4&#8243;][vc_empty_space][\/vc_column][vc_column width=&#8221;3\/4&#8243;][vc_row_inner][vc_column_inner width=&#8221;1\/4&#8243;][\/vc_column_inner][vc_column_inner width=&#8221;1\/2&#8243;][vc_column_text] <\/p>\n<div style=\"color: #fff;\">\n<p class=\"title\">Nadal masz pytania dotycz\u0105ce procedury zakupu domu w Turcji?<\/p>\n<p class=\"title\">Podaj swoje dane kontaktowe, a nasz mened\u017cer wkr\u00f3tce si\u0119 z Tob\u0105 skontaktuje<\/p>\n<\/p><\/div>\n<p> [\/vc_column_text][vc_btn title=&#8221;Skorzystaj z doradztwa&#8221; style=&#8221;custom&#8221; custom_background=&#8221;#81d742&#8243; custom_text=&#8221;#ffffff&#8221; align=&#8221;center&#8221; el_class=&#8221;js-inquiry-toggle js-modal-callmeback&#8221;][\/vc_column_inner][vc_column_inner width=&#8221;1\/4&#8243;][\/vc_column_inner][\/vc_row_inner][\/vc_column][\/vc_row]<\/p>\n","protected":false},"excerpt":{"rendered":"<p>[vc_row full_width=&#8221;stretch_row_content_no_spaces&#8221;][vc_column][vc_empty_space height=&#8221;52px&#8221;][vc_custom_heading text=&#8221;KREDYT HIPOTECZNY&#8221; font_container=&#8221;tag:h1|text_align:center&#8221;][vc_empty_space height=&#8221;52px&#8221;][vc_row_inner css=&#8221;.vc_custom_1654155606352{margin-right: 30px !important;margin-left: 30px !important;}&#8221;][vc_column_inner width=&#8221;1\/2&#8243; css=&#8221;.vc_custom_1654155648058{padding-right: 50px !important;padding-left: 50px !important;}&#8221;][vc_column_text] Marzenie o zakupie nieruchomo\u015bci w Turcji sta\u0142o si\u0119 dzi\u015b dost\u0119pn\u0105 rzeczywisto\u015bci\u0105 dla wi\u0119kszo\u015bci obcokrajowc\u00f3w. Najbardziej atrakcyjnym momentem dla zagranicznych inwestor\u00f3w by\u0142a mo\u017cliwo\u015b\u0107 uzyskania pozwolenia na pobyt po nabyciu nieruchomo\u015bci. Pod wieloma wzgl\u0119dami sta\u0142o si\u0119 to mo\u017cliwe dzi\u0119ki [&hellip;]<\/p>\n","protected":false},"author":5,"featured_media":0,"parent":0,"menu_order":0,"comment_status":"closed","ping_status":"closed","template":"","meta":{"inline_featured_image":false,"footnotes":""},"class_list":["post-7624","page","type-page","status-publish","hentry"],"_links":{"self":[{"href":"https:\/\/bestinvest.com.tr\/pl\/wp-json\/wp\/v2\/pages\/7624","targetHints":{"allow":["GET"]}}],"collection":[{"href":"https:\/\/bestinvest.com.tr\/pl\/wp-json\/wp\/v2\/pages"}],"about":[{"href":"https:\/\/bestinvest.com.tr\/pl\/wp-json\/wp\/v2\/types\/page"}],"author":[{"embeddable":true,"href":"https:\/\/bestinvest.com.tr\/pl\/wp-json\/wp\/v2\/users\/5"}],"replies":[{"embeddable":true,"href":"https:\/\/bestinvest.com.tr\/pl\/wp-json\/wp\/v2\/comments?post=7624"}],"version-history":[{"count":0,"href":"https:\/\/bestinvest.com.tr\/pl\/wp-json\/wp\/v2\/pages\/7624\/revisions"}],"wp:attachment":[{"href":"https:\/\/bestinvest.com.tr\/pl\/wp-json\/wp\/v2\/media?parent=7624"}],"curies":[{"name":"wp","href":"https:\/\/api.w.org\/{rel}","templated":true}]}}