{"id":7629,"date":"2022-06-02T18:23:39","date_gmt":"2022-06-02T18:23:39","guid":{"rendered":"https:\/\/bestinvest.com.tr\/?page_id=7629"},"modified":"2026-02-05T11:24:04","modified_gmt":"2026-02-05T11:24:04","slug":"%d0%be%d1%84%d0%be%d1%80%d0%bc%d0%bb%d0%b5%d0%bd%d0%b8%d0%b5-%d0%b2%d0%b8%d0%b4%d0%b0-%d0%bd%d0%b0-%d0%b6%d0%b8%d1%82%d0%b5%d0%bb%d1%8c%d1%81%d1%82%d0%b2%d0%be","status":"publish","type":"page","link":"https:\/\/bestinvest.com.tr\/pl\/%d0%be%d1%84%d0%be%d1%80%d0%bc%d0%bb%d0%b5%d0%bd%d0%b8%d0%b5-%d0%b2%d0%b8%d0%b4%d0%b0-%d0%bd%d0%b0-%d0%b6%d0%b8%d1%82%d0%b5%d0%bb%d1%8c%d1%81%d1%82%d0%b2%d0%be\/","title":{"rendered":"Rejestracja pozwolenia na pobyt"},"content":{"rendered":"<p>[vc_row full_width=&#8221;stretch_row_content_no_spaces&#8221; equal_height=&#8221;yes&#8221; content_placement=&#8221;middle&#8221;][vc_column width=&#8221;1\/5&#8243;][\/vc_column][vc_column width=&#8221;1\/5&#8243;][vc_empty_space height=&#8221;52px&#8221;][vc_btn title=&#8221;Pobyt i obywatelstwo w Cyprze P\u00f3\u0142nocnym&#8221; style=&#8221;3d&#8221; color=&#8221;green&#8221; size=&#8221;lg&#8221; align=&#8221;center&#8221; link=&#8221;url:https%3A%2F%2Fbestinvest.com.tr%2Fresidency-citizenship-in-trnc%2F&#8221;][\/vc_column][vc_column width=&#8221;1\/5&#8243;][vc_empty_space height=&#8221;52px&#8221;][vc_btn title=&#8221;Pobyt i obywatelstwo w Republice Cypryjskiej&#8221; style=&#8221;3d&#8221; color=&#8221;green&#8221; size=&#8221;lg&#8221; align=&#8221;center&#8221; link=&#8221;url:https%3A%2F%2Fbestinvest.com.tr%2Fresidency-citizenship-in-the-republic-of-cyprus%2F&#8221;][\/vc_column][vc_column width=&#8221;1\/5&#8243;][vc_empty_space height=&#8221;52px&#8221;][vc_btn title=&#8221;Obywatelstwo poprzez inwestycj\u0119 w Turcji&#8221; style=&#8221;3d&#8221; color=&#8221;green&#8221; size=&#8221;lg&#8221; align=&#8221;center&#8221; link=&#8221;url:https%3A%2F%2Fbestinvest.com.tr%2F%25d1%2580%25d1%2583%25d1%2581%25d1%2581%25d0%25ba%25d0%25b8%25d0%25b9-%25d0%25b3%25d1%2580%25d0%25b0%25d0%25b6%25d0%25b4%25d0%25b0%25d0%25bd%25d1%2581%25d1%2582%25d0%25b2%25d0%25be-%25d0%25b2-%25d1%2582%25d1%2583%25d1%2580%25d1%2586%25d0%25b8%25d0%25b8-%25d0%25b7%25d0%25b0-%25d0%25b8%25d0%25bd%25d0%25b2%25d0%25b5%25d1%2581%2F&#8221;][\/vc_column][vc_column width=&#8221;1\/5&#8243;][\/vc_column][\/vc_row][vc_row full_width=&#8221;stretch_row_content_no_spaces&#8221;][vc_column][vc_empty_space height=&#8221;52px&#8221;][vc_custom_heading text=&#8221;Rejestracja pozwolenia na pobyt w Turcji&#8221; font_container=&#8221;tag:h1|text_align:center&#8221;][vc_empty_space height=&#8221;52px&#8221;][vc_row_inner css=&#8221;.vc_custom_1654155606352{margin-right: 30px !important;margin-left: 30px !important;}&#8221;][vc_column_inner width=&#8221;1\/2&#8243; css=&#8221;.vc_custom_1654155648058{padding-right: 50px !important;padding-left: 50px !important;}&#8221;][vc_column_text]<\/p>\n<p>W Turcji mieszka wielu obcokrajowc\u00f3w, w\u015br\u00f3d kt\u00f3rych s\u0105 zar\u00f3wno mieszka\u0144cy Bliskiego Wschodu, jak i obcokrajowcy, kt\u00f3rzy przybyli tu z Europy Wschodniej i Zachodniej oraz kraj\u00f3w WNP. Rosjanie, Ukrai\u0144cy, Bia\u0142orusini, Kazachowie i inne narody kochaj\u0105 Turcj\u0119 nie tylko jako miejsce wypoczynku, ale tak\u017ce wybieraj\u0105 j\u0105 na miejsce sta\u0142ego zamieszkania.<\/p>\n<p>Dzi\u0119ki aktywnie rosn\u0105cemu popytowi ze strony obcokrajowc\u00f3w, Republika Turcji jest obecnie jednym z dziesi\u0119ciu najpopularniejszych kraj\u00f3w na \u015bwiecie pod wzgl\u0119dem zakupu p\u0142ynnych nieruchomo\u015bci. Podobnie jak w ka\u017cdym innym kraju, aby mieszka\u0107 w Turcji przez d\u0142u\u017cszy czas, nale\u017cy posiada\u0107 pozwolenie na pobyt lub Ikamet. Standardowy okres wa\u017cno\u015bci pozwolenia na pobyt wynosi 1-2 lata i mo\u017ce by\u0107 przed\u0142u\u017cany bez ogranicze\u0144.<\/p>\n<p>Podstaw\u0105 do uzyskania pozwolenia na pobyt w Turcji mog\u0105 by\u0107 r\u00f3\u017cne powody (ma\u0142\u017ce\u0144stwo, studia, biznes, praca itp.), ale jednym z najpopularniejszych w ostatnich latach jest inwestowanie w nieruchomo\u015bci.<\/p>\n<p>W rzeczywisto\u015bci uzyskanie pozwolenia na pobyt jest naturalnym skutkiem zakupu domu jako nieruchomo\u015bci. Nale\u017cy pami\u0119ta\u0107, \u017ce pozwolenie na pobyt jest wydawane tylko wtedy, gdy istnieje TAPU \u2013 dokument potwierdzaj\u0105cy prawo do posiadania nieruchomo\u015bci. <strong>Lista dokument\u00f3w niezb\u0119dnych do uzyskania pozwolenia na pobyt na podstawie zakupu nieruchomo\u015bci:<\/strong><\/p>\n<p>\u2013 Formularz wniosku \u2013 4 zdj\u0119cia \u2013 Paszport, kserokopia paszportu (strony zawieraj\u0105ce dane osobowe, zdj\u0119cia, daty oraz strona z ostatnim stemplem wjazdu do Turcji) \u2013 Kserokopia TAPU dla w\u0142a\u015bcicieli nieruchomo\u015bci w Turcji lub umowa najmu \u2013 Dokument z Komisji Katastralnej potwierdzaj\u0105cy wa\u017cno\u015b\u0107 kopii TAPU w momencie sk\u0142adania dokument\u00f3w<br \/>\n\u2013 Roczne ubezpieczenie od trz\u0119sienia ziemi (DASK) \u2013 Wyci\u0105g z konta bankowego lub pokwitowanie z kantoru wymiany walut potwierdzaj\u0105ce wymian\u0119 wymaganej kwoty (na ka\u017cdy miesi\u0105c pobytu nale\u017cy wp\u0142aci\u0107 co najmniej 500 USD) \u2013 Ubezpieczenie medyczne, wystawione w Turcji i spe\u0142niaj\u0105ce wymagania dotycz\u0105ce uzyskania pozwolenia na pobyt[\/vc_column_text][vc_btn title=&#8221;Nieruchomo\u015bci dla \u0130kamet&#8221; style=&#8221;3d&#8221; color=&#8221;green&#8221; size=&#8221;lg&#8221; align=&#8221;center&#8221; button_block=&#8221;true&#8221; link=&#8221;url:https%3A%2F%2Fbestinvest.com.tr%2Ftags%2Fsuitable-for-residence%2F&#8221;][vc_btn title=&#8221;Wi\u0119cej informacji&#8221; style=&#8221;3d&#8221; color=&#8221;sky&#8221; size=&#8221;lg&#8221; align=&#8221;center&#8221; button_block=&#8221;true&#8221; el_class=&#8221;js-inquiry-toggle js-modal-callmeback&#8221;][\/vc_column_inner][vc_column_inner width=&#8221;1\/2&#8243;][vc_single_image image=&#8221;7630&#8243; img_size=&#8221;full&#8221; alignment=&#8221;center&#8221; css_animation=&#8221;fadeInDown&#8221;][\/vc_column_inner][\/vc_row_inner][\/vc_column][\/vc_row][vc_row full_width=&#8221;stretch_row_content_no_spaces&#8221; css=&#8221;.vc_custom_1654192034425{background-color: #252c40 !important;}&#8221; el_class=&#8221;clean-wc-row&#8221;][vc_column][vc_row_inner][vc_column_inner width=&#8221;1\/3&#8243;][vc_single_image image=&#8221;7631&#8243; img_size=&#8221;full&#8221;][\/vc_column_inner][vc_column_inner el_class=&#8221;text-white&#8221; width=&#8221;1\/3&#8243; css=&#8221;.vc_custom_1654241876727{border-right-width: 10px !important;padding-left: 10px !important;border-right-color: #e8e8e8 !important;}&#8221;][vc_column_text] &nbsp; Licencjonowana agencja nieruchomo\u015bci BEST INVEST zapewnia swoim klientom kompleksow\u0105 pomoc na wszystkich etapach wyboru i zakupu nieruchomo\u015bci, w tym uzyskania TAPU w Turcji i pozwolenia na pobyt.<\/p>\n<p>Doradzimy i pomo\u017cemy Pa\u0144stwu prawid\u0142owo przej\u015b\u0107 przez wszystkie etapy rejestracji nieruchomo\u015bci w Turcji, procedur\u0119 elektronicznego sk\u0142adania wniosku o ikamet na stronie internetowej, a tak\u017ce przygotujemy aktualne dokumenty na spotkanie w urz\u0119dzie migracyjnym i op\u0142acimy op\u0142aty. Termin uzyskania pozwolenia na pobyt w Turcji dla w\u0142a\u015bcicieli nieruchomo\u015bci wynosi oko\u0142o 2 tygodni.<\/p>\n<p>Absolutnie ka\u017cdy w\u0142a\u015bciciel nieruchomo\u015bci w Turcji ma mo\u017cliwo\u015b\u0107 uzyskania pozwolenia na pobyt. [\/vc_column_text][\/vc_column_inner][vc_column_inner width=&#8221;1\/3&#8243; css=&#8221;.vc_custom_1654170921454{margin-top: 90px !important;margin-bottom: 90px !important;}&#8221;][vc_single_image image=&#8221;7552&#8243; img_size=&#8221;full&#8221; alignment=&#8221;center&#8221; css_animation=&#8221;fadeInUp&#8221;][\/vc_column_inner][\/vc_row_inner][\/vc_column][\/vc_row][vc_row full_width=&#8221;stretch_row_content_no_spaces&#8221; css=&#8221;.vc_custom_1654191803373{background-color: #eaebed !important;}&#8221;][vc_column][vc_column_text css=&#8221;.vc_custom_1660560246285{margin-right: 50px !important;margin-left: 50px !important;}&#8221;] <\/p>\n<h4 style=\"text-align: center;\">Specjali\u015bci BEST INVEST ch\u0119tnie pomog\u0105 swoim klientom, prosimy o kontakt!<\/h4>\n<p>[\/vc_column_text][\/vc_column][\/vc_row][vc_row full_width=&#8221;stretch_row_content_no_spaces&#8221; css=&#8221;.vc_custom_1654172078680{background-image: url(https:\/\/bestinvest.com.tr\/wp-content\/uploads\/2022\/06\/fon.jpg?id=7591) !important;}&#8221; el_class=&#8221;asking-row&#8221;][vc_column width=&#8221;1\/4&#8243;][vc_empty_space][\/vc_column][vc_column width=&#8221;3\/4&#8243;][vc_row_inner][vc_column_inner width=&#8221;1\/4&#8243;][\/vc_column_inner][vc_column_inner width=&#8221;1\/2&#8243;][vc_column_text]Nadal masz pytania dotycz\u0105ce procedury zakupu domu w Turcji? Podaj swoje dane kontaktowe, a nasz mened\u017cer wkr\u00f3tce si\u0119 z Tob\u0105 skontaktuje.<\/p>\n<p>[\/vc_column_text][vc_btn title=&#8221;Skorzystaj z konsultacji&#8221; style=&#8221;custom&#8221; custom_background=&#8221;#81d742&#8243; custom_text=&#8221;#ffffff&#8221; align=&#8221;center&#8221; el_class=&#8221;js-inquiry-toggle js-modal-callmeback&#8221;][\/vc_column_inner][vc_column_inner width=&#8221;1\/4&#8243;][\/vc_column_inner][\/vc_row_inner][\/vc_column][\/vc_row]<\/p>\n","protected":false},"excerpt":{"rendered":"<p>[vc_row full_width=&#8221;stretch_row_content_no_spaces&#8221; equal_height=&#8221;yes&#8221; content_placement=&#8221;middle&#8221;][vc_column width=&#8221;1\/5&#8243;][\/vc_column][vc_column width=&#8221;1\/5&#8243;][vc_empty_space height=&#8221;52px&#8221;][vc_btn title=&#8221;Pobyt i obywatelstwo w Cyprze P\u00f3\u0142nocnym&#8221; style=&#8221;3d&#8221; color=&#8221;green&#8221; size=&#8221;lg&#8221; align=&#8221;center&#8221; link=&#8221;url:https%3A%2F%2Fbestinvest.com.tr%2Fresidency-citizenship-in-trnc%2F&#8221;][\/vc_column][vc_column width=&#8221;1\/5&#8243;][vc_empty_space height=&#8221;52px&#8221;][vc_btn title=&#8221;Pobyt i obywatelstwo w Republice Cypryjskiej&#8221; style=&#8221;3d&#8221; color=&#8221;green&#8221; size=&#8221;lg&#8221; align=&#8221;center&#8221; link=&#8221;url:https%3A%2F%2Fbestinvest.com.tr%2Fresidency-citizenship-in-the-republic-of-cyprus%2F&#8221;][\/vc_column][vc_column width=&#8221;1\/5&#8243;][vc_empty_space height=&#8221;52px&#8221;][vc_btn title=&#8221;Obywatelstwo poprzez inwestycj\u0119 w Turcji&#8221; style=&#8221;3d&#8221; color=&#8221;green&#8221; size=&#8221;lg&#8221; align=&#8221;center&#8221; link=&#8221;url:https%3A%2F%2Fbestinvest.com.tr%2F%25d1%2580%25d1%2583%25d1%2581%25d1%2581%25d0%25ba%25d0%25b8%25d0%25b9-%25d0%25b3%25d1%2580%25d0%25b0%25d0%25b6%25d0%25b4%25d0%25b0%25d0%25bd%25d1%2581%25d1%2582%25d0%25b2%25d0%25be-%25d0%25b2-%25d1%2582%25d1%2583%25d1%2580%25d1%2586%25d0%25b8%25d0%25b8-%25d0%25b7%25d0%25b0-%25d0%25b8%25d0%25bd%25d0%25b2%25d0%25b5%25d1%2581%2F&#8221;][\/vc_column][vc_column width=&#8221;1\/5&#8243;][\/vc_column][\/vc_row][vc_row full_width=&#8221;stretch_row_content_no_spaces&#8221;][vc_column][vc_empty_space height=&#8221;52px&#8221;][vc_custom_heading text=&#8221;Rejestracja pozwolenia na pobyt w Turcji&#8221; font_container=&#8221;tag:h1|text_align:center&#8221;][vc_empty_space height=&#8221;52px&#8221;][vc_row_inner css=&#8221;.vc_custom_1654155606352{margin-right: [&hellip;]<\/p>\n","protected":false},"author":5,"featured_media":0,"parent":0,"menu_order":0,"comment_status":"closed","ping_status":"closed","template":"","meta":{"inline_featured_image":false,"footnotes":""},"class_list":["post-7629","page","type-page","status-publish","hentry"],"_links":{"self":[{"href":"https:\/\/bestinvest.com.tr\/pl\/wp-json\/wp\/v2\/pages\/7629","targetHints":{"allow":["GET"]}}],"collection":[{"href":"https:\/\/bestinvest.com.tr\/pl\/wp-json\/wp\/v2\/pages"}],"about":[{"href":"https:\/\/bestinvest.com.tr\/pl\/wp-json\/wp\/v2\/types\/page"}],"author":[{"embeddable":true,"href":"https:\/\/bestinvest.com.tr\/pl\/wp-json\/wp\/v2\/users\/5"}],"replies":[{"embeddable":true,"href":"https:\/\/bestinvest.com.tr\/pl\/wp-json\/wp\/v2\/comments?post=7629"}],"version-history":[{"count":0,"href":"https:\/\/bestinvest.com.tr\/pl\/wp-json\/wp\/v2\/pages\/7629\/revisions"}],"wp:attachment":[{"href":"https:\/\/bestinvest.com.tr\/pl\/wp-json\/wp\/v2\/media?parent=7629"}],"curies":[{"name":"wp","href":"https:\/\/api.w.org\/{rel}","templated":true}]}}