{"id":7633,"date":"2022-06-02T18:29:05","date_gmt":"2022-06-02T18:29:05","guid":{"rendered":"https:\/\/bestinvest.com.tr\/?page_id=7633"},"modified":"2026-02-05T11:23:50","modified_gmt":"2026-02-05T11:23:50","slug":"%d0%be%d1%84%d0%be%d1%80%d0%bc%d0%bb%d0%b5%d0%bd%d0%b8%d0%b5-%d0%bf%d1%80%d0%b0%d0%b2-%d1%81%d0%be%d0%b1%d1%81%d1%82%d0%b2%d0%b5%d0%bd%d0%bd%d0%be%d1%81%d1%82%d0%b8-%d0%bd%d0%b0-%d0%bd%d0%b5%d0%b4","status":"publish","type":"page","link":"https:\/\/bestinvest.com.tr\/pl\/%d0%be%d1%84%d0%be%d1%80%d0%bc%d0%bb%d0%b5%d0%bd%d0%b8%d0%b5-%d0%bf%d1%80%d0%b0%d0%b2-%d1%81%d0%be%d0%b1%d1%81%d1%82%d0%b2%d0%b5%d0%bd%d0%bd%d0%be%d1%81%d1%82%d0%b8-%d0%bd%d0%b0-%d0%bd%d0%b5%d0%b4\/","title":{"rendered":"REJESTRACJA W\u0141ASNO\u015aCI NIERUCHOMO\u015aCI (TAPU)"},"content":{"rendered":"<p>[vc_row full_width=&#8221;stretch_row_content_no_spaces&#8221;][vc_column][vc_empty_space height=&#8221;52px&#8221;][vc_custom_heading text=&#8221;REJESTRACJA W\u0141ASNO\u015aCI NIERUCHOMO\u015aCI (TAPU)&#8221; font_container=&#8221;tag:h1|text_align:center&#8221;][vc_empty_space height=&#8221;52px&#8221;][vc_row_inner css=&#8221;.vc_custom_1654155606352{margin-right: 30px !important;margin-left: 30px !important;}&#8221;][vc_column_inner width=&#8221;1\/2&#8243; css=&#8221;.vc_custom_1654155648058{padding-right: 50px !important;padding-left: 50px !important;}&#8221;][vc_column_text]TAPU w Turcji jest jedynym dokumentem potwierdzaj\u0105cym absolutn\u0105 i wieczyst\u0105 w\u0142asno\u015b\u0107 zar\u00f3wno obywateli lokalnych, jak i zagranicznych.<\/p>\n<p>Tapu jest rejestrowany w urz\u0119dzie katastralnym w miejscu nabytej nieruchomo\u015bci, zgodnie z systemem tytu\u0142\u00f3w w\u0142asno\u015bci do nieruchomo\u015bci mieszkalnych i komercyjnych. Sprzedaj\u0105cy i kupuj\u0105cy podpisuj\u0105 dokument o braku roszcze\u0144 do nieruchomo\u015bci, po czym nast\u0119puje przeniesienie prawa w\u0142asno\u015bci, nowy w\u0142a\u015bciciel zostaje wpisany do ksi\u0119gi katastralnej i wydawany jest TAPU.<\/p>\n<p>Nowy w\u0142a\u015bciciel mo\u017ce otrzyma\u0107 \u015bwiadectwo w\u0142asno\u015bci osobi\u015bcie lub na podstawie notarialnego pe\u0142nomocnictwa wydanego powiernikowi lub przedstawicielom agencji nieruchomo\u015bci. Po otrzymaniu TAPU nowy w\u0142a\u015bciciel b\u0119dzie m\u00f3g\u0142 wyda\u0107 <a href=\"https:\/\/bestinvest.com.tr\/%d0%be%d1%84%d0%be%d1%80%d0%bc%d0%bb%d0%b5%d0%bd%d0%b8%d0%b5-%d1%81%d1%87%d0%b5%d1%82%d1%87%d0%b8%d0%ba%d0%be%d0%b2-%d0%bd%d0%b0-%d1%8d%d0%bb%d0%b5%d0%ba%d1%82%d1%80%d0%b8%d1%87%d0%b5%d1%81%d1%82\/\">abonamenty na wod\u0119 i pr\u0105d<\/a> zapewniaj\u0105ce komfortowy pobyt wraz z niezb\u0119dnymi artyku\u0142ami gospodarstwa domowego.<\/p>\n<p>W\u0142a\u015bcicielem mo\u017ce by\u0107 zar\u00f3wno osoba fizyczna, jak i prawna, obywatel w ka\u017cdym wieku lub grupa os\u00f3b licz\u0105ca do 10 os\u00f3b. Opr\u00f3cz mieszkania lub domu, w posiadanie przechodzi r\u00f3wnie\u017c dzia\u0142ka pod budynkiem.[\/vc_column_text][\/vc_column_inner][vc_column_inner width=&#8221;1\/2&#8243;][vc_single_image image=&#8221;7634&#8243; img_size=&#8221;full&#8221; alignment=&#8221;center&#8221; css_animation=&#8221;fadeInDown&#8221;][\/vc_column_inner][\/vc_row_inner][\/vc_column][\/vc_row][vc_row full_width=&#8221;stretch_row_content_no_spaces&#8221; css=&#8221;.vc_custom_1654192034425{background-color: #252c40 !important;}&#8221; el_class=&#8221;clean-wc-row&#8221;][vc_column][vc_row_inner][vc_column_inner width=&#8221;1\/3&#8243;][vc_single_image image=&#8221;7635&#8243; img_size=&#8221;full&#8221;][\/vc_column_inner][vc_column_inner el_class=&#8221;text-white&#8221; width=&#8221;1\/3&#8243; css=&#8221;.vc_custom_1654241995786{border-right-width: 10px !important;padding-left: 10px !important;border-right-color: #e8e8e8 !important;}&#8221;][vc_column_text] <\/p>\n<div style=\"font-size: 15px;\"> &nbsp; &nbsp;<\/p>\n<p>Licencjonowana agencja nieruchomo\u015bci BEST INVEST oferuje pe\u0142en zakres profesjonalnych us\u0142ug zwi\u0105zanych z TAPU w Turcji w ramach transakcji kupna i sprzeda\u017cy nieruchomo\u015bci: <\/p>\n<ul>\n<li>Przygotowanie pakietu dokument\u00f3w wymaganych do z\u0142o\u017cenia w urz\u0119dzie katastralnym i z\u0142o\u017cenie ich w imieniu kupuj\u0105cego.\n<li>Zapewnienie legalno\u015bci procedury (obecno\u015b\u0107 t\u0142umacza przysi\u0119g\u0142ego).<\/li>\n<li>Uiszczenie podatk\u00f3w i op\u0142at pa\u0144stwowych.<\/li>\n<li>Otrzymanie TAPU na podstawie pe\u0142nomocnictwa i przekazanie go nowemu w\u0142a\u015bcicielowi, klientowi naszej firmy.<\/li>\n<\/ul>\n<p> W przypadku utraty TAPU pomagamy w jego przywr\u00f3ceniu w ci\u0105gu 1 dnia roboczego. Z regu\u0142y proces wydania \u015bwiadectwa w\u0142asno\u015bci nieruchomo\u015bci trwa oko\u0142o 1 do 15 dni, a BEST INVEST ch\u0119tnie pomo\u017ce w szybkim i bezpiecznym przeprowadzeniu tej procedury. <\/p><\/div>\n<p> [\/vc_column_text][\/vc_column_inner][vc_column_inner width=&#8221;1\/3&#8243; css=&#8221;.vc_custom_1654170921454{margin-top: 90px !important;margin-bottom: 90px !important;}&#8221;][vc_single_image image=&#8221;7552&#8243; img_size=&#8221;full&#8221; alignment=&#8221;center&#8221; css_animation=&#8221;fadeInUp&#8221;][\/vc_column_inner][\/vc_row_inner][\/vc_column][\/vc_row][vc_row full_width=&#8221;stretch_row_content_no_spaces&#8221; css=&#8221;.vc_custom_1654172078680{background-image: url(https:\/\/bestinvest.com.tr\/wp-content\/uploads\/2022\/06\/fon.jpg?id=7591) !important;}&#8221; el_class=&#8221;asking-row&#8221;][vc_column width=&#8221;1\/4&#8243;][vc_empty_space][\/vc_column][vc_column width=&#8221;3\/4&#8243;][vc_row_inner][vc_column_inner width=&#8221;1\/4&#8243;][\/vc_column_inner][vc_column_inner width=&#8221;1\/2&#8243;][vc_column_text] <\/p>\n<div style=\"color: #fff;\">\n<p class=\"title\">Nadal masz pytania dotycz\u0105ce procedury zakupu domu w Turcji?<\/p>\n<p class=\"title\">Podaj swoje dane kontaktowe, a nasz mened\u017cer wkr\u00f3tce si\u0119 z Tob\u0105 skontaktuje<\/p>\n<\/p><\/div>\n<p> [\/vc_column_text][vc_btn title=&#8221;Skorzystaj z konsultacji&#8221; style=&#8221;custom&#8221; custom_background=&#8221;#81d742&#8243; custom_text=&#8221;#ffffff&#8221; align=&#8221;center&#8221; el_class=&#8221;js-inquiry-toggle js-modal-callmeback&#8221;][\/vc_column_inner][vc_column_inner width=&#8221;1\/4&#8243;][\/vc_column_inner][\/vc_row_inner][\/vc_column][\/vc_row]<\/p>\n","protected":false},"excerpt":{"rendered":"<p>[vc_row full_width=&#8221;stretch_row_content_no_spaces&#8221;][vc_column][vc_empty_space height=&#8221;52px&#8221;][vc_custom_heading text=&#8221;REJESTRACJA W\u0141ASNO\u015aCI NIERUCHOMO\u015aCI (TAPU)&#8221; font_container=&#8221;tag:h1|text_align:center&#8221;][vc_empty_space height=&#8221;52px&#8221;][vc_row_inner css=&#8221;.vc_custom_1654155606352{margin-right: 30px !important;margin-left: 30px !important;}&#8221;][vc_column_inner width=&#8221;1\/2&#8243; css=&#8221;.vc_custom_1654155648058{padding-right: 50px !important;padding-left: 50px !important;}&#8221;][vc_column_text]TAPU w Turcji jest jedynym dokumentem potwierdzaj\u0105cym absolutn\u0105 i wieczyst\u0105 w\u0142asno\u015b\u0107 zar\u00f3wno obywateli lokalnych, jak i zagranicznych. Tapu jest rejestrowany w urz\u0119dzie katastralnym w miejscu nabytej nieruchomo\u015bci, zgodnie z systemem tytu\u0142\u00f3w w\u0142asno\u015bci do nieruchomo\u015bci mieszkalnych i [&hellip;]<\/p>\n","protected":false},"author":5,"featured_media":0,"parent":0,"menu_order":0,"comment_status":"closed","ping_status":"closed","template":"","meta":{"inline_featured_image":false,"footnotes":""},"class_list":["post-7633","page","type-page","status-publish","hentry"],"_links":{"self":[{"href":"https:\/\/bestinvest.com.tr\/pl\/wp-json\/wp\/v2\/pages\/7633","targetHints":{"allow":["GET"]}}],"collection":[{"href":"https:\/\/bestinvest.com.tr\/pl\/wp-json\/wp\/v2\/pages"}],"about":[{"href":"https:\/\/bestinvest.com.tr\/pl\/wp-json\/wp\/v2\/types\/page"}],"author":[{"embeddable":true,"href":"https:\/\/bestinvest.com.tr\/pl\/wp-json\/wp\/v2\/users\/5"}],"replies":[{"embeddable":true,"href":"https:\/\/bestinvest.com.tr\/pl\/wp-json\/wp\/v2\/comments?post=7633"}],"version-history":[{"count":0,"href":"https:\/\/bestinvest.com.tr\/pl\/wp-json\/wp\/v2\/pages\/7633\/revisions"}],"wp:attachment":[{"href":"https:\/\/bestinvest.com.tr\/pl\/wp-json\/wp\/v2\/media?parent=7633"}],"curies":[{"name":"wp","href":"https:\/\/api.w.org\/{rel}","templated":true}]}}