{"id":7647,"date":"2022-06-03T07:49:29","date_gmt":"2022-06-03T07:49:29","guid":{"rendered":"https:\/\/bestinvest.com.tr\/?page_id=7647"},"modified":"2026-02-05T11:23:37","modified_gmt":"2026-02-05T11:23:37","slug":"%d0%be%d1%84%d0%be%d1%80%d0%bc%d0%bb%d0%b5%d0%bd%d0%b8%d0%b5-%d1%81%d1%87%d0%b5%d1%82%d1%87%d0%b8%d0%ba%d0%be%d0%b2-%d0%bd%d0%b0-%d1%8d%d0%bb%d0%b5%d0%ba%d1%82%d1%80%d0%b8%d1%87%d0%b5%d1%81%d1%82","status":"publish","type":"page","link":"https:\/\/bestinvest.com.tr\/pl\/%d0%be%d1%84%d0%be%d1%80%d0%bc%d0%bb%d0%b5%d0%bd%d0%b8%d0%b5-%d1%81%d1%87%d0%b5%d1%82%d1%87%d0%b8%d0%ba%d0%be%d0%b2-%d0%bd%d0%b0-%d1%8d%d0%bb%d0%b5%d0%ba%d1%82%d1%80%d0%b8%d1%87%d0%b5%d1%81%d1%82\/","title":{"rendered":"REJESTRACJA LICZNIK\u00d3W ENERGII ELEKTRYCZNEJ I WODY"},"content":{"rendered":"<p>[vc_row full_width=&#8221;stretch_row_content_no_spaces&#8221;][vc_column][vc_empty_space height=&#8221;52px&#8221;][vc_custom_heading text=&#8221;REJESTRACJA LICZNIK\u00d3W ENERGII ELEKTRYCZNEJ I WODY&#8221; font_container=&#8221;tag:h1|text_align:center&#8221;][vc_empty_space height=&#8221;52px&#8221;][vc_row_inner css=&#8221;.vc_custom_1654155606352{margin-right: 30px !important;margin-left: 30px !important;}&#8221;][vc_column_inner width=&#8221;1\/2&#8243; css=&#8221;.vc_custom_1654155648058{padding-right: 50px !important;padding-left: 50px !important;}&#8221;][vc_column_text]Po zakupie nieruchomo\u015bci w Turcji w\u0142a\u015bciciel ma wiele pyta\u0144 dotycz\u0105cych pobytu, kt\u00f3re musi rozwi\u0105za\u0107 natychmiast po uzyskaniu prawa w\u0142asno\u015bci. W Republice Turcji, podobnie jak w innych krajach europejskich, mieszkania i domy s\u0105 wyposa\u017cone we wszystkie niezb\u0119dne nowoczesne urz\u0105dzenia gospodarstwa domowego, sprz\u0119t AGD, o\u015bwietlenie i system zaopatrzenia w wod\u0119. Dlatego obcokrajowiec b\u0119dzie musia\u0142 zarejestrowa\u0107 abonent\u00f3w na wod\u0119 i pr\u0105d, aby otrzyma\u0107 us\u0142ugi niezb\u0119dne do komfortowego pobytu i terminowo za nie p\u0142aci\u0107.<\/p>\n<p>Po otrzymaniu TAPU i <a href=\"https:\/\/bestinvest.com.tr\/%d0%be%d1%84%d0%be%d1%80%d0%bc%d0%bb%d0%b5%d0%bd%d0%b8%d0%b5-%d0%b8%d1%81%d0%ba%d0%b0%d0%bd%d0%b0\/\">Iskan<\/a>, specjali\u015bci z agencji nieruchomo\u015bci BEST INVEST s\u0105 gotowi sporz\u0105dzi\u0107 w Twoim imieniu umowy na dostaw\u0119 energii elektrycznej i wody w ramach <a href=\"https:\/\/bestinvest.com.tr\/%d0%bf%d0%be%d1%81%d0%bb%d0%b5%d0%bf%d1%80%d0%be%d0%b4%d0%b0%d0%b6%d0%bd%d1%8b%d0%b9-%d1%81%d0%b5%d1%80%d0%b2%d0%b8%d1%81\/\">obs\u0142ugi posprzeda\u017cowej<\/a>. Nie tylko biegle pos\u0142ugujemy si\u0119 j\u0119zykiem tureckim, ale znamy r\u00f3wnie\u017c wszystkie niuanse zwi\u0105zane z nadchodz\u0105c\u0105 procedur\u0105, co oznacza, \u017ce mo\u017cemy maksymalnie upro\u015bci\u0107 ten proces i zaoszcz\u0119dzi\u0107 Tw\u00f3j czas wolny. <strong>Lista \u015bwiadczonych us\u0142ug obejmuje:<\/strong> <\/p>\n<ul>\n<li>Zebranie dokument\u00f3w i skontaktowanie si\u0119 z dostawc\u0105 wody lub energii.\n<li>Podpisanie umowy w Pa\u0144stwa imieniu i dokonanie p\u0142atno\u015bci.<\/li>\n<li>Spotkanie z pracownikami przedsi\u0119biorstwa w celu pod\u0142\u0105czenia licznik\u00f3w i zapewnienia, \u017ce lokal zostanie wyposa\u017cony w pr\u0105d i wod\u0119 ju\u017c nast\u0119pnego dnia.<\/li>\n<\/ul>\n<p> Mo\u017cemy r\u00f3wnie\u017c pom\u00f3c Pa\u0144stwu w pod\u0142\u0105czeniu Internetu i telefonu, wyborze najkorzystniejszej taryfy, podpisaniu um\u00f3w i op\u0142aceniu us\u0142ug.[\/vc_column_text][\/vc_column_inner][vc_column_inner width=&#8221;1\/2&#8243;][vc_single_image image=&#8221;7648&#8243; img_size=&#8221;full&#8221; alignment=&#8221;center&#8221; css_animation=&#8221;fadeInDown&#8221;][\/vc_column_inner][\/vc_row_inner][\/vc_column][\/vc_row][vc_row full_width=&#8221;stretch_row_content_no_spaces&#8221; css=&#8221;.vc_custom_1654172078680{background-image: url(https:\/\/bestinvest.com.tr\/wp-content\/uploads\/2022\/06\/fon.jpg?id=7591) !important;}&#8221; el_class=&#8221;asking-row&#8221;][vc_column width=&#8221;1\/4&#8243;][vc_empty_space][\/vc_column][vc_column width=&#8221;3\/4&#8243;][vc_row_inner][vc_column_inner width=&#8221;1\/4&#8243;][\/vc_column_inner][vc_column_inner width=&#8221;1\/2&#8243;][vc_column_text] <\/p>\n<div style=\"color: #fff;\">\n<p class=\"title\">Nadal masz pytania dotycz\u0105ce procedury zakupu domu w Turcji?<\/p>\n<p class=\"title\">Podaj swoje dane kontaktowe, a nasz mened\u017cer wkr\u00f3tce si\u0119 z Tob\u0105 skontaktuje. <\/p>\n<\/p><\/div>\n<p> [\/vc_column_text][vc_btn title=&#8221;Skorzystaj z doradztwa&#8221; style=&#8221;custom&#8221; custom_background=&#8221;#81d742&#8243; custom_text=&#8221;#ffffff&#8221; align=&#8221;center&#8221; el_class=&#8221;js-inquiry-toggle js-modal-callmeback&#8221;][\/vc_column_inner][vc_column_inner width=&#8221;1\/4&#8243;][\/vc_column_inner][\/vc_row_inner][\/vc_column][\/vc_row]<\/p>\n","protected":false},"excerpt":{"rendered":"<p>[vc_row full_width=&#8221;stretch_row_content_no_spaces&#8221;][vc_column][vc_empty_space height=&#8221;52px&#8221;][vc_custom_heading text=&#8221;REJESTRACJA LICZNIK\u00d3W ENERGII ELEKTRYCZNEJ I WODY&#8221; font_container=&#8221;tag:h1|text_align:center&#8221;][vc_empty_space height=&#8221;52px&#8221;][vc_row_inner css=&#8221;.vc_custom_1654155606352{margin-right: 30px !important;margin-left: 30px !important;}&#8221;][vc_column_inner width=&#8221;1\/2&#8243; css=&#8221;.vc_custom_1654155648058{padding-right: 50px !important;padding-left: 50px !important;}&#8221;][vc_column_text]Po zakupie nieruchomo\u015bci w Turcji w\u0142a\u015bciciel ma wiele pyta\u0144 dotycz\u0105cych pobytu, kt\u00f3re musi rozwi\u0105za\u0107 natychmiast po uzyskaniu prawa w\u0142asno\u015bci. W Republice Turcji, podobnie jak w innych krajach europejskich, mieszkania i domy s\u0105 wyposa\u017cone we [&hellip;]<\/p>\n","protected":false},"author":5,"featured_media":0,"parent":0,"menu_order":0,"comment_status":"closed","ping_status":"closed","template":"","meta":{"inline_featured_image":false,"footnotes":""},"class_list":["post-7647","page","type-page","status-publish","hentry"],"_links":{"self":[{"href":"https:\/\/bestinvest.com.tr\/pl\/wp-json\/wp\/v2\/pages\/7647","targetHints":{"allow":["GET"]}}],"collection":[{"href":"https:\/\/bestinvest.com.tr\/pl\/wp-json\/wp\/v2\/pages"}],"about":[{"href":"https:\/\/bestinvest.com.tr\/pl\/wp-json\/wp\/v2\/types\/page"}],"author":[{"embeddable":true,"href":"https:\/\/bestinvest.com.tr\/pl\/wp-json\/wp\/v2\/users\/5"}],"replies":[{"embeddable":true,"href":"https:\/\/bestinvest.com.tr\/pl\/wp-json\/wp\/v2\/comments?post=7647"}],"version-history":[{"count":0,"href":"https:\/\/bestinvest.com.tr\/pl\/wp-json\/wp\/v2\/pages\/7647\/revisions"}],"wp:attachment":[{"href":"https:\/\/bestinvest.com.tr\/pl\/wp-json\/wp\/v2\/media?parent=7647"}],"curies":[{"name":"wp","href":"https:\/\/api.w.org\/{rel}","templated":true}]}}