{"id":7650,"date":"2022-06-03T07:53:52","date_gmt":"2022-06-03T07:53:52","guid":{"rendered":"https:\/\/bestinvest.com.tr\/?page_id=7650"},"modified":"2026-02-05T11:23:24","modified_gmt":"2026-02-05T11:23:24","slug":"%d0%be%d1%84%d0%be%d1%80%d0%bc%d0%bb%d0%b5%d0%bd%d0%b8%d0%b5-%d0%b8%d1%81%d0%ba%d0%b0%d0%bd%d0%b0","status":"publish","type":"page","link":"https:\/\/bestinvest.com.tr\/pl\/%d0%be%d1%84%d0%be%d1%80%d0%bc%d0%bb%d0%b5%d0%bd%d0%b8%d0%b5-%d0%b8%d1%81%d0%ba%d0%b0%d0%bd%d0%b0\/","title":{"rendered":"O ISKAN"},"content":{"rendered":"<p>[vc_row full_width=&#8221;stretch_row_content_no_spaces&#8221;][vc_column][vc_empty_space height=&#8221;52px&#8221;][vc_custom_heading text=&#8221;O ISKAN&#8221; font_container=&#8221;tag:h1|text_align:center&#8221;][vc_empty_space height=&#8221;52px&#8221;][vc_row_inner css=&#8221;.vc_custom_1654155606352{margin-right: 30px !important;margin-left: 30px !important;}&#8221;][vc_column_inner width=&#8221;1\/2&#8243; css=&#8221;.vc_custom_1654155648058{padding-right: 50px !important;padding-left: 50px !important;}&#8221;][vc_column_text]ISKAN w Turcji to akt oddania mieszkania lub domu do u\u017cytku, w kt\u00f3rym podane s\u0105 szczeg\u00f3\u0142owe informacje techniczne dotycz\u0105ce obiektu.<\/p>\n<p>W Republice Turcji istniej\u0105 dwa rodzaje ISKAN: <\/p>\n<ul>\n<li>Genel ISKAN to paszport techniczny wydawany dla ca\u0142ego budynku. Umo\u017cliwia on legalne u\u017cytkowanie budynku i jest uzyskiwany przez dewelopera w momencie oddania domu do u\u017cytku. <\/li>\n<li>Ferdi ISKAN to paszport techniczny wydawany dla ka\u017cdego indywidualnego mieszkania. Taki Iskan jest wydawany tylko raz, pierwszemu w\u0142a\u015bcicielowi mieszkania. <\/li>\n<\/ul>\n<p> Iskan zawiera wszystkie dane techniczne dotycz\u0105ce mieszkania (w tym adres, powierzchni\u0119) oraz ca\u0142ego budynku. Dokument jest sporz\u0105dzany po otrzymaniu TAPU (\u015bwiadectwa w\u0142asno\u015bci nieruchomo\u015bci). Koszt zale\u017cy od powierzchni mieszkania.<\/p>\n<p>Pomo\u017cemy Ci zebra\u0107 wszystkie niezb\u0119dne dokumenty do uzyskania paszportu technicznego mieszkania, a tak\u017ce profesjonalnie i sprawnie wykonamy wszystkie kolejne kroki na podstawie notarialnego pe\u0142nomocnictwa, tak aby w kr\u00f3tkim czasie otrzyma\u0142e\u015b gotowy Iskan. Ponadto zapewniamy <a href=\"https:\/\/bestinvest.com.tr\/%d0%bf%d0%be%d1%81%d0%bb%d0%b5%d0%bf%d1%80%d0%be%d0%b4%d0%b0%d0%b6%d0%bd%d1%8b%d0%b9-%d1%81%d0%b5%d1%80%d0%b2%d0%b8%d1%81\/\">us\u0142ugi posprzeda\u017cowe<\/a>, aby pom\u00f3c nowym w\u0142a\u015bcicielom szybko przystosowa\u0107 si\u0119 do \u017cycia i osiedlenia si\u0119 w nowym domu. <\/p>\n<h4>BEST INVEST jest niezawodnym przyjacielem i pomocnikiem dla swoich klient\u00f3w!<\/h4>\n<p>[\/vc_column_text][\/vc_column_inner][vc_column_inner width=&#8221;1\/2&#8243;][vc_single_image image=&#8221;7651&#8243; img_size=&#8221;full&#8221; alignment=&#8221;center&#8221; css_animation=&#8221;fadeInDown&#8221;][\/vc_column_inner][\/vc_row_inner][\/vc_column][\/vc_row][vc_row full_width=&#8221;stretch_row_content_no_spaces&#8221; css=&#8221;.vc_custom_1654172078680{background-image: url(https:\/\/bestinvest.com.tr\/wp-content\/uploads\/2022\/06\/fon.jpg?id=7591) !important;}&#8221; el_class=&#8221;asking-row&#8221;][vc_column width=&#8221;1\/4&#8243;][vc_empty_space][\/vc_column][vc_column width=&#8221;3\/4&#8243;][vc_row_inner][vc_column_inner width=&#8221;1\/4&#8243;][\/vc_column_inner][vc_column_inner width=&#8221;1\/2&#8243;][vc_column_text] <\/p>\n<div style=\"color: #fff;\">\n<p class=\"title\">Nadal masz pytania dotycz\u0105ce procedury zakupu domu w Turcji?<\/p>\n<p class=\"title\">Podaj swoje dane kontaktowe, a nasz mened\u017cer wkr\u00f3tce si\u0119 z Tob\u0105 skontaktuje<\/p>\n<\/p><\/div>\n<p> [\/vc_column_text][vc_btn title=&#8221;Skorzystaj z doradztwa&#8221; style=&#8221;custom&#8221; custom_background=&#8221;#81d742&#8243; custom_text=&#8221;#ffffff&#8221; align=&#8221;center&#8221; el_class=&#8221;js-inquiry-toggle js-modal-callmeback&#8221;][\/vc_column_inner][vc_column_inner width=&#8221;1\/4&#8243;][\/vc_column_inner][\/vc_row_inner][\/vc_column][\/vc_row]<\/p>\n","protected":false},"excerpt":{"rendered":"<p>[vc_row full_width=&#8221;stretch_row_content_no_spaces&#8221;][vc_column][vc_empty_space height=&#8221;52px&#8221;][vc_custom_heading text=&#8221;O ISKAN&#8221; font_container=&#8221;tag:h1|text_align:center&#8221;][vc_empty_space height=&#8221;52px&#8221;][vc_row_inner css=&#8221;.vc_custom_1654155606352{margin-right: 30px !important;margin-left: 30px !important;}&#8221;][vc_column_inner width=&#8221;1\/2&#8243; css=&#8221;.vc_custom_1654155648058{padding-right: 50px !important;padding-left: 50px !important;}&#8221;][vc_column_text]ISKAN w Turcji to akt oddania mieszkania lub domu do u\u017cytku, w kt\u00f3rym podane s\u0105 szczeg\u00f3\u0142owe informacje techniczne dotycz\u0105ce obiektu. W Republice Turcji istniej\u0105 dwa rodzaje ISKAN: Genel ISKAN to paszport techniczny wydawany dla ca\u0142ego budynku. Umo\u017cliwia on [&hellip;]<\/p>\n","protected":false},"author":5,"featured_media":0,"parent":0,"menu_order":0,"comment_status":"closed","ping_status":"closed","template":"","meta":{"inline_featured_image":false,"footnotes":""},"class_list":["post-7650","page","type-page","status-publish","hentry"],"_links":{"self":[{"href":"https:\/\/bestinvest.com.tr\/pl\/wp-json\/wp\/v2\/pages\/7650","targetHints":{"allow":["GET"]}}],"collection":[{"href":"https:\/\/bestinvest.com.tr\/pl\/wp-json\/wp\/v2\/pages"}],"about":[{"href":"https:\/\/bestinvest.com.tr\/pl\/wp-json\/wp\/v2\/types\/page"}],"author":[{"embeddable":true,"href":"https:\/\/bestinvest.com.tr\/pl\/wp-json\/wp\/v2\/users\/5"}],"replies":[{"embeddable":true,"href":"https:\/\/bestinvest.com.tr\/pl\/wp-json\/wp\/v2\/comments?post=7650"}],"version-history":[{"count":0,"href":"https:\/\/bestinvest.com.tr\/pl\/wp-json\/wp\/v2\/pages\/7650\/revisions"}],"wp:attachment":[{"href":"https:\/\/bestinvest.com.tr\/pl\/wp-json\/wp\/v2\/media?parent=7650"}],"curies":[{"name":"wp","href":"https:\/\/api.w.org\/{rel}","templated":true}]}}