{"id":7653,"date":"2022-06-03T08:00:12","date_gmt":"2022-06-03T08:00:12","guid":{"rendered":"https:\/\/bestinvest.com.tr\/?page_id=7653"},"modified":"2026-02-05T11:21:19","modified_gmt":"2026-02-05T11:21:19","slug":"%d0%bf%d0%be%d1%81%d0%bb%d0%b5%d0%bf%d1%80%d0%be%d0%b4%d0%b0%d0%b6%d0%bd%d1%8b%d0%b9-%d1%81%d0%b5%d1%80%d0%b2%d0%b8%d1%81","status":"publish","type":"page","link":"https:\/\/bestinvest.com.tr\/pl\/%d0%bf%d0%be%d1%81%d0%bb%d0%b5%d0%bf%d1%80%d0%be%d0%b4%d0%b0%d0%b6%d0%bd%d1%8b%d0%b9-%d1%81%d0%b5%d1%80%d0%b2%d0%b8%d1%81\/","title":{"rendered":"SERWIS POSPRZEDA\u017bOWY"},"content":{"rendered":"<p>[vc_row full_width=&#8221;stretch_row_content_no_spaces&#8221;][vc_column][vc_empty_space height=&#8221;52px&#8221;][vc_custom_heading text=&#8221;US\u0141UGI POSPRZEDA\u017bOWE&#8221; font_container=&#8221;tag:h1|text_align:center&#8221;][vc_empty_space height=&#8221;52px&#8221;][vc_row_inner css=&#8221;.vc_custom_1654155606352{margin-right: 30px !important;margin-left: 30px !important;}&#8221;][vc_column_inner width=&#8221;1\/2&#8243; css=&#8221;.vc_custom_1654155648058{padding-right: 50px !important;padding-left: 50px !important;}&#8221;][vc_column_text] <\/p>\n<ul>\n<li>Z regu\u0142y nabywcy nieruchomo\u015bci w Turcji potrzebuj\u0105 pomocy nie tylko w zakresie <a href=\"https:\/\/bestinvest.com.tr\/%d0%bf%d1%80%d0%be%d1%86%d0%b5%d0%b4%d1%83%d1%80%d0%b0-%d0%bf%d0%be%d0%ba%d1%83%d0%bf%d0%ba%d0%b8-%d0%bd%d0%b5%d0%b4%d0%b2%d0%b8%d0%b6%d0%b8%d0%bc%d0%be%d1%81%d1%82%d0%b8-%d0%b2-%d1%82%d1%83%d1%80\/\">etapie zakupu<\/a>, ale tak\u017ce w procesie adaptacji do \u017cycia i osiedlania si\u0119 w nowym domu. Doskonale rozumiemy, jak wa\u017cne dla naszych klient\u00f3w jest kompleksowe wsparcie i zaufanie w tym okresie, dlatego pragniemy zapewni\u0107, \u017ce po otrzymaniu TAPU nasza wsp\u00f3\u0142praca z Pa\u0144stwem nie ko\u0144czy si\u0119, a dopiero si\u0119 zaczyna. Pracownicy firmy BEST INVEST s\u0105 zawsze w kontakcie ze swoimi klientami i gotowi do pomocy, doradztwa, a tak\u017ce dalszej wsp\u00f3\u0142pracy w ramach serwisu posprzeda\u017cowego.\n<li>Nawet 5 lat po zakupie mog\u0105 Pa\u0144stwo do nas zadzwoni\u0107 i skonsultowa\u0107 si\u0119 w ka\u017cdej sprawie!<\/li>\n<\/ul>\n<h4><\/h4>\n<h4>Nasze us\u0142ugi posprzeda\u017cowe obejmuj\u0105 szereg przydatnych opcji dla w\u0142a\u015bcicieli:<\/h4>\n<p> Pe\u0142ne zarz\u0105dzanie nieruchomo\u015bciami mieszkalnymi i komercyjnymi: przygotowanie i wynajem, zapewnienie niezb\u0119dnych mebli i sprz\u0119tu AGD, op\u0142acanie zwi\u0105zanych z tym koszt\u00f3w i wiele wi\u0119cej.<\/p>\n<p>Budowa willi na dzia\u0142ce wybranej przez kupuj\u0105cego. Zadbanie o wysokiej jako\u015bci prace remontowe przez nasz w\u0142asny profesjonalny zesp\u00f3\u0142. Pomoc w zawieraniu um\u00f3w na us\u0142ugi komunalne, pod\u0142\u0105czenie wody, pr\u0105du, internetu, telefonu itp. Op\u0142acanie rachunk\u00f3w za media, podatk\u00f3w. Us\u0142ugi sprz\u0105tania. Rejestracja polis ubezpieczeniowych dotycz\u0105cych mieszkania, us\u0142ug medycznych, grunt\u00f3w.<\/p>\n<p>Doradztwo i wsparcie w zakresie realizacji r\u00f3\u017cnych us\u0142ug bankowych. Pomoc w uzyskaniu pozwolenia na pobyt, obywatelstwa tureckiego, wizy, dokument\u00f3w notarialnych. Organizacja transferu z\/na lotnisko. Konsultacje dotycz\u0105ce rejestracji dzieci w szkole, przedszkolu i wiele wi\u0119cej. &nbsp; &nbsp; <\/p>\n<h4><\/h4>\n<p>[\/vc_column_text][\/vc_column_inner][vc_column_inner width=&#8221;1\/2&#8243;][vc_single_image image=&#8221;7654&#8243; img_size=&#8221;full&#8221; alignment=&#8221;center&#8221; css_animation=&#8221;fadeInDown&#8221;][\/vc_column_inner][\/vc_row_inner][\/vc_column][\/vc_row][vc_row full_width=&#8221;stretch_row_content_no_spaces&#8221; css=&#8221;.vc_custom_1654192034425{background-color: #252c40 !important;}&#8221; el_class=&#8221;clean-wc-row&#8221;][vc_column][vc_row_inner][vc_column_inner width=&#8221;1\/3&#8243;][vc_single_image image=&#8221;7655&#8243; img_size=&#8221;full&#8221;][\/vc_column_inner][vc_column_inner el_class=&#8221;text-white&#8221; width=&#8221;1\/3&#8243; css=&#8221;.vc_custom_1654241876727{border-right-width: 10px !important;padding-left: 10px !important;border-right-color: #e8e8e8 !important;}&#8221;][vc_column_text] <\/p>\n<h2 style=\"padding-left: 40px;\"><\/h2>\n<h2 style=\"padding-left: 40px;\"><\/h2>\n<p> &nbsp; &nbsp; <\/p>\n<h2 style=\"text-align: center; padding-left: 40px;\"><span style=\"color: #ffffff;\"><strong>Jako licencjonowana agencja nieruchomo\u015bci, <\/strong><\/span><\/h2>\n<h2 style=\"text-align: center; padding-left: 40px;\"><span style=\"color: #ffffff;\"><strong>BEST INVEST <\/strong><\/span><\/h2>\n<h2 style=\"text-align: center; padding-left: 40px;\"><span style=\"color: #ffffff;\"><strong>zadba o Twoj\u0105 nieruchomo\u015b\u0107 i komfort Twojego pobytu!<\/strong><\/span><\/h2>\n<p> [\/vc_column_text][\/vc_column_inner][vc_column_inner width=&#8221;1\/3&#8243; css=&#8221;.vc_custom_1654170921454{margin-top: 90px !important;margin-bottom: 90px !important;}&#8221;][vc_single_image image=&#8221;7552&#8243; img_size=&#8221;full&#8221; alignment=&#8221;center&#8221; css_animation=&#8221;fadeInUp&#8221;][\/vc_column_inner][\/vc_row_inner][\/vc_column][\/vc_row][vc_row full_width=&#8221;stretch_row_content_no_spaces&#8221; css=&#8221;.vc_custom_1654191803373{background-color: #eaebed !important;}&#8221;][vc_column][vc_column_text css=&#8221;.vc_custom_1660641357921{margin-right: 50px !important;margin-left: 50px !important;}&#8221;][\/vc_column_text][\/vc_column][\/vc_row][vc_row full_width=&#8221;stretch_row_content_no_spaces&#8221; css=&#8221;.vc_custom_1654172078680{background-image: url(https:\/\/bestinvest.com.tr\/wp-content\/uploads\/2022\/06\/fon.jpg?id=7591) !important;}&#8221; el_class=&#8221;asking-row&#8221;][vc_column width=&#8221;1\/4&#8243;][vc_empty_space][\/vc_column][vc_column width=&#8221;3\/4&#8243;][vc_row_inner][vc_column_inner width=&#8221;1\/4&#8243;][\/vc_column_inner][vc_column_inner width=&#8221;1\/2&#8243;][vc_column_text] <\/p>\n<div style=\"color: #fff;\">\n<p class=\"title\">Nadal masz pytania dotycz\u0105ce procedury zakupu domu w Turcji?<\/p>\n<p class=\"title\">Podaj swoje dane kontaktowe, a nasz mened\u017cer wkr\u00f3tce si\u0119 z Tob\u0105 skontaktuje. <\/p>\n<\/p><\/div>\n<p> [\/vc_column_text][vc_btn title=&#8221;Skorzystaj z doradztwa&#8221; style=&#8221;custom&#8221; custom_background=&#8221;#81d742&#8243; custom_text=&#8221;#ffffff&#8221; align=&#8221;center&#8221; el_class=&#8221;js-inquiry-toggle js-modal-callmeback&#8221;][\/vc_column_inner][vc_column_inner width=&#8221;1\/4&#8243;][\/vc_column_inner][\/vc_row_inner][\/vc_column][\/vc_row]<\/p>\n","protected":false},"excerpt":{"rendered":"<p>[vc_row full_width=&#8221;stretch_row_content_no_spaces&#8221;][vc_column][vc_empty_space height=&#8221;52px&#8221;][vc_custom_heading text=&#8221;US\u0141UGI POSPRZEDA\u017bOWE&#8221; font_container=&#8221;tag:h1|text_align:center&#8221;][vc_empty_space height=&#8221;52px&#8221;][vc_row_inner css=&#8221;.vc_custom_1654155606352{margin-right: 30px !important;margin-left: 30px !important;}&#8221;][vc_column_inner width=&#8221;1\/2&#8243; css=&#8221;.vc_custom_1654155648058{padding-right: 50px !important;padding-left: 50px !important;}&#8221;][vc_column_text] Z regu\u0142y nabywcy nieruchomo\u015bci w Turcji potrzebuj\u0105 pomocy nie tylko w zakresie etapie zakupu, ale tak\u017ce w procesie adaptacji do \u017cycia i osiedlania si\u0119 w nowym domu. Doskonale rozumiemy, jak wa\u017cne dla naszych klient\u00f3w jest kompleksowe wsparcie [&hellip;]<\/p>\n","protected":false},"author":5,"featured_media":0,"parent":0,"menu_order":0,"comment_status":"closed","ping_status":"closed","template":"","meta":{"inline_featured_image":false,"footnotes":""},"class_list":["post-7653","page","type-page","status-publish","hentry"],"_links":{"self":[{"href":"https:\/\/bestinvest.com.tr\/pl\/wp-json\/wp\/v2\/pages\/7653","targetHints":{"allow":["GET"]}}],"collection":[{"href":"https:\/\/bestinvest.com.tr\/pl\/wp-json\/wp\/v2\/pages"}],"about":[{"href":"https:\/\/bestinvest.com.tr\/pl\/wp-json\/wp\/v2\/types\/page"}],"author":[{"embeddable":true,"href":"https:\/\/bestinvest.com.tr\/pl\/wp-json\/wp\/v2\/users\/5"}],"replies":[{"embeddable":true,"href":"https:\/\/bestinvest.com.tr\/pl\/wp-json\/wp\/v2\/comments?post=7653"}],"version-history":[{"count":0,"href":"https:\/\/bestinvest.com.tr\/pl\/wp-json\/wp\/v2\/pages\/7653\/revisions"}],"wp:attachment":[{"href":"https:\/\/bestinvest.com.tr\/pl\/wp-json\/wp\/v2\/media?parent=7653"}],"curies":[{"name":"wp","href":"https:\/\/api.w.org\/{rel}","templated":true}]}}