{"id":26743,"date":"2023-08-04T11:19:02","date_gmt":"2023-08-04T11:19:02","guid":{"rendered":"https:\/\/bestinvest.com.tr\/?page_id=26743"},"modified":"2026-02-05T11:19:34","modified_gmt":"2026-02-05T11:19:34","slug":"guney-kibris-vatandasligi","status":"publish","type":"page","link":"https:\/\/bestinvest.com.tr\/ru\/guney-kibris-vatandasligi\/","title":{"rendered":"G\u00fcney K\u0131br\u0131s Vatanda\u015fl\u0131\u011f\u0131 block"},"content":{"rendered":"<p>[vc_row css=&#187;.vc_custom_1667551928056{background-color: #ffffff !important;}&#187;][vc_column width=&#187;1\/2&#8243;][vc_single_image image=&#187;26703&#8243; img_size=&#187;full&#187; onclick=&#187;custom_link&#187; link=&#187;\/\u0440\u0443\u0441\u0441\u043a\u0438\u0439-\u0433\u0440\u0430\u0436\u0434\u0430\u043d\u0441\u0442\u0432\u043e-\u0432-\u0442\u0443\u0440\u0446\u0438\u0438-\u0437\u0430-\u0438\u043d\u0432\u0435\u0441\/&#187;][\/vc_column][vc_column width=&#187;1\/2&#8243;][vc_column_text]<\/p>\n<h2>\u0418\u043a\u0430\u043c\u0435\u0442 \u0438 \u0433\u0440\u0430\u0436\u0434\u0430\u043d\u0441\u0442\u0432\u043e \u0432 \u0420\u0435\u0441\u043f\u0443\u0431\u043b\u0438\u043a\u0435 \u041a\u0438\u043f\u0440<\/h2>\n<p>[\/vc_column_text][vc_column_text]\u041f\u043e\u043b\u0443\u0447\u0435\u043d\u0438\u0435 \u0432\u0438\u0434\u0430 \u043d\u0430 \u0436\u0438\u0442\u0435\u043b\u044c\u0441\u0442\u0432\u043e \u0438 \u0433\u0440\u0430\u0436\u0434\u0430\u043d\u0441\u0442\u0432\u0430 \u0420\u0435\u0441\u043f\u0443\u0431\u043b\u0438\u043a\u0438 \u041a\u0438\u043f\u0440 \u043c\u043e\u0436\u0435\u0442 \u0438\u0437\u043c\u0435\u043d\u0438\u0442\u044c \u0432\u0441\u044e \u0436\u0438\u0437\u043d\u044c, \u043f\u0440\u0435\u0434\u043b\u0430\u0433\u0430\u044f \u0440\u0430\u0437\u043b\u0438\u0447\u043d\u044b\u0435 \u043f\u0440\u0435\u0438\u043c\u0443\u0449\u0435\u0441\u0442\u0432\u0430, \u0442\u0430\u043a\u0438\u0435 \u043a\u0430\u043a \u043f\u043e\u0432\u044b\u0448\u0435\u043d\u0438\u0435 \u0443\u0440\u043e\u0432\u043d\u044f \u0436\u0438\u0437\u043d\u0438, \u0440\u0430\u0441\u0448\u0438\u0440\u0435\u043d\u0438\u0435 \u043a\u0430\u0440\u044c\u0435\u0440\u043d\u044b\u0445 \u043f\u0435\u0440\u0441\u043f\u0435\u043a\u0442\u0438\u0432, \u0434\u043e\u0441\u0442\u0443\u043f \u043a \u0441\u043e\u0446\u0438\u0430\u043b\u044c\u043d\u044b\u043c \u0443\u0441\u043b\u0443\u0433\u0430\u043c \u0438, \u0432 \u043a\u043e\u043d\u0435\u0447\u043d\u043e\u043c \u0441\u0447\u0435\u0442\u0435, \u0441\u0432\u043e\u0431\u043e\u0434\u043d\u044b\u0439 \u0434\u043e\u0441\u0442\u0443\u043f \u0432 168 \u0441\u0442\u0440\u0430\u043d \u043c\u0438\u0440\u0430. \u0412\u0441\u0435 \u043f\u0440\u043e\u0446\u0435\u0441\u0441\u044b \u0445\u043e\u0440\u043e\u0448\u043e \u043e\u0442\u043b\u0430\u0436\u0435\u043d\u044b, \u0438 \u043a\u043e\u043c\u043f\u0430\u043d\u0438\u044f Best Invest \u043c\u043e\u0436\u0435\u0442 \u043f\u0440\u0435\u0434\u043e\u0441\u0442\u0430\u0432\u0438\u0442\u044c \u0440\u0435\u043a\u043e\u043c\u0435\u043d\u0434\u0430\u0446\u0438\u0438, \u043f\u043e\u043c\u043e\u0449\u044c \u0438 \u043f\u043e\u0434\u0434\u0435\u0440\u0436\u043a\u0443, \u0447\u0442\u043e\u0431\u044b \u043e\u0431\u0435\u0441\u043f\u0435\u0447\u0438\u0442\u044c \u0436\u0435\u043b\u0430\u0435\u043c\u044b\u0439 \u0440\u0435\u0437\u0443\u043b\u044c\u0442\u0430\u0442. \u0414\u043b\u044f \u0443\u0441\u043f\u0435\u0448\u043d\u043e\u0433\u043e \u0440\u0430\u0441\u0441\u043c\u043e\u0442\u0440\u0435\u043d\u0438\u044f \u0437\u0430\u044f\u0432\u043a\u0438 \u043d\u0435\u043e\u0431\u0445\u043e\u0434\u0438\u043c\u043e \u043f\u043e\u043b\u0443\u0447\u0438\u0442\u044c \u043f\u0440\u043e\u0444\u0435\u0441\u0441\u0438\u043e\u043d\u0430\u043b\u044c\u043d\u0443\u044e \u044e\u0440\u0438\u0434\u0438\u0447\u0435\u0441\u043a\u0443\u044e \u043a\u043e\u043d\u0441\u0443\u043b\u044c\u0442\u0430\u0446\u0438\u044e \u0438 \u043f\u043e\u043d\u044f\u0442\u044c \u043c\u0435\u0441\u0442\u043d\u044b\u0435 \u0437\u0430\u043a\u043e\u043d\u044b \u0438 \u043f\u0440\u0430\u0432\u0438\u043b\u0430.[\/vc_column_text][vc_btn title=&#187;\u0414\u043e\u043f\u043e\u043b\u043d\u0438\u0442\u0435\u043b\u044c\u043d\u0430\u044f \u0438\u043d\u0444\u043e\u0440\u043c\u0430\u0446\u0438\u044f&#187; style=&#187;3d&#187; color=&#187;success&#187; align=&#187;center&#187; i_icon_fontawesome=&#187;fas fa-angle-right&#187; button_block=&#187;true&#187; add_icon=&#187;true&#187; link=&#187;url:https%3A%2F%2Fbestinvest.com.tr%2Fru%2Fresidency-citizenship-in-the-republic-of-cyprus%2F&#187;][\/vc_column][\/vc_row]<\/p>\n","protected":false},"excerpt":{"rendered":"<p>[vc_row css=&#187;.vc_custom_1667551928056{background-color: #ffffff !important;}&#187;][vc_column width=&#187;1\/2&#8243;][vc_single_image image=&#187;26703&#8243; img_size=&#187;full&#187; onclick=&#187;custom_link&#187; link=&#187;\/\u0440\u0443\u0441\u0441\u043a\u0438\u0439-\u0433\u0440\u0430\u0436\u0434\u0430\u043d\u0441\u0442\u0432\u043e-\u0432-\u0442\u0443\u0440\u0446\u0438\u0438-\u0437\u0430-\u0438\u043d\u0432\u0435\u0441\/&#187;][\/vc_column][vc_column width=&#187;1\/2&#8243;][vc_column_text] \u0418\u043a\u0430\u043c\u0435\u0442 \u0438 \u0433\u0440\u0430\u0436\u0434\u0430\u043d\u0441\u0442\u0432\u043e \u0432 \u0420\u0435\u0441\u043f\u0443\u0431\u043b\u0438\u043a\u0435 \u041a\u0438\u043f\u0440 [\/vc_column_text][vc_column_text]\u041f\u043e\u043b\u0443\u0447\u0435\u043d\u0438\u0435 \u0432\u0438\u0434\u0430 \u043d\u0430 \u0436\u0438\u0442\u0435\u043b\u044c\u0441\u0442\u0432\u043e \u0438 \u0433\u0440\u0430\u0436\u0434\u0430\u043d\u0441\u0442\u0432\u0430 \u0420\u0435\u0441\u043f\u0443\u0431\u043b\u0438\u043a\u0438 \u041a\u0438\u043f\u0440 \u043c\u043e\u0436\u0435\u0442 \u0438\u0437\u043c\u0435\u043d\u0438\u0442\u044c \u0432\u0441\u044e \u0436\u0438\u0437\u043d\u044c, \u043f\u0440\u0435\u0434\u043b\u0430\u0433\u0430\u044f \u0440\u0430\u0437\u043b\u0438\u0447\u043d\u044b\u0435 \u043f\u0440\u0435\u0438\u043c\u0443\u0449\u0435\u0441\u0442\u0432\u0430, \u0442\u0430\u043a\u0438\u0435 \u043a\u0430\u043a \u043f\u043e\u0432\u044b\u0448\u0435\u043d\u0438\u0435 \u0443\u0440\u043e\u0432\u043d\u044f \u0436\u0438\u0437\u043d\u0438, \u0440\u0430\u0441\u0448\u0438\u0440\u0435\u043d\u0438\u0435 \u043a\u0430\u0440\u044c\u0435\u0440\u043d\u044b\u0445 \u043f\u0435\u0440\u0441\u043f\u0435\u043a\u0442\u0438\u0432, \u0434\u043e\u0441\u0442\u0443\u043f \u043a \u0441\u043e\u0446\u0438\u0430\u043b\u044c\u043d\u044b\u043c \u0443\u0441\u043b\u0443\u0433\u0430\u043c \u0438, \u0432 \u043a\u043e\u043d\u0435\u0447\u043d\u043e\u043c \u0441\u0447\u0435\u0442\u0435, \u0441\u0432\u043e\u0431\u043e\u0434\u043d\u044b\u0439 \u0434\u043e\u0441\u0442\u0443\u043f \u0432 168 \u0441\u0442\u0440\u0430\u043d \u043c\u0438\u0440\u0430. \u0412\u0441\u0435 \u043f\u0440\u043e\u0446\u0435\u0441\u0441\u044b [&hellip;]<\/p>\n","protected":false},"author":11,"featured_media":0,"parent":0,"menu_order":0,"comment_status":"closed","ping_status":"closed","template":"","meta":{"inline_featured_image":false,"footnotes":""},"class_list":["post-26743","page","type-page","status-publish","hentry"],"_links":{"self":[{"href":"https:\/\/bestinvest.com.tr\/ru\/wp-json\/wp\/v2\/pages\/26743","targetHints":{"allow":["GET"]}}],"collection":[{"href":"https:\/\/bestinvest.com.tr\/ru\/wp-json\/wp\/v2\/pages"}],"about":[{"href":"https:\/\/bestinvest.com.tr\/ru\/wp-json\/wp\/v2\/types\/page"}],"author":[{"embeddable":true,"href":"https:\/\/bestinvest.com.tr\/ru\/wp-json\/wp\/v2\/users\/11"}],"replies":[{"embeddable":true,"href":"https:\/\/bestinvest.com.tr\/ru\/wp-json\/wp\/v2\/comments?post=26743"}],"version-history":[{"count":0,"href":"https:\/\/bestinvest.com.tr\/ru\/wp-json\/wp\/v2\/pages\/26743\/revisions"}],"wp:attachment":[{"href":"https:\/\/bestinvest.com.tr\/ru\/wp-json\/wp\/v2\/media?parent=26743"}],"curies":[{"name":"wp","href":"https:\/\/api.w.org\/{rel}","templated":true}]}}