{"id":16733,"date":"2022-11-03T11:31:57","date_gmt":"2022-11-03T11:31:57","guid":{"rendered":"https:\/\/bestinvest.com.tr\/?page_id=16733"},"modified":"2026-02-05T11:17:02","modified_gmt":"2026-02-05T11:17:02","slug":"turkish-ikamet-blocks","status":"publish","type":"page","link":"https:\/\/bestinvest.com.tr\/tr\/turkish-ikamet-blocks\/","title":{"rendered":"(Polski) Bloki mieszkalne (S\u0130LMEY\u0130N)"},"content":{"rendered":"<p>[vc_row css=&#8221;.vc_custom_1667551928056{background-color: #ffffff !important;}&#8221;][vc_column width=&#8221;1\/2&#8243;][vc_column_text]<\/p>\n<h2>T\u00fcrkiye&#8217;de oturum izni<\/h2>\n<p>[\/vc_column_text][vc_column_text]T\u00fcrkiye\u2019de \u00e7ok say\u0131da yabanc\u0131 vatanda\u015f ya\u015f\u0131yor, bunlar\u0131n aras\u0131nda hem Orta Do\u011fu sakinleri hem de Do\u011fu ve Bat\u0131 Avrupa ile BDT \u00fclkelerinden buraya gelen yabanc\u0131lar var. Ruslar, Ukraynal\u0131lar, Belaruslular, Kazaklar ve di\u011fer milletler T\u00fcrkiye\u2019yi sadece tatil i\u00e7in de\u011fil, ayn\u0131 zamanda kal\u0131c\u0131 ikamet i\u00e7in de tercih ediyor.[\/vc_column_text][vc_btn title=&#8221;Daha Fazla Bilgi&#8221; style=&#8221;3d&#8221; color=&#8221;danger&#8221; align=&#8221;center&#8221; i_icon_fontawesome=&#8221;fas fa-angle-right&#8221; button_block=&#8221;true&#8221; add_icon=&#8221;true&#8221; link=&#8221;url:https%3A%2F%2Fbestinvest.com.tr%2F%25d0%25be%25d1%2584%25d0%25be%25d1%2580%25d0%25bc%25d0%25bb%25d0%25b5%25d0%25bd%25d0%25b8%25d0%25b5-%25d0%25b2%25d0%25b8%25d0%25b4%25d0%25b0-%25d0%25bd%25d0%25b0-%25d0%25b6%25d0%25b8%25d1%2582%25d0%25b5%25d0%25bb%25d1%258c%25d1%2581%25d1%2582%25d0%25b2%25d0%25be%2F|title:Oturma%20%C4%B0zni%20Kayd%C4%B1&#8243;][\/vc_column][vc_column width=&#8221;1\/2&#8243;][vc_single_image image=&#8221;16795&#8243; img_size=&#8221;full&#8221; onclick=&#8221;custom_link&#8221; link=&#8221;\/\u043e\u0444\u043e\u0440\u043c\u043b\u0435\u043d\u0438\u0435-\u0432\u0438\u0434\u0430-\u043d\u0430-\u0436\u0438\u0442\u0435\u043b\u044c\u0441\u0442\u0432\u043e\/&#8221;][\/vc_column][\/vc_row]<\/p>\n","protected":false},"excerpt":{"rendered":"<p>[vc_row css=&#8221;.vc_custom_1667551928056{background-color: #ffffff !important;}&#8221;][vc_column width=&#8221;1\/2&#8243;][vc_column_text] T\u00fcrkiye&#8217;de oturum izni [\/vc_column_text][vc_column_text]T\u00fcrkiye\u2019de \u00e7ok say\u0131da yabanc\u0131 vatanda\u015f ya\u015f\u0131yor, bunlar\u0131n aras\u0131nda hem Orta Do\u011fu sakinleri hem de Do\u011fu ve Bat\u0131 Avrupa ile BDT \u00fclkelerinden buraya gelen yabanc\u0131lar var. Ruslar, Ukraynal\u0131lar, Belaruslular, Kazaklar ve di\u011fer milletler T\u00fcrkiye\u2019yi sadece tatil i\u00e7in de\u011fil, ayn\u0131 zamanda kal\u0131c\u0131 ikamet i\u00e7in de tercih ediyor.[\/vc_column_text][vc_btn title=&#8221;Daha Fazla [&hellip;]<\/p>\n","protected":false},"author":5,"featured_media":0,"parent":0,"menu_order":0,"comment_status":"closed","ping_status":"closed","template":"","meta":{"inline_featured_image":false,"footnotes":""},"class_list":["post-16733","page","type-page","status-publish","hentry"],"_links":{"self":[{"href":"https:\/\/bestinvest.com.tr\/tr\/wp-json\/wp\/v2\/pages\/16733","targetHints":{"allow":["GET"]}}],"collection":[{"href":"https:\/\/bestinvest.com.tr\/tr\/wp-json\/wp\/v2\/pages"}],"about":[{"href":"https:\/\/bestinvest.com.tr\/tr\/wp-json\/wp\/v2\/types\/page"}],"author":[{"embeddable":true,"href":"https:\/\/bestinvest.com.tr\/tr\/wp-json\/wp\/v2\/users\/5"}],"replies":[{"embeddable":true,"href":"https:\/\/bestinvest.com.tr\/tr\/wp-json\/wp\/v2\/comments?post=16733"}],"version-history":[{"count":0,"href":"https:\/\/bestinvest.com.tr\/tr\/wp-json\/wp\/v2\/pages\/16733\/revisions"}],"wp:attachment":[{"href":"https:\/\/bestinvest.com.tr\/tr\/wp-json\/wp\/v2\/media?parent=16733"}],"curies":[{"name":"wp","href":"https:\/\/api.w.org\/{rel}","templated":true}]}}