{"id":17277,"date":"2022-11-15T10:54:35","date_gmt":"2022-11-15T10:54:35","guid":{"rendered":"https:\/\/bestinvest.com.tr\/?page_id=17277"},"modified":"2026-02-05T11:21:07","modified_gmt":"2026-02-05T11:21:07","slug":"your-investments-resales","status":"publish","type":"page","link":"https:\/\/bestinvest.com.tr\/tr\/your-investments-resales\/","title":{"rendered":"Yat\u0131r\u0131mlar\u0131n\u0131z ve \u0130kinci El Sat\u0131\u015flar\u0131n\u0131z"},"content":{"rendered":"<p>[vc_row][vc_column][vc_empty_space height=&#8221;60px&#8221;][\/vc_column][\/vc_row][vc_row][vc_column width=&#8221;2\/5&#8243;][vc_custom_heading text=&#8221;\u0130kinci El Sat\u0131\u015flar\u0131n\u0131z&#8221; font_container=&#8221;tag:h3|font_size:35px|text_align:left&#8221; google_fonts=&#8221;font_family:Open%20Sans%20Condensed%3A300%2C300italic%2C700|font_style:700%20bold%20regular%3A700%3Anormal&#8221; css=&#8221;.vc_custom_1668758902172{border-radius: 1px !important;}&#8221;][vc_separator color=&#8221;green&#8221;][vc_column_text]Yeniden sat\u0131\u015flar, yerel ve uluslararas\u0131 Gayrimenkul sekt\u00f6rlerimizin \u00f6nemli bir b\u00f6l\u00fcm\u00fcn\u00fc olu\u015fturmaktad\u0131r;<\/p>\n<p>Son 20 y\u0131lda t\u00fcm s\u00fcre\u00e7 boyunca bir\u00e7ok mevcut ve yeni m\u00fc\u015fterimize hizmet verdik. Yeniden sat\u0131\u015f politikam\u0131z m\u00fc\u015fteri odakl\u0131d\u0131r ve m\u00fc\u015fterilerimizin ihtiya\u00e7 ve beklentilerini kar\u015f\u0131lar. Bu nedenle, gereksinimlerini, zaman \u00e7izelgelerini, mevcut ve gelecekteki durumunu belirlemek i\u00e7in \u00f6nce m\u00fc\u015fteriyle do\u011frudan ileti\u015fim kurar\u0131z. Bu isti\u015fare s\u00fcrecinin tamamlanmas\u0131n\u0131n ard\u0131ndan Best Invest, m\u00fc\u015fterimizle tart\u0131\u015f\u0131lan t\u00fcm \u00f6\u011feleri, gerekli s\u00fcre\u00e7leri, zaman \u00e7izelgelerini ve \u00f6deme yolunu i\u00e7eren bir s\u00f6zle\u015fmeye dayal\u0131 anla\u015fmaya girer. M\u00fc\u015fterimiz taraf\u0131ndan \u00f6zel olarak talimat verilmedik\u00e7e, bu s\u00fcre\u00e7 tamamlanana ve m\u00fc\u015fterimiz devam etmekten memnun olana kadar m\u00fc\u015fterimizin m\u00fclk\u00fcn\u00fc pazarlamay\u0131z.<\/p>\n<p>Pazarlama s\u00fcrecimiz t\u00fcm foto\u011fraf\/reklam\/medya y\u00fcklemelerini vb. i\u00e7erir.<\/p>\n<p>Yeni insanlarla tan\u0131\u015fmaktan her zaman mutluluk duyar\u0131z ve onlara herhangi bir \u015fekilde yard\u0131mc\u0131 olabilirsek, bunu yapmaktan mutluluk duyar\u0131z. Taahh\u00fct zorunlulu\u011fu yoktur, kap\u0131 her zaman a\u00e7\u0131kt\u0131r ve bir fincan \u00e7ay her zaman mevcuttur!<\/p>\n<p>Daha fazla bilgi i\u00e7in l\u00fctfen bu websitesi arac\u0131l\u0131\u011f\u0131yla bizimle ileti\u015fime ge\u00e7mekten \u00e7ekinmeyin veya do\u011frudan Best Invest MD Mehmet G\u00f6kkaya ile ileti\u015fime ge\u00e7in. Sizinle tan\u0131\u015fmak i\u00e7in sab\u0131rs\u0131zlan\u0131yoruz![\/vc_column_text][\/vc_column][vc_column width=&#8221;3\/5&#8243;][vc_empty_space height=&#8221;60px&#8221;][vc_single_image image=&#8221;17430&#8243; img_size=&#8221;full&#8221; alignment=&#8221;center&#8221; style=&#8221;vc_box_outline&#8221; border_color=&#8221;green&#8221; css_animation=&#8221;fadeInDown&#8221;][\/vc_column][\/vc_row][vc_row][vc_column][vc_empty_space height=&#8221;60px&#8221;][vc_separator color=&#8221;green&#8221; border_width=&#8221;2&#8243;][vc_empty_space height=&#8221;60px&#8221;][\/vc_column][\/vc_row][vc_row][vc_column width=&#8221;2\/5&#8243;][vc_custom_heading text=&#8221;Yat\u0131r\u0131mlar\u0131n\u0131z&#8221; font_container=&#8221;tag:h3|font_size:35px|text_align:left&#8221; google_fonts=&#8221;font_family:Open%20Sans%20Condensed%3A300%2C300italic%2C700|font_style:700%20bold%20regular%3A700%3Anormal&#8221; css=&#8221;.vc_custom_1668758918752{border-radius: 1px !important;}&#8221;][vc_separator color=&#8221;green&#8221;][vc_column_text]Best Invest, hem b\u00f6lgesel hem de uluslararas\u0131 pazarlar\u0131m\u0131zdaki m\u00fc\u015fterilerimiz i\u00e7in k\u0131sa ve uzun vadeli bir\u00e7ok ki\u015fiye \u00f6zel yat\u0131r\u0131ma dan\u0131\u015fmanl\u0131k, arac\u0131l\u0131k ve ortak giri\u015fim yapmaktad\u0131r. T\u00fcm y\u00f6nler, g\u00fcvenli ve yasal olarak ba\u011flay\u0131c\u0131 benzersiz f\u0131rsatlar\u0131 en \u00fcst d\u00fczeye \u00e7\u0131kararak m\u00fc\u015fteri\/kurulu\u015f gereksinimlerini, vizyonlar\u0131n\u0131 ve beklentilerini i\u00e7erecek \u015fekilde yap\u0131land\u0131r\u0131lm\u0131\u015ft\u0131r.<\/p>\n<p>\u00d6zel stratejiler, performans g\u00f6stergeleri, mali kontrol, g\u00fcven, gizlilik ve g\u00fcvenlik, bu sekt\u00f6rdeki ba\u015far\u0131m\u0131z\u0131n devam etmesi i\u00e7in anahtard\u0131r.<\/p>\n<p>Potansiyel f\u0131rsatlar hakk\u0131nda \u00f6zel bir g\u00f6r\u00fc\u015fme yapmak veya piyasada tavsiye\/y\u00f6nlendirme almak i\u00e7in Best Invest MD Mehmet G\u00f6kkaya ile ileti\u015fime ge\u00e7in.<\/p>\n<p>Alternatif olarak, bu web sitesi arac\u0131l\u0131\u011f\u0131yla bizimle ileti\u015fime ge\u00e7ebilirsiniz ve Mehmet ki\u015fisel olarak yan\u0131t verecektir.[\/vc_column_text][\/vc_column][vc_column width=&#8221;3\/5&#8243;][vc_empty_space height=&#8221;60px&#8221;][vc_single_image image=&#8221;17320&#8243; img_size=&#8221;full&#8221; alignment=&#8221;center&#8221; style=&#8221;vc_box_outline&#8221; border_color=&#8221;green&#8221; css_animation=&#8221;fadeInDown&#8221;][\/vc_column][\/vc_row][vc_row][vc_column width=&#8221;1\/4&#8243; css=&#8221;.vc_custom_1668599207309{background-color: #ffffff !important;}&#8221;][vc_single_image image=&#8221;17282&#8243; img_size=&#8221;medium&#8221; css=&#8221;.vc_custom_1668598895072{background-color: #ffffff !important;}&#8221;][vc_custom_heading text=&#8221;MEHMET G\u00d6KKAYA<br \/>\nBroker \/ \u015eirket Sahibi&#8221; font_container=&#8221;tag:h2|font_size:20px|text_align:left&#8221; google_fonts=&#8221;font_family:Open%20Sans%3A300%2C300italic%2Cregular%2Citalic%2C600%2C600italic%2C700%2C700italic%2C800%2C800italic|font_style:600%20bold%20regular%3A600%3Anormal&#8221; css=&#8221;.vc_custom_1668599986940{background-color: #ffffff !important;}&#8221;][vc_separator color=&#8221;green&#8221; border_width=&#8221;2&#8243;][vc_row_inner][vc_column_inner width=&#8221;1\/4&#8243;][vc_icon icon_fontawesome=&#8221;fab fa-whatsapp&#8221; color=&#8221;white&#8221; background_style=&#8221;rounded&#8221; background_color=&#8221;green&#8221; size=&#8221;xs&#8221; css=&#8221;.vc_custom_1668600448114{background-color: #ffffff !important;}&#8221; link=&#8221;url:https%3A%2F%2Fapi.whatsapp.com%2Fsend%2F%3Fphone%3D%252B905326949549%26text%26type%3Dphone_number%26app_absent%3D0|target:_blank&#8221;][\/vc_column_inner][vc_column_inner width=&#8221;3\/4&#8243; css=&#8221;.vc_custom_1668599219718{background-color: #ffffff !important;}&#8221;][vc_custom_heading text=&#8221;+90 532 694 95 49&#8243; font_container=&#8221;tag:h5|font_size:25px|text_align:left&#8221; google_fonts=&#8221;font_family:Open%20Sans%20Condensed%3A300%2C300italic%2C700|font_style:700%20bold%20regular%3A700%3Anormal&#8221; link=&#8221;url:https%3A%2F%2Fapi.whatsapp.com%2Fsend%2F%3Fphone%3D%252B905326949549%26text%26type%3Dphone_number%26app_absent%3D0|target:_blank&#8221; css=&#8221;.vc_custom_1668600723463{margin-top: -30px !important;}&#8221;][\/vc_column_inner][\/vc_row_inner][\/vc_column][vc_column width=&#8221;3\/4&#8243;]<p class=\"wpcf7-contact-form-not-found\"><strong>Hata:<\/strong> \u0130leti\u015fim formu bulunamad\u0131.<\/p>[\/vc_column][\/vc_row]<\/p>\n","protected":false},"excerpt":{"rendered":"<p>[vc_row][vc_column][vc_empty_space height=&#8221;60px&#8221;][\/vc_column][\/vc_row][vc_row][vc_column width=&#8221;2\/5&#8243;][vc_custom_heading text=&#8221;\u0130kinci El Sat\u0131\u015flar\u0131n\u0131z&#8221; font_container=&#8221;tag:h3|font_size:35px|text_align:left&#8221; google_fonts=&#8221;font_family:Open%20Sans%20Condensed%3A300%2C300italic%2C700|font_style:700%20bold%20regular%3A700%3Anormal&#8221; css=&#8221;.vc_custom_1668758902172{border-radius: 1px !important;}&#8221;][vc_separator color=&#8221;green&#8221;][vc_column_text]Yeniden sat\u0131\u015flar, yerel ve uluslararas\u0131 Gayrimenkul sekt\u00f6rlerimizin \u00f6nemli bir b\u00f6l\u00fcm\u00fcn\u00fc olu\u015fturmaktad\u0131r; Son 20 y\u0131lda t\u00fcm s\u00fcre\u00e7 boyunca bir\u00e7ok mevcut ve yeni m\u00fc\u015fterimize hizmet verdik. Yeniden sat\u0131\u015f politikam\u0131z m\u00fc\u015fteri odakl\u0131d\u0131r ve m\u00fc\u015fterilerimizin ihtiya\u00e7 ve beklentilerini kar\u015f\u0131lar. Bu nedenle, gereksinimlerini, zaman \u00e7izelgelerini, mevcut ve gelecekteki durumunu [&hellip;]<\/p>\n","protected":false},"author":11,"featured_media":0,"parent":0,"menu_order":0,"comment_status":"closed","ping_status":"closed","template":"","meta":{"inline_featured_image":false,"footnotes":""},"class_list":["post-17277","page","type-page","status-publish","hentry"],"_links":{"self":[{"href":"https:\/\/bestinvest.com.tr\/tr\/wp-json\/wp\/v2\/pages\/17277","targetHints":{"allow":["GET"]}}],"collection":[{"href":"https:\/\/bestinvest.com.tr\/tr\/wp-json\/wp\/v2\/pages"}],"about":[{"href":"https:\/\/bestinvest.com.tr\/tr\/wp-json\/wp\/v2\/types\/page"}],"author":[{"embeddable":true,"href":"https:\/\/bestinvest.com.tr\/tr\/wp-json\/wp\/v2\/users\/11"}],"replies":[{"embeddable":true,"href":"https:\/\/bestinvest.com.tr\/tr\/wp-json\/wp\/v2\/comments?post=17277"}],"version-history":[{"count":0,"href":"https:\/\/bestinvest.com.tr\/tr\/wp-json\/wp\/v2\/pages\/17277\/revisions"}],"wp:attachment":[{"href":"https:\/\/bestinvest.com.tr\/tr\/wp-json\/wp\/v2\/media?parent=17277"}],"curies":[{"name":"wp","href":"https:\/\/api.w.org\/{rel}","templated":true}]}}