{"id":17338,"date":"2022-11-15T12:22:49","date_gmt":"2022-11-15T12:22:49","guid":{"rendered":"https:\/\/bestinvest.com.tr\/?page_id=17338"},"modified":"2026-02-05T11:21:00","modified_gmt":"2026-02-05T11:21:00","slug":"inspection-trip-silmeyin","status":"publish","type":"page","link":"https:\/\/bestinvest.com.tr\/tr\/inspection-trip-silmeyin\/","title":{"rendered":"(Polski) wycieczka inspekcyjna (S\u0130LMEY\u0130N)"},"content":{"rendered":"<p>[vc_row css=&#8221;.vc_custom_1668516278445{background-color: #ffffff !important;}&#8221;][vc_column width=&#8221;1\/2&#8243;][vc_column_text]<\/p>\n<h2>T\u00fcrkiye de Emlak Gezisi<\/h2>\n<p>[\/vc_column_text][vc_column_text]Tur s\u00fcresi 3 g\u00fcn 4 gecedir. Bu, birbirinizi tan\u0131mak, etraf\u0131 gezmek ve bilin\u00e7li bir se\u00e7im yapmak i\u00e7in iyi bir zamand\u0131r. Al\u0131c\u0131n\u0131n talebi \u00fczerine kal\u0131\u015f s\u00fcresi ayarlanabilir.[\/vc_column_text][vc_btn title=&#8221;Daha Fazla Bilgi&#8221; style=&#8221;3d&#8221; color=&#8221;success&#8221; align=&#8221;center&#8221; i_icon_fontawesome=&#8221;fas fa-angle-right&#8221; button_block=&#8221;true&#8221; add_icon=&#8221;true&#8221; link=&#8221;url:https%3A%2F%2Fbestinvest.com.tr%2F%25d1%2580%25d1%2583%25d1%2581%25d1%2581%25d0%25ba%25d0%25b8%25d0%25b9-%25d0%25be%25d0%25b7%25d0%25bd%25d0%25b0%25d0%25ba%25d0%25be%25d0%25bc%25d0%25b8%25d1%2582%25d0%25b5%25d0%25bb%25d1%258c%25d0%25bd%25d1%258b%25d0%25b9-%25d1%2582%25d1%2583%25d1%2580%2F|title:%C3%9CCRETS%C4%B0Z%20EMLAK%20%C4%B0NCELEME%20GEZ%C4%B0S%C4%B0&#8243;][\/vc_column][vc_column width=&#8221;1\/2&#8243;][vc_single_image image=&#8221;17355&#8243; img_size=&#8221;full&#8221; onclick=&#8221;custom_link&#8221; link=&#8221;\/\u0440\u0443\u0441\u0441\u043a\u0438\u0439-\u0433\u0440\u0430\u0436\u0434\u0430\u043d\u0441\u0442\u0432\u043e-\u0432-\u0442\u0443\u0440\u0446\u0438\u0438-\u0437\u0430-\u0438\u043d\u0432\u0435\u0441\/&#8221;][\/vc_column][\/vc_row]<\/p>\n","protected":false},"excerpt":{"rendered":"<p>[vc_row css=&#8221;.vc_custom_1668516278445{background-color: #ffffff !important;}&#8221;][vc_column width=&#8221;1\/2&#8243;][vc_column_text] T\u00fcrkiye de Emlak Gezisi [\/vc_column_text][vc_column_text]Tur s\u00fcresi 3 g\u00fcn 4 gecedir. Bu, birbirinizi tan\u0131mak, etraf\u0131 gezmek ve bilin\u00e7li bir se\u00e7im yapmak i\u00e7in iyi bir zamand\u0131r. Al\u0131c\u0131n\u0131n talebi \u00fczerine kal\u0131\u015f s\u00fcresi ayarlanabilir.[\/vc_column_text][vc_btn title=&#8221;Daha Fazla Bilgi&#8221; style=&#8221;3d&#8221; color=&#8221;success&#8221; align=&#8221;center&#8221; i_icon_fontawesome=&#8221;fas fa-angle-right&#8221; button_block=&#8221;true&#8221; add_icon=&#8221;true&#8221; link=&#8221;url:https%3A%2F%2Fbestinvest.com.tr%2F%25d1%2580%25d1%2583%25d1%2581%25d1%2581%25d0%25ba%25d0%25b8%25d0%25b9-%25d0%25be%25d0%25b7%25d0%25bd%25d0%25b0%25d0%25ba%25d0%25be%25d0%25bc%25d0%25b8%25d1%2582%25d0%25b5%25d0%25bb%25d1%258c%25d0%25bd%25d1%258b%25d0%25b9-%25d1%2582%25d1%2583%25d1%2580%2F|title:%C3%9CCRETS%C4%B0Z%20EMLAK%20%C4%B0NCELEME%20GEZ%C4%B0S%C4%B0&#8243;][\/vc_column][vc_column width=&#8221;1\/2&#8243;][vc_single_image image=&#8221;17355&#8243; img_size=&#8221;full&#8221; onclick=&#8221;custom_link&#8221; link=&#8221;\/\u0440\u0443\u0441\u0441\u043a\u0438\u0439-\u0433\u0440\u0430\u0436\u0434\u0430\u043d\u0441\u0442\u0432\u043e-\u0432-\u0442\u0443\u0440\u0446\u0438\u0438-\u0437\u0430-\u0438\u043d\u0432\u0435\u0441\/&#8221;][\/vc_column][\/vc_row]<\/p>\n","protected":false},"author":5,"featured_media":0,"parent":0,"menu_order":0,"comment_status":"closed","ping_status":"closed","template":"","meta":{"inline_featured_image":false,"footnotes":""},"class_list":["post-17338","page","type-page","status-publish","hentry"],"_links":{"self":[{"href":"https:\/\/bestinvest.com.tr\/tr\/wp-json\/wp\/v2\/pages\/17338","targetHints":{"allow":["GET"]}}],"collection":[{"href":"https:\/\/bestinvest.com.tr\/tr\/wp-json\/wp\/v2\/pages"}],"about":[{"href":"https:\/\/bestinvest.com.tr\/tr\/wp-json\/wp\/v2\/types\/page"}],"author":[{"embeddable":true,"href":"https:\/\/bestinvest.com.tr\/tr\/wp-json\/wp\/v2\/users\/5"}],"replies":[{"embeddable":true,"href":"https:\/\/bestinvest.com.tr\/tr\/wp-json\/wp\/v2\/comments?post=17338"}],"version-history":[{"count":0,"href":"https:\/\/bestinvest.com.tr\/tr\/wp-json\/wp\/v2\/pages\/17338\/revisions"}],"wp:attachment":[{"href":"https:\/\/bestinvest.com.tr\/tr\/wp-json\/wp\/v2\/media?parent=17338"}],"curies":[{"name":"wp","href":"https:\/\/api.w.org\/{rel}","templated":true}]}}