{"id":26617,"date":"2023-08-02T10:53:53","date_gmt":"2023-08-02T10:53:53","guid":{"rendered":"https:\/\/bestinvest.com.tr\/?page_id=26617"},"modified":"2026-02-05T11:20:48","modified_gmt":"2026-02-05T11:20:48","slug":"residency-citizenship-in-the-republic-of-cyprus","status":"publish","type":"page","link":"https:\/\/bestinvest.com.tr\/tr\/residency-citizenship-in-the-republic-of-cyprus\/","title":{"rendered":"K\u0131br\u0131s Cumhuriyeti&#8217;nde \u0130kamet ve Vatanda\u015fl\u0131k"},"content":{"rendered":"<p>[vc_row full_width=&#8221;stretch_row_content_no_spaces&#8221; equal_height=&#8221;yes&#8221; content_placement=&#8221;middle&#8221;][vc_column width=&#8221;1\/4&#8243;][\/vc_column][vc_column width=&#8221;1\/4&#8243;][vc_empty_space height=&#8221;52px&#8221;][vc_btn title=&#8221;Kuzey K\u0131br\u0131s&#8217;ta Vatanda\u015fl\u0131k &amp; Oturma \u0130zni&#8221; style=&#8221;3d&#8221; color=&#8221;green&#8221; size=&#8221;lg&#8221; align=&#8221;center&#8221; link=&#8221;url:https%3A%2F%2Fbestinvest.com.tr%2Ftr%2Fresidency-citizenship-in-trnc%2F&#8221;][\/vc_column][vc_column width=&#8221;1\/4&#8243;][vc_empty_space height=&#8221;52px&#8221;][vc_btn title=&#8221;T\u00fcrkiye&#8217;de Vatanda\u015fl\u0131k ve Oturma \u0130zni&#8221; style=&#8221;3d&#8221; color=&#8221;green&#8221; size=&#8221;lg&#8221; align=&#8221;center&#8221; link=&#8221;url:https%3A%2F%2Fbestinvest.com.tr%2F%25d0%25be%25d1%2584%25d0%25be%25d1%2580%25d0%25bc%25d0%25bb%25d0%25b5%25d0%25bd%25d0%25b8%25d0%25b5-%25d0%25b2%25d0%25b8%25d0%25b4%25d0%25b0-%25d0%25bd%25d0%25b0-%25d0%25b6%25d0%25b8%25d1%2582%25d0%25b5%25d0%25bb%25d1%258c%25d1%2581%25d1%2582%25d0%25b2%25d0%25be%2F&#8221;][\/vc_column][vc_column width=&#8221;1\/4&#8243;][\/vc_column][\/vc_row][vc_row full_width=&#8221;stretch_row_content_no_spaces&#8221;][vc_column][vc_empty_space height=&#8221;52px&#8221;][vc_custom_heading text=&#8221;G\u00fcney K\u0131br\u0131s&#8217;ta Vatanda\u015fl\u0131k ve Oturma \u0130zni&#8221; font_container=&#8221;tag:h1|text_align:center&#8221;][vc_empty_space height=&#8221;52px&#8221;][vc_row_inner css=&#8221;.vc_custom_1654155606352{margin-right: 30px !important;margin-left: 30px !important;}&#8221;][vc_column_inner width=&#8221;1\/2&#8243; css=&#8221;.vc_custom_1654155648058{padding-right: 50px !important;padding-left: 50px !important;}&#8221;][vc_column_text]<\/p>\n<p><strong>H\u0131zl\u0131 S\u00fcre\u00e7le Kal\u0131c\u0131 Oturma \u0130zni: 2 ay i\u00e7inde<\/strong><\/p>\n<p>K\u0131br\u0131s&#8217;ta yat\u0131r\u0131m yapmak isteyen AB d\u0131\u015f\u0131 vatanda\u015flara y\u00f6nelik 6(2) d\u00fczenlemesi ile Kal\u0131c\u0131 Oturma \u0130zni.<\/p>\n<p>Bu izin, Schengen \u00fclkelerinin bir\u00e7o\u011funa vizesiz seyahat imkan\u0131 sunarak AB i\u00e7inde seyahat etme olana\u011f\u0131 sa\u011flayacak.<\/p>\n<p><strong>Uygunluk ko\u015fullar\u0131 \u015funlard\u0131r:<\/strong><\/p>\n<ul>\n<li>K\u0131br\u0131s&#8217;ta bir m\u00fclk geli\u015ftirme \u015firketinden yeni bir (ikincil el olmayan) en az 300.000\u20ac (KDV hari\u00e7) de\u011ferinde bir konut almak. \u0130lk 200.000\u20ac ba\u015fvuru tarihinde \u00f6denmi\u015f olmal\u0131d\u0131r.<\/li>\n<li>K\u0131br\u0131s bankas\u0131nda \u00fc\u00e7 ard\u0131\u015f\u0131k y\u0131l boyunca 30.000\u20ac&#8217;luk bir sabit mevduat a\u00e7mak ve s\u00fcrd\u00fcrmek.<\/li>\n<li>K\u0131br\u0131s d\u0131\u015f\u0131ndan gelen en az 30.000\u20ac&#8217;l\u0131k g\u00fcvence alt\u0131nda bir y\u0131ll\u0131k gelire sahip olmak. (Bu fonlar her bir bak\u0131ma muhta\u00e7 ki\u015fi i\u00e7in 5.000\u20ac, ba\u015fvuruda bulunan her bir ebeveyn i\u00e7in 8.000\u20ac artt\u0131r\u0131lmal\u0131d\u0131r).<\/li>\n<li>Temiz bir adli sicil belgesi g\u00f6stermek i\u00e7in bir &#8220;Uygun ve M\u00fcnasip&#8221; testi tamamlamak.<\/li>\n<li>Ba\u015fvuru sahibinin ilk y\u0131l K\u0131br\u0131s&#8217;\u0131 bir kez ziyaret etmesi ve bundan sonra her iki y\u0131lda bir K\u0131br\u0131s&#8217;\u0131 ziyaret etmesi gerekecektir.<\/li>\n<\/ul>\n<p><strong>Normal S\u00fcre\u00e7le Kal\u0131c\u0131 Oturma \u0130zni: 1 y\u0131l i\u00e7inde<\/strong><\/p>\n<p>5(f) d\u00fczenlemesi, AB d\u0131\u015f\u0131 \u00fclke vatanda\u015flar\u0131, K\u0131br\u0131s&#8217;ta en az 300.000\u20ac de\u011ferinde bir ev ya da daire kiralad\u0131\u011f\u0131nda veya sat\u0131n ald\u0131\u011f\u0131nda Kal\u0131c\u0131 Oturma \u0130zni i\u00e7in ba\u015fvuruda bulunabilir, ancak \u015fu ko\u015fullar sa\u011flanmal\u0131d\u0131r:<\/p>\n<ul>\n<li>K\u0131br\u0131s d\u0131\u015f\u0131ndan en az 10.000\u20ac tutar\u0131nda g\u00fcvence alt\u0131nda bir y\u0131ll\u0131k geliri olmal\u0131d\u0131r. Ba\u015fvuruya eklenen her bak\u0131ma muhta\u00e7 ki\u015fi ba\u015f\u0131na bu tutar yakla\u015f\u0131k 5.000\u20ac art\u0131r\u0131lmal\u0131d\u0131r.<\/li>\n<li>Ba\u015fvuru sahibi K\u0131br\u0131s&#8217;ta istihdam edilmemeli ve geliri yurtd\u0131\u015f\u0131ndan yasal kaynaklardan elde edilmelidir;<\/li>\n<li>Ba\u015fvuru sahibinin ve ailesinin t\u00fcm finansal ihtiya\u00e7lar\u0131n\u0131n g\u00fcvence alt\u0131nda bir gelirle kar\u015f\u0131land\u0131\u011f\u0131na dair kan\u0131tlar sunulmal\u0131d\u0131r.<\/li>\n<li>Temiz bir adli sicil belgesi g\u00f6stermek i\u00e7in bir &#8220;Uygun ve M\u00fcnasip&#8221; testi tamamlamak.<\/li>\n<\/ul>\n<p>Ba\u015fvurunun yap\u0131lmas\u0131ndan sonra, ba\u015fvuru sahibi K\u0131br\u0131s&#8217;a engelsiz bir \u015fekilde seyahat edebilecektir.<\/p>\n<p><strong>Kal\u0131c\u0131 Oturma \u0130zni: K\u0131br\u0131s&#8217;ta ikamet eden ki\u015filer<\/strong><\/p>\n<p>A\u015fa\u011f\u0131daki \u015fartlara tabi olarak:<\/p>\n<ul>\n<li>K\u0131br\u0131s&#8217;ta yasal olarak en az 5 y\u0131l ikamet etmi\u015f olmal\u0131d\u0131r.<\/li>\n<li>\u00d6nceki 5 y\u0131l boyunca Ge\u00e7ici \u0130kamet \u0130zni&#8217;ne sahip olmal\u0131d\u0131r.<\/li>\n<\/ul>\n<p><strong>NOT<\/strong>: K\u0131br\u0131s&#8217;ta ya\u015fayan AB d\u0131\u015f\u0131 vatanda\u015flar\u0131n aile \u00fcyeleri de kendileri AB d\u0131\u015f\u0131 vatanda\u015f olsalar bile 5 y\u0131l ge\u00e7erli ve uzat\u0131labilir bir Kal\u0131c\u0131 \u0130kamet Kart\u0131 i\u00e7in ba\u015fvuruda bulunabilir.<\/p>\n<p><strong>AB Vatanda\u015flar\u0131 \u0130\u00e7in Kal\u0131c\u0131 Oturma \u0130zni &#8211; 12 g\u00fcn (Sar\u0131 Belge)<\/strong><\/p>\n<p>\u00dclke i\u00e7inde 3 aydan uzun s\u00fcreyle kal\u0131c\u0131 olarak K\u0131br\u0131s&#8217;ta ikamet etmek ve \u00e7al\u0131\u015fmak isteyen AB vatanda\u015flar\u0131 i\u00e7in gereklidir.<\/p>\n<p><strong>NOT<\/strong>: Ba\u015fvuru sahibi ayn\u0131 zamanda K\u0131br\u0131s&#8217;ta ikamet ve \u00e7al\u0131\u015fma iznine sahip olacak aile \u00fcyelerini de ekleyebilir. AB d\u0131\u015f\u0131 vatanda\u015f olan aile \u00fcyeleri, 5 y\u0131l ge\u00e7erli ve uzat\u0131labilir Pembe Belge i\u00e7in uygun hale gelecektir.[\/vc_column_text][vc_btn title=&#8221;For More Information&#8221; style=&#8221;3d&#8221; color=&#8221;sky&#8221; size=&#8221;lg&#8221; align=&#8221;center&#8221; button_block=&#8221;true&#8221; el_class=&#8221;js-inquiry-toggle js-modal-callmeback&#8221;][\/vc_column_inner][vc_column_inner width=&#8221;1\/2&#8243;][vc_single_image image=&#8221;26628&#8243; img_size=&#8221;full&#8221; alignment=&#8221;center&#8221; css_animation=&#8221;fadeInDown&#8221;][\/vc_column_inner][\/vc_row_inner][vc_separator color=&#8221;green&#8221; border_width=&#8221;2&#8243;][vc_empty_space height=&#8221;52px&#8221;][vc_custom_heading text=&#8221;KIBRIS CUMHUR\u0130YET\u0130 VATANDA\u015eLI\u011eI&#8221; font_container=&#8221;tag:h1|text_align:center&#8221;][vc_empty_space height=&#8221;52px&#8221;][vc_row_inner css=&#8221;.vc_custom_1654155606352{margin-right: 30px !important;margin-left: 30px !important;}&#8221;][vc_column_inner width=&#8221;1\/2&#8243;][vc_single_image image=&#8221;26627&#8243; img_size=&#8221;full&#8221; alignment=&#8221;center&#8221; css_animation=&#8221;fadeInDown&#8221;][\/vc_column_inner][vc_column_inner width=&#8221;1\/2&#8243; css=&#8221;.vc_custom_1654155648058{padding-right: 50px !important;padding-left: 50px !important;}&#8221;][vc_column_text]<\/p>\n<ul>\n<li>Do\u011fal Yerle\u015fim D\u00fczeni (M127 t\u00fcr\u00fc) ile \u0130li\u015fkili Oturma S\u00fcresine Dayal\u0131 Vatanda\u015fl\u0131k: K\u0131br\u0131s&#8217;ta kal\u0131c\u0131 ikamet eden bir ki\u015fi, K\u0131br\u0131s&#8217;ta yasal olarak be\u015f y\u0131l (toplam 1825 g\u00fcn) ikamet ettikten sonra K\u0131br\u0131s Vatanda\u015fl\u0131\u011f\u0131 i\u00e7in ba\u015fvurma hakk\u0131na sahiptir.<\/li>\n<li>Evlilikle Kazan\u0131lan K\u0131br\u0131s Vatanda\u015fl\u0131\u011f\u0131 (M125 t\u00fcr\u00fc): K\u0131br\u0131sl\u0131 ki\u015filerin yabanc\u0131 e\u015fleri, ba\u015fvuru tarihinden \u00f6nce K\u0131br\u0131s&#8217;ta 3 y\u0131l evlilik ve 2 y\u0131l ikamet tamamlam\u0131\u015fsa K\u0131br\u0131s Vatanda\u015fl\u0131\u011f\u0131 i\u00e7in ba\u015fvurma hakk\u0131na sahiptir.<\/li>\n<li>K\u00f6ken nedeniyle K\u0131br\u0131s Vatanda\u015fl\u0131\u011f\u0131: Konsolosluk Do\u011fum Belgesi Ba\u015fvurusu (M121 t\u00fcr\u00fc): 16 A\u011fustos 1960&#8217;tan sonra yurtd\u0131\u015f\u0131nda do\u011fmu\u015f olan ve babas\u0131 do\u011fumlar\u0131 s\u0131ras\u0131nda K\u0131br\u0131sl\u0131 vatanda\u015f olan ve 11 Haziran 1999&#8217;dan sonra do\u011fmu\u015f olan ve anneleri do\u011fumlar\u0131 s\u0131ras\u0131nda K\u0131br\u0131sl\u0131 vatanda\u015f olan re\u015fit olmayan veya re\u015fit olan ki\u015filer.<\/li>\n<li>Re\u015fit Olmayanlar\u0131n Kayd\u0131 \u0130\u00e7in Ba\u015fvuru (M126 t\u00fcr\u00fc): 11 Haziran 1999&#8217;dan \u00f6nce K\u0131br\u0131s&#8217;ta veya yurtd\u0131\u015f\u0131nda do\u011fmu\u015f olan ve annesi K\u0131br\u0131sl\u0131 vatanda\u015f olan ve babas\u0131 yabanc\u0131 olan re\u015fit olmayanlar veya babas\u0131 do\u011fumlar\u0131ndan sonra K\u0131br\u0131sl\u0131 vatanda\u015f olan re\u015fit olmayanlar i\u00e7in. Ayr\u0131ca, babas\u0131 veya annesi K\u0131br\u0131sl\u0131 vatanda\u015fla evlilik nedeniyle do\u011fumlar\u0131ndan sonra K\u0131br\u0131s vatanda\u015fl\u0131\u011f\u0131 kazanan re\u015fit olmayanlar.<\/li>\n<li>Re\u015fit Ba\u015fvuru Sahipleri &#8211; Ba\u015fvuru T\u00fcr\u00fc M123: 16 A\u011fustos 1960&#8217;ta veya sonras\u0131nda do\u011fan ve do\u011fum tarihinde hi\u00e7bir ebeveyni K\u0131br\u0131sl\u0131 vatanda\u015f olmayan re\u015fit ki\u015filer.<\/li>\n<\/ul>\n<p><strong>ALTIN V\u0130ZE S\u0130STEM\u0130<\/strong><\/p>\n<p>K\u0131br\u0131s Alt\u0131n Vize d\u00fczeni, ikamet ko\u015fullar\u0131 ve dil \u015fartlar\u0131 olmaks\u0131z\u0131n verilir. Tek gereklilik, ikamet izninin s\u00fcrekli olarak korunmas\u0131d\u0131r. Sahiplerine, d\u00fcnya genelinde 168 \u00fclkeye vizesiz seyahat ve AB i\u00e7inde serbest dola\u015f\u0131m hakk\u0131, ya\u015fama, \u00e7al\u0131\u015fma, \u00f6\u011frenme ve t\u00fcm sa\u011fl\u0131k hizmetlerinden yararlanma hakk\u0131 dahil olmak \u00fczere AB vatanda\u015fl\u0131\u011f\u0131na hak kazand\u0131r\u0131r. Onay s\u00fcresi genellikle 6 &#8211; 8 ay aras\u0131nda de\u011fi\u015fir ve hemen aile \u00fcyelerinin (e\u015f ve 28 ya\u015f\u0131na kadar olan \u00e7ocuklar, ebeveynler ve\/veya kay\u0131nvalide ve kay\u0131npeder hari\u00e7) dahil edilmesine izin verir.<\/p>\n<p><strong>Uygunluk Kriterleri:<\/strong><\/p>\n<ul>\n<li>En az 2.000.000\u20ac (KDV hari\u00e7) de\u011ferinde bir gayrimenkul m\u00fclk\u00fc sat\u0131n almak (tek bir birim veya birden fazla birim olabilir).<\/li>\n<li>K\u0131br\u0131s H\u00fck\u00fcmeti Ara\u015ft\u0131rma ve Geli\u015ftirme Fonu&#8217;na en az 100.000\u20ac ba\u011f\u0131\u015fta bulunmak.<\/li>\n<li>K\u0131br\u0131s Arazi Geli\u015ftirme Kurumu&#8217;na en az 100.000\u20ac ba\u011f\u0131\u015fta bulunmak.<\/li>\n<li>Her ba\u015fvuru sahibi i\u00e7in yurtd\u0131\u015f\u0131ndan elde edilen en az 50.000\u20ac y\u0131ll\u0131k gelir, e\u015f ba\u015f\u0131na 15.000\u20ac ve her bir ba\u015fvuru sahibinin bakmakla y\u00fck\u00fcml\u00fc oldu\u011fu ki\u015fi ba\u015f\u0131na 10.000\u20ac&#8217;luk y\u0131ll\u0131k gelir sa\u011flamak.<\/li>\n<li>Yat\u0131r\u0131m\u0131n hala devam etti\u011fini do\u011frulayan y\u0131ll\u0131k sunumlar, tam gelir deste\u011finin s\u00fcrd\u00fc\u011f\u00fcn\u00fc, t\u00fcm taraflar i\u00e7in sigortalar\u0131n oldu\u011funu ve t\u00fcm taraflar i\u00e7in yeni bir temiz adli sicil belgesinin verildi\u011fini do\u011frulayan belgeler sunmak.<\/li>\n<\/ul>\n<p><strong>Se\u00e7ilme \u015fartlar\u0131:<\/strong><\/p>\n<ul>\n<li>Daha \u00f6nce ba\u015fka bir AB \u00fclkesinden vatanda\u015fl\u0131k reddedilmemi\u015f olmak.<\/li>\n<li>AB&#8217;ye dahil olan \u015firketlerle veya yasakl\u0131 hukuki varl\u0131klarla ili\u015fkilendirilmemi\u015f olmak.<\/li>\n<li>Temiz bir adli sicile sahip olmak. Criminal investigation s\u00fcrecine konu olmamak.<\/li>\n<li>Criminal prosecution (ceza kovu\u015fturmas\u0131) alt\u0131nda olmamak.<\/li>\n<li>EUROPOL veya INTERPOL&#8217;\u00fcn arananlar listesinde yer almamak.<\/li>\n<li>&#8220;Politik olarak \u00f6nemli bir ki\u015fi&#8221; olarak kabul edilmemek.<\/li>\n<\/ul>\n<p>[\/vc_column_text][vc_btn title=&#8221;Daha Fazla Bilgi&#8221; style=&#8221;3d&#8221; color=&#8221;sky&#8221; size=&#8221;lg&#8221; align=&#8221;center&#8221; button_block=&#8221;true&#8221; el_class=&#8221;js-inquiry-toggle js-modal-callmeback&#8221;][\/vc_column_inner][\/vc_row_inner][\/vc_column][\/vc_row][vc_row full_width=&#8221;stretch_row_content_no_spaces&#8221; css=&#8221;.vc_custom_1654172078680{background-image: url(https:\/\/bestinvest.com.tr\/wp-content\/uploads\/2022\/06\/fon.jpg?id=7591) !important;}&#8221; el_class=&#8221;asking-row&#8221;][vc_column width=&#8221;1\/4&#8243;][vc_empty_space][\/vc_column][vc_column width=&#8221;3\/4&#8243;][vc_row_inner][vc_column_inner width=&#8221;1\/4&#8243;][\/vc_column_inner][vc_column_inner width=&#8221;1\/2&#8243;][vc_column_text]<\/p>\n<div style=\"color: #fff;\">\n<div style=\"color: #fff;\">\n<p>K\u0131br\u0131s Cumhuriyeti&#8217;ndeki prosed\u00fcrle ilgili hala sorular\u0131n\u0131z m\u0131 var?<\/p>\n<p>\u0130leti\u015fim bilgilerinizi b\u0131rak\u0131n, y\u00f6neticimiz k\u0131sa s\u00fcre i\u00e7inde sizinle ileti\u015fime ge\u00e7ecektir.<\/p>\n<\/div>\n<\/div>\n<p>[\/vc_column_text][vc_btn title=&#8221;Dan\u0131\u015fmanl\u0131k Almak \u0130\u00e7in&#8221; style=&#8221;custom&#8221; custom_background=&#8221;#81d742&#8243; custom_text=&#8221;#ffffff&#8221; align=&#8221;center&#8221; el_class=&#8221;js-inquiry-toggle js-modal-callmeback&#8221;][\/vc_column_inner][vc_column_inner width=&#8221;1\/4&#8243;][\/vc_column_inner][\/vc_row_inner][\/vc_column][\/vc_row]<\/p>\n","protected":false},"excerpt":{"rendered":"<p>[vc_row full_width=&#8221;stretch_row_content_no_spaces&#8221; equal_height=&#8221;yes&#8221; content_placement=&#8221;middle&#8221;][vc_column width=&#8221;1\/4&#8243;][\/vc_column][vc_column width=&#8221;1\/4&#8243;][vc_empty_space height=&#8221;52px&#8221;][vc_btn title=&#8221;Kuzey K\u0131br\u0131s&#8217;ta Vatanda\u015fl\u0131k &amp; Oturma \u0130zni&#8221; style=&#8221;3d&#8221; color=&#8221;green&#8221; size=&#8221;lg&#8221; align=&#8221;center&#8221; link=&#8221;url:https%3A%2F%2Fbestinvest.com.tr%2Ftr%2Fresidency-citizenship-in-trnc%2F&#8221;][\/vc_column][vc_column width=&#8221;1\/4&#8243;][vc_empty_space height=&#8221;52px&#8221;][vc_btn title=&#8221;T\u00fcrkiye&#8217;de Vatanda\u015fl\u0131k ve Oturma \u0130zni&#8221; style=&#8221;3d&#8221; color=&#8221;green&#8221; size=&#8221;lg&#8221; align=&#8221;center&#8221; link=&#8221;url:https%3A%2F%2Fbestinvest.com.tr%2F%25d0%25be%25d1%2584%25d0%25be%25d1%2580%25d0%25bc%25d0%25bb%25d0%25b5%25d0%25bd%25d0%25b8%25d0%25b5-%25d0%25b2%25d0%25b8%25d0%25b4%25d0%25b0-%25d0%25bd%25d0%25b0-%25d0%25b6%25d0%25b8%25d1%2582%25d0%25b5%25d0%25bb%25d1%258c%25d1%2581%25d1%2582%25d0%25b2%25d0%25be%2F&#8221;][\/vc_column][vc_column width=&#8221;1\/4&#8243;][\/vc_column][\/vc_row][vc_row full_width=&#8221;stretch_row_content_no_spaces&#8221;][vc_column][vc_empty_space height=&#8221;52px&#8221;][vc_custom_heading text=&#8221;G\u00fcney K\u0131br\u0131s&#8217;ta Vatanda\u015fl\u0131k ve Oturma \u0130zni&#8221; font_container=&#8221;tag:h1|text_align:center&#8221;][vc_empty_space height=&#8221;52px&#8221;][vc_row_inner css=&#8221;.vc_custom_1654155606352{margin-right: 30px !important;margin-left: 30px !important;}&#8221;][vc_column_inner width=&#8221;1\/2&#8243; css=&#8221;.vc_custom_1654155648058{padding-right: 50px !important;padding-left: 50px !important;}&#8221;][vc_column_text] H\u0131zl\u0131 S\u00fcre\u00e7le Kal\u0131c\u0131 [&hellip;]<\/p>\n","protected":false},"author":11,"featured_media":0,"parent":0,"menu_order":0,"comment_status":"closed","ping_status":"closed","template":"","meta":{"inline_featured_image":false,"footnotes":""},"class_list":["post-26617","page","type-page","status-publish","hentry"],"_links":{"self":[{"href":"https:\/\/bestinvest.com.tr\/tr\/wp-json\/wp\/v2\/pages\/26617","targetHints":{"allow":["GET"]}}],"collection":[{"href":"https:\/\/bestinvest.com.tr\/tr\/wp-json\/wp\/v2\/pages"}],"about":[{"href":"https:\/\/bestinvest.com.tr\/tr\/wp-json\/wp\/v2\/types\/page"}],"author":[{"embeddable":true,"href":"https:\/\/bestinvest.com.tr\/tr\/wp-json\/wp\/v2\/users\/11"}],"replies":[{"embeddable":true,"href":"https:\/\/bestinvest.com.tr\/tr\/wp-json\/wp\/v2\/comments?post=26617"}],"version-history":[{"count":0,"href":"https:\/\/bestinvest.com.tr\/tr\/wp-json\/wp\/v2\/pages\/26617\/revisions"}],"wp:attachment":[{"href":"https:\/\/bestinvest.com.tr\/tr\/wp-json\/wp\/v2\/media?parent=26617"}],"curies":[{"name":"wp","href":"https:\/\/api.w.org\/{rel}","templated":true}]}}