{"id":26664,"date":"2023-08-03T07:53:29","date_gmt":"2023-08-03T07:53:29","guid":{"rendered":"https:\/\/bestinvest.com.tr\/?page_id=26664"},"modified":"2026-02-05T11:19:45","modified_gmt":"2026-02-05T11:19:45","slug":"residency-citizenship-in-trnc","status":"publish","type":"page","link":"https:\/\/bestinvest.com.tr\/tr\/residency-citizenship-in-trnc\/","title":{"rendered":"KKTC&#8217;de \u0130kamet &#038; Vatanda\u015fl\u0131k"},"content":{"rendered":"<p>[vc_row full_width=&#8221;stretch_row_content_no_spaces&#8221; equal_height=&#8221;yes&#8221; content_placement=&#8221;middle&#8221;][vc_column width=&#8221;1\/4&#8243;][\/vc_column][vc_column width=&#8221;1\/4&#8243;][vc_empty_space height=&#8221;52px&#8221;][vc_btn title=&#8221;G\u00fcney K\u0131br\u0131s&#8217;ta Vatanda\u015fl\u0131k &amp; Oturma \u0130zni&#8221; style=&#8221;3d&#8221; color=&#8221;green&#8221; size=&#8221;lg&#8221; align=&#8221;center&#8221; link=&#8221;url:https%3A%2F%2Fbestinvest.com.tr%2Ftr%2Fresidency-citizenship-in-the-republic-of-cyprus%2F&#8221;][\/vc_column][vc_column width=&#8221;1\/4&#8243;][vc_empty_space height=&#8221;52px&#8221;][vc_btn title=&#8221;T\u00fcrkiye&#8217;de Vatanda\u015fl\u0131k ve Oturma \u0130zni&#8221; style=&#8221;3d&#8221; color=&#8221;green&#8221; size=&#8221;lg&#8221; align=&#8221;center&#8221; link=&#8221;url:https%3A%2F%2Fbestinvest.com.tr%2F%25d0%25be%25d1%2584%25d0%25be%25d1%2580%25d0%25bc%25d0%25bb%25d0%25b5%25d0%25bd%25d0%25b8%25d0%25b5-%25d0%25b2%25d0%25b8%25d0%25b4%25d0%25b0-%25d0%25bd%25d0%25b0-%25d0%25b6%25d0%25b8%25d1%2582%25d0%25b5%25d0%25bb%25d1%258c%25d1%2581%25d1%2582%25d0%25b2%25d0%25be%2F&#8221;][\/vc_column][vc_column width=&#8221;1\/4&#8243;][\/vc_column][\/vc_row][vc_row full_width=&#8221;stretch_row_content_no_spaces&#8221;][vc_column][vc_empty_space height=&#8221;52px&#8221;][vc_custom_heading text=&#8221;Kuzey K\u0131br\u0131s&#8217;ta Vatanda\u015fl\u0131k ve Oturma \u0130zni&#8221; font_container=&#8221;tag:h1|text_align:center&#8221;][vc_empty_space height=&#8221;52px&#8221;][vc_row_inner css=&#8221;.vc_custom_1654155606352{margin-right: 30px !important;margin-left: 30px !important;}&#8221;][vc_column_inner width=&#8221;1\/2&#8243; css=&#8221;.vc_custom_1654155648058{padding-right: 50px !important;padding-left: 50px !important;}&#8221;][vc_column_text]<\/p>\n<p><strong>2023&#8217;te Kuzey K\u0131br\u0131s&#8217;a g\u00f6\u00e7 i\u00e7in en pop\u00fcler rotalar \u015funlard\u0131r:<\/strong><\/p>\n<p><strong>Kuzey K\u0131br\u0131s&#8217;ta gayrimenkul kiralamak i\u00e7in Y\u00fcksek Gelirli oturma izni<\/strong><\/p>\n<p>KKTC&#8217;de oturma izni alman\u0131n en kolay yollar\u0131ndan biri bir m\u00fclk kiralamak ve mali durumunuzu teyit etmektir. Yeti\u015fkin ba\u015f\u0131na 10.000-20.000 ABD Dolar\u0131 ile Kuzey K\u0131br\u0131s&#8217;ta Y\u00fcksek Gelirli oturma izni almak zor de\u011fildir. A\u015fa\u011f\u0131daki program gereklilikleri ge\u00e7erli olacakt\u0131r:<\/p>\n<ul>\n<li>Yerel ortalama ayl\u0131k \u00fccretin 3 kat\u0131ndan az olmamak \u00fczere ba\u015fka bir \u00fclkeden ayl\u0131k gelir kayna\u011f\u0131 kan\u0131t\u0131. 2023 y\u0131l\u0131nda ayl\u0131k asgari gereklilik 36.000 TL&#8217;dir.<\/li>\n<li>Vergi dairesine kay\u0131tl\u0131 \u00fclkede konaklama i\u00e7in uzun vadeli bir kira s\u00f6zle\u015fmesi (kira bedeli \u00f6nemli de\u011fildir, kira s\u00f6zle\u015fmesi i\u00e7in kay\u0131t \u00fccreti yakla\u015f\u0131k 250 TL&#8217;dir). M\u00fclk sahibinin, s\u00f6zle\u015fme USD, EUR veya GBP cinsinden ise %13, TL cinsinden ise %8 oran\u0131nda kira vergisi \u00f6demesi gerekmektedir.<\/li>\n<li>K\u00f6y muhtar\u0131ndan ki\u015fi ba\u015f\u0131 yakla\u015f\u0131k 20 TL&#8217;ye mal olan bir sertifika al\u0131n.<\/li>\n<li>Yerel bir bankaya yeti\u015fkin ba\u015f\u0131na 10.000 ila 15.000 ABD Dolar\u0131 yat\u0131r\u0131n ve yat\u0131r\u0131lan tutar\u0131 ve hesap bakiyesini g\u00f6steren bir sertifika al\u0131n.<\/li>\n<li>Yabanc\u0131 belgeleri terc\u00fcme ettirin ve bir notere onaylat\u0131n.<\/li>\n<li>Resmi web sitesine kay\u0131t olun.<\/li>\n<li>Polis Karakoluna belgeleri sa\u011flay\u0131n (her ba\u015fvuru sahibi i\u00e7in ayr\u0131 belgeler).<\/li>\n<li>T\u0131bbi muayeneler ve sigorta i\u00e7in \u00f6deme ve kat\u0131l\u0131m<\/li>\n<li>\u00c7evrimi\u00e7i izin belgesi d\u00fczenlenmesi<\/li>\n<\/ul>\n<p><strong>KKTC&#8217;de gayrimenkul sat\u0131n alarak oturma izni.<\/strong><\/p>\n<p>Kuzey K\u0131br\u0131s&#8217;ta h\u0131zl\u0131 bir \u015fekilde oturma izni alman\u0131n en pop\u00fcler ve basit ikinci yolu gayrimenkul sat\u0131n almakt\u0131r. Prosed\u00fcr, sab\u0131ka kayd\u0131 olmad\u0131\u011f\u0131na dair bir sertifika sa\u011flanmas\u0131 GEREKMES\u0130 d\u0131\u015f\u0131nda, kiralama izniyle ayn\u0131d\u0131r. \u0130lk izin bir y\u0131l i\u00e7indir ve daha sonra hemen \u00fc\u00e7 y\u0131ll\u0131\u011f\u0131na uzat\u0131labilir. E\u015fler ve 18 ya\u015f\u0131n alt\u0131ndaki \u00e7ocuklar ayn\u0131 m\u00fclk i\u00e7in otomatik olarak oturma izni al\u0131rlar (aile oturma izni).<\/p>\n<p><strong>KKTC&#8217;de istihdam i\u00e7in KKTC oturma izni<\/strong><\/p>\n<p>Kuzey K\u0131br\u0131s&#8217;ta \u00e7al\u0131\u015fmak i\u00e7in \u00c7al\u0131\u015fma ve Sosyal G\u00fcvenlik Bakanl\u0131\u011f\u0131&#8217;n\u0131n onay\u0131 ile \u00e7al\u0131\u015fma vizesi alman\u0131z gerekmektedir. Sadece \u00e7al\u0131\u015fma izni ba\u015fvurusunda belirtilen \u015firket taraf\u0131ndan istihdam edilebilirsiniz. \u0130\u015fveren veya \u015eirket daha sonra \u00e7al\u0131\u015fan ad\u0131na oturma izni ba\u015fvurusunda bulunur. \u0130stihdam yoluyla oturma izni ba\u015fvurusunun i\u015fleme al\u0131nmas\u0131 yakla\u015f\u0131k d\u00f6rt ay s\u00fcrer ve bir y\u0131l s\u00fcreyle ge\u00e7erlidir.<\/p>\n<p><strong>KKTC&#8217;de giri\u015fimcinin oturma izni<\/strong> &#8211; bu, yat\u0131r\u0131mc\u0131lar\u0131n ve giri\u015fimcilerin a\u015fa\u011f\u0131daki prosed\u00fcrlere tabi olarak h\u0131zland\u0131r\u0131lm\u0131\u015f bir program arac\u0131l\u0131\u011f\u0131yla oturma izni almalar\u0131na olanak tan\u0131r:<\/p>\n<ul>\n<li>Mali \u00f6deme g\u00fcc\u00fcn\u00fcn kan\u0131t\u0131n\u0131 sa\u011flayarak giri\u015fte 30 g\u00fcnl\u00fck vize al\u0131n.<\/li>\n<li>Ticaret Odas\u0131na ba\u015fvurun ve \u00fclkede bir i\u015fyeri a\u00e7ma hakk\u0131 veren bir sertifika al\u0131n.<\/li>\n<li>Vergi ve g\u00f6\u00e7menlik hizmetlerine kay\u0131t olun.<\/li>\n<li>Bir banka hesab\u0131 a\u00e7\u0131n ve yetkili sermaye olarak en az 100.000 USD yat\u0131r\u0131n. Banka, gereklili\u011fin kar\u015f\u0131land\u0131\u011f\u0131na dair kan\u0131t olarak Kay\u0131t Odas\u0131na bir mektup sunar.<\/li>\n<li>En az 2 hissedar\u0131 ve 1 y\u00f6neticisi olan yerel bir \u015eirket kurun.<\/li>\n<li>Kuzey K\u0131br\u0131s&#8217;ta yerel bir ofis kurun.<\/li>\n<li>Yabanc\u0131 y\u00f6neticilerden vergi y\u00fck\u00fcml\u00fcl\u00fcklerine uyuldu\u011funa dair teminat mektubu sa\u011flay\u0131n.<\/li>\n<li>Yetkilendirilmi\u015f sermayenin serbest b\u0131rak\u0131lmas\u0131<\/li>\n<\/ul>\n<p><strong>Not<\/strong>: Kuzey K\u0131br\u0131s uygun bir vergi politikas\u0131na sahiptir. Ortalama KDV oran\u0131 %5, damga vergisi ise %0,5&#8217;tir. Yabanc\u0131 yat\u0131r\u0131mc\u0131lara y\u00f6nelik k\u0131s\u0131tlamalar yaln\u0131zca, \u015firket hisselerinin en fazla %49&#8217;unun yabanc\u0131 m\u00fclkiyetinde olmas\u0131na izin verilen in\u015faat sekt\u00f6r\u00fc i\u00e7in ge\u00e7erlidir.<\/p>\n<p>Kuzey K\u0131br\u0131s&#8217;ta giri\u015fimcinin oturma izninin s\u00fcresi 12 ayd\u0131r ve gelecekte y\u0131ll\u0131k olarak uzat\u0131labilir.[\/vc_column_text][\/vc_column_inner][vc_column_inner width=&#8221;1\/2&#8243;][vc_single_image image=&#8221;26678&#8243; img_size=&#8221;full&#8221; alignment=&#8221;center&#8221; css_animation=&#8221;fadeInDown&#8221;][vc_column_text]<strong>KKTC&#8217;de \u00f6\u011frenci oturma izni<\/strong> &#8211; sadece \u00fclkede ya\u015fama hakk\u0131 de\u011fil, ayn\u0131 zamanda Avrupa \u00fclkeleri taraf\u0131ndan tan\u0131nan y\u00fcksek \u00f6\u011frenim g\u00f6rme hakk\u0131 da verir.<\/p>\n<p><strong>KKTC&#8217;de Emekliler i\u00e7in Kuzey K\u0131br\u0131s&#8217;ta oturma izinleri<\/strong><\/p>\n<p>Kuzey K\u0131br\u0131s&#8217;ta 60 ya\u015f ve \u00fczeri yabanc\u0131 emekliler di\u011fer vatanda\u015flara g\u00f6re \u00e7ok daha kolay bir \u015fekilde oturma izni alabilirler, bu bir Kategori F oturma iznidir. Bu program kapsam\u0131nda ba\u015fvuru sahipleri i\u00e7in k\u0131s\u0131tlama, ba\u015fvuru sahibinin Avrupa Birli\u011fi \u00fcye \u00fclkesi vatanda\u015f\u0131 olmamas\u0131d\u0131r.<\/p>\n<p>Kuzey K\u0131br\u0131s&#8217;ta emekli oturma izni, \u00fclkede herhangi bir fiyattan ev sat\u0131n al\u0131narak al\u0131nabilir. Yabanc\u0131 emekliler, oturma izinlerinin verilmesinden \u00f6nce yasalar\u0131 ihlal etmeden \u00fclkede bir y\u0131la kadar ikamet etme hakk\u0131na sahiptir. Ayr\u0131ca, 60 ya\u015f\u0131n \u00fczerindeki bireylerin t\u0131bbi muayeneden ge\u00e7mesi gerekmemektedir.<\/p>\n<p><strong>KKTC&#8217;de oturma izni almak i\u00e7in gerekli standart belgelerin listesi<\/strong><\/p>\n<ol>\n<li>Bir KKTC bankas\u0131ndan veya yabanc\u0131 bir finans kurumundan banka hesap \u00f6zetleri gibi finansal istikrar kan\u0131t\u0131.<\/li>\n<li>Gayrimenkul i\u00e7in kira s\u00f6zle\u015fmesi veya sat\u0131\u015f s\u00f6zle\u015fmesi.<\/li>\n<li>Yabanc\u0131n\u0131n adresini teyit eden bir Muhtarl\u0131k Belgesi (yerel bir yetkiliden).<\/li>\n<li>3,5 x 4,5 cm boyutlar\u0131nda iki adet foto\u011fraf.<\/li>\n<li>Pasaport ve kopyalar\u0131.<\/li>\n<li>Oturma izni ba\u015fvurusu.<\/li>\n<li>Sa\u011fl\u0131k sigortas\u0131.<\/li>\n<li>Evlilik c\u00fczdan\u0131 (varsa).<\/li>\n<li>Sab\u0131ka kayd\u0131 olmad\u0131\u011f\u0131na dair belge (varsa).<\/li>\n<li>\u00c7ocuklar\u0131n do\u011fum belgeleri (varsa).<\/li>\n<li>Devlet har\u00e7lar\u0131n\u0131n \u00f6dendi\u011fine dair makbuz.<\/li>\n<li>T\u0131bbi muayene sonu\u00e7 belgesi (varsa).<\/li>\n<\/ol>\n<p>Ba\u015fvurulan ikamet izni t\u00fcr\u00fcne ba\u011fl\u0131 olarak, KKTC muhaceret dairesi ek belgeler talep edebilir.[\/vc_column_text][vc_btn title=&#8221;Daha Fazla Bilgi&#8221; style=&#8221;3d&#8221; color=&#8221;sky&#8221; size=&#8221;lg&#8221; align=&#8221;center&#8221; button_block=&#8221;true&#8221; el_class=&#8221;js-inquiry-toggle js-modal-callmeback&#8221;][\/vc_column_inner][\/vc_row_inner][vc_empty_space height=&#8221;52px&#8221;][vc_separator color=&#8221;green&#8221; border_width=&#8221;2&#8243;][vc_empty_space height=&#8221;52px&#8221;][vc_custom_heading text=&#8221;KUZEY KIBRIS T\u00dcRK CUMHUR\u0130YET\u0130 VATANDA\u015eLI\u011eI&#8221; font_container=&#8221;tag:h1|text_align:center&#8221;][vc_empty_space height=&#8221;52px&#8221;][vc_row_inner css=&#8221;.vc_custom_1654155606352{margin-right: 30px !important;margin-left: 30px !important;}&#8221;][vc_column_inner width=&#8221;1\/2&#8243;][vc_single_image image=&#8221;26703&#8243; img_size=&#8221;full&#8221; alignment=&#8221;center&#8221; css_animation=&#8221;fadeInDown&#8221;][\/vc_column_inner][vc_column_inner width=&#8221;1\/2&#8243; css=&#8221;.vc_custom_1654155648058{padding-right: 50px !important;padding-left: 50px !important;}&#8221;][vc_column_text]Kuzey K\u0131br\u0131s vatanda\u015f\u0131 olmak istiyorsan\u0131z a\u015fa\u011f\u0131daki kriterleri kar\u015f\u0131laman\u0131z gerekmektedir:<\/p>\n<ol>\n<li>Do\u011fum yoluyla vatanda\u015fl\u0131k<\/li>\n<li>Do\u011fum yerine g\u00f6re vatanda\u015fl\u0131k<\/li>\n<li>Evlat edinme yoluyla vatanda\u015fl\u0131k kazan\u0131m\u0131<\/li>\n<li>Bakanl\u0131k karar\u0131 ile vatanda\u015fl\u0131k kazan\u0131m\u0131<\/li>\n<li>Bakanlar Kurulu karar\u0131 ile vatanda\u015fl\u0131k kazan\u0131m\u0131<\/li>\n<li>KKTC vatanda\u015fl\u0131\u011f\u0131n\u0131n yasa ile kazan\u0131lmas\u0131.<\/li>\n<li>Evlat edinme yoluyla vatanda\u015fl\u0131k<\/li>\n<\/ol>\n<p>Kimlik veya KKTC pasaportu i\u00e7in ba\u015fvuru yapmadan \u00f6nce a\u015fa\u011f\u0131daki kriterlerden birini kar\u015f\u0131laman\u0131z gerekmektedir:<\/p>\n<ul>\n<li>En az bir K\u0131br\u0131sl\u0131 T\u00fcrk Ebeveyn.<\/li>\n<li>Medeni Durum: Bir KKTC vatanda\u015f\u0131 ile 1 y\u0131ldan fazla evli olmak.<\/li>\n<li>KKTC do\u011fum belgesine sahibim.<\/li>\n<li>K\u0131br\u0131s&#8217;ta 5 y\u0131ldan fazla ikamet etmi\u015f olmak.<\/li>\n<li>Akrabam K\u0131br\u0131s Bar\u0131\u015f Harekat\u0131&#8217;na kat\u0131ld\u0131.<\/li>\n<\/ul>\n<p><strong>Not<\/strong>: KKTC&#8217;de gayrimenkul sat\u0131n alarak vatanda\u015fl\u0131k de\u011fil oturma izni alabilirsiniz.[\/vc_column_text][vc_btn title=&#8221;Daha Fazla Bilgi&#8221; style=&#8221;3d&#8221; color=&#8221;sky&#8221; size=&#8221;lg&#8221; align=&#8221;center&#8221; button_block=&#8221;true&#8221; el_class=&#8221;js-inquiry-toggle js-modal-callmeback&#8221;][\/vc_column_inner][\/vc_row_inner][vc_empty_space][\/vc_column][\/vc_row][vc_row full_width=&#8221;stretch_row_content_no_spaces&#8221; css=&#8221;.vc_custom_1654172078680{background-image: url(https:\/\/bestinvest.com.tr\/wp-content\/uploads\/2022\/06\/fon.jpg?id=7591) !important;}&#8221; el_class=&#8221;asking-row&#8221;][vc_column width=&#8221;1\/4&#8243;][vc_empty_space][\/vc_column][vc_column width=&#8221;3\/4&#8243;][vc_row_inner][vc_column_inner width=&#8221;1\/4&#8243;][\/vc_column_inner][vc_column_inner width=&#8221;1\/2&#8243;][vc_column_text]<\/p>\n<div style=\"color: #fff;\">\n<div style=\"color: #fff;\">\n<p>KKTC&#8217;deki prosed\u00fcr hakk\u0131nda hala sorular\u0131n\u0131z m\u0131 var?<\/p>\n<p>\u0130leti\u015fim bilgilerinizi b\u0131rak\u0131n, y\u00f6neticimiz k\u0131sa s\u00fcre i\u00e7inde sizinle ileti\u015fime ge\u00e7ecektir.<\/p>\n<\/div>\n<\/div>\n<p>[\/vc_column_text][vc_btn title=&#8221;Dan\u0131\u015fmanl\u0131k Almak \u0130\u00e7in&#8221; style=&#8221;custom&#8221; custom_background=&#8221;#81d742&#8243; custom_text=&#8221;#ffffff&#8221; align=&#8221;center&#8221; el_class=&#8221;js-inquiry-toggle js-modal-callmeback&#8221;][\/vc_column_inner][vc_column_inner width=&#8221;1\/4&#8243;][\/vc_column_inner][\/vc_row_inner][\/vc_column][\/vc_row]<\/p>\n","protected":false},"excerpt":{"rendered":"<p>[vc_row full_width=&#8221;stretch_row_content_no_spaces&#8221; equal_height=&#8221;yes&#8221; content_placement=&#8221;middle&#8221;][vc_column width=&#8221;1\/4&#8243;][\/vc_column][vc_column width=&#8221;1\/4&#8243;][vc_empty_space height=&#8221;52px&#8221;][vc_btn title=&#8221;G\u00fcney K\u0131br\u0131s&#8217;ta Vatanda\u015fl\u0131k &amp; Oturma \u0130zni&#8221; style=&#8221;3d&#8221; color=&#8221;green&#8221; size=&#8221;lg&#8221; align=&#8221;center&#8221; link=&#8221;url:https%3A%2F%2Fbestinvest.com.tr%2Ftr%2Fresidency-citizenship-in-the-republic-of-cyprus%2F&#8221;][\/vc_column][vc_column width=&#8221;1\/4&#8243;][vc_empty_space height=&#8221;52px&#8221;][vc_btn title=&#8221;T\u00fcrkiye&#8217;de Vatanda\u015fl\u0131k ve Oturma \u0130zni&#8221; style=&#8221;3d&#8221; color=&#8221;green&#8221; size=&#8221;lg&#8221; align=&#8221;center&#8221; link=&#8221;url:https%3A%2F%2Fbestinvest.com.tr%2F%25d0%25be%25d1%2584%25d0%25be%25d1%2580%25d0%25bc%25d0%25bb%25d0%25b5%25d0%25bd%25d0%25b8%25d0%25b5-%25d0%25b2%25d0%25b8%25d0%25b4%25d0%25b0-%25d0%25bd%25d0%25b0-%25d0%25b6%25d0%25b8%25d1%2582%25d0%25b5%25d0%25bb%25d1%258c%25d1%2581%25d1%2582%25d0%25b2%25d0%25be%2F&#8221;][\/vc_column][vc_column width=&#8221;1\/4&#8243;][\/vc_column][\/vc_row][vc_row full_width=&#8221;stretch_row_content_no_spaces&#8221;][vc_column][vc_empty_space height=&#8221;52px&#8221;][vc_custom_heading text=&#8221;Kuzey K\u0131br\u0131s&#8217;ta Vatanda\u015fl\u0131k ve Oturma \u0130zni&#8221; font_container=&#8221;tag:h1|text_align:center&#8221;][vc_empty_space height=&#8221;52px&#8221;][vc_row_inner css=&#8221;.vc_custom_1654155606352{margin-right: 30px !important;margin-left: 30px !important;}&#8221;][vc_column_inner width=&#8221;1\/2&#8243; css=&#8221;.vc_custom_1654155648058{padding-right: 50px !important;padding-left: 50px !important;}&#8221;][vc_column_text] 2023&#8217;te Kuzey K\u0131br\u0131s&#8217;a [&hellip;]<\/p>\n","protected":false},"author":11,"featured_media":0,"parent":0,"menu_order":0,"comment_status":"closed","ping_status":"closed","template":"","meta":{"inline_featured_image":false,"footnotes":""},"class_list":["post-26664","page","type-page","status-publish","hentry"],"_links":{"self":[{"href":"https:\/\/bestinvest.com.tr\/tr\/wp-json\/wp\/v2\/pages\/26664","targetHints":{"allow":["GET"]}}],"collection":[{"href":"https:\/\/bestinvest.com.tr\/tr\/wp-json\/wp\/v2\/pages"}],"about":[{"href":"https:\/\/bestinvest.com.tr\/tr\/wp-json\/wp\/v2\/types\/page"}],"author":[{"embeddable":true,"href":"https:\/\/bestinvest.com.tr\/tr\/wp-json\/wp\/v2\/users\/11"}],"replies":[{"embeddable":true,"href":"https:\/\/bestinvest.com.tr\/tr\/wp-json\/wp\/v2\/comments?post=26664"}],"version-history":[{"count":0,"href":"https:\/\/bestinvest.com.tr\/tr\/wp-json\/wp\/v2\/pages\/26664\/revisions"}],"wp:attachment":[{"href":"https:\/\/bestinvest.com.tr\/tr\/wp-json\/wp\/v2\/media?parent=26664"}],"curies":[{"name":"wp","href":"https:\/\/api.w.org\/{rel}","templated":true}]}}