{"id":26740,"date":"2023-08-04T11:04:52","date_gmt":"2023-08-04T11:04:52","guid":{"rendered":"https:\/\/bestinvest.com.tr\/?page_id=26740"},"modified":"2026-02-05T11:19:39","modified_gmt":"2026-02-05T11:19:39","slug":"ikamet-block-kktc","status":"publish","type":"page","link":"https:\/\/bestinvest.com.tr\/tr\/ikamet-block-kktc\/","title":{"rendered":"ikamet block kktc"},"content":{"rendered":"<p>[vc_row css=&#8221;.vc_custom_1667551928056{background-color: #ffffff !important;}&#8221;][vc_column width=&#8221;1\/2&#8243;][vc_column_text]<\/p>\n<h2>KKTC&#8217;de \u0130kamet ve Vatanda\u015fl\u0131k<\/h2>\n<p>[\/vc_column_text][vc_column_text]Kuzey K\u0131br\u0131s T\u00fcrk Cumhuriyeti&#8217;nde ikamet ve vatanda\u015fl\u0131k elde etmek i\u00e7in bireylerin sistematik bir s\u00fcreci takip etmeleri gerekmektedir. \u0130kamet i\u00e7in, ba\u015fvuru sahipleri istihdam, m\u00fclk sahipli\u011fi veya aile ba\u011flar\u0131na dayal\u0131 ge\u00e7ici veya kal\u0131c\u0131 izinler i\u00e7in ba\u015fvurabilirler. Belirli mali kriterleri kar\u015f\u0131lamalar\u0131 ve gerekli belgeleri sunmalar\u0131 gerekmektedir. Kuzey K\u0131br\u0131s&#8217;ta yakla\u015f\u0131k be\u015f y\u0131l ikamet ettikten sonra, ba\u015fvuru sahipleri vatanda\u015fl\u0131\u011fa kabul yoluyla vatanda\u015fl\u0131k ba\u015fvurusunda bulunmaya hak kazan\u0131rlar. Ba\u015far\u0131l\u0131 bir ba\u015fvuru i\u00e7in profesyonel tavsiye almak ve yerel d\u00fczenlemeleri anlamak \u015fartt\u0131r, Best Invest bu s\u00fcre\u00e7te yard\u0131mc\u0131 olmaktad\u0131r.[\/vc_column_text][vc_btn title=&#8221;Daha Fazla Bilgi&#8221; style=&#8221;3d&#8221; color=&#8221;danger&#8221; align=&#8221;center&#8221; i_icon_fontawesome=&#8221;fas fa-angle-right&#8221; button_block=&#8221;true&#8221; add_icon=&#8221;true&#8221; link=&#8221;url:https%3A%2F%2Fbestinvest.com.tr%2Ftr%2Fresidency-citizenship-in-trnc%2F|title:Oturma%20%C4%B0zni%20Kayd%C4%B1&#8243;][\/vc_column][vc_column width=&#8221;1\/2&#8243;][vc_single_image image=&#8221;26741&#8243; img_size=&#8221;full&#8221; onclick=&#8221;custom_link&#8221; link=&#8221;\/\u043e\u0444\u043e\u0440\u043c\u043b\u0435\u043d\u0438\u0435-\u0432\u0438\u0434\u0430-\u043d\u0430-\u0436\u0438\u0442\u0435\u043b\u044c\u0441\u0442\u0432\u043e\/&#8221;][\/vc_column][\/vc_row]<\/p>\n","protected":false},"excerpt":{"rendered":"<p>[vc_row css=&#8221;.vc_custom_1667551928056{background-color: #ffffff !important;}&#8221;][vc_column width=&#8221;1\/2&#8243;][vc_column_text] KKTC&#8217;de \u0130kamet ve Vatanda\u015fl\u0131k [\/vc_column_text][vc_column_text]Kuzey K\u0131br\u0131s T\u00fcrk Cumhuriyeti&#8217;nde ikamet ve vatanda\u015fl\u0131k elde etmek i\u00e7in bireylerin sistematik bir s\u00fcreci takip etmeleri gerekmektedir. \u0130kamet i\u00e7in, ba\u015fvuru sahipleri istihdam, m\u00fclk sahipli\u011fi veya aile ba\u011flar\u0131na dayal\u0131 ge\u00e7ici veya kal\u0131c\u0131 izinler i\u00e7in ba\u015fvurabilirler. Belirli mali kriterleri kar\u015f\u0131lamalar\u0131 ve gerekli belgeleri sunmalar\u0131 gerekmektedir. Kuzey K\u0131br\u0131s&#8217;ta yakla\u015f\u0131k [&hellip;]<\/p>\n","protected":false},"author":11,"featured_media":0,"parent":0,"menu_order":0,"comment_status":"closed","ping_status":"closed","template":"","meta":{"inline_featured_image":false,"footnotes":""},"class_list":["post-26740","page","type-page","status-publish","hentry"],"_links":{"self":[{"href":"https:\/\/bestinvest.com.tr\/tr\/wp-json\/wp\/v2\/pages\/26740","targetHints":{"allow":["GET"]}}],"collection":[{"href":"https:\/\/bestinvest.com.tr\/tr\/wp-json\/wp\/v2\/pages"}],"about":[{"href":"https:\/\/bestinvest.com.tr\/tr\/wp-json\/wp\/v2\/types\/page"}],"author":[{"embeddable":true,"href":"https:\/\/bestinvest.com.tr\/tr\/wp-json\/wp\/v2\/users\/11"}],"replies":[{"embeddable":true,"href":"https:\/\/bestinvest.com.tr\/tr\/wp-json\/wp\/v2\/comments?post=26740"}],"version-history":[{"count":0,"href":"https:\/\/bestinvest.com.tr\/tr\/wp-json\/wp\/v2\/pages\/26740\/revisions"}],"wp:attachment":[{"href":"https:\/\/bestinvest.com.tr\/tr\/wp-json\/wp\/v2\/media?parent=26740"}],"curies":[{"name":"wp","href":"https:\/\/api.w.org\/{rel}","templated":true}]}}