{"id":26743,"date":"2023-08-04T11:19:02","date_gmt":"2023-08-04T11:19:02","guid":{"rendered":"https:\/\/bestinvest.com.tr\/?page_id=26743"},"modified":"2026-02-05T11:19:34","modified_gmt":"2026-02-05T11:19:34","slug":"guney-kibris-vatandasligi","status":"publish","type":"page","link":"https:\/\/bestinvest.com.tr\/tr\/guney-kibris-vatandasligi\/","title":{"rendered":"G\u00fcney K\u0131br\u0131s Vatanda\u015fl\u0131\u011f\u0131"},"content":{"rendered":"<p>[vc_row css=&#8221;.vc_custom_1667551928056{background-color: #ffffff !important;}&#8221;][vc_column width=&#8221;1\/2&#8243;][vc_single_image image=&#8221;26703&#8243; img_size=&#8221;full&#8221; onclick=&#8221;custom_link&#8221; link=&#8221;\/\u0440\u0443\u0441\u0441\u043a\u0438\u0439-\u0433\u0440\u0430\u0436\u0434\u0430\u043d\u0441\u0442\u0432\u043e-\u0432-\u0442\u0443\u0440\u0446\u0438\u0438-\u0437\u0430-\u0438\u043d\u0432\u0435\u0441\/&#8221;][\/vc_column][vc_column width=&#8221;1\/2&#8243;][vc_column_text]<\/p>\n<h2>K\u0131br\u0131s Cumhuriyeti Vatanda\u015fl\u0131\u011f\u0131 ve \u0130kamet!<\/h2>\n<p>[\/vc_column_text][vc_column_text]K\u0131br\u0131s Cumhuriyeti&#8217;nde ikamet ve vatanda\u015fl\u0131k almak, daha iyi ya\u015fam standartlar\u0131, geli\u015fmi\u015f kariyer beklentileri, sosyal hizmetlere eri\u015fim ve nihayetinde d\u00fcnya \u00e7ap\u0131nda 168 \u00fclkeye \u00fccretsiz eri\u015fim gibi \u00e7e\u015fitli avantajlar sunan, hayat de\u011fi\u015ftiren bir f\u0131rsat olabilir. S\u00fcre\u00e7ler iyi bir \u015fekilde olu\u015fturulmu\u015ftur ve Best Invest, arzu etti\u011finiz sonucu g\u00fcvence alt\u0131na almak i\u00e7in rehberlik, yard\u0131m ve destek sa\u011flayabilir. Ba\u015far\u0131l\u0131 bir ba\u015fvuru i\u00e7in profesyonel hukuki tavsiye almak ve yerel yasa ve y\u00f6netmelikleri anlamak \u00e7ok \u00f6nemlidir.[\/vc_column_text][vc_btn title=&#8221;Daha Fazla Bilgi&#8221; style=&#8221;3d&#8221; color=&#8221;success&#8221; align=&#8221;center&#8221; i_icon_fontawesome=&#8221;fas fa-angle-right&#8221; button_block=&#8221;true&#8221; add_icon=&#8221;true&#8221; link=&#8221;url:https%3A%2F%2Fbestinvest.com.tr%2Ftr%2Fresidency-citizenship-in-the-republic-of-cyprus%2F&#8221;][\/vc_column][\/vc_row]<\/p>\n","protected":false},"excerpt":{"rendered":"<p>[vc_row css=&#8221;.vc_custom_1667551928056{background-color: #ffffff !important;}&#8221;][vc_column width=&#8221;1\/2&#8243;][vc_single_image image=&#8221;26703&#8243; img_size=&#8221;full&#8221; onclick=&#8221;custom_link&#8221; link=&#8221;\/\u0440\u0443\u0441\u0441\u043a\u0438\u0439-\u0433\u0440\u0430\u0436\u0434\u0430\u043d\u0441\u0442\u0432\u043e-\u0432-\u0442\u0443\u0440\u0446\u0438\u0438-\u0437\u0430-\u0438\u043d\u0432\u0435\u0441\/&#8221;][\/vc_column][vc_column width=&#8221;1\/2&#8243;][vc_column_text] K\u0131br\u0131s Cumhuriyeti Vatanda\u015fl\u0131\u011f\u0131 ve \u0130kamet! [\/vc_column_text][vc_column_text]K\u0131br\u0131s Cumhuriyeti&#8217;nde ikamet ve vatanda\u015fl\u0131k almak, daha iyi ya\u015fam standartlar\u0131, geli\u015fmi\u015f kariyer beklentileri, sosyal hizmetlere eri\u015fim ve nihayetinde d\u00fcnya \u00e7ap\u0131nda 168 \u00fclkeye \u00fccretsiz eri\u015fim gibi \u00e7e\u015fitli avantajlar sunan, hayat de\u011fi\u015ftiren bir f\u0131rsat olabilir. S\u00fcre\u00e7ler iyi bir \u015fekilde olu\u015fturulmu\u015ftur ve Best [&hellip;]<\/p>\n","protected":false},"author":11,"featured_media":0,"parent":0,"menu_order":0,"comment_status":"closed","ping_status":"closed","template":"","meta":{"inline_featured_image":false,"footnotes":""},"class_list":["post-26743","page","type-page","status-publish","hentry"],"_links":{"self":[{"href":"https:\/\/bestinvest.com.tr\/tr\/wp-json\/wp\/v2\/pages\/26743","targetHints":{"allow":["GET"]}}],"collection":[{"href":"https:\/\/bestinvest.com.tr\/tr\/wp-json\/wp\/v2\/pages"}],"about":[{"href":"https:\/\/bestinvest.com.tr\/tr\/wp-json\/wp\/v2\/types\/page"}],"author":[{"embeddable":true,"href":"https:\/\/bestinvest.com.tr\/tr\/wp-json\/wp\/v2\/users\/11"}],"replies":[{"embeddable":true,"href":"https:\/\/bestinvest.com.tr\/tr\/wp-json\/wp\/v2\/comments?post=26743"}],"version-history":[{"count":0,"href":"https:\/\/bestinvest.com.tr\/tr\/wp-json\/wp\/v2\/pages\/26743\/revisions"}],"wp:attachment":[{"href":"https:\/\/bestinvest.com.tr\/tr\/wp-json\/wp\/v2\/media?parent=26743"}],"curies":[{"name":"wp","href":"https:\/\/api.w.org\/{rel}","templated":true}]}}