{"id":40498,"date":"2025-07-03T10:38:31","date_gmt":"2025-07-03T10:38:31","guid":{"rendered":"https:\/\/bestinvest.com.tr\/?page_id=40498"},"modified":"2026-02-05T11:16:11","modified_gmt":"2026-02-05T11:16:11","slug":"free-property-valuation","status":"publish","type":"page","link":"https:\/\/bestinvest.com.tr\/tr\/free-property-valuation\/","title":{"rendered":"\u00dccretsiz Gayrimenkul De\u011ferlemesi"},"content":{"rendered":"<p>[vc_row][vc_column width=&#8221;1\/2&#8243;][vc_column_text]<\/p>\n<h3><\/h3>\n<h3>M\u00fclk\u00fcn\u00fcz\u00fcn Ger\u00e7ek De\u011ferini \u00d6\u011frenin \u2013 \u00dccretsiz!<\/h3>\n<p><strong>Best Invest | Forbes Global Properties<\/strong> olarak, bilin\u00e7li kararlar alman\u0131za yard\u0131mc\u0131 olmak i\u00e7in <strong>profesyonel, do\u011fru ve tamamen \u00fccretsiz<\/strong> bir gayrimenkul de\u011ferleme hizmeti sunuyoruz. Evinizi, dairenizi veya yat\u0131r\u0131m ama\u00e7l\u0131 gayrimenkul\u00fcn\u00fcz\u00fc satmay\u0131 d\u00fc\u015f\u00fcn\u00fcyorsan\u0131z, uzman ekibimiz de\u011ferlemeden sat\u0131\u015f\u0131n tamamlanmas\u0131na kadar t\u00fcm s\u00fcreci sorunsuz ve \u015feffaf bir \u015fekilde y\u00f6nlendirmek i\u00e7in yan\u0131n\u0131zda.<\/p>\n<p>&nbsp;<\/p>\n<h3>Neden \u00dccretsiz De\u011ferleme Hizmetimizi Se\u00e7melisiniz?<\/h3>\n<ol>\n<li><strong>20 Y\u0131l\u0131 A\u015fk\u0131n Deneyim<\/strong><br \/>\nOnlarca y\u0131ll\u0131k piyasa bilgisi ve pratik deneyime sahip ekibimiz, mevcut piyasa dinamikleri, konum ve durumunuza g\u00f6re m\u00fclk\u00fcn\u00fcz\u00fcn ger\u00e7ek de\u011ferini nas\u0131l de\u011ferlendirece\u011fini bilir.<\/li>\n<li><strong>Uluslararas\u0131 A\u011f<\/strong><br \/>\nT\u00fcrkiye, Avrupa ve Orta Do\u011fu&#8217;da geni\u015f bir al\u0131c\u0131 ve yat\u0131r\u0131mc\u0131 a\u011f\u0131yla \u00e7al\u0131\u015farak, daha h\u0131zl\u0131 ve ak\u0131ll\u0131 bir \u015fekilde sat\u0131\u015f yapman\u0131za yard\u0131mc\u0131 oluyoruz.<\/li>\n<li><strong>\u00c7ok Dilli Destek<\/strong><br \/>\nSizin dilinizi konu\u015fuyoruz! Ekibimiz \u015fu dillerde hizmet vermektedir:<br \/>\n<strong>T\u00fcrk\u00e7e, \u0130ngilizce, Almanca, Rus\u00e7a, \u0130rlandaca, \u0130sve\u00e7\u00e7e, Frans\u0131zca, Arap\u00e7a, Ukraynaca ve Balt\u0131k dilleri.<\/strong><\/li>\n<li><strong>Kapsaml\u0131 Sat\u0131\u015f Deste\u011fi \u2013 A&#8217;dan Z&#8217;ye<\/strong><br \/>\nDe\u011ferleme ile yetinmiyoruz. A\u015fa\u011f\u0131dakiler dahil olmak \u00fczere tam hizmet deste\u011fi sunuyoruz:<\/li>\n<\/ol>\n<ul>\n<li>Profesyonel foto\u011fraf\u00e7\u0131l\u0131k ve pazarlama<\/li>\n<li>En iyi uluslararas\u0131 ve yerel platformlarda listeleme<\/li>\n<li>Hukuki destek ve belge i\u015flemleri<\/li>\n<li>Al\u0131c\u0131 tarama ve m\u00fczakere<\/li>\n<li>Sorunsuz ve g\u00fcvenli kapan\u0131\u015f<\/li>\n<\/ul>\n<p>&nbsp;<\/p>\n<h3>Bu Hizmet Kimler \u0130\u00e7in?<\/h3>\n<ul>\n<li>Sat\u0131\u015f planlayan ev sahipleri<\/li>\n<li>Getirisini optimize etmek isteyen yat\u0131r\u0131mc\u0131lar<\/li>\n<li>T\u00fcrkiye&#8217;deki m\u00fclklerinin mevcut de\u011ferini merak eden yabanc\u0131 sahipler<\/li>\n<\/ul>\n<p>[\/vc_column_text][\/vc_column][vc_column width=&#8221;1\/2&#8243;][vc_single_image image=&#8221;40520&#8243; img_size=&#8221;large&#8221; alignment=&#8221;right&#8221;][vc_column_text]<\/p>\n<h3>M\u00fclk\u00fcn\u00fcz\u00fcn de\u011ferini \u00f6\u011frenmeye haz\u0131r m\u0131s\u0131n\u0131z?<\/h3>\n<p>A\u015fa\u011f\u0131daki ileti\u015fim d\u00fc\u011fmesine t\u0131klay\u0131n, size uygun bir zamanda \u00fccretsiz ve ba\u011flay\u0131c\u0131 olmayan bir de\u011ferleme ayarlayal\u0131m.<\/p>\n<h3 style=\"text-align: center;\">M\u00fclk\u00fcn\u00fcz k\u00fcresel \u00e7apta tan\u0131t\u0131lmay\u0131 hak ediyor. Uzmanlar\u0131m\u0131z, tahminlere gerek kalmadan en iyi de\u011feri elde etmenize yard\u0131mc\u0131 olacak.<\/h3>\n<p>[\/vc_column_text][vc_btn title=&#8221;B\u0130Z\u0130MLE \u0130LET\u0130\u015e\u0130ME GE\u00c7\u0130N&#8221; style=&#8221;3d&#8221; color=&#8221;green&#8221; size=&#8221;lg&#8221; align=&#8221;center&#8221; css_animation=&#8221;fadeInUp&#8221; button_block=&#8221;true&#8221; link=&#8221;url:https%3A%2F%2Fapi.whatsapp.com%2Fsend%2F%3Fphone%3D%252B905358269194%26text%26type%3Dphone_number%26app_absent%3D0|target:_blank&#8221;][vc_empty_space][\/vc_column][\/vc_row]<\/p>\n","protected":false},"excerpt":{"rendered":"<p>[vc_row][vc_column width=&#8221;1\/2&#8243;][vc_column_text] M\u00fclk\u00fcn\u00fcz\u00fcn Ger\u00e7ek De\u011ferini \u00d6\u011frenin \u2013 \u00dccretsiz! Best Invest | Forbes Global Properties olarak, bilin\u00e7li kararlar alman\u0131za yard\u0131mc\u0131 olmak i\u00e7in profesyonel, do\u011fru ve tamamen \u00fccretsiz bir gayrimenkul de\u011ferleme hizmeti sunuyoruz. Evinizi, dairenizi veya yat\u0131r\u0131m ama\u00e7l\u0131 gayrimenkul\u00fcn\u00fcz\u00fc satmay\u0131 d\u00fc\u015f\u00fcn\u00fcyorsan\u0131z, uzman ekibimiz de\u011ferlemeden sat\u0131\u015f\u0131n tamamlanmas\u0131na kadar t\u00fcm s\u00fcreci sorunsuz ve \u015feffaf bir \u015fekilde y\u00f6nlendirmek i\u00e7in yan\u0131n\u0131zda. [&hellip;]<\/p>\n","protected":false},"author":11,"featured_media":0,"parent":0,"menu_order":0,"comment_status":"closed","ping_status":"closed","template":"","meta":{"inline_featured_image":false,"footnotes":""},"class_list":["post-40498","page","type-page","status-publish","hentry"],"_links":{"self":[{"href":"https:\/\/bestinvest.com.tr\/tr\/wp-json\/wp\/v2\/pages\/40498","targetHints":{"allow":["GET"]}}],"collection":[{"href":"https:\/\/bestinvest.com.tr\/tr\/wp-json\/wp\/v2\/pages"}],"about":[{"href":"https:\/\/bestinvest.com.tr\/tr\/wp-json\/wp\/v2\/types\/page"}],"author":[{"embeddable":true,"href":"https:\/\/bestinvest.com.tr\/tr\/wp-json\/wp\/v2\/users\/11"}],"replies":[{"embeddable":true,"href":"https:\/\/bestinvest.com.tr\/tr\/wp-json\/wp\/v2\/comments?post=40498"}],"version-history":[{"count":0,"href":"https:\/\/bestinvest.com.tr\/tr\/wp-json\/wp\/v2\/pages\/40498\/revisions"}],"wp:attachment":[{"href":"https:\/\/bestinvest.com.tr\/tr\/wp-json\/wp\/v2\/media?parent=40498"}],"curies":[{"name":"wp","href":"https:\/\/api.w.org\/{rel}","templated":true}]}}