{"id":7604,"date":"2022-06-02T17:03:08","date_gmt":"2022-06-02T17:03:08","guid":{"rendered":"https:\/\/bestinvest.com.tr\/?page_id=7604"},"modified":"2026-02-05T11:25:12","modified_gmt":"2026-02-05T11:25:12","slug":"%d0%bf%d1%80%d0%be%d1%86%d0%b5%d0%b4%d1%83%d1%80%d0%b0-%d0%bf%d0%be%d0%ba%d1%83%d0%bf%d0%ba%d0%b8-%d0%bd%d0%b5%d0%b4%d0%b2%d0%b8%d0%b6%d0%b8%d0%bc%d0%be%d1%81%d1%82%d0%b8-%d0%b2-%d1%82%d1%83%d1%80","status":"publish","type":"page","link":"https:\/\/bestinvest.com.tr\/tr\/%d0%bf%d1%80%d0%be%d1%86%d0%b5%d0%b4%d1%83%d1%80%d0%b0-%d0%bf%d0%be%d0%ba%d1%83%d0%bf%d0%ba%d0%b8-%d0%bd%d0%b5%d0%b4%d0%b2%d0%b8%d0%b6%d0%b8%d0%bc%d0%be%d1%81%d1%82%d0%b8-%d0%b2-%d1%82%d1%83%d1%80\/","title":{"rendered":"T\u00dcRK\u0130YE&#8217;DE M\u00dcLK SATIN ALMA PROSED\u00dcR\u00dc"},"content":{"rendered":"<p>[vc_row full_width=&#8221;stretch_row_content_no_spaces&#8221;][vc_column][vc_empty_space height=&#8221;52px&#8221;][vc_custom_heading text=&#8221;T\u00dcRK\u0130YE&#8217;DE M\u00dcLK SATIN ALMA PROSED\u00dcR\u00dc&#8221; font_container=&#8221;tag:h1|text_align:center&#8221;][vc_empty_space height=&#8221;52px&#8221;][vc_row_inner css=&#8221;.vc_custom_1654155606352{margin-right: 30px !important;margin-left: 30px !important;}&#8221;][vc_column_inner width=&#8221;1\/2&#8243; css=&#8221;.vc_custom_1654155648058{padding-right: 50px !important;padding-left: 50px !important;}&#8221;][vc_column_text]Yurtd\u0131\u015f\u0131nda gayrimenkul edinimi, sat\u0131n alma sonucunun al\u0131c\u0131y\u0131 tam olarak tatmin etmeme olas\u0131l\u0131\u011f\u0131n\u0131n bulundu\u011fu bilgisi olmadan bir\u00e7ok n\u00fcansla ili\u015fkilidir.<\/p>\n<p>Gelecekteki mal sahibinin, sadece do\u011fru konutu se\u00e7mesi de\u011fil; ayn\u0131 zamanda i\u015flemin t\u00fcm a\u015famalar\u0131n\u0131, belgelerin do\u011frulanmas\u0131n\u0131 ve haz\u0131rlanmas\u0131n\u0131, ilgili maliyetleri ve m\u00fclk\u00fcn bak\u0131m\u0131n\u0131 da anlamas\u0131 gerekir.<\/p>\n<h4>T\u00fcrkiye&#8217;de m\u00fclk sat\u0131n al\u0131yorsan\u0131z, en iyi karar, lisansl\u0131 bir emlak \u015firketi olan BEST INVEST&#8217;in deste\u011fini almakt\u0131r.<\/h4>\n<p>Uzmanlar\u0131m\u0131z T\u00fcrk mevzuat\u0131n\u0131 tam olarak biliyor, i\u015flem i\u00e7in tam destek sa\u011fl\u0131yor ve ilgili sorunlar\u0131n \u00e7\u00f6z\u00fclmesine yard\u0131mc\u0131 oluyor.<\/p>\n<h4>T\u00fcrkiye&#8217;de bir ev sat\u0131n alma prosed\u00fcr\u00fc birka\u00e7 a\u015famadan olu\u015fur:<\/h4>\n<p>[\/vc_column_text][\/vc_column_inner][vc_column_inner width=&#8221;1\/2&#8243;][vc_single_image image=&#8221;7503&#8243; img_size=&#8221;full&#8221; alignment=&#8221;center&#8221; css_animation=&#8221;fadeInDown&#8221;][\/vc_column_inner][\/vc_row_inner][\/vc_column][\/vc_row][vc_row full_width=&#8221;stretch_row_content_no_spaces&#8221; css=&#8221;.vc_custom_1654157178537{background-color: #252c40 !important;}&#8221;][vc_column][vc_row_inner][vc_column_inner width=&#8221;1\/3&#8243;][vc_custom_heading text=&#8221;1&#8243; font_container=&#8221;tag:h2|font_size:120px|text_align:center|color:%23ffffff&#8221; google_fonts=&#8221;font_family:Open%20Sans%20Condensed%3A300%2C300italic%2C700|font_style:700%20bold%20regular%3A700%3Anormal&#8221; css=&#8221;.vc_custom_1654170910107{margin-top: 90px !important;margin-bottom: 90px !important;}&#8221;][\/vc_column_inner][vc_column_inner el_class=&#8221;text-white&#8221; width=&#8221;1\/3&#8243; css=&#8221;.vc_custom_1654240815613{border-right-width: 1px !important;border-right-color: #e8e8e8 !important;}&#8221;][vc_column_text]<\/p>\n<h4><span style=\"color: #ffffff;\">M\u00fclk Se\u00e7imi<\/span><\/h4>\n<p><span style=\"color: #ffffff;\">BEST INVEST olarak, \u015firketimizin web sitesi, T\u00fcrkiye&#8217;nin en iyi b\u00f6lgelerinde bulunan b\u00fcy\u00fck bir m\u00fclk veri taban\u0131 sunmaktad\u0131r:<\/span><\/p>\n<ul>\n<li><span style=\"color: #ffffff;\">\u0130n\u015faattan daireler<\/span><\/li>\n<li><span style=\"color: #ffffff;\">\u0130kinci el piyasas\u0131ndaki konutlar<\/span><\/li>\n<li><span style=\"color: #ffffff;\">\u00d6zel teklifler<\/span><\/li>\n<li><span style=\"color: #ffffff;\">&#8220;S\u0131cak&#8221; teklifler<\/span><\/li>\n<\/ul>\n<p><span style=\"color: #ffffff;\">Y\u00f6neticilerimiz, tercihlerinize ve b\u00fct\u00e7enize g\u00f6re en uygun se\u00e7enekleri se\u00e7menize hemen yard\u0131mc\u0131 olacakt\u0131r.<\/span>[\/vc_column_text][\/vc_column_inner][vc_column_inner width=&#8221;1\/3&#8243; css=&#8221;.vc_custom_1654170921454{margin-top: 90px !important;margin-bottom: 90px !important;}&#8221;][vc_single_image image=&#8221;7552&#8243; img_size=&#8221;full&#8221; alignment=&#8221;center&#8221; css_animation=&#8221;fadeInUp&#8221;][\/vc_column_inner][\/vc_row_inner][\/vc_column][\/vc_row][vc_row full_width=&#8221;stretch_row_content_no_spaces&#8221; css=&#8221;.vc_custom_1654167997538{background-color: #1e73be !important;}&#8221; el_class=&#8221;clean-wc-row&#8221;][vc_column width=&#8221;1\/3&#8243; css=&#8221;.vc_custom_1654240909793{padding-right: 30px !important;padding-left: 30px !important;}&#8221; el_class=&#8221;text-white&#8221;][vc_empty_space][vc_column_text]<\/p>\n<div style=\"font-size: 13px;\">\n<h4 style=\"color: #fff;\"><span style=\"color: #ffffff;\">\u0130nceleme Turu<\/span><\/h4>\n<p style=\"color: #fff;\"><span style=\"color: #ffffff;\">Ba\u015far\u0131l\u0131 bir gayrimenkul sat\u0131n alman\u0131n anahtar\u0131n\u0131n profesyonelce organize edilmi\u015f bir g\u00f6r\u00fcnt\u00fcleme, dan\u0131\u015fman yard\u0131m\u0131 ve\u00a0 &#8220;canl\u0131&#8221; ileti\u015fim oldu\u011fundan eminiz, bu nedenle sizi BEST INVEST&#8217;ten \u00fccretsiz bir tura davet ediyoruz. <\/span><\/p>\n<h4 style=\"color: #fff;\"><span style=\"color: #ffffff;\">Bu, T\u00fcrkiye&#8217;ye gelip be\u011fendi\u011finiz nesneleri se\u00e7mek i\u00e7in e\u015fsiz bir f\u0131rsat! <\/span><\/h4>\n<p style=\"color: #fff;\"><span style=\"color: #ffffff;\">Sizi havaalan\u0131nda kar\u015f\u0131layaca\u011f\u0131z, konforlu dairelerde a\u011f\u0131rlayaca\u011f\u0131z, bir g\u00f6r\u00fcnt\u00fcleme organize edece\u011fiz ve t\u00fcm konularda tavsiyelerde bulunaca\u011f\u0131z. <\/span><\/p>\n<p style=\"color: #fff;\"><span style=\"color: #ffffff;\">Herhangi bir nedenle gelemezseniz, size<a style=\"color: #ffffff;\" href=\"https:\/\/bestinvest.com.tr\/tr\/%d0%bf%d0%be%d0%ba%d1%83%d0%bf%d0%ba%d0%b0-%d0%ba%d0%b2%d0%b0%d1%80%d1%82%d0%b8%d1%80%d1%8b-%d0%b2-%d1%80%d0%b5%d0%b6%d0%b8%d0%bc%d0%b5-%d0%be%d0%bd%d0%bb%d0%b0%d0%b9%d0%bd\/\"> internetten konut sat\u0131n alma<\/a> f\u0131rsat\u0131 sunuyoruz.<\/span><\/p>\n<\/div>\n<p>[\/vc_column_text][\/vc_column][vc_column width=&#8221;1\/3&#8243;][vc_single_image image=&#8221;7560&#8243; img_size=&#8221;full&#8221; alignment=&#8221;center&#8221;][\/vc_column][vc_column width=&#8221;1\/3&#8243; css=&#8221;.vc_custom_1654160477203{background-color: #eaebed !important;}&#8221;][vc_custom_heading text=&#8221;2&#8243; font_container=&#8221;tag:h2|font_size:120px|text_align:center|color:%23252c40&#8243; google_fonts=&#8221;font_family:Open%20Sans%20Condensed%3A300%2C300italic%2C700|font_style:700%20bold%20regular%3A700%3Anormal&#8221; css=&#8221;.vc_custom_1654171484040{padding-top: 133px !important;padding-bottom: 133px !important;}&#8221;][\/vc_column][\/vc_row][vc_row full_width=&#8221;stretch_row_content_no_spaces&#8221; css=&#8221;.vc_custom_1654167538300{background-color: #252c40 !important;}&#8221; el_class=&#8221;clean-wc-row&#8221;][vc_column width=&#8221;1\/3&#8243; css=&#8221;.vc_custom_1654167425300{margin-top: 0px !important;}&#8221;][vc_single_image image=&#8221;7568&#8243; img_size=&#8221;full&#8221;][\/vc_column][vc_column width=&#8221;1\/3&#8243; css=&#8221;.vc_custom_1654167199815{background-color: #eaebed !important;}&#8221;][vc_custom_heading text=&#8221;3&#8243; font_container=&#8221;tag:h2|font_size:120px|text_align:center|color:%23252c40&#8243; google_fonts=&#8221;font_family:Open%20Sans%20Condensed%3A300%2C300italic%2C700|font_style:700%20bold%20regular%3A700%3Anormal&#8221; css=&#8221;.vc_custom_1654171495741{padding-top: 133px !important;padding-bottom: 133px !important;}&#8221;][\/vc_column][vc_column width=&#8221;1\/3&#8243; css=&#8221;.vc_custom_1654240930249{padding-right: 10px !important;padding-left: 10px !important;}&#8221; el_class=&#8221;text-white&#8221;][vc_empty_space][vc_column_text]<\/p>\n<div style=\"font-size: 13px;\">\n<h4 style=\"color: #fff;\"><span style=\"color: #ffffff;\">Anla\u015fman\u0131n Sonu\u00e7land\u0131r\u0131lmas\u0131 <\/span><\/h4>\n<p style=\"color: #fff;\"><span style=\"color: #ffffff;\">Bir sat\u0131\u015f s\u00f6zle\u015fmesi yapmak i\u00e7in m\u00fc\u015fterinin yan\u0131nda sadece bir pasaporta sahip olmas\u0131 gerekir. <\/span><\/p>\n<p style=\"color: #fff;\"><span style=\"color: #ffffff;\">Bu a\u015famada avans tutar\u0131 (toplam maliyetin yakla\u015f\u0131k %10&#8217;u) \u00f6denir ve al\u0131c\u0131, sat\u0131c\u0131 ve gayrimenkul ile ilgili t\u00fcm bilgileri g\u00f6steren bir s\u00f6zle\u015fme imzalan\u0131r. <\/span><\/p>\n<p style=\"color: #fff;\"><span style=\"color: #ffffff;\">Al\u0131c\u0131 taraf\u0131ndan se\u00e7ilen m\u00fclk, tescil ve izin belgelerinin, herhangi bir y\u00fck\u00fcml\u00fcl\u00fck ve mahkeme karar\u0131n\u0131n varl\u0131\u011f\u0131 a\u00e7\u0131s\u0131ndan BEST INVEST uzmanlar\u0131 taraf\u0131ndan dikkatlice kontrol edilir.<\/span><\/p>\n<\/div>\n<p>[\/vc_column_text][\/vc_column][\/vc_row][vc_row full_width=&#8221;stretch_row_content_no_spaces&#8221; css=&#8221;.vc_custom_1654167997538{background-color: #1e73be !important;}&#8221; el_class=&#8221;clean-wc-row&#8221;][vc_column width=&#8221;1\/3&#8243; css=&#8221;.vc_custom_1654240964845{padding-right: 30px !important;padding-left: 30px !important;}&#8221; el_class=&#8221;text-white&#8221;][vc_empty_space][vc_column_text]<\/p>\n<div style=\"font-size: 13px;\">\n<h4><span style=\"color: #ffffff;\">Gayrimenkul \u00d6demesi Yapmak<\/span><\/h4>\n<p><span style=\"color: #ffffff;\">Gelecekte Al\u0131c\u0131, s\u00f6zle\u015fmede g\u00f6sterilen maddeye uygun olarak m\u00fclk i\u00e7in \u00f6deme yapar. Se\u00e7ilen \u00f6deme plan\u0131na ba\u011fl\u0131 olarak bir kerelik bir \u00f6deme olabilir veya birka\u00e7 \u00f6deme olabilir.<\/span><\/p>\n<p><span style=\"color: #ffffff;\">\u00d6deme, m\u00fclk\u00fcn in\u015faat firmas\u0131na veya sahibine nakit olarak yap\u0131labilir.<\/span><\/p>\n<p><span style=\"color: #ffffff;\">\u015eirketimiz, \u00f6deme yapmak i\u00e7in en uygun se\u00e7ene\u011fin se\u00e7ilmesine tam olarak tavsiyede bulunur ve yard\u0131mc\u0131 olur.<\/span><\/p>\n<\/div>\n<p>[\/vc_column_text][\/vc_column][vc_column width=&#8221;1\/3&#8243;][vc_single_image image=&#8221;7581&#8243; img_size=&#8221;full&#8221; alignment=&#8221;center&#8221;][\/vc_column][vc_column width=&#8221;1\/3&#8243; css=&#8221;.vc_custom_1654160477203{background-color: #eaebed !important;}&#8221;][vc_custom_heading text=&#8221;4&#8243; font_container=&#8221;tag:h2|font_size:120px|text_align:center|color:%23252c40&#8243; google_fonts=&#8221;font_family:Open%20Sans%20Condensed%3A300%2C300italic%2C700|font_style:700%20bold%20regular%3A700%3Anormal&#8221; css=&#8221;.vc_custom_1654171507840{padding-top: 133px !important;padding-bottom: 133px !important;}&#8221;][\/vc_column][\/vc_row][vc_row full_width=&#8221;stretch_row_content_no_spaces&#8221; css=&#8221;.vc_custom_1654157178537{background-color: #252c40 !important;}&#8221;][vc_column][vc_row_inner][vc_column_inner width=&#8221;1\/3&#8243;][vc_custom_heading text=&#8221;5&#8243; font_container=&#8221;tag:h2|font_size:120px|text_align:center|color:%23ffffff&#8221; google_fonts=&#8221;font_family:Open%20Sans%20Condensed%3A300%2C300italic%2C700|font_style:700%20bold%20regular%3A700%3Anormal&#8221; css=&#8221;.vc_custom_1654170843066{margin-top: 90px !important;margin-bottom: 90px !important;}&#8221;][\/vc_column_inner][vc_column_inner el_class=&#8221;text-white&#8221; width=&#8221;1\/3&#8243; css=&#8221;.vc_custom_1654240984462{border-right-width: 1px !important;border-right-color: #e8e8e8 !important;}&#8221;][vc_column_text]<\/p>\n<h4><span style=\"color: #ffffff;\">TAPU&#8217;yu Almak<\/span><\/h4>\n<p><span style=\"color: #ffffff;\">T\u00fcrkiye&#8217;de bir ev sat\u0131n alman\u0131n son ad\u0131m\u0131, m\u00fclk\u00fcn nihai, mutlak ve resmi olarak yeni sahibine devredilmesi anlam\u0131na gelen bir TAPU\u00a0almakt\u0131r.<\/span><\/p>\n<p><span style=\"color: #ffffff;\">\u0130\u015flemin bu a\u015famas\u0131, ki\u015finin \u015fahsen haz\u0131r bulunmas\u0131 ile ger\u00e7ekle\u015ftirilebilir veya istenirse Al\u0131c\u0131, \u015firketimize noter tasdikli vekaletname b\u0131rakabilir.<\/span>[\/vc_column_text][\/vc_column_inner][vc_column_inner width=&#8221;1\/3&#8243; css=&#8221;.vc_custom_1654170859905{margin-top: 90px !important;margin-bottom: 90px !important;}&#8221;][vc_single_image image=&#8221;7583&#8243; img_size=&#8221;full&#8221; alignment=&#8221;center&#8221; css_animation=&#8221;fadeInUp&#8221;][\/vc_column_inner][\/vc_row_inner][\/vc_column][\/vc_row][vc_row full_width=&#8221;stretch_row_content_no_spaces&#8221; css=&#8221;.vc_custom_1654172078680{background-image: url(https:\/\/bestinvest.com.tr\/wp-content\/uploads\/2022\/06\/fon.jpg?id=7591) !important;}&#8221; el_class=&#8221;asking-row&#8221;][vc_column width=&#8221;1\/4&#8243;][vc_empty_space][\/vc_column][vc_column width=&#8221;3\/4&#8243;][vc_row_inner][vc_column_inner width=&#8221;1\/4&#8243;][\/vc_column_inner][vc_column_inner width=&#8221;1\/2&#8243;][vc_column_text]<\/p>\n<div style=\"color: #fff;\">\n<p class=\"title\">T\u00fcrkiye&#8217;de ev sat\u0131n alma prosed\u00fcr\u00fc hakk\u0131nda hala sorular\u0131n\u0131z m\u0131 var?<\/p>\n<p class=\"title\">\u0130leti\u015fim bilgilerinizi b\u0131rak\u0131n, y\u00f6neticimiz k\u0131sa s\u00fcre i\u00e7inde sizinle ileti\u015fime ge\u00e7ecektir.<\/p>\n<\/div>\n<p>[\/vc_column_text][vc_btn title=&#8221;Dan\u0131\u015fmanl\u0131k Almak \u0130\u00e7in&#8221; style=&#8221;custom&#8221; custom_background=&#8221;#81d742&#8243; custom_text=&#8221;#ffffff&#8221; align=&#8221;center&#8221; el_class=&#8221;js-inquiry-toggle js-modal-callmeback&#8221;][\/vc_column_inner][vc_column_inner width=&#8221;1\/4&#8243;][\/vc_column_inner][\/vc_row_inner][\/vc_column][\/vc_row]<\/p>\n","protected":false},"excerpt":{"rendered":"<p>[vc_row full_width=&#8221;stretch_row_content_no_spaces&#8221;][vc_column][vc_empty_space height=&#8221;52px&#8221;][vc_custom_heading text=&#8221;T\u00dcRK\u0130YE&#8217;DE M\u00dcLK SATIN ALMA PROSED\u00dcR\u00dc&#8221; font_container=&#8221;tag:h1|text_align:center&#8221;][vc_empty_space height=&#8221;52px&#8221;][vc_row_inner css=&#8221;.vc_custom_1654155606352{margin-right: 30px !important;margin-left: 30px !important;}&#8221;][vc_column_inner width=&#8221;1\/2&#8243; css=&#8221;.vc_custom_1654155648058{padding-right: 50px !important;padding-left: 50px !important;}&#8221;][vc_column_text]Yurtd\u0131\u015f\u0131nda gayrimenkul edinimi, sat\u0131n alma sonucunun al\u0131c\u0131y\u0131 tam olarak tatmin etmeme olas\u0131l\u0131\u011f\u0131n\u0131n bulundu\u011fu bilgisi olmadan bir\u00e7ok n\u00fcansla ili\u015fkilidir. Gelecekteki mal sahibinin, sadece do\u011fru konutu se\u00e7mesi de\u011fil; ayn\u0131 zamanda i\u015flemin t\u00fcm a\u015famalar\u0131n\u0131, belgelerin do\u011frulanmas\u0131n\u0131 ve haz\u0131rlanmas\u0131n\u0131, [&hellip;]<\/p>\n","protected":false},"author":5,"featured_media":0,"parent":0,"menu_order":0,"comment_status":"closed","ping_status":"closed","template":"","meta":{"inline_featured_image":false,"footnotes":""},"class_list":["post-7604","page","type-page","status-publish","hentry"],"_links":{"self":[{"href":"https:\/\/bestinvest.com.tr\/tr\/wp-json\/wp\/v2\/pages\/7604","targetHints":{"allow":["GET"]}}],"collection":[{"href":"https:\/\/bestinvest.com.tr\/tr\/wp-json\/wp\/v2\/pages"}],"about":[{"href":"https:\/\/bestinvest.com.tr\/tr\/wp-json\/wp\/v2\/types\/page"}],"author":[{"embeddable":true,"href":"https:\/\/bestinvest.com.tr\/tr\/wp-json\/wp\/v2\/users\/5"}],"replies":[{"embeddable":true,"href":"https:\/\/bestinvest.com.tr\/tr\/wp-json\/wp\/v2\/comments?post=7604"}],"version-history":[{"count":0,"href":"https:\/\/bestinvest.com.tr\/tr\/wp-json\/wp\/v2\/pages\/7604\/revisions"}],"wp:attachment":[{"href":"https:\/\/bestinvest.com.tr\/tr\/wp-json\/wp\/v2\/media?parent=7604"}],"curies":[{"name":"wp","href":"https:\/\/api.w.org\/{rel}","templated":true}]}}