{"id":7618,"date":"2022-06-02T17:52:47","date_gmt":"2022-06-02T17:52:47","guid":{"rendered":"https:\/\/bestinvest.com.tr\/?page_id=7618"},"modified":"2026-02-05T11:24:31","modified_gmt":"2026-02-05T11:24:31","slug":"%d1%80%d1%83%d1%81%d1%81%d0%ba%d0%b8%d0%b9-%d0%b3%d1%80%d0%b0%d0%b6%d0%b4%d0%b0%d0%bd%d1%81%d1%82%d0%b2%d0%be-%d0%b2-%d1%82%d1%83%d1%80%d1%86%d0%b8%d0%b8-%d0%b7%d0%b0-%d0%b8%d0%bd%d0%b2%d0%b5%d1%81","status":"publish","type":"page","link":"https:\/\/bestinvest.com.tr\/tr\/%d1%80%d1%83%d1%81%d1%81%d0%ba%d0%b8%d0%b9-%d0%b3%d1%80%d0%b0%d0%b6%d0%b4%d0%b0%d0%bd%d1%81%d1%82%d0%b2%d0%be-%d0%b2-%d1%82%d1%83%d1%80%d1%86%d0%b8%d0%b8-%d0%b7%d0%b0-%d0%b8%d0%bd%d0%b2%d0%b5%d1%81\/","title":{"rendered":"Yat\u0131r\u0131m yoluyla T\u00fcrkiye&#8217;de vatanda\u015fl\u0131k"},"content":{"rendered":"<p>[vc_row full_width=&#8221;stretch_row_content_no_spaces&#8221; equal_height=&#8221;yes&#8221; content_placement=&#8221;middle&#8221;][vc_column width=&#8221;1\/5&#8243;][\/vc_column][vc_column width=&#8221;1\/5&#8243;][vc_empty_space height=&#8221;52px&#8221;][vc_btn title=&#8221;Kuzey K\u0131br\u0131s&#8217;ta Vatanda\u015fl\u0131k &amp; \u0130kamet \u0130zni&#8221; style=&#8221;3d&#8221; color=&#8221;green&#8221; size=&#8221;lg&#8221; align=&#8221;center&#8221; link=&#8221;url:https%3A%2F%2Ftr%2Fbestinvest.com.tr%2Fresidency-citizenship-in-trnc%2F&#8221;][\/vc_column][vc_column width=&#8221;1\/5&#8243;][vc_empty_space height=&#8221;52px&#8221;][vc_btn title=&#8221;G\u00fcney K\u0131br\u0131s&#8217;ta Vatanda\u015fl\u0131k &amp; \u0130kamet \u0130zni&#8221; style=&#8221;3d&#8221; color=&#8221;green&#8221; size=&#8221;lg&#8221; align=&#8221;center&#8221; link=&#8221;url:https%3A%2F%2Fbestinvest.com.tr%2Ftr%2Fresidency-citizenship-in-the-republic-of-cyprus%2F&#8221;][\/vc_column][vc_column width=&#8221;1\/5&#8243;][vc_empty_space height=&#8221;52px&#8221;][vc_btn title=&#8221;T\u00fcrkiye&#8217;de Oturma \u0130zni&#8221; style=&#8221;3d&#8221; color=&#8221;green&#8221; size=&#8221;lg&#8221; align=&#8221;center&#8221; link=&#8221;url:https%3A%2F%2Fbestinvest.com.tr%2Ftr%2F%25d0%25be%25d1%2584%25d0%25be%25d1%2580%25d0%25bc%25d0%25bb%25d0%25b5%25d0%25bd%25d0%25b8%25d0%25b5-%25d0%25b2%25d0%25b8%25d0%25b4%25d0%25b0-%25d0%25bd%25d0%25b0-%25d0%25b6%25d0%25b8%25d1%2582%25d0%25b5%25d0%25bb%25d1%258c%25d1%2581%25d1%2582%25d0%25b2%25d0%25be%2F&#8221;][\/vc_column][vc_column width=&#8221;1\/5&#8243;][\/vc_column][\/vc_row][vc_row full_width=&#8221;stretch_row_content_no_spaces&#8221;][vc_column][vc_empty_space height=&#8221;52px&#8221;][vc_custom_heading text=&#8221;T\u00fcrkiye&#8217;de Yat\u0131r\u0131m Yoluyla Vatanda\u015fl\u0131k&#8221; font_container=&#8221;tag:h1|text_align:center&#8221;][vc_empty_space height=&#8221;52px&#8221;][vc_row_inner css=&#8221;.vc_custom_1654155606352{margin-right: 30px !important;margin-left: 30px !important;}&#8221;][vc_column_inner width=&#8221;1\/2&#8243; css=&#8221;.vc_custom_1654155648058{padding-right: 50px !important;padding-left: 50px !important;}&#8221;][vc_column_text]<\/p>\n<p>Yabanc\u0131lara bir tak\u0131m nesnel yollarla T\u00fcrk vatanda\u015fl\u0131\u011f\u0131 verilebilir. Daha \u00f6ncesinde \u00e7o\u011fu durumda vatanda\u015fl\u0131\u011fa kabul veya evlilik yoluyla bir T\u00fcrk pasaportu almak m\u00fcmk\u00fcn olsa da, bug\u00fcn devlet m\u00fckemmel bir f\u0131rsat sunuyor &#8211; ekonomisine yat\u0131r\u0131m yaparak basitle\u015ftirilmi\u015f bir program kapsam\u0131nda \u00fclke vatanda\u015f\u0131 olmak.<\/p>\n<p>Yabanc\u0131lar sermayelerini i\u015fletmelerin geli\u015fimine ve istihdam yarat\u0131lmas\u0131na, yat\u0131r\u0131m fonlar\u0131na, devlet tahvillerinin sat\u0131n al\u0131nmas\u0131na ve ayr\u0131ca 400.000 ABD Dolar\u0131 tutar\u0131nda gayrimenkul sat\u0131n almaya yat\u0131rabilirler. Bu kural, toplam 400 bin dolarl\u0131k bir maliyetle hem 1 gayrimenkul\u00fcn hem de birka\u00e7 gayrimenkul\u00fcn sat\u0131n al\u0131nmas\u0131 i\u00e7in ge\u00e7erlidir.<\/p>\n<p><strong>Yat\u0131r\u0131m yoluyla T\u00fcrk vatanda\u015fl\u0131\u011f\u0131n\u0131n avantajlar\u0131 \u015f\u00f6yledir:<\/strong><\/p>\n<ul>\n<li>Sadece yat\u0131r\u0131mc\u0131 de\u011fil, e\u015fi, re\u015fit olmayan \u00e7ocuklar\u0131 da basitle\u015ftirilmi\u015f bir program kapsam\u0131nda pasaport alabilir.<\/li>\n<li>Vatanda\u015fl\u0131k ailenin gelecek nesillerine de aktar\u0131l\u0131r.<\/li>\n<li>Ekonomik \u0130\u015fbirli\u011fi ve Kalk\u0131nma G\u00fc\u00e7leri Te\u015fkilat\u0131&#8217;n\u0131n yapt\u0131\u011f\u0131 de\u011ferlendirmeye g\u00f6re, yat\u0131r\u0131m yoluyla T\u00fcrk vatanda\u015fl\u0131\u011f\u0131 riskli programlar listesinde yer alm\u0131yor.<\/li>\n<li>111 \u00fclkeye vizesiz veya basitle\u015ftirilmi\u015f bir prosed\u00fcr kapsam\u0131nda giri\u015f imkan\u0131.<\/li>\n<li>\u0130ki farkl\u0131 \u00fclkenin vatanda\u015fl\u0131\u011f\u0131n\u0131 almak m\u00fcmk\u00fcnd\u00fcr.<\/li>\n<li>\u00dclkede ikamet etmeye gerek yoktur. Yabanc\u0131 bir vatanda\u015f sadece \u015fahsen bir ba\u015fvuruda bulunmal\u0131 ve biyometrik veriler sunmal\u0131d\u0131r.<\/li>\n<li>T\u00fcrk\u00e7e dil bilgi d\u00fczeyine ili\u015fkin belge sunman\u0131za gerek yoktur.<\/li>\n<li>T\u00fcrkiye d\u0131\u015f\u0131ndaki varl\u0131klar ve gelirler hakk\u0131nda belge g\u00f6stermeye gerek yoktur.<\/li>\n<li>Genel olarak vatanda\u015fl\u0131k alma, \u00fclkede 5 y\u0131l ikamet ettikten sonra da m\u00fcmk\u00fcnd\u00fcr.<\/li>\n<li>Eldeki tutar\u0131n tamam\u0131n\u0131n olmamas\u0131 durumunda, yabanc\u0131 yat\u0131r\u0131mc\u0131lara konut kredisi ba\u015fvurusunda bulunma f\u0131rsat\u0131 verilmektedir.<\/li>\n<\/ul>\n<p>[\/vc_column_text][vc_btn title=&#8221;Vatanda\u015fl\u0131\u011fa Uygun Daireler&#8221; style=&#8221;3d&#8221; color=&#8221;green&#8221; size=&#8221;lg&#8221; align=&#8221;center&#8221; button_block=&#8221;true&#8221; link=&#8221;url:https%3A%2F%2Fbestinvest.com.tr%2Ftr%2Ftags%2Feligible-for-citizenship%2F&#8221;][vc_btn title=&#8221;Daha Fazla Bilgi&#8221; style=&#8221;3d&#8221; color=&#8221;sky&#8221; size=&#8221;lg&#8221; align=&#8221;center&#8221; button_block=&#8221;true&#8221; el_class=&#8221;js-inquiry-toggle js-modal-callmeback&#8221;][\/vc_column_inner][vc_column_inner width=&#8221;1\/2&#8243;][vc_single_image image=&#8221;7620&#8243; img_size=&#8221;full&#8221; alignment=&#8221;center&#8221; css_animation=&#8221;fadeInDown&#8221;][\/vc_column_inner][\/vc_row_inner][\/vc_column][\/vc_row][vc_row full_width=&#8221;stretch_row_content_no_spaces&#8221; css=&#8221;.vc_custom_1654192034425{background-color: #252c40 !important;}&#8221; el_class=&#8221;clean-wc-row&#8221;][vc_column][vc_row_inner][vc_column_inner width=&#8221;1\/3&#8243;][vc_single_image image=&#8221;7621&#8243; img_size=&#8221;full&#8221;][\/vc_column_inner][vc_column_inner el_class=&#8221;text-white&#8221; width=&#8221;1\/3&#8243; css=&#8221;.vc_custom_1654241440241{border-right-width: 10px !important;padding-left: 10px !important;border-right-color: #e8e8e8 !important;}&#8221;][vc_column_text]<\/p>\n<div style=\"font-size: 15px;\">\n<p>&nbsp;<\/p>\n<p>&nbsp;<\/p>\n<p>Basitle\u015ftirilmi\u015f bir program kapsam\u0131nda yat\u0131r\u0131m yoluyla T\u00fcrk vatanda\u015fl\u0131\u011f\u0131 elde etmek istiyorsan\u0131z, lisansl\u0131 bir \u015firket olarak BEST INVEST, T\u00fcrkiye&#8217;de gayrimenkul sat\u0131n almak i\u00e7in verilen hizmetlerin bir par\u00e7as\u0131 olarak, vatanda\u015fl\u0131k elde etmek i\u00e7in kapsaml\u0131 yard\u0131m sa\u011flar:<\/p>\n<ul>\n<li>Kadastro de\u011feri 400.000 ABD Dolar\u0131 olan gayrimenkul i\u00e7in en iyi se\u00e7eneklerin sunulmas\u0131<\/li>\n<li>Vatanda\u015fl\u0131k ba\u015fvuru s\u00fcrecinde profesyonel tavsiyelerde bulunmak.<\/li>\n<li>G\u00f6\u00e7 mevzuat\u0131 kurallar\u0131na uygun herhangi bir yanl\u0131\u015fl\u0131k veya hatan\u0131n \u00f6nlenmesi i\u00e7in gerekli belgelerin toplanmas\u0131nda yard\u0131m etmek<\/li>\n<li>M\u00fc\u015fteri ad\u0131na yap\u0131lan ba\u015fvurunun sonu\u00e7lar\u0131n\u0131n al\u0131nmas\u0131<\/li>\n<li>Ba\u015fvuruya olumlu bir yan\u0131t verildikten sonra sonraki ad\u0131mlar\u0131n ve gereksinimlerin tamamlanmas\u0131nda yard\u0131m etmek<\/li>\n<\/ul>\n<\/div>\n<p>[\/vc_column_text][\/vc_column_inner][vc_column_inner width=&#8221;1\/3&#8243; css=&#8221;.vc_custom_1654170921454{margin-top: 90px !important;margin-bottom: 90px !important;}&#8221;][vc_single_image image=&#8221;7552&#8243; img_size=&#8221;full&#8221; alignment=&#8221;center&#8221; css_animation=&#8221;fadeInUp&#8221;][\/vc_column_inner][\/vc_row_inner][\/vc_column][\/vc_row][vc_row full_width=&#8221;stretch_row_content_no_spaces&#8221; css=&#8221;.vc_custom_1654172078680{background-image: url(https:\/\/bestinvest.com.tr\/wp-content\/uploads\/2022\/06\/fon.jpg?id=7591) !important;}&#8221; el_class=&#8221;asking-row&#8221;][vc_column width=&#8221;1\/4&#8243;][vc_empty_space][\/vc_column][vc_column width=&#8221;3\/4&#8243;][vc_row_inner][vc_column_inner width=&#8221;1\/4&#8243;][\/vc_column_inner][vc_column_inner width=&#8221;1\/2&#8243;][vc_column_text]<\/p>\n<div style=\"color: #fff;\">\n<p class=\"title\"><span style=\"color: #ffffff;\">T\u00fcrkiye&#8217;de ev sat\u0131n alma prosed\u00fcr\u00fc hakk\u0131nda hala sorular\u0131n\u0131z m\u0131 var?<\/span><\/p>\n<p class=\"subtitle\"><span style=\"color: #ffffff;\">\u0130leti\u015fim bilgilerinizi b\u0131rak\u0131n, y\u00f6neticimiz k\u0131sa s\u00fcre i\u00e7inde sizinle ileti\u015fime ge\u00e7ecektir.<\/span><\/p>\n<\/div>\n<p>[\/vc_column_text][vc_btn title=&#8221;Dan\u0131\u015fmanl\u0131k Almak \u0130\u00e7in&#8221; style=&#8221;custom&#8221; custom_background=&#8221;#81d742&#8243; custom_text=&#8221;#ffffff&#8221; align=&#8221;center&#8221; el_class=&#8221;js-inquiry-toggle js-modal-callmeback&#8221;][\/vc_column_inner][vc_column_inner width=&#8221;1\/4&#8243;][\/vc_column_inner][\/vc_row_inner][\/vc_column][\/vc_row]<\/p>\n","protected":false},"excerpt":{"rendered":"<p>[vc_row full_width=&#8221;stretch_row_content_no_spaces&#8221; equal_height=&#8221;yes&#8221; content_placement=&#8221;middle&#8221;][vc_column width=&#8221;1\/5&#8243;][\/vc_column][vc_column width=&#8221;1\/5&#8243;][vc_empty_space height=&#8221;52px&#8221;][vc_btn title=&#8221;Kuzey K\u0131br\u0131s&#8217;ta Vatanda\u015fl\u0131k &amp; \u0130kamet \u0130zni&#8221; style=&#8221;3d&#8221; color=&#8221;green&#8221; size=&#8221;lg&#8221; align=&#8221;center&#8221; link=&#8221;url:https%3A%2F%2Ftr%2Fbestinvest.com.tr%2Fresidency-citizenship-in-trnc%2F&#8221;][\/vc_column][vc_column width=&#8221;1\/5&#8243;][vc_empty_space height=&#8221;52px&#8221;][vc_btn title=&#8221;G\u00fcney K\u0131br\u0131s&#8217;ta Vatanda\u015fl\u0131k &amp; \u0130kamet \u0130zni&#8221; style=&#8221;3d&#8221; color=&#8221;green&#8221; size=&#8221;lg&#8221; align=&#8221;center&#8221; link=&#8221;url:https%3A%2F%2Fbestinvest.com.tr%2Ftr%2Fresidency-citizenship-in-the-republic-of-cyprus%2F&#8221;][\/vc_column][vc_column width=&#8221;1\/5&#8243;][vc_empty_space height=&#8221;52px&#8221;][vc_btn title=&#8221;T\u00fcrkiye&#8217;de Oturma \u0130zni&#8221; style=&#8221;3d&#8221; color=&#8221;green&#8221; size=&#8221;lg&#8221; align=&#8221;center&#8221; link=&#8221;url:https%3A%2F%2Fbestinvest.com.tr%2Ftr%2F%25d0%25be%25d1%2584%25d0%25be%25d1%2580%25d0%25bc%25d0%25bb%25d0%25b5%25d0%25bd%25d0%25b8%25d0%25b5-%25d0%25b2%25d0%25b8%25d0%25b4%25d0%25b0-%25d0%25bd%25d0%25b0-%25d0%25b6%25d0%25b8%25d1%2582%25d0%25b5%25d0%25bb%25d1%258c%25d1%2581%25d1%2582%25d0%25b2%25d0%25be%2F&#8221;][\/vc_column][vc_column width=&#8221;1\/5&#8243;][\/vc_column][\/vc_row][vc_row full_width=&#8221;stretch_row_content_no_spaces&#8221;][vc_column][vc_empty_space height=&#8221;52px&#8221;][vc_custom_heading text=&#8221;T\u00fcrkiye&#8217;de Yat\u0131r\u0131m Yoluyla Vatanda\u015fl\u0131k&#8221; font_container=&#8221;tag:h1|text_align:center&#8221;][vc_empty_space height=&#8221;52px&#8221;][vc_row_inner css=&#8221;.vc_custom_1654155606352{margin-right: 30px !important;margin-left: 30px !important;}&#8221;][vc_column_inner [&hellip;]<\/p>\n","protected":false},"author":5,"featured_media":0,"parent":0,"menu_order":0,"comment_status":"closed","ping_status":"closed","template":"","meta":{"inline_featured_image":false,"footnotes":""},"class_list":["post-7618","page","type-page","status-publish","hentry"],"_links":{"self":[{"href":"https:\/\/bestinvest.com.tr\/tr\/wp-json\/wp\/v2\/pages\/7618","targetHints":{"allow":["GET"]}}],"collection":[{"href":"https:\/\/bestinvest.com.tr\/tr\/wp-json\/wp\/v2\/pages"}],"about":[{"href":"https:\/\/bestinvest.com.tr\/tr\/wp-json\/wp\/v2\/types\/page"}],"author":[{"embeddable":true,"href":"https:\/\/bestinvest.com.tr\/tr\/wp-json\/wp\/v2\/users\/5"}],"replies":[{"embeddable":true,"href":"https:\/\/bestinvest.com.tr\/tr\/wp-json\/wp\/v2\/comments?post=7618"}],"version-history":[{"count":0,"href":"https:\/\/bestinvest.com.tr\/tr\/wp-json\/wp\/v2\/pages\/7618\/revisions"}],"wp:attachment":[{"href":"https:\/\/bestinvest.com.tr\/tr\/wp-json\/wp\/v2\/media?parent=7618"}],"curies":[{"name":"wp","href":"https:\/\/api.w.org\/{rel}","templated":true}]}}